{"id":5448,"date":"2023-11-24T20:10:53","date_gmt":"2023-11-24T23:10:53","guid":{"rendered":"https:\/\/hificlub.com.br\/loja2\/?post_type=product&#038;p=5448"},"modified":"2024-10-07T17:00:09","modified_gmt":"2024-10-07T20:00:09","slug":"bw-htm72-s2-black-gloss","status":"publish","type":"product","link":"https:\/\/hificlub.com.br\/loja\/produto\/bw-htm72-s2-black-gloss\/","title":{"rendered":"B&#038;W HTM72 S2 Black Gloss"},"content":{"rendered":"<p>Estado de Conserva\u00e7\u00e3o: Demo<\/p>\n<p>Alto-falante do canal central<br \/>\nO HTM72 S2 \u00e9 o alto-falante do canal central mais compacto da linha, proporcionando maior clareza de di\u00e1logo \u00e0 experi\u00eancia de cinema em casa.<\/p>\n<p>HTM72 S2<br \/>\nCentro compacto, di\u00e1logo n\u00edtido<\/p>\n<p>3 d htm72 s2 s\u00e9rie 700 2 alto-falante central recurso \u00fanico produto<br \/>\nUma op\u00e7\u00e3o premium para configura\u00e7\u00f5es menores<br \/>\nO HTM72 S2 \u00e9 uma \u00f3tima op\u00e7\u00e3o para configura\u00e7\u00f5es de home theater em salas menores, onde o espa\u00e7o \u00e9 escasso. Fa\u00e7a parceria com os alto-falantes mais compactos da s\u00e9rie 700, como o 706 S2 ou o 704 S2.<\/p>\n<p>Alto-falantes de diamante s\u00e9rie 700 s2 cone cont\u00ednuo<br \/>\nDetalhe mais n\u00edtido<br \/>\nOs tweeters do Carbon Dome s\u00e3o projetados especificamente para a s\u00e9rie 700. Proporcionando uma melhoria dram\u00e1tica no tweeter de c\u00fapula dupla de alum\u00ednio, eles aumentam o limite de interrup\u00e7\u00e3o para 47kHz, para precis\u00e3o e detalhe da imagem.<\/p>\n<p>Continuum 1360\u00d71530<br \/>\nSom verdadeiramente incr\u00edvel<br \/>\nAs vozes e os instrumentos s\u00e3o entregues com pureza e precis\u00e3o, gra\u00e7as ao suave e preciso driver de m\u00e9dio porte do cone Continuum \u2122.<\/p>\n<p><strong><span style=\"font-size: small\">Especifica\u00e7\u00f5es t\u00e9cnicas<\/span><\/strong><\/p>\n<p>Modelo<br \/>\nHTM72 S2<\/p>\n<p>Descri\u00e7\u00e3o<br \/>\n2-way sistema de caixa ventilada<\/p>\n<p>Recursos Tweeter de<br \/>\nc\u00fapula de carbono desacoplado<br \/>\nContinuum \u2122 cone baixo \/ m\u00e9dio porte<br \/>\nFlowport \u2122<\/p>\n<p>Unidades de acionamento<br \/>\n1x Dome de carbono desacoplado de alta frequ\u00eancia<br \/>\n\u00f825mm (1 pol.) 2x \u00f8130mm (5 pol.) Cone de baixo cont\u00ednuo \/ m\u00e9dios<\/p>\n<p>Faixa de frequ\u00eancia<br \/>\n-6dB a 48Hz e 33kHz<\/p>\n<p>Resposta de frequ\u00eancia<br \/>\n70Hz \u2013 28kHz \u00b1 3dB<\/p>\n<p>Sensibilidade<br \/>\n87dB spl (2,83Vrms, 1m)<\/p>\n<p>Distor\u00e7\u00e3o harm\u00f4nica<br \/>\nSegundo e terceiro harm\u00f4nicos (90dB, 1m)<br \/>\n&lt;1% 100Hz &#8211; 22kHz &lt;0,5% 200Hz &#8211; 22kHz Imped\u00e2ncia nominal 8\u03a9 (m\u00ednimo 4,3\u03a9) Pot\u00eancia recomendada do amplificador 30W &#8211; 120W em 8\u03a9 no programa n\u00e3o cortado Dimens\u00f5es Altura: 166,5 mm (6,6 pol.) Largura: 480 mm (18,9 pol) Profundidade: 260 mm ( 10,2 pol) arm\u00e1rio apenas 275 mm (10,8 pol) incluindo grade e terminais Peso l\u00edquido 9,11 kg (20,1 lb) Arm\u00e1rio Acabamentos Preto Branco Grade termina Preto Cinza<\/p>\n","protected":false},"excerpt":{"rendered":"<p>Estado de Conserva\u00e7\u00e3o: Demo Alto-falante do canal central O HTM72 S2 \u00e9 o alto-falante do canal central mais compacto da linha, proporcionando maior clareza de di\u00e1logo \u00e0 experi\u00eancia de cinema em casa. HTM72 S2 Centro compacto, di\u00e1logo n\u00edtido 3 d htm72 s2 s\u00e9rie 700 2 alto-falante central recurso \u00fanico produto Uma op\u00e7\u00e3o premium para configura\u00e7\u00f5es [&hellip;]<\/p>\n","protected":false},"featured_media":5449,"template":"","meta":{"_acf_changed":false},"product_brand":[],"product_cat":[19,35,17],"product_tag":[],"class_list":{"0":"post-5448","1":"product","2":"type-product","3":"status-publish","4":"has-post-thumbnail","6":"product_cat-bw","7":"product_cat-caixas-centrais","8":"product_cat-caixas","10":"first","11":"instock","12":"sold-individually","13":"shipping-taxable","14":"purchasable","15":"product-type-simple"},"acf":[],"aioseo_notices":[],"_links":{"self":[{"href":"https:\/\/hificlub.com.br\/loja\/wp-json\/wp\/v2\/product\/5448","targetHints":{"allow":["GET"]}}],"collection":[{"href":"https:\/\/hificlub.com.br\/loja\/wp-json\/wp\/v2\/product"}],"about":[{"href":"https:\/\/hificlub.com.br\/loja\/wp-json\/wp\/v2\/types\/product"}],"wp:featuredmedia":[{"embeddable":true,"href":"https:\/\/hificlub.com.br\/loja\/wp-json\/wp\/v2\/media\/5449"}],"wp:attachment":[{"href":"https:\/\/hificlub.com.br\/loja\/wp-json\/wp\/v2\/media?parent=5448"}],"wp:term":[{"taxonomy":"product_brand","embeddable":true,"href":"https:\/\/hificlub.com.br\/loja\/wp-json\/wp\/v2\/product_brand?post=5448"},{"taxonomy":"product_cat","embeddable":true,"href":"https:\/\/hificlub.com.br\/loja\/wp-json\/wp\/v2\/product_cat?post=5448"},{"taxonomy":"product_tag","embeddable":true,"href":"https:\/\/hificlub.com.br\/loja\/wp-json\/wp\/v2\/product_tag?post=5448"}],"curies":[{"name":"wp","href":"https:\/\/api.w.org\/{rel}","templated":true}]}}