{"id":5428,"date":"2023-11-24T19:36:48","date_gmt":"2023-11-24T22:36:48","guid":{"rendered":"https:\/\/hificlub.com.br\/loja2\/?post_type=product&#038;p=5428"},"modified":"2026-03-03T22:20:26","modified_gmt":"2026-03-04T01:20:26","slug":"accuphase-a-300-mosfet-class-a-125-watts","status":"publish","type":"product","link":"https:\/\/hificlub.com.br\/loja\/produto\/accuphase-a-300-mosfet-class-a-125-watts\/","title":{"rendered":"ACCUPHASE A-300 Amplificador Mono MOSFET Pure Class A 125 watts"},"content":{"rendered":"<p>Par de Amplificadores Monos\u00a0ACCUPHASE A-300 MOSFET Puro Class A 125 Watts<\/p>\n<p>Criado para marcar o nosso 50\u00ba anivers\u00e1rio, o A-300 redefine o ideal para amplificadores de pot\u00eancia Classe A.\u00a020 MOS-FETs de pot\u00eancia push-pull paralelos no est\u00e1gio de sa\u00edda melhoram o desempenho em 25% em rela\u00e7\u00e3o aos modelos convencionais com sa\u00eddas de 125 W em 8 ohms, 250 W em 4 ohms, 500 W em 2 ohms e 1.000 W em 1 ohm que preparou o cen\u00e1rio para um acionamento de tens\u00e3o constante invej\u00e1vel.\u00a0O amplificador de entrada balanceado totalmente discreto atinge um n\u00edvel de sil\u00eancio que far\u00e1 voc\u00ea esquecer que est\u00e1 usando equipamento de \u00e1udio para reprodu\u00e7\u00e3o.\u00a0A expressividade incompar\u00e1vel do A-300 permite-lhe desfrutar das pe\u00e7as mais requintadas dos maiores compositores do mundo.<\/p>\n<ul>\n<li>Est\u00e1gio de sa\u00edda acionado classe A com 20 MOS-FETs de pot\u00eancia push-pull paralelos<\/li>\n<li>Grande sa\u00edda linear 125 W\/8 ohms, 250 W\/4 ohms, 500 W\/2 ohms, 1.000 W\/1 ohm<\/li>\n<li>Princ\u00edpio do amplificador de instrumenta\u00e7\u00e3o<\/li>\n<li>Circuitos de amplifica\u00e7\u00e3o de feedback de corrente<\/li>\n<li>Sensoriamento Remoto Equilibrado<\/li>\n<li>Circuito duplo MCS+<\/li>\n<li>Alto fator de amortecimento de 1.000<\/li>\n<li>Prote\u00e7\u00e3o de sa\u00edda de alto-falante<\/li>\n<li>Chaves MOS-FET altamente confi\u00e1veis \u200b\u200bsem conex\u00f5es mec\u00e2nicas<\/li>\n<li>Se\u00e7\u00e3o de entrada de sinal com configura\u00e7\u00e3o totalmente discreta para baixo ru\u00eddo<\/li>\n<li>Medidor de pot\u00eancia gr\u00e1fico de barras em grande escala altamente responsivo<\/li>\n<li>Conectar dois pares de A-300 suporta conex\u00e3o em modo bi-amplificador e em ponte<\/li>\n<li>Controle de ganho em 4 etapas<\/li>\n<li>Capacitores de filtragem de 100.000 \u03bcF de alta capacidade<\/li>\n<li>Terminais de alto-falante grandes conectados diretamente ao circuito de prote\u00e7\u00e3o<\/li>\n<li>P\u00e9s isoladores de ferro fundido com alto teor de carbono e caracter\u00edsticas de amortecimento superiores<\/li>\n<li>Se\u00e7\u00e3o de amplifica\u00e7\u00e3o de pot\u00eancia em placas de circuito usando resina de fluorocarbono de tecido de vidro<\/li>\n<li>Placa superior com acabamento em alum\u00ednio<\/li>\n<\/ul>\n<table class=\"table-responsive dcf-table dcf-table-responsive dcf-table-bordered dcf-table-striped dcf-w-100% mceItemTable\">\n<thead>\n<tr>\n<th>Especifica\u00e7\u00e3o<\/th>\n<th>Detalhe<\/th>\n<\/tr>\n<\/thead>\n<tbody>\n<tr>\n<td>Tipo de amplificador<\/td>\n<td>Pot\u00eancia Monof\u00f4nica Classe A<\/td>\n<\/tr>\n<tr>\n<td>Pot\u00eancia de sa\u00edda<\/td>\n<td>125 W (8 ohms), 250 W (4 ohms), 500 W (2 ohms), 1.000 W (1 ohms)<\/td>\n<\/tr>\n<tr>\n<td>Transistores de sa\u00edda<\/td>\n<td>20 MOS-FETs em Push-Pull Paralelo<\/td>\n<\/tr>\n<tr>\n<td>Fator de Amortecimento<\/td>\n<td>1.000<\/td>\n<\/tr>\n<tr>\n<td>Resposta de frequ\u00eancia<\/td>\n<td>0,5 Hz a 160 kHz<\/td>\n<\/tr>\n<tr>\n<td>Distor\u00e7\u00e3o Harm\u00f4nica Total<\/td>\n<td>0,01%<\/td>\n<\/tr>\n<tr>\n<td>Sensibilidade de entrada<\/td>\n<td>1,26 V<\/td>\n<\/tr>\n<tr>\n<td>Imped\u00e2ncia de entrada<\/td>\n<td>Equilibrado \u2013 40 KOhms, Linha \u2013 20 KOhms<\/td>\n<\/tr>\n<tr>\n<td>Capacidade de filtragem<\/td>\n<td>100.000 microfarads<\/td>\n<\/tr>\n<tr>\n<td>Peso<\/td>\n<td>46kg<\/td>\n<\/tr>\n<tr>\n<td>Caracter\u00edsticas adicionais<\/td>\n<td>Prote\u00e7\u00e3o de sa\u00edda do alto-falante, controle de ganho em 4 etapas, medidor de pot\u00eancia com gr\u00e1fico de barras, conex\u00e3o biamplificada e modo em ponte ao conectar dois pares de A-300<\/td>\n<\/tr>\n<tr>\n<td>Acabamentos<\/td>\n<td>Terminais de alto-falante grandes, p\u00e9s isolantes de ferro fundido de alto carbono, placa superior com acabamento em alum\u00ednio listrado<\/td>\n<\/tr>\n<tr>\n<td>Largo<\/td>\n<td>465 mm<\/td>\n<\/tr>\n<tr>\n<td>Alto<\/td>\n<td>240mm<\/td>\n<\/tr>\n<tr>\n<td>Profundidade<\/td>\n<td>515mm<\/td>\n<\/tr>\n<\/tbody>\n<\/table>\n<p>&nbsp;<\/p>\n","protected":false},"excerpt":{"rendered":"<p>Par de Amplificadores Monos\u00a0ACCUPHASE A-300 MOSFET Puro Class A 125 Watts Criado para marcar o nosso 50\u00ba anivers\u00e1rio, o A-300 redefine o ideal para amplificadores de pot\u00eancia Classe A.\u00a020 MOS-FETs de pot\u00eancia push-pull paralelos no est\u00e1gio de sa\u00edda melhoram o desempenho em 25% em rela\u00e7\u00e3o aos modelos convencionais com sa\u00eddas de 125 W em 8 [&hellip;]<\/p>\n","protected":false},"featured_media":20925,"template":"","meta":{"_acf_changed":false},"product_brand":[],"product_cat":[229,27,31],"product_tag":[],"class_list":{"0":"post-5428","1":"product","2":"type-product","3":"status-publish","4":"has-post-thumbnail","6":"product_cat-accuphase","7":"product_cat-amplificador","8":"product_cat-mono","10":"first","11":"instock","12":"sold-individually","13":"shipping-taxable","14":"purchasable","15":"product-type-simple"},"acf":[],"aioseo_notices":[],"_links":{"self":[{"href":"https:\/\/hificlub.com.br\/loja\/wp-json\/wp\/v2\/product\/5428","targetHints":{"allow":["GET"]}}],"collection":[{"href":"https:\/\/hificlub.com.br\/loja\/wp-json\/wp\/v2\/product"}],"about":[{"href":"https:\/\/hificlub.com.br\/loja\/wp-json\/wp\/v2\/types\/product"}],"wp:featuredmedia":[{"embeddable":true,"href":"https:\/\/hificlub.com.br\/loja\/wp-json\/wp\/v2\/media\/20925"}],"wp:attachment":[{"href":"https:\/\/hificlub.com.br\/loja\/wp-json\/wp\/v2\/media?parent=5428"}],"wp:term":[{"taxonomy":"product_brand","embeddable":true,"href":"https:\/\/hificlub.com.br\/loja\/wp-json\/wp\/v2\/product_brand?post=5428"},{"taxonomy":"product_cat","embeddable":true,"href":"https:\/\/hificlub.com.br\/loja\/wp-json\/wp\/v2\/product_cat?post=5428"},{"taxonomy":"product_tag","embeddable":true,"href":"https:\/\/hificlub.com.br\/loja\/wp-json\/wp\/v2\/product_tag?post=5428"}],"curies":[{"name":"wp","href":"https:\/\/api.w.org\/{rel}","templated":true}]}}