{"id":5417,"date":"2023-11-24T19:32:19","date_gmt":"2023-11-24T22:32:19","guid":{"rendered":"https:\/\/hificlub.com.br\/loja2\/?post_type=product&#038;p=5417"},"modified":"2025-12-27T19:16:39","modified_gmt":"2025-12-27T22:16:39","slug":"mark-levinson-reference-33-full-balanced-300-watts","status":"publish","type":"product","link":"https:\/\/hificlub.com.br\/loja\/produto\/mark-levinson-reference-33-full-balanced-300-watts\/","title":{"rendered":"MARK LEVINSON Reference 33 &#8211; Amplificadores de Pot\u00eancia Mono, Full Balanced, 300 Watts"},"content":{"rendered":"<p>O Amplificador de Pot\u00eancia <strong>MARK LEVINSON Reference 33<\/strong> combina de forma \u00fanica uma entrega de pot\u00eancia extraordin\u00e1ria com controle sem esfor\u00e7o e refinamento incompar\u00e1vel. Avaliado em 2.400 W cont\u00ednuos em cargas de 1 ohm, \u00e9 o amplificador de \u00faltima gera\u00e7\u00e3o mais potente do mundo.<\/p>\n<p>Ele combina de forma \u00fanica uma entrega de pot\u00eancia extraordin\u00e1ria com controle sem esfor\u00e7o e refinamento incompar\u00e1vel. Avaliado em 2.400 W cont\u00ednuos em cargas de 1 ohm, \u00e9 o amplificador de \u00faltima gera\u00e7\u00e3o mais potente do mundo.<\/p>\n<p>O N\u00ba33 incorpora dois transformadores toroidais de baixo ru\u00eddo de 2,45 kVA em uma fonte de alimenta\u00e7\u00e3o totalmente balanceada.\u00a0Neste projeto, h\u00e1 uma fonte de alimenta\u00e7\u00e3o separada (cada uma com seu pr\u00f3prio transformador de pot\u00eancia) para as metades inversora e n\u00e3o inversora do amplificador.\u00a0Doze capacitores ESR baixos de 39.000 \u03bcF s\u00e3o usados \u200b\u200bem cada amplificador.\u00a0A fonte de alimenta\u00e7\u00e3o de cada N\u00ba33 fornece quase 1\/2 Farad de capacit\u00e2ncia e 1200 Joules de armazenamento de energia.<\/p>\n<p>Barramentos pesados \u200b\u200bde cobre sem oxig\u00eanio aumentam a efici\u00eancia da distribui\u00e7\u00e3o de energia dentro do amplificador e eliminam varia\u00e7\u00f5es introduzidas pelos chicotes el\u00e9tricos, etc., mais comumente encontradas mesmo em amplificadores de alto desempenho.\u00a0O desvio da fonte de alimenta\u00e7\u00e3o de alta frequ\u00eancia \u00e9 realizado em placas de PC individuais por um total de 56 componentes de v\u00e1rios tipos de filme.\u00a0A imped\u00e2ncia da fonte de alimenta\u00e7\u00e3o uniformemente baixa resultante,<br \/>\nobservada pelos v\u00e1rios circuitos do N\u00ba33, estabelece a base tanto para a pot\u00eancia massiva quanto para a extraordin\u00e1ria sutileza que caracteriza este amplificador.<\/p>\n<hr \/>\n<div class=\"layoutArea\">\n<div class=\"column\"><a href=\"https:\/\/www.stereophile.com\/content\/mark-levinson-no33h-monoblock-power-amplifier\" target=\"_blank\" rel=\"noopener\"><img loading=\"lazy\" decoding=\"async\" class=\"alignnone wp-image-22926 \" src=\"https:\/\/hificlub.com.br\/loja\/wp-content\/uploads\/2025\/06\/Stereophile-award-e1761574679160.jpg\" alt=\"\" width=\"302\" height=\"65\" srcset=\"https:\/\/hificlub.com.br\/loja\/wp-content\/uploads\/2025\/06\/Stereophile-award-e1761574679160.jpg 348w, https:\/\/hificlub.com.br\/loja\/wp-content\/uploads\/2025\/06\/Stereophile-award-e1761574679160-300x65.jpg 300w\" sizes=\"auto, (max-width: 302px) 100vw, 302px\" \/>\u00a0 \u00a0 \u00a0<\/a><a href=\"https:\/\/www.stereotimes.com\/post\/the-mark-levinson-no-33h-mono-power-amplifiers-mostly-in-holistic-terms\/\" target=\"_blank\" rel=\"noopener\"><img loading=\"lazy\" decoding=\"async\" class=\"alignnone wp-image-29065\" src=\"https:\/\/hificlub.com.br\/loja\/wp-content\/uploads\/2023\/11\/Steretimes-awards.png\" alt=\"\" width=\"233\" height=\"65\" \/><\/a><\/div>\n<\/div>\n<div class=\"layoutArea\">\n<div class=\"column\">\n<p>&nbsp;<\/p>\n<\/div>\n<\/div>\n","protected":false},"excerpt":{"rendered":"<p>O Amplificador de Pot\u00eancia MARK LEVINSON Reference 33 combina de forma \u00fanica uma entrega de pot\u00eancia extraordin\u00e1ria com controle sem esfor\u00e7o e refinamento incompar\u00e1vel. Avaliado em 2.400 W cont\u00ednuos em cargas de 1 ohm, \u00e9 o amplificador de \u00faltima gera\u00e7\u00e3o mais potente do mundo. Ele combina de forma \u00fanica uma entrega de pot\u00eancia extraordin\u00e1ria com [&hellip;]<\/p>\n","protected":false},"featured_media":29071,"template":"","meta":{"_acf_changed":false},"product_brand":[],"product_cat":[27,90,31],"product_tag":[],"class_list":{"0":"post-5417","1":"product","2":"type-product","3":"status-publish","4":"has-post-thumbnail","6":"product_cat-amplificador","7":"product_cat-mark-levinson","8":"product_cat-mono","10":"first","11":"instock","12":"sold-individually","13":"shipping-taxable","14":"purchasable","15":"product-type-simple"},"acf":[],"aioseo_notices":[],"_links":{"self":[{"href":"https:\/\/hificlub.com.br\/loja\/wp-json\/wp\/v2\/product\/5417","targetHints":{"allow":["GET"]}}],"collection":[{"href":"https:\/\/hificlub.com.br\/loja\/wp-json\/wp\/v2\/product"}],"about":[{"href":"https:\/\/hificlub.com.br\/loja\/wp-json\/wp\/v2\/types\/product"}],"wp:featuredmedia":[{"embeddable":true,"href":"https:\/\/hificlub.com.br\/loja\/wp-json\/wp\/v2\/media\/29071"}],"wp:attachment":[{"href":"https:\/\/hificlub.com.br\/loja\/wp-json\/wp\/v2\/media?parent=5417"}],"wp:term":[{"taxonomy":"product_brand","embeddable":true,"href":"https:\/\/hificlub.com.br\/loja\/wp-json\/wp\/v2\/product_brand?post=5417"},{"taxonomy":"product_cat","embeddable":true,"href":"https:\/\/hificlub.com.br\/loja\/wp-json\/wp\/v2\/product_cat?post=5417"},{"taxonomy":"product_tag","embeddable":true,"href":"https:\/\/hificlub.com.br\/loja\/wp-json\/wp\/v2\/product_tag?post=5417"}],"curies":[{"name":"wp","href":"https:\/\/api.w.org\/{rel}","templated":true}]}}