{"id":5411,"date":"2023-11-24T19:26:36","date_gmt":"2023-11-24T22:26:36","guid":{"rendered":"https:\/\/hificlub.com.br\/loja2\/?post_type=product&#038;p=5411"},"modified":"2026-04-08T04:40:24","modified_gmt":"2026-04-08T07:40:24","slug":"accuphase-p-7500-class-ab-300-watts","status":"publish","type":"product","link":"https:\/\/hificlub.com.br\/loja\/produto\/accuphase-p-7500-class-ab-300-watts\/","title":{"rendered":"ACCUPHASE P-7500 Full Balance Class AB 300 watts"},"content":{"rendered":"<p>O Accuphase P-7500 \u00e9 o nosso modelo principal de amplificador de pot\u00eancia est\u00e9reo Classe AB que oferece desempenho de dire\u00e7\u00e3o supremo.\u00a0O est\u00e1gio de amplifica\u00e7\u00e3o de pot\u00eancia usa uma arquitetura de transistor de pot\u00eancia push-pull de 10 paralelos, fornecendo uma pot\u00eancia de sa\u00edda nominal de 300 W \/ 8 ohms que excede amplamente a dos modelos convencionais.\u00a0Apresentando uma impressionante rela\u00e7\u00e3o sinal-ru\u00eddo de 130 dB e um fator de amortecimento de 1.000, ele pode facilmente conduzir grandes alto-falantes e criar recria\u00e7\u00f5es musicais transbordando de energia.\u00a0O P-7500 traz o melhor de qualquer alto-falante, permitindo que voc\u00ea desfrute de paisagens sonoras nunca antes experimentadas.<\/p>\n<p>UM AMPLIFICADOR DE POT\u00caNCIA EST\u00c9REO QUE SE ELEVA SOBRE OS OUTROS<br \/>\nO P-7500 herda os recursos tecnol\u00f3gicos e os conceitos do modelo comemorativo do 40\u00ba anivers\u00e1rio A-200 e subsequente M-6200 e os leva ainda mais longe. Alguns dos destaques s\u00e3o uma redu\u00e7\u00e3o dr\u00e1stica no ru\u00eddo e uma melhoria significativa do fator de amortecimento. No est\u00e1gio final, a configura\u00e7\u00e3o paralela dos dispositivos de sa\u00edda garante alta capacidade de corrente e mant\u00e9m a imped\u00e2ncia de sa\u00edda do amplificador de pot\u00eancia extremamente baixa. Al\u00e9m disso, pesquisas intensivas culminaram em um loop NFB aprimorado com sensoriamento remoto e no uso de comutadores MOS-FET caracterizados por baixa &#8216;resist\u00eancia&#8217;. Isso melhora ainda mais a capacidade de lidar com qualquer alto-falante com compet\u00eancia, realizando acionamento de tens\u00e3o constante mesmo com imped\u00e2ncias de carga extremamente baixas. O fator de amortecimento garantido de pelo menos 1.000 demonstra o impressionante sucesso dessa abordagem. Ao refinar ainda mais o acionamento paralelo e a aloca\u00e7\u00e3o de ganho do est\u00e1gio de entrada, os engenheiros da Accuphase foram capazes de elevar o n\u00edvel de ru\u00eddo a n\u00edveis anteriormente impens\u00e1veis, alcan\u00e7ando uma incr\u00edvel rela\u00e7\u00e3o sinal-ru\u00eddo de 125 dB no ganho m\u00e1ximo e 131 dB no -12 ajuste de ganho dB.<\/p>\n<ul>\n<li>Grande sa\u00edda 300 W \/ 8 ohms, 600 W \/ 4 ohms, 900 W \/ 2 ohms<\/li>\n<li>Transistores de pot\u00eancia de est\u00e1gio de sa\u00edda push-pull de 10 paralelos<\/li>\n<li>Princ\u00edpio do amplificador de instrumenta\u00e7\u00e3o<\/li>\n<li>Circuitos de amplifica\u00e7\u00e3o de feedback atual<\/li>\n<li>Sensoriamento Remoto Balanceado<\/li>\n<li>Circuito MCS+ e topologia de realimenta\u00e7\u00e3o de corrente no est\u00e1gio de amplifica\u00e7\u00e3o<\/li>\n<li>Alto fator de amortecimento de 1.000<\/li>\n<li>Prote\u00e7\u00e3o de sa\u00edda do alto-falante<\/li>\n<li>Medidores de pot\u00eancia de grande escala altamente responsivos<\/li>\n<li>Suporte para conex\u00e3o de modo bi-amplificador e ponte<\/li>\n<\/ul>\n<p>Distor\u00e7\u00e3o Harm\u00f4nica Total: Opera\u00e7\u00e3o est\u00e9reo &#8211; 0,05% com carga de 2 ohms, 0,03% com carga de 4 a 16 ohms. Opera\u00e7\u00e3o monof\u00f4nica (conex\u00e3o em ponte) &#8211; 0,05% com carga de 4 a 16 ohms<\/p>\n<p>Distor\u00e7\u00e3o de intermodula\u00e7\u00e3o: 0,01%<\/p>\n<p>Resposta de frequ\u00eancia: Na sa\u00edda nominal: 20 \u2013 20.000 Hz +0, -0,2 dB. Na sa\u00edda de 1 watt: 0,5 \u2013 160.000 Hz +0, -3,0 dB<\/p>\n<p>Ganho: 28,0 dB (com seletor GAIN em MAX) (opera\u00e7\u00e3o est\u00e9reo e monof\u00f4nica)<\/p>\n<p>Sele\u00e7\u00e3o de ganho: MAX, -3 dB, -6 dB, -12 dB<\/p>\n<p>Imped\u00e2ncia de carga de sa\u00edda: opera\u00e7\u00e3o est\u00e9reo &#8211; 2 a 16 ohms. Opera\u00e7\u00e3o monof\u00f4nica: 4 a 16 ohms<\/p>\n<p>Fator de amortecimento: 1000<\/p>\n<p>Sensibilidade de entrada (com carga de 8 ohms, seletor GAIN na posi\u00e7\u00e3o MAX): Opera\u00e7\u00e3o est\u00e9reo &#8211; 1,26 V para sa\u00edda m\u00e9dia cont\u00ednua nominal. 0,11 V para sa\u00edda de 1 watt. Opera\u00e7\u00e3o monof\u00f4nica &#8211; 2,52 V para sa\u00edda m\u00e9dia cont\u00ednua nominal. 0,11 V para sa\u00edda de 1 watt<\/p>\n<p>Imped\u00e2ncia de entrada: Balanceada &#8211; 40 kilohms. Linha &#8211; 20 kilohms<\/p>\n<p>Rela\u00e7\u00e3o sinal-ru\u00eddo (pondera\u00e7\u00e3o A, entrada em curto): 125 dB (seletor GAIN em MAX), 131 dB (seletor GAIN em -12 dB) Na sa\u00edda m\u00e9dia cont\u00ednua nominal<\/p>\n<p>Medidores de n\u00edvel de sa\u00edda: \uff0d40 dB a +3 dB (indica\u00e7\u00e3o em dB e %) Escala logar\u00edtmica, com chave de cancelamento, tempo de espera selecion\u00e1vel 3 s \/ \u221e<\/p>\n<p>Requisitos de alimenta\u00e7\u00e3o: CA 120 V\/230 V, 50\/60 Hz (tens\u00e3o indicada no painel traseiro)<\/p>\n<p>Consumo de energia: 117 watts em modo inativo. 820 watts de acordo com IEC 60065<\/p>\n<p>Dimens\u00f5es m\u00e1ximas: Largura 465 mm, Altura 238 mm, Profundidade 515 mm<\/p>\n<p>Massa: 48,6 kg l\u00edquido, 58,0 kg na caixa de transporte<\/p>\n","protected":false},"excerpt":{"rendered":"<p>O Accuphase P-7500 \u00e9 o nosso modelo principal de amplificador de pot\u00eancia est\u00e9reo Classe AB que oferece desempenho de dire\u00e7\u00e3o supremo.\u00a0O est\u00e1gio de amplifica\u00e7\u00e3o de pot\u00eancia usa uma arquitetura de transistor de pot\u00eancia push-pull de 10 paralelos, fornecendo uma pot\u00eancia de sa\u00edda nominal de 300 W \/ 8 ohms que excede amplamente a dos modelos [&hellip;]<\/p>\n","protected":false},"featured_media":5415,"template":"","meta":{"_acf_changed":false},"product_brand":[],"product_cat":[229,27,28],"product_tag":[],"class_list":{"0":"post-5411","1":"product","2":"type-product","3":"status-publish","4":"has-post-thumbnail","6":"product_cat-accuphase","7":"product_cat-amplificador","8":"product_cat-estereo","10":"first","11":"instock","12":"sold-individually","13":"shipping-taxable","14":"purchasable","15":"product-type-simple"},"acf":[],"aioseo_notices":[],"_links":{"self":[{"href":"https:\/\/hificlub.com.br\/loja\/wp-json\/wp\/v2\/product\/5411","targetHints":{"allow":["GET"]}}],"collection":[{"href":"https:\/\/hificlub.com.br\/loja\/wp-json\/wp\/v2\/product"}],"about":[{"href":"https:\/\/hificlub.com.br\/loja\/wp-json\/wp\/v2\/types\/product"}],"wp:featuredmedia":[{"embeddable":true,"href":"https:\/\/hificlub.com.br\/loja\/wp-json\/wp\/v2\/media\/5415"}],"wp:attachment":[{"href":"https:\/\/hificlub.com.br\/loja\/wp-json\/wp\/v2\/media?parent=5411"}],"wp:term":[{"taxonomy":"product_brand","embeddable":true,"href":"https:\/\/hificlub.com.br\/loja\/wp-json\/wp\/v2\/product_brand?post=5411"},{"taxonomy":"product_cat","embeddable":true,"href":"https:\/\/hificlub.com.br\/loja\/wp-json\/wp\/v2\/product_cat?post=5411"},{"taxonomy":"product_tag","embeddable":true,"href":"https:\/\/hificlub.com.br\/loja\/wp-json\/wp\/v2\/product_tag?post=5411"}],"curies":[{"name":"wp","href":"https:\/\/api.w.org\/{rel}","templated":true}]}}