{"id":5389,"date":"2023-11-24T19:06:58","date_gmt":"2023-11-24T22:06:58","guid":{"rendered":"https:\/\/hificlub.com.br\/loja2\/?post_type=product&#038;p=5389"},"modified":"2026-03-03T22:20:27","modified_gmt":"2026-03-04T01:20:27","slug":"hegel-h600-amplificador-integrado-referencia-dual-mono-303-watts","status":"publish","type":"product","link":"https:\/\/hificlub.com.br\/loja\/produto\/hegel-h600-amplificador-integrado-referencia-dual-mono-303-watts\/","title":{"rendered":"HEGEL H600  Integrado Referencia Dual Mono com Streamer e DAC 303 watts"},"content":{"rendered":"<h3>Amplificador Integrado de Refer\u00eancia Hegel H600<\/h3>\n<p><b>O mais recente amplificador da marca norueguesa n\u00e3o \u00e9 apenas o mais poderoso integrado, mas vem completo com capacidade de \u00e1udio em rede.\u00a0\u00c9 a solu\u00e7\u00e3o definitiva de amplificador de caixa \u00fanica<\/b><\/p>\n<p>Hegel lan\u00e7ou o H590 h\u00e1 cinco anos.\u00a0Nunca t\u00ednhamos feito um amplificador integrado deste n\u00edvel antes e est\u00e1vamos um pouco apreensivos com a rea\u00e7\u00e3o dos nossos clientes.\u00a0No entanto, a combina\u00e7\u00e3o de desempenho estelar e conveni\u00eancia tornou-o um sucesso instant\u00e2neo, e a recep\u00e7\u00e3o de revisores e clientes foi esmagadora.\u00a0Finalmente, ap\u00f3s tr\u00eas anos de desenvolvimento, estamos prontos para apresentar o H600, o herdeiro do H590.\u00a0Com uma s\u00e9rie de novos recursos, um novo design de chassi, um novo DAC, uma se\u00e7\u00e3o de amplificador aprimorada e um mecanismo de streaming muito superior, o H600 \u00e9 uma verdadeira pot\u00eancia que deve cobrir todas as necessidades e desejos dos audi\u00f3filos.\u00a0Ah, e tamb\u00e9m adicionamos mais alguns watts&#8230;.<\/p>\n<p><strong>CASA DE FOR\u00c7A<\/strong><\/p>\n<p>H600 \u00e9 nosso amplificador integrado de refer\u00eancia.\u00a0Com seus 303 watts em 8 ohms, um fator de amortecimento de 4.000 e capacidade de acionamento de 2 ohms, esta pot\u00eancia de um amplificador pode acionar qualquer alto-falante com confian\u00e7a e facilidade.\u00a0O amplificador tem um design dual mono, aproximando-o tanto quanto poss\u00edvel do desempenho de dois amplificadores mono em uma \u00fanica caixa.\u00a0Ele tamb\u00e9m possui um pr\u00e9-amplificador de \u00faltima gera\u00e7\u00e3o com o atenuador de volume extremamente preciso encontrado em nosso amplificador de refer\u00eancia P30A.\u00a0Todos os circuitos eletr\u00f4nicos s\u00e3o projetados internamente e usamos apenas componentes da melhor qualidade.\u00a0Isto nos d\u00e1 um controle sem precedentes sobre o processo de amplifica\u00e7\u00e3o.\u00a0Quando combinamos isso com nossa tecnologia de corre\u00e7\u00e3o SoundEngine2, ficamos com um sinal de \u00e1udio o mais pr\u00f3ximo poss\u00edvel da grava\u00e7\u00e3o original.\u00a0O resultado \u00e9 um palco sonoro imensamente amplo e profundo com incr\u00edvel faixa din\u00e2mica e tremendo controle de graves.\u00a0Este amplificador revela todos os detalhes e nuances da m\u00fasica.\u00a0Tudo o que voc\u00ea precisa fazer \u00e9 conectar um par de alto-falantes realmente bons de sua escolha.<\/p>\n<p>O conversor D\/A do H600 tem um design perfeito, oferecendo pura fidelidade de \u00e1udio sem qualquer reamostragem ou aumento da resolu\u00e7\u00e3o.\u00a0O DAC possui uma fonte de alimenta\u00e7\u00e3o grande e dedicada que garante um desempenho est\u00e1vel e n\u00e3o contaminado, e \u00e9 blindado por uma placa de a\u00e7o espessa para que n\u00e3o haja interfer\u00eancia de outros componentes eletr\u00f4nicos dentro do amplificador.\u00a0O resultado \u00e9 um conversor D\/A de \u00faltima gera\u00e7\u00e3o com resolu\u00e7\u00e3o e suavidade incr\u00edveis.<\/p>\n<p>O chassi \u00e9 feito de alum\u00ednio para melhor desempenho de \u00e1udio.\u00a0Inclui um chassi inferior s\u00f3lido e uma tampa superior com aberturas fresadas em duas camadas para maior rigidez e fluxo de ar.\u00a0Grandes p\u00e9s de alum\u00ednio com design anti-riscos garantem excelente estabilidade e vibra\u00e7\u00f5es reduzidas, enquanto os conectores RCA de alta qualidade e o posicionamento otimizado dos conectores anal\u00f3gicos e digitais proporcionam menos ru\u00eddo e melhor separa\u00e7\u00e3o de canais.\u00a0Os grandes bot\u00f5es de controle s\u00e3o equipados com controle de toque, tornando a opera\u00e7\u00e3o deste amplificador f\u00e1cil e intuitiva.\u00a0Eles tamb\u00e9m t\u00eam uma sensa\u00e7\u00e3o t\u00e1til muito agrad\u00e1vel, tornando cada ajuste uma del\u00edcia.\u00a0Na Hegel, acreditamos que um excelente \u00e1udio n\u00e3o deve ser prejudicado pela facilidade de uso.\u00a0\u00c9 por isso que o H600 apresenta uma lista abrangente de op\u00e7\u00f5es de streaming.\u00a0Suporta streaming UPnP, Spotify Connect, Airplay 2, Tidal Connect e Roon Ready (pendente).\u00a0No entanto, este \u00e9 apenas o come\u00e7o.\u00a0Este mecanismo de streaming altamente avan\u00e7ado garantir\u00e1 que o amplificador esteja sempre atualizado com as op\u00e7\u00f5es mais recentes para voc\u00ea transmitir sua m\u00fasica.<\/p>\n<p>O H600 tamb\u00e9m \u00e9 altamente personaliz\u00e1vel para garantir que se adapta a qualquer ambiente.\u00a0Todas as entradas digitais, exceto USB, possuem detec\u00e7\u00e3o de sinal.\u00a0Isso significa que qualquer dispositivo conectado a essas entradas pode ativar o amplificador e configur\u00e1-lo para a entrada correta.\u00a0Al\u00e9m disso, o volume pode ser limitado para se adequar \u00e0 sua prefer\u00eancia de volume m\u00e1ximo.\u00a0Com nosso recurso de controle remoto, voc\u00ea pode programar o amplificador para ser comandado por controles remotos comuns de TV, eliminando a necessidade de usar dois controles remotos e tornando mais f\u00e1cil para todos os membros da fam\u00edlia obterem um excelente som de TV.\u00a0A maioria das entradas tamb\u00e9m pode ser configurada como uma entrada fixa de Home Theater de alto n\u00edvel, facilitando a combina\u00e7\u00e3o do H600 com receptores surround ou dispositivos multi-room.\u00a0Tal como acontece com os servi\u00e7os de streaming, mais recursos estar\u00e3o dispon\u00edveis no futuro.\u00a0\u00c9 claro que essas atualiza\u00e7\u00f5es de firmware s\u00e3o sempre gratuitas e o amplificador as instalar\u00e1 automaticamente quando forem iniciadas, garantindo que seu H600 esteja sempre atualizado.<\/p>\n<p>O amplificador possui uma grande variedade de conex\u00f5es anal\u00f3gicas e digitais para acomodar diversas fontes de \u00e1udio.\u00a0Existem dois pares de entradas True Balanced XLR e dois pares de entradas RCA.\u00a0Na frente digital, possui uma porta de rede LAN, uma entrada USB 32\/384 (suportando DSD256\/DoP), tr\u00eas entradas \u00f3pticas, uma entrada coaxial e uma entrada BNC verdadeira de 75 ohms.\u00a0Para sa\u00eddas anal\u00f3gicas, oferece um par de sa\u00eddas RCA de n\u00edvel fixo e um par de sa\u00eddas RCA de n\u00edvel vari\u00e1vel.\u00a0Al\u00e9m disso, ele fornece uma sa\u00edda digital verdadeira de 75 ohms de n\u00edvel fixo BNC.\u00a0O H600 \u00e9 um amplificador extremamente capaz e com \u00f3timo som.\u00a0\u00c9 altamente vers\u00e1til e oferece som de alta qualidade e facilidade de uso, tudo em uma caixa minimalista e de alta qualidade que se adapta a qualquer estilo de interior.\u00a0O H600 \u00e9 um hub para sua m\u00fasica digital, um lar para todas as suas fontes conectadas, com um som adequado para mans\u00f5es.<\/p>\n<p>Especifica\u00e7\u00f5es<\/p>\n<p>Sa\u00edda de pot\u00eancia<br \/>\n2 x 303 W em 8 ohms, Dual Mono<br \/>\nCarga m\u00ednima<br \/>\n2 ohms<br \/>\nEntradas anal\u00f3gicas<br \/>\n2 * Balanceadas (XLR), 2 * N\u00e3o balanceadas (RCA)<br \/>\nSa\u00eddas digitais<br \/>\n1 * Coaxial (BNC) S\/PDIF &#8211; 24\/192<br \/>\nEntradas digitais<br \/>\n1 * Coaxial (BNC) S\/PDIF &#8211; 24\/192, DSD64(DoP), MQA 8x<br \/>\n1*Coaxial (RCA) S\/PDIF &#8211; 24\/192, DSD64(DoP), MQA 8x<br \/>\n3*S\/PDIF \u00d3ptico &#8211; 24\/96, MQA 8x<br \/>\n1 * USB &#8211; 32\/384, DSD256 (DoP), MQA 8x<br \/>\n1 * Rede &#8211; 24\/192, DSD64, MQA 8x<br \/>\nSa\u00eddas de n\u00edvel de linha<br \/>\n1 * Fixo n\u00e3o balanceado (RCA), 1 * Vari\u00e1vel n\u00e3o balanceado (RCA)<br \/>\nStreaming<br \/>\nAirPlay 2 , Spotify Connect, Roon Ready (pendente), Tidal<br \/>\nConnect, UPnP<br \/>\nFormatos de streaming<br \/>\nMP3, WAV, FLAC, ALAC, AIFF, DSF, DFF, AAC, PCM, MQA,<br \/>\nOgg<br \/>\nResposta de frequ\u00eancia<br \/>\n5Hz-100kHz<br \/>\nRela\u00e7\u00e3o sinal-ru\u00eddo<br \/>\nMais de 100dB<br \/>\nCrosstalk<br \/>\nMenos de -100dB<br \/>\nDistor\u00e7\u00e3o<br \/>\nMenos de 0,005% @ 50W 8 Ohms<br \/>\nIntermodula\u00e7\u00e3o de 1kHz<br \/>\nMenos de 0,01% (19kHz + 20kHz)<br \/>\nFator de amortecimento<br \/>\nMais de 4000 (est\u00e1gio de sa\u00edda de pot\u00eancia principal)<br \/>\nDimens\u00f5es\/peso<br \/>\n17,1cm x 43cm x 44,5cm ( AxLxP), 22kg<br \/>\nDimens\u00f5es\/peso US<br \/>\n6,74&#8243; x 16,93&#8243; x 17,52&#8243; (AxLxP), 48,51 lbs<\/p>\n","protected":false},"excerpt":{"rendered":"<p>Amplificador Integrado de Refer\u00eancia Hegel H600 O mais recente amplificador da marca norueguesa n\u00e3o \u00e9 apenas o mais poderoso integrado, mas vem completo com capacidade de \u00e1udio em rede.\u00a0\u00c9 a solu\u00e7\u00e3o definitiva de amplificador de caixa \u00fanica Hegel lan\u00e7ou o H590 h\u00e1 cinco anos.\u00a0Nunca t\u00ednhamos feito um amplificador integrado deste n\u00edvel antes e est\u00e1vamos um [&hellip;]<\/p>\n","protected":false},"featured_media":15147,"template":"","meta":{"_acf_changed":false},"product_brand":[],"product_cat":[27,51],"product_tag":[],"class_list":{"0":"post-5389","1":"product","2":"type-product","3":"status-publish","4":"has-post-thumbnail","6":"product_cat-amplificador","7":"product_cat-integrado","9":"first","10":"instock","11":"sold-individually","12":"shipping-taxable","13":"purchasable","14":"product-type-simple"},"acf":[],"aioseo_notices":[],"_links":{"self":[{"href":"https:\/\/hificlub.com.br\/loja\/wp-json\/wp\/v2\/product\/5389","targetHints":{"allow":["GET"]}}],"collection":[{"href":"https:\/\/hificlub.com.br\/loja\/wp-json\/wp\/v2\/product"}],"about":[{"href":"https:\/\/hificlub.com.br\/loja\/wp-json\/wp\/v2\/types\/product"}],"wp:featuredmedia":[{"embeddable":true,"href":"https:\/\/hificlub.com.br\/loja\/wp-json\/wp\/v2\/media\/15147"}],"wp:attachment":[{"href":"https:\/\/hificlub.com.br\/loja\/wp-json\/wp\/v2\/media?parent=5389"}],"wp:term":[{"taxonomy":"product_brand","embeddable":true,"href":"https:\/\/hificlub.com.br\/loja\/wp-json\/wp\/v2\/product_brand?post=5389"},{"taxonomy":"product_cat","embeddable":true,"href":"https:\/\/hificlub.com.br\/loja\/wp-json\/wp\/v2\/product_cat?post=5389"},{"taxonomy":"product_tag","embeddable":true,"href":"https:\/\/hificlub.com.br\/loja\/wp-json\/wp\/v2\/product_tag?post=5389"}],"curies":[{"name":"wp","href":"https:\/\/api.w.org\/{rel}","templated":true}]}}