{"id":5370,"date":"2023-11-24T18:36:31","date_gmt":"2023-11-24T21:36:31","guid":{"rendered":"https:\/\/hificlub.com.br\/loja2\/?post_type=product&#038;p=5370"},"modified":"2026-03-03T22:20:27","modified_gmt":"2026-03-04T01:20:27","slug":"rotel-rmb-1585-class-ab-5x-200-watts","status":"publish","type":"product","link":"https:\/\/hificlub.com.br\/loja\/produto\/rotel-rmb-1585-class-ab-5x-200-watts\/","title":{"rendered":"ROTEL RMB-1585  Class AB  5x 200 watts"},"content":{"rendered":"<p>&nbsp;<\/p>\n<div class=\"field-label\">\n<p>Amplificador\u00a0 Multicanal Rotel RMB-1585<br \/>\nO auge do desempenho na excelente faixa de amplificadores de pot\u00eancia multicanal da Rotel, o RMB-1585 possui 5 x 200 Watts para acionar at\u00e9 mesmo os maiores sistemas de alto-falantes de home theater.<\/p>\n<p>Poder5 x 200 Watts de<br \/>\npot\u00eancia robustaClasse AB<br \/>\nDesign de amplificador classe AB Transformador Fonte de alimenta\u00e7\u00e3o massiva<br \/>\nusando<br \/>\ntransformadores toroidais duplos Capacitor<br \/>\nCapacitores de folha cortada de alta qualidade feitos na<br \/>\nGr\u00e3-BretanhaMontagem em RackOrelhas de rack inclu\u00eddas<br \/>\nProjetado com cuidado.<\/p>\n<p>Descri\u00e7\u00e3o do Produto<br \/>\nO RMB-1585, o novo amplificador de teatro carro-chefe da Rotel, oferece a pot\u00eancia massiva e a sofistica\u00e7\u00e3o sonora exigidas pelos melhores sistemas de home theater. Com cinco canais, cada um capaz de produzir 200 Watts cont\u00ednuos cada em cargas de 8 ohms (um quilowatt completo de pot\u00eancia de sa\u00edda!), O RMB-1585 domina qualquer sistema A \/ V, independentemente da carga dos alto-falantes ou do tamanho da sala.<\/p>\n<p>Mas n\u00e3o \u00e9 apenas a pot\u00eancia de sa\u00edda pura que distingue o RMB-1585. \u00c9 a capacidade de reproduzir a din\u00e2mica de um blockbuster de Hollywood e as nuances musicais dos instrumentos ac\u00fasticos que o diferenciam. De onde vem esse equil\u00edbrio? \u00c9 o resultado direto do famoso Balanced Design Concept da Rotel, no qual a topologia do circuito e a sele\u00e7\u00e3o de pe\u00e7as se fundem na busca da excel\u00eancia sonora.<\/p>\n<p>Destaques do produto:<\/p>\n<ul>\n<li>200 watts por canal em 8 ohms (20-20.000 Hz) a 0,03% THD com todos os canais acionados<\/li>\n<li>4 ohms est\u00e1vel para uso com uma ampla gama de alto-falantes<\/li>\n<li>Projeto classe AB\n<ul>\n<li>transformadores toroidais duplos personalizados para desempenho est\u00e1vel e sem ru\u00eddo<\/li>\n<li>capacitores de alta qualidade, fabricados na Gr\u00e3-Bretanha<\/li>\n<\/ul>\n<\/li>\n<li>resposta de frequ\u00eancia: 10-100.000 Hz (+0,5\/-3dB)<\/li>\n<li>rela\u00e7\u00e3o sinal-ru\u00eddo: 116 dB<\/li>\n<li>ventiladores de refrigera\u00e7\u00e3o internos duplos<\/li>\n<li>circuitos de prote\u00e7\u00e3o t\u00e9rmica e de sobrecorrente<\/li>\n<li>orelhas de montagem em rack inclu\u00eddas<\/li>\n<li>cabo de alimenta\u00e7\u00e3o destac\u00e1vel<\/li>\n<\/ul>\n<h5>Conex\u00f5es:<\/h5>\n<ul>\n<li>entradas XLR balanceadas e RCA n\u00e3o balanceadas para todos os cinco canais<\/li>\n<li>Terminais de liga\u00e7\u00e3o de 5 vias para cada alto-falante<\/li>\n<li>Entrada\/sa\u00edda de gatilho de 12 volts comut\u00e1vel de 3,5 mm<\/li>\n<\/ul>\n<h5>Dimens\u00f5es e garantia:<\/h5>\n<ul>\n<li>17&#8243;L x 9-3\/8&#8243;H x 17-7\/8&#8243;D (espa\u00e7os de rack de 5U)<\/li>\n<li>peso: 79,3 libras.<\/li>\n<li>garantia: 5 anos<\/li>\n<\/ul>\n<\/div>\n","protected":false},"excerpt":{"rendered":"<p>&nbsp; Amplificador\u00a0 Multicanal Rotel RMB-1585 O auge do desempenho na excelente faixa de amplificadores de pot\u00eancia multicanal da Rotel, o RMB-1585 possui 5 x 200 Watts para acionar at\u00e9 mesmo os maiores sistemas de alto-falantes de home theater. Poder5 x 200 Watts de pot\u00eancia robustaClasse AB Design de amplificador classe AB Transformador Fonte de alimenta\u00e7\u00e3o [&hellip;]<\/p>\n","protected":false},"featured_media":30990,"template":"","meta":{"_acf_changed":false},"product_brand":[],"product_cat":[27,48,24],"product_tag":[],"class_list":{"0":"post-5370","1":"product","2":"type-product","3":"status-publish","4":"has-post-thumbnail","6":"product_cat-amplificador","7":"product_cat-multicanal","8":"product_cat-rotel","10":"first","11":"instock","12":"sold-individually","13":"shipping-taxable","14":"purchasable","15":"product-type-simple"},"acf":[],"aioseo_notices":[],"_links":{"self":[{"href":"https:\/\/hificlub.com.br\/loja\/wp-json\/wp\/v2\/product\/5370","targetHints":{"allow":["GET"]}}],"collection":[{"href":"https:\/\/hificlub.com.br\/loja\/wp-json\/wp\/v2\/product"}],"about":[{"href":"https:\/\/hificlub.com.br\/loja\/wp-json\/wp\/v2\/types\/product"}],"wp:featuredmedia":[{"embeddable":true,"href":"https:\/\/hificlub.com.br\/loja\/wp-json\/wp\/v2\/media\/30990"}],"wp:attachment":[{"href":"https:\/\/hificlub.com.br\/loja\/wp-json\/wp\/v2\/media?parent=5370"}],"wp:term":[{"taxonomy":"product_brand","embeddable":true,"href":"https:\/\/hificlub.com.br\/loja\/wp-json\/wp\/v2\/product_brand?post=5370"},{"taxonomy":"product_cat","embeddable":true,"href":"https:\/\/hificlub.com.br\/loja\/wp-json\/wp\/v2\/product_cat?post=5370"},{"taxonomy":"product_tag","embeddable":true,"href":"https:\/\/hificlub.com.br\/loja\/wp-json\/wp\/v2\/product_tag?post=5370"}],"curies":[{"name":"wp","href":"https:\/\/api.w.org\/{rel}","templated":true}]}}