{"id":5362,"date":"2023-11-24T18:26:11","date_gmt":"2023-11-24T21:26:11","guid":{"rendered":"https:\/\/hificlub.com.br\/loja2\/?post_type=product&#038;p=5362"},"modified":"2026-04-14T06:36:24","modified_gmt":"2026-04-14T09:36:24","slug":"hegel-h360-com-streamer-dac-250-watts","status":"publish","type":"product","link":"https:\/\/hificlub.com.br\/loja\/produto\/hegel-h360-com-streamer-dac-250-watts\/","title":{"rendered":"HEGEL H360  Amplificador Integrado com Streamer e DAC  250 watts"},"content":{"rendered":"<p>&nbsp;<\/p>\n<address><strong>Hegel H360 \u00e9 um gigante entre os amplificadores integrados. Com 250 watts por canal em 8 ohms e um fator de amortecimento de mais de 4000, ele controlar\u00e1 praticamente qualquer alto-falante do mercado. Gra\u00e7as \u00e0 tecnologia patenteada SoundEngine2, esta fera de amplificador combina pot\u00eancia, din\u00e2mica, requinte e musicalidade como nenhum outro amplificador integrado no mercado. A conectividade \u00e9 mais um b\u00f4nus&#8230; Existem entradas anal\u00f3gicas balanceadas e n\u00e3o balanceadas. H\u00e1 um bypass de home theater. Existem entradas digitais \u00f3pticas e coaxiais, bem como uma entrada USB para qualquer sinal at\u00e9 DSD128&#8230; E, sim &#8211; tamb\u00e9m \u00e9 um streamer.<\/strong><\/address>\n<p>O n\u00facleo de tudo Hegel \u00e9 a qualidade do som, e o H360 n\u00e3o \u00e9 exce\u00e7\u00e3o. O benef\u00edcio \u00f3bvio do H360 \u00e9 f\u00e1cil de ver &#8211; poder. Ele pode fornecer 2 x 250 watts por canal em 8 Ohms e \u00e9 est\u00e1vel mesmo em imped\u00e2ncias mais baixas. Al\u00e9m disso, o fator de amortecimento de mais de 4000 garante que ele possa controlar at\u00e9 mesmo os alto-falantes mais exigentes. O H360 sempre jogar\u00e1 com grande autoridade e facilidade. Raramente esse poder \u00e9 combinado com sutileza. No entanto, fontes de alimenta\u00e7\u00e3o especialmente projetadas que acionam atenuadores de volume de precis\u00e3o contribuem para um piso de ru\u00eddo extremamente baixo. A correspond\u00eancia manual de pares de transistores quase perfeitos no est\u00e1gio de entrada reduz a distor\u00e7\u00e3o harm\u00f4nica. Nossa tecnologia patenteada SoundEngine2 reduz toda a distor\u00e7\u00e3o e especialmente a distor\u00e7\u00e3o cruzada. Nossos designers entendem como os transistores funcionam, at\u00e9 o n\u00edvel at\u00f4mico, e usaram todo esse conhecimento para projetar o H360.<\/p>\n<p>O H360 incorpora um DAC de alta qualidade, usando o reclocking propriet\u00e1rio da Hegel. O benef\u00edcio disso \u00e9 que podemos fazer as fontes do dia-a-dia soarem muito bem. Fontes como um telefone ou um computador. \u00c9 por isso que tamb\u00e9m inclu\u00edmos funcionalidades como Apple AirPlay e streaming DLNA. H\u00e1 tamb\u00e9m uma entrada USB de classe de refer\u00eancia, compat\u00edvel com todos os formatos, incluindo DSD64 e DSD128 nativos.<\/p>\n<p>Especifica\u00e7\u00f5es t\u00e9cnicas<br \/>\nPot\u00eancia de sa\u00edda spk: 250 w\/pc em 8 Ohms, 420 w\/pc em 4 Ohms<br \/>\nEntradas anal\u00f3gicas: 1 balanceada (XLR), 1 n\u00e3o balanceada (RCA), 1 home theater<br \/>\nSa\u00eddas anal\u00f3gicas: 1 n\u00edvel de linha fixa (RCA), 1 n\u00edvel de linha vari\u00e1vel (RCA)<br \/>\nEntradas digitais: 1 coaxial, 3 \u00f3pticas, 1 USB, 1 ethernet (RJ45)<br \/>\nSa\u00eddas digitais: 1 coaxial (apenas de entradas digitais)<br \/>\nEntrada de controle: IR-Jack de 3,5 mm (traseira)<br \/>\nResposta de frequ\u00eancia: 5Hz-180kHz<br \/>\nRela\u00e7\u00e3o sinal-ru\u00eddo: mais de 100dB<br \/>\nDiafonia: Menos de -100dB<br \/>\nFator de amortecimento: Mais de 4000 (est\u00e1gio de sa\u00edda de energia principal)<br \/>\nAcabamento preto<br \/>\nDimens\u00f5es: 12 cm (15 cm c\/p\u00e9s) x 43 cm x 43 cm (AxLxP)<br \/>\nPeso: 20,5kg (l\u00edquido), 24kg (transporte)<br \/>\nDimens\u00f5es EUA: 4,72&#8243; (5,9&#8243; c\/p\u00e9s) x 16,93&#8243; x 16,93&#8243; (AxBxP)<br \/>\nPeso EUA: 45,2 libras (l\u00edquido), 53 libras (transporte)<\/p>\n","protected":false},"excerpt":{"rendered":"<p>&nbsp; Hegel H360 \u00e9 um gigante entre os amplificadores integrados. Com 250 watts por canal em 8 ohms e um fator de amortecimento de mais de 4000, ele controlar\u00e1 praticamente qualquer alto-falante do mercado. Gra\u00e7as \u00e0 tecnologia patenteada SoundEngine2, esta fera de amplificador combina pot\u00eancia, din\u00e2mica, requinte e musicalidade como nenhum outro amplificador integrado no [&hellip;]<\/p>\n","protected":false},"featured_media":17308,"template":"","meta":{"_acf_changed":false},"product_brand":[],"product_cat":[27,93,51],"product_tag":[],"class_list":{"0":"post-5362","1":"product","2":"type-product","3":"status-publish","4":"has-post-thumbnail","6":"product_cat-amplificador","7":"product_cat-hegel","8":"product_cat-integrado","10":"first","11":"instock","12":"sold-individually","13":"shipping-taxable","14":"purchasable","15":"product-type-simple"},"acf":[],"aioseo_notices":[],"_links":{"self":[{"href":"https:\/\/hificlub.com.br\/loja\/wp-json\/wp\/v2\/product\/5362","targetHints":{"allow":["GET"]}}],"collection":[{"href":"https:\/\/hificlub.com.br\/loja\/wp-json\/wp\/v2\/product"}],"about":[{"href":"https:\/\/hificlub.com.br\/loja\/wp-json\/wp\/v2\/types\/product"}],"wp:featuredmedia":[{"embeddable":true,"href":"https:\/\/hificlub.com.br\/loja\/wp-json\/wp\/v2\/media\/17308"}],"wp:attachment":[{"href":"https:\/\/hificlub.com.br\/loja\/wp-json\/wp\/v2\/media?parent=5362"}],"wp:term":[{"taxonomy":"product_brand","embeddable":true,"href":"https:\/\/hificlub.com.br\/loja\/wp-json\/wp\/v2\/product_brand?post=5362"},{"taxonomy":"product_cat","embeddable":true,"href":"https:\/\/hificlub.com.br\/loja\/wp-json\/wp\/v2\/product_cat?post=5362"},{"taxonomy":"product_tag","embeddable":true,"href":"https:\/\/hificlub.com.br\/loja\/wp-json\/wp\/v2\/product_tag?post=5362"}],"curies":[{"name":"wp","href":"https:\/\/api.w.org\/{rel}","templated":true}]}}