{"id":5358,"date":"2023-11-24T18:22:27","date_gmt":"2023-11-24T21:22:27","guid":{"rendered":"https:\/\/hificlub.com.br\/loja2\/?post_type=product&#038;p=5358"},"modified":"2025-06-13T07:38:37","modified_gmt":"2025-06-13T10:38:37","slug":"moon-evolution-600i-dual-mono-125-watts","status":"publish","type":"product","link":"https:\/\/hificlub.com.br\/loja\/produto\/moon-evolution-600i-dual-mono-125-watts\/","title":{"rendered":"MOON EVOLUTION 600i Amplificador Integrado Dual Mono 125 watts"},"content":{"rendered":"<p>O 600i \u00e9 impecavelmente constru\u00eddo em todos os sentidos, desde sua arquitetura dual-mono totalmente balanceada (incomum em um amplificador integrado) at\u00e9 a sensa\u00e7\u00e3o do seu controle remoto. A unidade exala uma sensa\u00e7\u00e3o de luxo e refinamento que se sobrep\u00f5e a um hardware de alta qualidade dentro do gabinete (veja a barra lateral para detalhes t\u00e9cnicos).<\/p>\n<p>O 600i \u00e9 controlado por software, o que confere ao amplificador uma s\u00e9rie de recursos pr\u00e1ticos. Voc\u00ea pode ajustar o ganho de cada entrada independentemente para que n\u00e3o haja picos de volume ao alternar as fontes, selecionar qualquer entrada como &#8220;bypass de teatro&#8221; ao usar o i600 com um controlador multicanal, nomear cada entrada para visualiza\u00e7\u00e3o no amplo visor LED do painel frontal e definir o volume m\u00e1ximo para cada entrada. O software pode ser atualizado por meio de uma porta RS232. Uma porta SimLink permite conectar outros componentes SimAudio para controle e opera\u00e7\u00e3o integrados.<\/p>\n<p>S\u00e3o fornecidas quatro entradas n\u00e3o balanceadas e uma balanceada. Os conectores de sa\u00edda de linha permitem que o 600i seja usado como um pr\u00e9-amplificador para acionar um amplificador externo. Esses conectores single-ended podem ser configurados como sa\u00eddas de n\u00edvel fixo ou vari\u00e1vel. Um grande display (com dimeriza\u00e7\u00e3o) mostra a entrada, o volume ou o balan\u00e7o selecionados. Os terminais de sa\u00edda s\u00e3o terminais de liga\u00e7\u00e3o WBT de alta qualidade. O controle remoto, usinado em um bloco s\u00f3lido de alum\u00ednio, oferece sele\u00e7\u00e3o direta de entradas, controles de volume e balan\u00e7o, bot\u00f5es de mudo e liga\/desliga. A se\u00e7\u00e3o inferior do controle remoto inclui controles para os CD players da Simaudio. O controle remoto \u00e9 graciosamente curvado e se encaixa perfeitamente na m\u00e3o, ao contr\u00e1rio de alguns controles remotos de alum\u00ednio que parecem volumosos e desajeitados.<\/p>\n<p>Especifica\u00e7\u00f5es do MOON 600i<br \/>\nConfigura\u00e7\u00e3o Totalmente balanceada, dual-mono<br \/>\nTransformadores de alimenta\u00e7\u00e3o 2 x 400VA<br \/>\nCapacit\u00e2ncia da fonte de alimenta\u00e7\u00e3o 80.000\u00b5F<br \/>\nTopologia de circuito em malha aberta<br \/>\nEntradas balanceadas (XLR) 1 par<br \/>\nEntradas de termina\u00e7\u00e3o \u00fanica (RCA) 4 pares<br \/>\nImped\u00e2ncia de entrada 23.700\u03a9<br \/>\nSensibilidade de entrada 490 mV \u2013 6,0 V RMS<br \/>\nSa\u00edda de n\u00edvel de linha do pr\u00e9-amplificador (RCA) 1 par @ 50\u03a9<br \/>\nTipo de dispositivo de sa\u00edda \u2013 Amplificador MOON BiPolars propriet\u00e1rio \u2013 4 por canal<br \/>\nBornes de sa\u00edda banhados a ouro WBT<br \/>\nPot\u00eancia de sa\u00edda @ 8\u03a9 \/ 4\u03a9 125 \/ 250 watts por canal<br \/>\nImped\u00e2ncia de sa\u00edda 0,03\u03a9<br \/>\nFator de amortecimento &gt; 267<br \/>\nPassos de volume 0,5dB de 0-30 \/ 0,1dB de 30-80<br \/>\nControle de ganho M-eVOL2<br \/>\nGanho de 37dB<br \/>\nRela\u00e7\u00e3o sinal-ru\u00eddo (pr\u00e9-amplificador\/amplificador) 120dB (20-20kHz) \/ 105dB em pot\u00eancia m\u00e1xima<br \/>\nTens\u00e3o m\u00e1xima de sa\u00edda 35 Volts<br \/>\nTaxa de varia\u00e7\u00e3o 35 V\/\u00b5s<br \/>\nCorrente m\u00e1xima \u2013 Pico \/ Cont\u00ednua 30 amperes \/ 18 amperes<br \/>\nResposta de frequ\u00eancia 10Hz \u2013 100kHz +0\/-0,1dB<br \/>\nDiafonia a 1 kHz -100 dB<br \/>\nDistor\u00e7\u00e3o de Intermodula\u00e7\u00e3o Imensur\u00e1vel<br \/>\nTHD (20Hz \u2013 20kHz) &lt; 0,015% a 1 watt \/ &lt; 0,04% a 175 watts<br \/>\nControle remoto totalmente em alum\u00ednio com todas as fun\u00e7\u00f5es<br \/>\nTipo de exibi\u00e7\u00e3o LED de matriz de pontos de 8 caracteres<br \/>\nConsumo de energia em marcha lenta 45 Watts<br \/>\nRequisitos de energia CA 120 V \/ 60 Hz ou 240 V \/ 50 Hz<br \/>\nPeso de envio 48 lbs \/ 21 kg<br \/>\nDimens\u00f5es (L x A x P, polegadas) 19,0 x 4,1 x 18,0<\/p>\n","protected":false},"excerpt":{"rendered":"<p>O 600i \u00e9 impecavelmente constru\u00eddo em todos os sentidos, desde sua arquitetura dual-mono totalmente balanceada (incomum em um amplificador integrado) at\u00e9 a sensa\u00e7\u00e3o do seu controle remoto. A unidade exala uma sensa\u00e7\u00e3o de luxo e refinamento que se sobrep\u00f5e a um hardware de alta qualidade dentro do gabinete (veja a barra lateral para detalhes t\u00e9cnicos). [&hellip;]<\/p>\n","protected":false},"featured_media":22987,"template":"","meta":{"_acf_changed":false},"product_brand":[],"product_cat":[27,51,122],"product_tag":[],"class_list":{"0":"post-5358","1":"product","2":"type-product","3":"status-publish","4":"has-post-thumbnail","6":"product_cat-amplificador","7":"product_cat-integrado","8":"product_cat-moon","10":"first","11":"instock","12":"sold-individually","13":"shipping-taxable","14":"purchasable","15":"product-type-simple"},"acf":[],"aioseo_notices":[],"_links":{"self":[{"href":"https:\/\/hificlub.com.br\/loja\/wp-json\/wp\/v2\/product\/5358","targetHints":{"allow":["GET"]}}],"collection":[{"href":"https:\/\/hificlub.com.br\/loja\/wp-json\/wp\/v2\/product"}],"about":[{"href":"https:\/\/hificlub.com.br\/loja\/wp-json\/wp\/v2\/types\/product"}],"wp:featuredmedia":[{"embeddable":true,"href":"https:\/\/hificlub.com.br\/loja\/wp-json\/wp\/v2\/media\/22987"}],"wp:attachment":[{"href":"https:\/\/hificlub.com.br\/loja\/wp-json\/wp\/v2\/media?parent=5358"}],"wp:term":[{"taxonomy":"product_brand","embeddable":true,"href":"https:\/\/hificlub.com.br\/loja\/wp-json\/wp\/v2\/product_brand?post=5358"},{"taxonomy":"product_cat","embeddable":true,"href":"https:\/\/hificlub.com.br\/loja\/wp-json\/wp\/v2\/product_cat?post=5358"},{"taxonomy":"product_tag","embeddable":true,"href":"https:\/\/hificlub.com.br\/loja\/wp-json\/wp\/v2\/product_tag?post=5358"}],"curies":[{"name":"wp","href":"https:\/\/api.w.org\/{rel}","templated":true}]}}