{"id":5345,"date":"2023-11-24T17:04:28","date_gmt":"2023-11-24T20:04:28","guid":{"rendered":"https:\/\/hificlub.com.br\/loja2\/?post_type=product&#038;p=5345"},"modified":"2026-03-30T17:48:15","modified_gmt":"2026-03-30T20:48:15","slug":"mcintosh-mti100-integrado-hibrido-c-toca-disco-dac-e-bluetooth","status":"publish","type":"product","link":"https:\/\/hificlub.com.br\/loja\/produto\/mcintosh-mti100-integrado-hibrido-c-toca-disco-dac-e-bluetooth\/","title":{"rendered":"McINTOSH MTi100 Amplificador Integrado Hibrido c\/ Toca Disco, DAC e Bluetooth"},"content":{"rendered":"<p>\u00c0 primeira vista, o toca-discos integrado McIntosh MTI100 pode parecer apenas um toca-discos, mas um olhar mais atento revelar\u00e1 que na verdade \u00e9 muito mais.<\/p>\n<p>Verdadeiramente um produto \u00fanico, foi concebido para aqueles que pretendem a m\u00e1xima flexibilidade no seu sistema de \u00e1udio dom\u00e9stico, mas n\u00e3o querem \u2013 ou n\u00e3o t\u00eam espa\u00e7o para \u2013 um grande sistema de \u00e1udio em sua casa.<\/p>\n<div class=\"#product-meta-collapse-heading-inner\"><span style=\"font-size: small\"><strong>VIS\u00c3O GERAL<\/strong><\/span><\/div>\n<div class=\"#product-meta-collapse-body\">\n<p>Com toda a conectividade integrada que o MTI100 oferece, ele pode se tornar a pe\u00e7a central de um sistema de \u00e1udio dom\u00e9stico moderno para estilos de vida modernos.\u00a0Basta adicionar seus alto-falantes favoritos (como a estante XR50 da McIntosh ou os alto-falantes de ch\u00e3o XR100) e voc\u00ea ter\u00e1 um sistema de \u00e1udio completo e abrangente.<\/p>\n<p>Al\u00e9m do toca-discos que reproduz discos de vinil de 33-1\/3 e 45 rpm, o MTI100 tamb\u00e9m inclui um amplificador de pot\u00eancia, uma se\u00e7\u00e3o de pr\u00e9-amplificador valvulado, um pr\u00e9-amplificador fono blindado, uma entrada auxiliar n\u00e3o balanceada, entradas coaxiais e \u00f3pticas de \u00e1udio digital, um Bluetooth receptor, uma sa\u00edda de subwoofer, sa\u00eddas de alto-falante est\u00e9reo para compartilhar suas m\u00fasicas com amigos e um fone de ouvido para audi\u00e7\u00e3o pessoal.<\/p>\n<p>O MTI100 vem com um cartucho Sumiko Olympia Moving Magnet, cuja caneta atualizada e conjunto cantilever permitem um impacto mais din\u00e2mico e uma resposta de frequ\u00eancia aprimorada.\u00a0A pot\u00eancia, o volume e a sele\u00e7\u00e3o de entrada podem ser controlados pelo controle remoto inclu\u00eddo ou por meio de dois bot\u00f5es na unidade.\u00a0Um logotipo McIntosh iluminado est\u00e1 localizado no painel de vidro superior, enquanto um crach\u00e1 cl\u00e1ssico em alum\u00ednio fundido no estilo McIntosh adorna a frente do chassi.<\/p>\n<div class=\"#product-meta-collapse-heading-inner\">\n<p><span style=\"font-size: small\"><strong>CARACTER\u00cdSTICAS<\/strong><\/span><\/p>\n<div class=\"#product-meta-collapse-heading-indicator\"><span style=\"font-size: small\"><strong>\u00a0<\/strong><\/span><\/div>\n<div class=\"#product-meta-collapse-heading-indicator\">O prato de alum\u00ednio usinado de 7 libras fica na parte superior da unidade.\u00a0Este, e o bra\u00e7o de alum\u00ednio usinado correspondente com anti-skate, ficam sobre um peda\u00e7o de vidro de 3\/8\u201d de espessura \u2013 o mesmo vidro encontrado nos pain\u00e9is frontais dos amplificadores maiores da McIntosh;\u00a0este, por sua vez, fica sobre uma placa de metal personalizada de 1\/4\u201d de espessura que adiciona estabilidade.\u00a0A robustez combinada do prato e da placa de metal ajuda a resistir e absorver ru\u00eddos que podem ser causados \u200b\u200bpor vibra\u00e7\u00f5es externas.<\/div>\n<\/div>\n<div class=\"#product-meta-collapse-body\">\n<p>O prato acionado por correia com mudan\u00e7a manual de velocidade \u00e9 acionado por um motor s\u00edncrono CA de n\u00edvel industrial com uma polia de 2 velocidades.\u00a0Com este motor, a velocidade do prato \u00e9 sincronizada com precis\u00e3o com a frequ\u00eancia da linha de alimenta\u00e7\u00e3o CA para fornecer velocidades de rota\u00e7\u00e3o precisas para precis\u00e3o de reprodu\u00e7\u00e3o.<\/p>\n<p>Um amplificador Classe D classificado para 80 watts por canal em 4 ohms ou 50 watts por canal em 8 ohms \u00e9 usado para acionar um par de alto-falantes (vendidos separadamente) que s\u00e3o conectados por meio do painel traseiro postes de liga\u00e7\u00e3o de alto-falante.<\/p>\n<p>Duas v\u00e1lvulas 12AX7 alimentam a se\u00e7\u00e3o principal do pr\u00e9-amplificador, enquanto um pr\u00e9-amplificador phono dedicado separado \u00e9 alojado em uma caixa de blindagem personalizada que evita que interfer\u00eancia ou ru\u00eddo penetrem no sinal de vinil.\u00a0Juntos, o pr\u00e9-amplificador de tubo de v\u00e1cuo e o pr\u00e9-amplificador phono blindado s\u00e3o a escolha perfeita para ajudar a fazer com que seus \u00e1lbuns de vinil tenham o melhor som.<\/p>\n<p>Para combinar a reprodu\u00e7\u00e3o de discos de vinil antigos com m\u00e9todos de reprodu\u00e7\u00e3o modernos, voc\u00ea tamb\u00e9m pode transmitir m\u00fasica para o MTI100 por meio de sua entrada Bluetooth 4.2 de alta defini\u00e7\u00e3o, que garante a recep\u00e7\u00e3o da melhor qualidade de som poss\u00edvel do seu dispositivo Bluetooth.\u00a0Uma antena Bluetooth externa ajuda a obter recep\u00e7\u00e3o e qualidade de sinal ideais.<\/p>\n<p>As entradas de \u00e1udio anal\u00f3gico e digital permitem a conex\u00e3o de fontes externas, como TV, sintonizador ou CD Player.\u00a0Para n\u00e3o ignorar o impacto que as baixas frequ\u00eancias sonoras podem adicionar, uma sa\u00edda de subwoofer tamb\u00e9m est\u00e1 inclu\u00edda.<\/p>\n<p>Finalmente, para audi\u00e7\u00e3o pessoal, o painel frontal inclui um conector de fone de ouvido alimentado pelo amplificador de fone de ouvido High Drive da McIntosh, que apresenta maior ganho e pot\u00eancia de sa\u00edda e \u00e9 otimizado para praticamente todos os tipos de fones de ouvido.<\/p>\n<div class=\"#product-meta-collapse-heading-inner\"><span style=\"font-size: small\"><strong>ESPECIFICA\u00c7\u00d5ES<\/strong><\/span><\/div>\n<div class=\"#product-meta-collapse-body\">\n<ul>\n<li>Velocidades de reprodu\u00e7\u00e3o: 33-1\/3 e 45 rpm<\/li>\n<li>Tipo de motor: \u00cdm\u00e3 permanente AC s\u00edncrono<\/li>\n<li>Controle de velocidade: mudan\u00e7a manual de velocidade atrav\u00e9s de uma polia de 2 velocidades<\/li>\n<li>Prato: Alum\u00ednio<\/li>\n<li>Rolamento de prato: Rolamento em banho de \u00f3leo com disco axial de polieteretercetona (PEEK) de alto desempenho e buchas de lat\u00e3o usinadas impregnadas de grafite<\/li>\n<li>Rolamento do bra\u00e7o: Rolamento tipo lateral<\/li>\n<li>Tubo do bra\u00e7o Tonearm: Alum\u00ednio usinado amortecido<\/li>\n<li>Contrapeso do bra\u00e7o: conc\u00eantrico<\/li>\n<li>Ajustes do bra\u00e7o: Nenhum<\/li>\n<li>Sa\u00eddas est\u00e9reo n\u00e3o balanceadas: 1 (em ponte para AMP IN)<\/li>\n<li>Entradas est\u00e9reo n\u00e3o balanceadas: 1<\/li>\n<li>Entrada coaxial digital: 1<\/li>\n<li>Entrada \u00f3ptica digital: 1<\/li>\n<li>Sa\u00edda do subwoofer: 1<\/li>\n<li>Entrada sem fio: Bluetooth 4.2 de alta defini\u00e7\u00e3o<\/li>\n<li>Sa\u00edda de pot\u00eancia por canal: 50 Watts em 8 Ohms \/ 80 Watts em 4 Ohms<\/li>\n<li>N\u00famero de canais: 2<\/li>\n<li>Imped\u00e2ncia do alto-falante: 4 ou 8 Ohms<\/li>\n<li>Faixa de pot\u00eancia nominal: 20 Hz a 20 kHz<\/li>\n<li>Distor\u00e7\u00e3o Harm\u00f4nica Total: 0,5% (Amplificador) \/ 0,2% (Pr\u00e9-amplificador)<\/li>\n<li>Headroom din\u00e2mico: 1,0dB (8 Ohms) \/ 1,3dB (4 Ohms)<\/li>\n<li>Rela\u00e7\u00e3o sinal-ru\u00eddo (\u00edm\u00e3 m\u00f3vel): 75dB<\/li>\n<li>Rela\u00e7\u00e3o sinal-ru\u00eddo (alto n\u00edvel): 90dB<\/li>\n<li>Fator de amortecimento: 8 Ohms: &gt;200\/4 Ohms: &gt;100<\/li>\n<li>Sa\u00edda m\u00e1xima (balanceada\/desbalanceada): 9V n\u00e3o balanceada<\/li>\n<li>Dimens\u00f5es (L x A x P): 19-1\/4\u201d (48,9cm) x 6-3\/4\u201d (17,15cm) x 14\u201d (35,6cm)<\/li>\n<li>Peso: 33,5 libras (15,2 kg)<\/li>\n<\/ul>\n<\/div>\n<\/div>\n<\/div>\n","protected":false},"excerpt":{"rendered":"<p>\u00c0 primeira vista, o toca-discos integrado McIntosh MTI100 pode parecer apenas um toca-discos, mas um olhar mais atento revelar\u00e1 que na verdade \u00e9 muito mais. Verdadeiramente um produto \u00fanico, foi concebido para aqueles que pretendem a m\u00e1xima flexibilidade no seu sistema de \u00e1udio dom\u00e9stico, mas n\u00e3o querem \u2013 ou n\u00e3o t\u00eam espa\u00e7o para \u2013 um [&hellip;]<\/p>\n","protected":false},"featured_media":5348,"template":"","meta":{"_acf_changed":false},"product_brand":[],"product_cat":[27,78,51,39,98],"product_tag":[],"class_list":{"0":"post-5345","1":"product","2":"type-product","3":"status-publish","4":"has-post-thumbnail","6":"product_cat-amplificador","7":"product_cat-analogico-audio","8":"product_cat-integrado","9":"product_cat-mcintosh","10":"product_cat-toca-discos","12":"first","13":"instock","14":"sold-individually","15":"shipping-taxable","16":"purchasable","17":"product-type-simple"},"acf":[],"aioseo_notices":[],"_links":{"self":[{"href":"https:\/\/hificlub.com.br\/loja\/wp-json\/wp\/v2\/product\/5345","targetHints":{"allow":["GET"]}}],"collection":[{"href":"https:\/\/hificlub.com.br\/loja\/wp-json\/wp\/v2\/product"}],"about":[{"href":"https:\/\/hificlub.com.br\/loja\/wp-json\/wp\/v2\/types\/product"}],"wp:featuredmedia":[{"embeddable":true,"href":"https:\/\/hificlub.com.br\/loja\/wp-json\/wp\/v2\/media\/5348"}],"wp:attachment":[{"href":"https:\/\/hificlub.com.br\/loja\/wp-json\/wp\/v2\/media?parent=5345"}],"wp:term":[{"taxonomy":"product_brand","embeddable":true,"href":"https:\/\/hificlub.com.br\/loja\/wp-json\/wp\/v2\/product_brand?post=5345"},{"taxonomy":"product_cat","embeddable":true,"href":"https:\/\/hificlub.com.br\/loja\/wp-json\/wp\/v2\/product_cat?post=5345"},{"taxonomy":"product_tag","embeddable":true,"href":"https:\/\/hificlub.com.br\/loja\/wp-json\/wp\/v2\/product_tag?post=5345"}],"curies":[{"name":"wp","href":"https:\/\/api.w.org\/{rel}","templated":true}]}}