{"id":5332,"date":"2023-11-24T16:49:23","date_gmt":"2023-11-24T19:49:23","guid":{"rendered":"https:\/\/hificlub.com.br\/loja2\/?post_type=product&#038;p=5332"},"modified":"2026-03-03T22:20:27","modified_gmt":"2026-03-04T01:20:27","slug":"project-essential-iii-c-ortofon-om10-piano-black","status":"publish","type":"product","link":"https:\/\/hificlub.com.br\/loja\/produto\/project-essential-iii-c-ortofon-om10-piano-black\/","title":{"rendered":"PROJECT ESSENTIAL III  com Ortofon OM10 Piano Black"},"content":{"rendered":"<p>COR: BLACK<br \/>\nCONDI\u00c7\u00c3O: NOVO<br \/>\nAcompanha C\u00e1psula Ortofon OM10<\/p>\n<div><strong>DESCRI\u00c7\u00c3O<\/strong><\/div>\n<div><\/div>\n<div>Essential III \u00e9 um cl\u00e1ssico moderno que oferece excelente som a um pre\u00e7o muito atraente! Apresentando pe\u00e7as premium como uma polia de acionamento de alum\u00ednio com corte de diamante, um pedestal e prato de MDF de baixa resson\u00e2ncia e um rolamento principal de alta precis\u00e3o, ele oferece um som animado e altamente envolvente que impressionar\u00e1 todos os amantes do vinil.<\/div>\n<div><\/div>\n<div>Recursos<\/div>\n<div>Correia de transmiss\u00e3o com motor s\u00edncrono e correia de silicone<\/div>\n<div>Polia de acionamento de alum\u00ednio com corte de diamante<\/div>\n<div>Chassi e prato feito de MDF de absor\u00e7\u00e3o de resson\u00e2ncia<\/div>\n<div>O controle integrado do motor alimentado por CC minimiza a vibra\u00e7\u00e3o do motor e garante estabilidade de velocidade<\/div>\n<div>Rolamento de prato de baixa toler\u00e2ncia com eixo de a\u00e7o inoxid\u00e1vel<\/div>\n<div>Bra\u00e7o de alum\u00ednio de 8,6 &#8220;com rolamentos de safira<\/div>\n<div>Cartucho Ortofon OM10 pr\u00e9-montado<\/div>\n<div>Banhado a ouro semi-balanceado de alta qualidade Connect it E phono interconnect<\/div>\n<div>P\u00e9s de desacoplamento especiais<\/div>\n<div>Capa protetora contra poeira inclu\u00edda<\/div>\n<div>Op\u00e7\u00f5es de cores de alto brilho: preto, vermelho, branco<\/div>\n<div>Feito \u00e0 m\u00e3o na Europa<\/div>\n<div><\/div>\n<div>Especifica\u00e7\u00f5es<\/div>\n<div>Velocidades nominais: 33\/45 rpm<\/div>\n<div>Varia\u00e7\u00e3o de velocidade 33: \u00b1 0,70%, 45: \u00b1 0,60%<\/div>\n<div>Uau e flutter 33: \u00b1 0,21%, 45: \u00b1 0,19%<\/div>\n<div>Sinal para ru\u00eddo: 66dB<\/div>\n<div>Massa efetiva do bra\u00e7o: 8,0g<\/div>\n<div>Comprimento efetivo do bra\u00e7o: 8,6 \u2033 (218,5 mm)<\/div>\n<div>Sali\u00eancia: 22,0 mm<\/div>\n<div>Consumo de energia: 4,5W<\/div>\n<div>Fonte de alimenta\u00e7\u00e3o externa: 15V \/ 500mA DC, adequada para a rede el\u00e9trica do seu pa\u00eds<\/div>\n<div><\/div>\n<div>INFORMA\u00c7\u00d5ES ADICIONAIS<\/div>\n<div>Peso5 kg<\/div>\n<div>Dimens\u00f5es33,5 \u00d7 41,5 \u00d7 11,2 cm<\/div>\n","protected":false},"excerpt":{"rendered":"<p>COR: BLACK CONDI\u00c7\u00c3O: NOVO Acompanha C\u00e1psula Ortofon OM10 DESCRI\u00c7\u00c3O Essential III \u00e9 um cl\u00e1ssico moderno que oferece excelente som a um pre\u00e7o muito atraente! Apresentando pe\u00e7as premium como uma polia de acionamento de alum\u00ednio com corte de diamante, um pedestal e prato de MDF de baixa resson\u00e2ncia e um rolamento principal de alta precis\u00e3o, ele [&hellip;]<\/p>\n","protected":false},"featured_media":5333,"template":"","meta":{"_acf_changed":false},"product_brand":[],"product_cat":[78,241,98],"product_tag":[],"class_list":{"0":"post-5332","1":"product","2":"type-product","3":"status-publish","4":"has-post-thumbnail","6":"product_cat-analogico-audio","7":"product_cat-project","8":"product_cat-toca-discos","10":"first","11":"instock","12":"sold-individually","13":"shipping-taxable","14":"purchasable","15":"product-type-simple"},"acf":[],"aioseo_notices":[],"_links":{"self":[{"href":"https:\/\/hificlub.com.br\/loja\/wp-json\/wp\/v2\/product\/5332","targetHints":{"allow":["GET"]}}],"collection":[{"href":"https:\/\/hificlub.com.br\/loja\/wp-json\/wp\/v2\/product"}],"about":[{"href":"https:\/\/hificlub.com.br\/loja\/wp-json\/wp\/v2\/types\/product"}],"wp:featuredmedia":[{"embeddable":true,"href":"https:\/\/hificlub.com.br\/loja\/wp-json\/wp\/v2\/media\/5333"}],"wp:attachment":[{"href":"https:\/\/hificlub.com.br\/loja\/wp-json\/wp\/v2\/media?parent=5332"}],"wp:term":[{"taxonomy":"product_brand","embeddable":true,"href":"https:\/\/hificlub.com.br\/loja\/wp-json\/wp\/v2\/product_brand?post=5332"},{"taxonomy":"product_cat","embeddable":true,"href":"https:\/\/hificlub.com.br\/loja\/wp-json\/wp\/v2\/product_cat?post=5332"},{"taxonomy":"product_tag","embeddable":true,"href":"https:\/\/hificlub.com.br\/loja\/wp-json\/wp\/v2\/product_tag?post=5332"}],"curies":[{"name":"wp","href":"https:\/\/api.w.org\/{rel}","templated":true}]}}