{"id":5325,"date":"2023-11-24T16:21:40","date_gmt":"2023-11-24T19:21:40","guid":{"rendered":"https:\/\/hificlub.com.br\/loja2\/?post_type=product&#038;p=5325"},"modified":"2026-03-13T07:46:17","modified_gmt":"2026-03-13T10:46:17","slug":"hegel-viking-reference-cd-player","status":"publish","type":"product","link":"https:\/\/hificlub.com.br\/loja\/produto\/hegel-viking-reference-cd-player\/","title":{"rendered":"HEGEL VIKING Reference Bit-Perfect CD Player"},"content":{"rendered":"<p>HEGEL VIKING REFERENCE CD PLAYER<\/p>\n<p>Em um mundo cheio de op\u00e7\u00f5es para baixar m\u00fasicas, formatos de som, m\u00e9todos de compacta\u00e7\u00e3o e servi\u00e7os de streaming, colocar alguma m\u00fasica pode parecer cansativo.\u00a0O que deveria ser f\u00e1cil e agrad\u00e1vel, de repente se torna complexo e estressante.\u00a0Tocar um CD no Viking n\u00e3o \u00e9.\u00a0\u00c9 apenas alegria.\u00a0Viking \u00e9 um verdadeiro reprodutor de CD 16\/44.1 nativo desenvolvido desde o in\u00edcio para desempenho ideal em CDs padr\u00e3o (Redbook).\u00a0Ele foi projetado para oferecer a reprodu\u00e7\u00e3o de som mais fiel poss\u00edvel, otimizando seus componentes para fornecer uma sa\u00edda de alta qualidade fiel \u00e0 grava\u00e7\u00e3o original.<\/p>\n<p>Chamamos o nosso leitor de CD de Viking porque, tal como os nossos antigos antepassados \u200b\u200bn\u00f3rdicos, estamos a melhorar a tecnologia existente.\u00a0Quando a era Viking come\u00e7ou, os barcos j\u00e1 existiam h\u00e1 milhares de anos.\u00a0O que os Vikings fizeram foi aperfei\u00e7oar o design.\u00a0Seus escaleres podiam n\u00e3o apenas navegar perto da costa, mas tamb\u00e9m atravessar os oceanos abertos.\u00a0As melhorias que fizeram levaram os vikings a novas terras e at\u00e9 mesmo a novos continentes.\u00a0A tecnologia do CD pode ser antiga, mas acreditamos que, quando aperfei\u00e7oada, ainda ser\u00e1 o melhor meio digital dispon\u00edvel.<\/p>\n<p>\u00c0 primeira vista, o Viking pode parecer simples, mas com a simplicidade vem a excel\u00eancia.\u00a0Como a Viking se concentra exclusivamente na reprodu\u00e7\u00e3o de CDs Redbook, ela pode atingir n\u00edveis de fidelidade sem precedentes.\u00a0Fazendo apenas uma coisa, n\u00e3o h\u00e1 compensa\u00e7\u00f5es.\u00a0O Viking consiste apenas em componentes de alta qualidade projetados especificamente para a tarefa, e isso faz com que este CD player tenha um som verdadeiramente surpreendente.<\/p>\n<p>A Viking usa um laser dedicado e uma unidade de CD para garantir a leitura ideal dos dados.\u00a0Tamb\u00e9m \u00e9 equipado com um DAC de \u00faltima gera\u00e7\u00e3o que oferece convers\u00e3o digital para anal\u00f3gico de alta qualidade com distor\u00e7\u00e3o m\u00ednima, possibilitando ouvir todas as nuances e sutilezas da m\u00fasica.\u00a0O Viking n\u00e3o aumenta a resolu\u00e7\u00e3o ou altera o sinal de forma alguma.\u00a0Porque ao deixar o sinal como est\u00e1 no disco, o j\u00e1 excelente DAC \u00e9 otimizado para ter o melhor desempenho poss\u00edvel.<\/p>\n<p>O drive e o DAC s\u00e3o controlados diretamente pelo nosso sistema exclusivo de rel\u00f3gio Master, garantindo um sincronismo perfeito entre os dois.\u00a0Usando um cristal de quartzo com ru\u00eddo de fase muito baixo e nossa tecnologia patenteada SoundEngine, o rel\u00f3gio discreto projetado por Hegel no Viking reduz o jitter a um m\u00ednimo absoluto.\u00a0O CD player Viking tamb\u00e9m possui um display OLED selecionado especificamente por seu baixo ru\u00eddo, resultando em um som mais n\u00edtido e detalhado.\u00a0O est\u00e1gio anal\u00f3gico no Viking foi desenvolvido especificamente para este modelo.\u00a0Ele incorpora nosso filtro passa-baixo anal\u00f3gico e tecnologia Line Driver, garantindo um manuseio totalmente equilibrado e sem ru\u00eddo do sinal at\u00e9 o seu amplificador.<\/p>\n<p>Uma das caracter\u00edsticas mais not\u00e1veis \u200b\u200bdo CD player Viking \u00e9 o design do gabinete.\u00a0O design elegante do Viking combina com o P30A e o H30A para uma apar\u00eancia moderna e coesa.\u00a0Mas as escolhas de design n\u00e3o s\u00e3o apenas est\u00e9ticas.\u00a0Um slot de drive muito confi\u00e1vel e uma constru\u00e7\u00e3o s\u00f3lida e bem projetada significam que este player durar\u00e1 anos e anos.\u00a0O CD player Viking possui um par de sa\u00eddas XLR balanceadas, um par de sa\u00eddas RCA n\u00e3o balanceadas e uma sa\u00edda digital BNC verdadeira de 75 Ohm, tornando-o f\u00e1cil de operar e integrar em qualquer sistema de \u00e1udio.\u00a0O player tamb\u00e9m possui um recurso de espera autom\u00e1tica para maior conveni\u00eancia e vem com o controle remoto RC8 de alum\u00ednio s\u00f3lido da Hegel, que tamb\u00e9m pode controlar todos os outros produtos Hegel.<\/p>\n<div class=\"feature-chart__table-row\">\n<div class=\"feature-chart__heading bold\">Caracter\u00edsticas<\/div>\n<div class=\"feature-chart__value prose text-subdued\">\n<p><span class=\"metafield-multi_line_text_field\">&#8211; Dispon\u00edvel em acabamento Satin Black<br \/>\n&#8211; Sa\u00eddas de n\u00edvel de linha RCA e balanceadas (XLR)<br \/>\n&#8211; Tens\u00e3o de sa\u00edda anal\u00f3gica: 2, 5V RMS<br \/>\n&#8211; Respostas de frequ\u00eancia: 0Hz &#8211; 22 kHz<br \/>\n&#8211; Auto Standby (configur\u00e1vel)<br \/>\n&#8211; SoundEngine, Master Clock, Line Driver, Synchro DAC<br \/>\n&#8211; Controle remoto de alum\u00ednio RC8 inclu\u00eddo<\/span><\/p>\n<\/div>\n<\/div>\n<div class=\"feature-chart__table-row\">\n<div class=\"feature-chart__heading bold\">Peso e Dimens\u00f5es<\/div>\n<div class=\"feature-chart__value prose text-subdued\">\n<p><span class=\"metafield-multi_line_text_field\">Peso<br \/>\n7,3 kg<br \/>\n16,1 libras<\/span><\/p>\n<p>AXLXP<br \/>\n99 x 430 x 305 mm<br \/>\n3,54 x 17 x 12 pol.<\/p>\n<\/div>\n<\/div>\n","protected":false},"excerpt":{"rendered":"<p>HEGEL VIKING REFERENCE CD PLAYER Em um mundo cheio de op\u00e7\u00f5es para baixar m\u00fasicas, formatos de som, m\u00e9todos de compacta\u00e7\u00e3o e servi\u00e7os de streaming, colocar alguma m\u00fasica pode parecer cansativo.\u00a0O que deveria ser f\u00e1cil e agrad\u00e1vel, de repente se torna complexo e estressante.\u00a0Tocar um CD no Viking n\u00e3o \u00e9.\u00a0\u00c9 apenas alegria.\u00a0Viking \u00e9 um verdadeiro reprodutor [&hellip;]<\/p>\n","protected":false},"featured_media":17545,"template":"","meta":{"_acf_changed":false},"product_brand":[],"product_cat":[42,41,93],"product_tag":[],"class_list":{"0":"post-5325","1":"product","2":"type-product","3":"status-publish","4":"has-post-thumbnail","6":"product_cat-cd-players","7":"product_cat-digital","8":"product_cat-hegel","10":"first","11":"instock","12":"sold-individually","13":"shipping-taxable","14":"purchasable","15":"product-type-simple"},"acf":[],"aioseo_notices":[],"_links":{"self":[{"href":"https:\/\/hificlub.com.br\/loja\/wp-json\/wp\/v2\/product\/5325","targetHints":{"allow":["GET"]}}],"collection":[{"href":"https:\/\/hificlub.com.br\/loja\/wp-json\/wp\/v2\/product"}],"about":[{"href":"https:\/\/hificlub.com.br\/loja\/wp-json\/wp\/v2\/types\/product"}],"wp:featuredmedia":[{"embeddable":true,"href":"https:\/\/hificlub.com.br\/loja\/wp-json\/wp\/v2\/media\/17545"}],"wp:attachment":[{"href":"https:\/\/hificlub.com.br\/loja\/wp-json\/wp\/v2\/media?parent=5325"}],"wp:term":[{"taxonomy":"product_brand","embeddable":true,"href":"https:\/\/hificlub.com.br\/loja\/wp-json\/wp\/v2\/product_brand?post=5325"},{"taxonomy":"product_cat","embeddable":true,"href":"https:\/\/hificlub.com.br\/loja\/wp-json\/wp\/v2\/product_cat?post=5325"},{"taxonomy":"product_tag","embeddable":true,"href":"https:\/\/hificlub.com.br\/loja\/wp-json\/wp\/v2\/product_tag?post=5325"}],"curies":[{"name":"wp","href":"https:\/\/api.w.org\/{rel}","templated":true}]}}