{"id":5294,"date":"2023-11-24T15:12:16","date_gmt":"2023-11-24T18:12:16","guid":{"rendered":"https:\/\/hificlub.com.br\/loja2\/?post_type=product&#038;p=5294"},"modified":"2026-03-03T22:20:28","modified_gmt":"2026-03-04T01:20:28","slug":"accuphase-c-3900-full-balanced-dual-mono","status":"publish","type":"product","link":"https:\/\/hificlub.com.br\/loja\/produto\/accuphase-c-3900-full-balanced-dual-mono\/","title":{"rendered":"ACCUPHASE C-3900 Full Balanced Dual Mono"},"content":{"rendered":"<p>Para comemorar o 50\u00ba anivers\u00e1rio da funda\u00e7\u00e3o da Accuphase, foi iniciado o desenvolvimento de um novo modelo emblem\u00e1tico para incorporar toda a riqueza da experi\u00eancia da empresa.\u00a0Agora, depois de cinco anos, o trabalho est\u00e1 conclu\u00eddo.\u00a0O C-3900 representa uma harmonia intransigente entre tecnologia e sensibilidade, apresentando o melhor desempenho e qualidade de som que inaugura uma nova era do pr\u00e9-amplificador.<\/p>\n<p>O design Dual Balanced AAVA com dois circuitos AAVA balanceados oferece excel\u00eancia sonora que \u00e9 a pr\u00f3pria transpar\u00eancia.\u00a0O ajuste de volume \u00e9 realizado mantendo toda a energia vibrante e riqueza de detalhes que d\u00e3o vida a uma performance art\u00edstica.\u00a0A eleg\u00e2ncia flex\u00edvel da m\u00fasica reproduzida pelo C-3900 topo de linha \u00e9 uma experi\u00eancia comovente que reflete a impressionante profundidade do know-how da Accuphase.<\/p>\n<p>O C-3900 apresenta uma vers\u00e3o mais evolu\u00edda deste princ\u00edpio, chamada &#8220;Balanced AAVA&#8221;, com dois circuitos AAVA acionados em uma configura\u00e7\u00e3o paralela balanceada.\u00a0AAVA n\u00e3o &#8220;diminui&#8221; o volume no sentido comum.\u00a0Em vez disso, ele alterna uma combina\u00e7\u00e3o de amplificadores VI conforme necess\u00e1rio para alterar diretamente o ganho do amplificador e, assim, atingir o volume desejado.\u00a0Esta abordagem revolucion\u00e1ria elimina altera\u00e7\u00f5es de imped\u00e2ncia, bem como efeitos adversos de ru\u00eddo e outros fatores.<\/p>\n<p>Todo o caminho para todos os sinais, desde os conectores de entrada at\u00e9 as sa\u00eddas, \u00e9 totalmente balanceado e a pureza do sinal \u00e9 ainda mais elevada pelo uso de pe\u00e7as e materiais da mais alta qualidade, garantindo caracter\u00edsticas el\u00e9tricas e excel\u00eancia sonora do mais alto n\u00edvel.\u00a0Com o uso ilimitado de recursos e a realiza\u00e7\u00e3o ousada do mais recente design de circuito, o C-3900 \u00e9 um pr\u00e9-amplificador anal\u00f3gico que redefine o estado da arte e aponta o caminho para o futuro.<\/p>\n<p>Girar o bot\u00e3o de volume no painel frontal faz com que a posi\u00e7\u00e3o real do n\u00edvel de volume seja detectada.\u00a0O sinal correspondente \u00e9 enviado para uma CPU que por sua vez controla as chaves de corrente e, portanto, o ganho do circuito AAVA.\u00a0O bot\u00e3o de tamanho grande extrudado a partir de um bloco de alum\u00ednio s\u00f3lido e montado em um eixo de grande di\u00e2metro tem exatamente a quantidade certa de in\u00e9rcia.\u00a0Juntamente com o mecanismo interno de baixo atrito, isto proporciona uma sensa\u00e7\u00e3o de opera\u00e7\u00e3o suave e sedosa e tamb\u00e9m permite uma opera\u00e7\u00e3o motorizada extremamente silenciosa.<\/p>\n<ul>\n<li>Controle de volume AAVA balanceado duplo<\/li>\n<li>Amplificador de entrada tipo feedback de corrente discreta de alto ganho<\/li>\n<li>A tecnologia ANCC minimiza ru\u00eddo e distor\u00e7\u00e3o<\/li>\n<li>Constru\u00e7\u00e3o de sensor de volume recentemente desenvolvida<\/li>\n<li>Transformadores de pot\u00eancia toroidais separados para esquerda e direita<\/li>\n<li>Capacitores de filtragem recentemente desenvolvidos<\/li>\n<li>Amplificadores de unidade separados para esquerda e direita<\/li>\n<li>Placas de circuito impresso usando resina de fluorocarbono de tecido de vidro<\/li>\n<li>Arm\u00e1rio de madeira com acabamento em gr\u00e3o natural<\/li>\n<li>Amplificador de fone de ouvido de alto desempenho<\/li>\n<\/ul>\n<p>Especifica\u00e7\u00f5es<\/p>\n<p>Resposta de frequ\u00eancia: ENTRADA BALANCEADA\/LINHA, 3 &#8211; 200.000 Hz +0 -3,0 dB, 20 &#8211; 20.000 Hz +0 -0,2 dB<\/p>\n<p>Distor\u00e7\u00e3o Harm\u00f4nica Total (para todas as entradas): 0,005%<\/p>\n<p>Sensibilidade de entrada: BALANCEADO 252mV, 0,5V Sa\u00edda 63mV.\u00a0LINHA 252mV, 05.V Sa\u00edda 63mV<\/p>\n<p>Imped\u00e2ncia de entrada: BALANCEADA 40 quilohms.\u00a0LINHA 20 quilohms<\/p>\n<p>Tens\u00e3o nominal de sa\u00edda, imped\u00e2ncia de sa\u00edda: SA\u00cdDA BALANCEADA\/LINHA 2 V 50 ohms<\/p>\n<p>Rela\u00e7\u00e3o S\/N, ru\u00eddo convertido de entrada (seletor de ganho: 18 dB): BALANCEADO 118 dB, rela\u00e7\u00e3o S\/N (EIA) 112 dB.\u00a0LINHA 118 dB, rela\u00e7\u00e3o sinal\/ru\u00eddo (EIA) 112 dB<\/p>\n<p>N\u00edvel m\u00e1ximo de sa\u00edda (0,005% THD, 20 &#8211; 20.000 Hz): BALANCED\/LINE OUTPUT: 7,0 V, RECORDER REC (com entrada AD): 6,0 V LINE<\/p>\n<p>N\u00edvel m\u00e1ximo de entrada: BALANCEADO 6,0 V, LINHA 6,0 V<\/p>\n<p>Imped\u00e2ncia de carga m\u00ednima: BALANCED\/LINE OUTPUT: 600 ohms, RECORDER REC: 10 kilohms<\/p>\n<p>Ganho: (seletor de ganho: 18 dB)\uff0aGanho comut\u00e1vel para 12\/18\/24 dB: ENTRADA BALANCEADA \u2192 SA\u00cdDA BALANCEADA: 18 dB, ENTRADA BALANCEADA \u2192 SA\u00cdDA DE LINHA: 18 dB, ENTRADA DE LINHA \u2192 SA\u00cdDA BALANCEADA: 18 dB, ENTRADA DE LINHA \u2192 SA\u00cdDA DE LINHA: 18 dB<\/p>\n<p>Compensa\u00e7\u00e3o de Loudness: 1: +2 dB (100 Hz), 2: +4 dB (100 Hz), 3: +6,5 dB (100 Hz)<\/p>\n<p>Atenuador: -20 dB<\/p>\n<p>Conector de fone de ouvido: Imped\u00e2ncia adequada: 8 ohms ou superior, N\u00edvel de sa\u00edda: 2 V (40 ohms)<\/p>\n<p>Requisitos de energia: 120 V\/220 V\/230 V CA, 50\/60 Hz (tens\u00e3o conforme indicado no painel traseiro)<\/p>\n<p>Consumo de energia: 47W<\/p>\n<p>Dimens\u00f5es M\u00e1ximas: Largura 477 mm, Altura 156 mm, Profundidade 412 mm<\/p>\n<p>Massa: 24,6 kg, 32,0 kg na caixa de transporte<\/p>\n","protected":false},"excerpt":{"rendered":"<p>Para comemorar o 50\u00ba anivers\u00e1rio da funda\u00e7\u00e3o da Accuphase, foi iniciado o desenvolvimento de um novo modelo emblem\u00e1tico para incorporar toda a riqueza da experi\u00eancia da empresa.\u00a0Agora, depois de cinco anos, o trabalho est\u00e1 conclu\u00eddo.\u00a0O C-3900 representa uma harmonia intransigente entre tecnologia e sensibilidade, apresentando o melhor desempenho e qualidade de som que inaugura uma [&hellip;]<\/p>\n","protected":false},"featured_media":5295,"template":"","meta":{"_acf_changed":false},"product_brand":[],"product_cat":[229,38],"product_tag":[],"class_list":{"0":"post-5294","1":"product","2":"type-product","3":"status-publish","4":"has-post-thumbnail","6":"product_cat-accuphase","7":"product_cat-pre-amplificador","9":"first","10":"instock","11":"sold-individually","12":"shipping-taxable","13":"product-type-simple"},"acf":[],"aioseo_notices":[],"_links":{"self":[{"href":"https:\/\/hificlub.com.br\/loja\/wp-json\/wp\/v2\/product\/5294","targetHints":{"allow":["GET"]}}],"collection":[{"href":"https:\/\/hificlub.com.br\/loja\/wp-json\/wp\/v2\/product"}],"about":[{"href":"https:\/\/hificlub.com.br\/loja\/wp-json\/wp\/v2\/types\/product"}],"wp:featuredmedia":[{"embeddable":true,"href":"https:\/\/hificlub.com.br\/loja\/wp-json\/wp\/v2\/media\/5295"}],"wp:attachment":[{"href":"https:\/\/hificlub.com.br\/loja\/wp-json\/wp\/v2\/media?parent=5294"}],"wp:term":[{"taxonomy":"product_brand","embeddable":true,"href":"https:\/\/hificlub.com.br\/loja\/wp-json\/wp\/v2\/product_brand?post=5294"},{"taxonomy":"product_cat","embeddable":true,"href":"https:\/\/hificlub.com.br\/loja\/wp-json\/wp\/v2\/product_cat?post=5294"},{"taxonomy":"product_tag","embeddable":true,"href":"https:\/\/hificlub.com.br\/loja\/wp-json\/wp\/v2\/product_tag?post=5294"}],"curies":[{"name":"wp","href":"https:\/\/api.w.org\/{rel}","templated":true}]}}