{"id":5289,"date":"2023-11-24T14:45:50","date_gmt":"2023-11-24T17:45:50","guid":{"rendered":"https:\/\/hificlub.com.br\/loja2\/?post_type=product&#038;p=5289"},"modified":"2026-04-08T04:42:05","modified_gmt":"2026-04-08T07:42:05","slug":"accuphase-c-2900","status":"publish","type":"product","link":"https:\/\/hificlub.com.br\/loja\/produto\/accuphase-c-2900\/","title":{"rendered":"ACCUPHASE C-2900"},"content":{"rendered":"<p>ACCUPHASE C-2900<\/p>\n<p>O controle de volume do pr\u00e9-amplificador \u00e9 um componente vital para manter a vibra\u00e7\u00e3o na fonte de som.<br \/>\nDesde a sua funda\u00e7\u00e3o, a Accuphase passou 50 anos em busca da cria\u00e7\u00e3o do circuito de controle de volume ideal.<br \/>\nO sistema Balanced AAVA do C-2900 foi projetado usando os circuitos de controle de volume AAVA originais da Accuphase para melhorar significativamente o desempenho sonoro.\u00a0A reprodu\u00e7\u00e3o fiel de delicadas apresenta\u00e7\u00f5es musicais<br \/>\npelo C-2900 o torna o pr\u00e9-amplificador perfeito para audi\u00f3filos apaixonados.<\/p>\n<ul>\n<li>Controle de volume AAVA balanceado<\/li>\n<li>Rel\u00e9s controlados por l\u00f3gica para comuta\u00e7\u00e3o de sinal garantem alta qualidade de som e confiabilidade de longo prazo<\/li>\n<li>Placas de circuito impresso para transmiss\u00e3o de sinal usam resina de fluorocarbono de tecido de vidro com baixa constante diel\u00e9trica e perda m\u00ednima, juntamente com revestimento de ouro em superf\u00edcies de folha de cobre<\/li>\n<li>Circuitos de alimenta\u00e7\u00e3o com transformadores toroidais separados e capacitores de filtragem (10.000 \u03bcF \u00d7 4 pcs) para a esquerda e direita<\/li>\n<li>Constru\u00e7\u00e3o de sensor de volume rec\u00e9m-desenvolvida para uma sensa\u00e7\u00e3o de opera\u00e7\u00e3o silenciosa e suave<\/li>\n<li>Arranjo vers\u00e1til de entradas e sa\u00eddas (cinco entradas de n\u00edvel de linha, duas entradas balanceadas, duas sa\u00eddas de n\u00edvel de linha e duas sa\u00eddas balanceadas)<\/li>\n<li>Conectores de entrada e sa\u00edda de n\u00edvel de linha para um gravador<\/li>\n<li>N\u00edvel de linha e entradas EXT PRE balanceadas para conex\u00e3o de um pr\u00e9-amplificador externo<\/li>\n<li>Configura\u00e7\u00e3o de fase individual para cada entrada<\/li>\n<li>Ganho geral selecion\u00e1vel (12 dB \/ 18 dB \/ 24 dB)<\/li>\n<li>Controle de equil\u00edbrio esquerdo\/direito atrav\u00e9s do Balanced AAVA<\/li>\n<li>O sinal est\u00e9reo pode ser mudado para opera\u00e7\u00e3o monof\u00f4nica<\/li>\n<li>Atenuador de volume para reduzir instantaneamente o som para at\u00e9 -20 dB<\/li>\n<li>Compensador de volume para corrigir o equil\u00edbrio espectral percebido<\/li>\n<li>Entrada informativa e f\u00e1cil de ler e exibi\u00e7\u00e3o de n\u00edvel de volume com chave liga \/ desliga<\/li>\n<li>Amplificador de headphone de alta qualidade, discretamente configurado, com est\u00e1gios de sa\u00edda push\/pull paralelos<\/li>\n<li>Filtro subs\u00f4nico que corta o ru\u00eddo de frequ\u00eancia ultrabaixa da distor\u00e7\u00e3o do registro<\/li>\n<li>Caixa em madeira de gr\u00e3o natural com acabamento espelhado trabalhada por artes\u00e3os usando madeira virgem cuidadosamente selecionada<\/li>\n<li>P\u00e9s isoladores de ferro fundido de alto carbono com caracter\u00edsticas de amortecimento superiores<\/li>\n<li>Adicionar o AD-2900 ao C-2900 permite reproduzir discos anal\u00f3gicos.<\/li>\n<li>Fun\u00e7\u00e3o de comuta\u00e7\u00e3o do painel frontal para usar uma unidade de expans\u00e3o do equalizador phono<br \/>\n\u2022 Comuta\u00e7\u00e3o MC\/MM<br \/>\n\u2022 Comuta\u00e7\u00e3o de imped\u00e2ncia de carga MC (10\/30\/100\/200\/300 ohms)<br \/>\n\u2022 Comuta\u00e7\u00e3o de ganho (MM: 34\/40 dB, MC: 64\/70 dB )<\/li>\n<\/ul>\n<p>&nbsp;<\/p>\n<p><span style=\"font-size: small\">Especifica\u00e7\u00f5es<\/span><\/p>\n<p>Resposta de frequ\u00eancia: ENTRADA DE LINHA\/BALANCEADA, 3 &#8211; 200.000 Hz +0 -3,0 dB, 20 &#8211; 20.000 Hz +0 -0,2 dB<\/p>\n<p>Distor\u00e7\u00e3o Harm\u00f4nica Total (para todas as entradas): 0,005%<\/p>\n<p>Sensibilidade de entrada: BALANCEADO 252mV, 0,5V Sa\u00edda 63mV. LINHA 252mV, 05.V Sa\u00edda 63mV<\/p>\n<p>Imped\u00e2ncia de entrada: BALANCEADO 40 kilohms. LINHA 20 kilohms<\/p>\n<p>Tens\u00e3o nominal de sa\u00edda, imped\u00e2ncia de sa\u00edda: BALANCED\/LINE OUTPUT 2 V 50 ohms, RECORDER REC (com entrada AD) 252 mV 200 ohms<\/p>\n<p>Rela\u00e7\u00e3o S\/N, Ru\u00eddo convertido em entrada (seletor de ganho: 18 dB): BALANCEADO 113 dB, Rela\u00e7\u00e3o S\/R (EIA) 110 dB. LINHA 113 dB, rela\u00e7\u00e3o S\/N (EIA) 113 dB<\/p>\n<p>N\u00edvel M\u00e1ximo de Sa\u00edda (0,005% THD, 20 &#8211; 20.000 Hz): BALANCEADO\/SA\u00cdDA DE LINHA: 7,0 V, RECORDER RECORDER (com entrada AD): 6,0 V LINHA<\/p>\n<p>N\u00edvel M\u00e1ximo de Entrada: BALANCEADO\/ENTRADA DE LINHA: 6,0 V<\/p>\n<p>Imped\u00e2ncia M\u00ednima de Carga: BALANCEADO\/SA\u00cdDA DE LINHA: 600 ohms, RECORDER RECORDER: 10 kilohms<\/p>\n<p>Ganho: (seletor de ganho: 18 dB)\uff0aGanho selecion\u00e1vel para 12\/18\/24 dB: ENTRADA BALANCEADA \u2192 SA\u00cdDA BALANCEADA: 18 dB, ENTRADA BALANCEADA \u2192 SA\u00cdDA DE LINHA: 18 dB, ENTRADA DE LINHA \u2192 SA\u00cdDA BALANCEADA: 18 dB, ENTRADA DE LINHA \u2192 SA\u00cdDA DE LINHA: 18 dB<\/p>\n<p>Compensa\u00e7\u00e3o de volume: 1: +2 dB (100 Hz), 2: +4 dB (100 Hz), 3: +6,5 dB (100 Hz)<\/p>\n<p>Atenuador: -20 dB<\/p>\n<p>Conector de fone de ouvido: Imped\u00e2ncia adequada: 8 ohms ou superior, N\u00edvel de sa\u00edda: 2 V (40 ohms)<\/p>\n<p>Filtro subs\u00f4nico: 10 Hz: -18 dB\/oitava<\/p>\n<p>Requisitos de alimenta\u00e7\u00e3o: 230 V CA, 50 Hz (tens\u00e3o indicada no painel traseiro)<\/p>\n<p>Consumo de energia: 31 Watts<\/p>\n<p>Dimens\u00f5es m\u00e1ximas: Largura 477 mm, Altura 156 mm, Profundidade 412 mm<\/p>\n<p>Massa: 24,2 kg, 31,0 kg na caixa de transporte<\/p>\n","protected":false},"excerpt":{"rendered":"<p>ACCUPHASE C-2900 O controle de volume do pr\u00e9-amplificador \u00e9 um componente vital para manter a vibra\u00e7\u00e3o na fonte de som. Desde a sua funda\u00e7\u00e3o, a Accuphase passou 50 anos em busca da cria\u00e7\u00e3o do circuito de controle de volume ideal. O sistema Balanced AAVA do C-2900 foi projetado usando os circuitos de controle de volume [&hellip;]<\/p>\n","protected":false},"featured_media":5293,"template":"","meta":{"_acf_changed":false},"product_brand":[],"product_cat":[229,38],"product_tag":[],"class_list":{"0":"post-5289","1":"product","2":"type-product","3":"status-publish","4":"has-post-thumbnail","6":"product_cat-accuphase","7":"product_cat-pre-amplificador","9":"first","10":"instock","11":"sold-individually","12":"shipping-taxable","13":"purchasable","14":"product-type-simple"},"acf":[],"aioseo_notices":[],"_links":{"self":[{"href":"https:\/\/hificlub.com.br\/loja\/wp-json\/wp\/v2\/product\/5289","targetHints":{"allow":["GET"]}}],"collection":[{"href":"https:\/\/hificlub.com.br\/loja\/wp-json\/wp\/v2\/product"}],"about":[{"href":"https:\/\/hificlub.com.br\/loja\/wp-json\/wp\/v2\/types\/product"}],"wp:featuredmedia":[{"embeddable":true,"href":"https:\/\/hificlub.com.br\/loja\/wp-json\/wp\/v2\/media\/5293"}],"wp:attachment":[{"href":"https:\/\/hificlub.com.br\/loja\/wp-json\/wp\/v2\/media?parent=5289"}],"wp:term":[{"taxonomy":"product_brand","embeddable":true,"href":"https:\/\/hificlub.com.br\/loja\/wp-json\/wp\/v2\/product_brand?post=5289"},{"taxonomy":"product_cat","embeddable":true,"href":"https:\/\/hificlub.com.br\/loja\/wp-json\/wp\/v2\/product_cat?post=5289"},{"taxonomy":"product_tag","embeddable":true,"href":"https:\/\/hificlub.com.br\/loja\/wp-json\/wp\/v2\/product_tag?post=5289"}],"curies":[{"name":"wp","href":"https:\/\/api.w.org\/{rel}","templated":true}]}}