{"id":5285,"date":"2023-11-24T14:30:11","date_gmt":"2023-11-24T17:30:11","guid":{"rendered":"https:\/\/hificlub.com.br\/loja2\/?post_type=product&#038;p=5285"},"modified":"2026-04-22T04:28:21","modified_gmt":"2026-04-22T07:28:21","slug":"krell-phantom-3","status":"publish","type":"product","link":"https:\/\/hificlub.com.br\/loja\/produto\/krell-phantom-3\/","title":{"rendered":"KRELL PHANTOM 3   Preamplificador Full Balanced"},"content":{"rendered":"<p>O Phantom III \u00e9 a pe\u00e7a central perfeita para um sistema digital e anal\u00f3gico de topo.<br \/>\nO pr\u00e9 amplificador Phantom \u00e9 um projeto duplo mono, em que os canais direito e esquerdo usufruem de fontes de alimenta\u00e7\u00e3o pr\u00f3prias, bem como placas de circuito individuais.<\/p>\n<p>O Phantom III \u00e9 o primeiro pr\u00e9 amplificador Krell a incluir, tanto uma entrada digital opcional, como uma sa\u00edda para auscultadores. O m\u00f3dulo digital apresenta entradas do tipo AES\/EBU, coaxial e \u00f3ptica para utiliza\u00e7\u00e3o com dispositivos de streaming, ou outras fontes digitais.<\/p>\n<p>A totalidade do ganho de sinal \u00e9 efetuada atrav\u00e9s de dispositivos do tipo &#8220;Surface Mount\u201d, com quase 500 vezes mais linearidade do que outros tipos. Com uma banda passante de 700 kHz e zero feedback, o Krell Phantom III \u00e9 balanceado e incorpora a tecnologia Krell Current Mode, a qual partilha a mesma filosofia do seu irm\u00e3o maior e de topo, o Phantom. N\u00e3o \u00e9 utilizada qualquer realimenta\u00e7\u00e3o negativa no pr\u00e9 amplificador, nem \u00e9 necess\u00e1ria.<\/p>\n<p>A distor\u00e7\u00e3o \u00e9 tipicamente inferior a 0.003%. O controlo de volume \u00e9 feito atrav\u00e9s de resist\u00eancias sequenciais, pelo que, quer a banda passante, quer a resposta aos transit\u00f3rios do pr\u00e9 amplificador s\u00e3o virtualmente imunes \u00e0 posi\u00e7\u00e3o do n\u00edvel de volume. O circuito para auscultadores \u00e9 id\u00eantico ao circuito principal e proporciona audi\u00e7\u00f5es com a mesma qualidade da que se obt\u00e9m com uma reprodu\u00e7\u00e3o pelas colunas.<\/p>\n<p>M\u00f3dulo digital<\/p>\n<p>O m\u00f3dulo digital suporta formatos at\u00e9 24 bit\/192kHz LPCM. Todos os sinais digitais s\u00e3o trabalhados num DAC ESS Sabre e enviados para os circuitos anal\u00f3gicos e balanceados Krell Current Mode. Uma vez que \u00e9 modular, o m\u00f3dulo digital de convers\u00e3o pode ser adicionado em qualquer altura.<\/p>\n<p>Fonte de alimenta\u00e7\u00e3o<\/p>\n<p>Sobredimensionada para o pr\u00e9 amplificador, a fonte de alimenta\u00e7\u00e3o tem um transformador de corrente de 95 VA e 40,000\u03bcF de capacit\u00e2ncia, o que lhe d\u00e1 a capacidade de responder rapidamente \u00e0s exig\u00eancias da m\u00fasica. Esta enorme fonte de alimenta\u00e7\u00e3o melhora a rejei\u00e7\u00e3o de ru\u00eddos e confere ao Phantom III uma estabilidade perante todas as flutua\u00e7\u00f5es de voltagem AC. O novo modo de Standby amigo do ambiente reduz o seu consumo de corrente a 2W.<\/p>\n<p>Caracter\u00edsticas<br \/>\nSa\u00eddas<br \/>\n1 par XLR<br \/>\n1 par RCA<\/p>\n<p>Entradas<br \/>\n2 pares XLR<br \/>\n3 pares RCA<\/p>\n<p>Sa\u00edda para auscultadores<br \/>\n1 6.35 mm<\/p>\n<p>Controlo de entradas<br \/>\n1 RS-232<br \/>\n1 IR via 3.5 mm<br \/>\n1 12 VDC trigger<\/p>\n<p>Controlo de sa\u00eddas<br \/>\n2 12 VDC program\u00e1veis individualmente<\/p>\n<p>Imped\u00e2ncia de entrada<br \/>\nBalanceado: 40 k Ohms<br \/>\nSingle-ended: 20 k Ohms<\/p>\n<p>Imped\u00e2ncia de sa\u00edda<br \/>\nBalanceado: 310 Ohms<br \/>\nSingle-ended: 155 Ohms<br \/>\nAuscultadores: 7.0 V RMS por XLR, ou RCA<\/p>\n<p>Sobrecarga na sa\u00edda<br \/>\nXLR: &gt;16 V RMS<br \/>\nRCA: &gt;8 V RMS<br \/>\nAuscultadores: &gt;3.0 V RMS\/32 Ohm<\/p>\n<p>Resposta em frequ\u00eancia<br \/>\n20 Hz a 20 kHz +\/- 0.02 dB<br \/>\n0.25 Hz a 1.2 kHz +0, -3 dB<\/p>\n<p>Distor\u00e7\u00e3o+Ru\u00eddo<br \/>\nBalanceado: 100 dB<br \/>\n&gt;100 dB &#8220;A&#8221; ponderado<\/p>\n<p>Consumo<br \/>\nStandby: &lt;2 W<br \/>\nAtivo: 40 W<\/p>\n<p>Dimens\u00f5es LxAxP<br \/>\n43.8 x 9.65 x 46.4 cm<\/p>\n<p>Peso<br \/>\nEmbalado: 17.2 kg<br \/>\nAparelho: 10.4 kg<\/p>\n","protected":false},"excerpt":{"rendered":"<p>O Phantom III \u00e9 a pe\u00e7a central perfeita para um sistema digital e anal\u00f3gico de topo. O pr\u00e9 amplificador Phantom \u00e9 um projeto duplo mono, em que os canais direito e esquerdo usufruem de fontes de alimenta\u00e7\u00e3o pr\u00f3prias, bem como placas de circuito individuais. O Phantom III \u00e9 o primeiro pr\u00e9 amplificador Krell a incluir, [&hellip;]<\/p>\n","protected":false},"featured_media":41811,"template":"","meta":{"_acf_changed":false},"product_brand":[],"product_cat":[34,38],"product_tag":[],"class_list":{"0":"post-5285","1":"product","2":"type-product","3":"status-publish","4":"has-post-thumbnail","6":"product_cat-krell","7":"product_cat-pre-amplificador","9":"first","10":"instock","11":"sold-individually","12":"shipping-taxable","13":"purchasable","14":"product-type-simple"},"acf":[],"aioseo_notices":[],"_links":{"self":[{"href":"https:\/\/hificlub.com.br\/loja\/wp-json\/wp\/v2\/product\/5285","targetHints":{"allow":["GET"]}}],"collection":[{"href":"https:\/\/hificlub.com.br\/loja\/wp-json\/wp\/v2\/product"}],"about":[{"href":"https:\/\/hificlub.com.br\/loja\/wp-json\/wp\/v2\/types\/product"}],"wp:featuredmedia":[{"embeddable":true,"href":"https:\/\/hificlub.com.br\/loja\/wp-json\/wp\/v2\/media\/41811"}],"wp:attachment":[{"href":"https:\/\/hificlub.com.br\/loja\/wp-json\/wp\/v2\/media?parent=5285"}],"wp:term":[{"taxonomy":"product_brand","embeddable":true,"href":"https:\/\/hificlub.com.br\/loja\/wp-json\/wp\/v2\/product_brand?post=5285"},{"taxonomy":"product_cat","embeddable":true,"href":"https:\/\/hificlub.com.br\/loja\/wp-json\/wp\/v2\/product_cat?post=5285"},{"taxonomy":"product_tag","embeddable":true,"href":"https:\/\/hificlub.com.br\/loja\/wp-json\/wp\/v2\/product_tag?post=5285"}],"curies":[{"name":"wp","href":"https:\/\/api.w.org\/{rel}","templated":true}]}}