{"id":5270,"date":"2023-11-24T14:05:22","date_gmt":"2023-11-24T17:05:22","guid":{"rendered":"https:\/\/hificlub.com.br\/loja2\/?post_type=product&#038;p=5270"},"modified":"2026-02-08T19:25:16","modified_gmt":"2026-02-08T22:25:16","slug":"parasound-halo-p3-com-dac-e-phono","status":"publish","type":"product","link":"https:\/\/hificlub.com.br\/loja\/produto\/parasound-halo-p3-com-dac-e-phono\/","title":{"rendered":"PARASOUND HALO P3 com Phono"},"content":{"rendered":"<p>O objetivo da Parasound com a linha HALO era desenvolver a j\u00e1 respeitada plataforma da Parasound, ao mesmo tempo que trazia um novo n\u00edvel de desempenho e distin\u00e7\u00e3o visual para a fam\u00edlia Parasound. O primeiro da linha HALO \u00e9 a s\u00e9rie &#8216;3&#8217; composta pelo pr\u00e9-amplificador P 3, amplificador A 23 e sintonizador T 3. A Parasound adicionar\u00e1 modelos adicionais aos HALOs, que incluir\u00e3o monoblocos, um processador surround, amplificadores multicanal e reprodutores de disco. O designer da s\u00e9rie &#8216;3&#8217; teve flexibilidade para escolher pe\u00e7as internas de qualidade para fontes de alimenta\u00e7\u00e3o e caminhos de \u00e1udio, o que deve dar origem a alguns produtos excepcionais.<\/p>\n<p>Como mencionei, a qualidade de constru\u00e7\u00e3o do Parasound nunca foi uma preocupa\u00e7\u00e3o para mim. Seus componentes s\u00e3o compostos por pe\u00e7as de qualidade e bem constru\u00eddos. O HALO P 3 n\u00e3o \u00e9 diferente : ele pesa 16 libras, todos os controles parecem s\u00f3lidos e n\u00e3o h\u00e1 flexibilidade no chassi ao conectar at\u00e9 mesmo as interconex\u00f5es mais estreitas. Fiquei surpreso ao descobrir que o P 3 tinha conex\u00f5es balanceadas e desequilibradas. Entradas e sa\u00eddas balanceadas s\u00e3o raras em uma unidade com esse pre\u00e7o, especialmente quando inclui um controle remoto. O P 3 possui conectores RCA banhados a ouro de alta qualidade para a entrada Direct 1 de termina\u00e7\u00e3o \u00fanica e as sa\u00eddas de termina\u00e7\u00e3o \u00fanica. As entradas e sa\u00eddas balanceadas tamb\u00e9m parecem ter excelente qualidade de constru\u00e7\u00e3o.<\/p>\n<p>Alguns outros recursos encontrados no P 3 s\u00e3o amplificador de fone de ouvido, loop de processador externo, gatilhos de + 12 V, controle RS-232 e entrada fono. O P 3 possui um cabo de alimenta\u00e7\u00e3o remov\u00edvel padr\u00e3o IEC e pode funcionar em 115 V ou 230 V. A palavra &#8216;Parasound&#8217; est\u00e1 gravada na tampa superior e grandes p\u00e9s prateados equipados com inser\u00e7\u00f5es de borracha para amortecer as vibra\u00e7\u00f5es est\u00e3o na parte inferior. Um brilho azul-arroxeado \u00e9 emitido por baixo de todos os bot\u00f5es, e o logotipo &#8216;P&#8217; brilha em vermelho brilhante. A unidade \u00e9 bastante impressionante \u00e0 primeira vista. Para mant\u00ea-lo informado sobre o status operacional, um display azul de 2 linhas com v\u00e1rios caracteres \u00e9 colocado no centro do rosto.<\/p>\n<p>Diz-se que as entradas diretas do P 3 t\u00eam o caminho de sinal mais curto da entrada \u00e0 sa\u00edda com o n\u00famero m\u00ednimo de componentes para obter qualidade de sinal superior para fontes da mais alta qualidade, como um CD player ou DAC. As entradas diretas tamb\u00e9m possuem circuitos de sele\u00e7\u00e3o separados compostos por rel\u00e9s de contato dourado hermeticamente selados.<\/p>\n<p>6 entradas de linha, uma entrada comut\u00e1vel para MM phono<br \/>\nEntradas diretas comutadas por rel\u00e9: balanceadas e n\u00e3o balanceadas<br \/>\nCircuito externo de envio e recebimento do processador<br \/>\nSa\u00eddas XLR balanceadas e RCA n\u00e3o balanceadas<br \/>\nDisplay de status fluorescente a v\u00e1cuo<br \/>\nControles de graves e agudos derrot\u00e1veis<br \/>\nEnorme transformador de pot\u00eancia toroidal encapsulado<br \/>\nPlacas de circuito de vidro ep\u00f3xi de camada dupla<br \/>\nCircuito de fone de ouvido est\u00e9reo de alta resolu\u00e7\u00e3o<br \/>\nRS-232 control port<br \/>\nEntrada externa IR e tomadas de sa\u00edda de loop<br \/>\nDois gatilhos de 12v; 1 entrada e 1 sa\u00edda de loop<br \/>\nMacacos RCA banhados a ouro<br \/>\nControle remoto tamb\u00e9m opera T 3 Tuner<\/p>\n<p>Resposta em frequ\u00eancia:<br \/>\n5 Hz \u2013 55 kHz, + 0 \/ -1 dB, sa\u00edda<\/p>\n<p>total Distor\u00e7\u00e3o harm\u00f4nica total:<br \/>\n&lt;0,01% 1 kHz; &lt;0,03% 20 kHz IM distor\u00e7\u00e3o: equilibrada 16 V rms &lt;0,03% Sa\u00edda m\u00e1xima: &gt; 8 V antes de cortar<\/p>\n<p>Imped\u00e2ncia de entrada:<br \/>\n&gt; entrada de linha 30 kW; phono 47 kW<\/p>\n<p>Imped\u00e2ncia de Sa\u00edda:<br \/>\n60 \u03a9<\/p>\n<p>Sensibilidade de Entrada:<br \/>\nentradas de linha 150 mV, +\/- 5%; phono 2 mV<\/p>\n<p>N\u00edvel m\u00e1ximo de entrada:<br \/>\n10,5 V antes de cortar a rela\u00e7\u00e3o<\/p>\n<p>S \/ N:<br \/>\nentrada de linha&gt; 92 dB, ponderada A, sa\u00edda ref 1 V<br \/>\nentrada de linha&gt; 84 dB, n\u00e3o ponderada, ref 1 sa\u00edda de sa\u00edda<\/p>\n<p>Conversa cruzada:<br \/>\n&gt; 55 dB, 20 kHz<\/p>\n<p>Correspond\u00eancia de n\u00edvel de canal:<br \/>\n&lt;0,1 dB Tens\u00e3o: Comut\u00e1vel para opera\u00e7\u00e3o de 110V &#8211; 120V ou 220V &#8211; 240V Dimens\u00f5es: 17-1 \/ 4 &#8220;wx 4-1 \/ 8 &#8220;hx 13-3 \/ 4&#8221; d, 3-5 \/ 8 &#8220;h sem p\u00e9s Peso l\u00edquido: 16 lb.<\/p>\n","protected":false},"excerpt":{"rendered":"<p>O objetivo da Parasound com a linha HALO era desenvolver a j\u00e1 respeitada plataforma da Parasound, ao mesmo tempo que trazia um novo n\u00edvel de desempenho e distin\u00e7\u00e3o visual para a fam\u00edlia Parasound. O primeiro da linha HALO \u00e9 a s\u00e9rie &#8216;3&#8217; composta pelo pr\u00e9-amplificador P 3, amplificador A 23 e sintonizador T 3. A [&hellip;]<\/p>\n","protected":false},"featured_media":5271,"template":"","meta":{"_acf_changed":false},"product_brand":[],"product_cat":[125,38],"product_tag":[],"class_list":{"0":"post-5270","1":"product","2":"type-product","3":"status-publish","4":"has-post-thumbnail","6":"product_cat-parasound","7":"product_cat-pre-amplificador","9":"first","10":"instock","11":"sold-individually","12":"shipping-taxable","13":"purchasable","14":"product-type-simple"},"acf":[],"aioseo_notices":[],"_links":{"self":[{"href":"https:\/\/hificlub.com.br\/loja\/wp-json\/wp\/v2\/product\/5270","targetHints":{"allow":["GET"]}}],"collection":[{"href":"https:\/\/hificlub.com.br\/loja\/wp-json\/wp\/v2\/product"}],"about":[{"href":"https:\/\/hificlub.com.br\/loja\/wp-json\/wp\/v2\/types\/product"}],"wp:featuredmedia":[{"embeddable":true,"href":"https:\/\/hificlub.com.br\/loja\/wp-json\/wp\/v2\/media\/5271"}],"wp:attachment":[{"href":"https:\/\/hificlub.com.br\/loja\/wp-json\/wp\/v2\/media?parent=5270"}],"wp:term":[{"taxonomy":"product_brand","embeddable":true,"href":"https:\/\/hificlub.com.br\/loja\/wp-json\/wp\/v2\/product_brand?post=5270"},{"taxonomy":"product_cat","embeddable":true,"href":"https:\/\/hificlub.com.br\/loja\/wp-json\/wp\/v2\/product_cat?post=5270"},{"taxonomy":"product_tag","embeddable":true,"href":"https:\/\/hificlub.com.br\/loja\/wp-json\/wp\/v2\/product_tag?post=5270"}],"curies":[{"name":"wp","href":"https:\/\/api.w.org\/{rel}","templated":true}]}}