{"id":5259,"date":"2023-11-24T13:42:09","date_gmt":"2023-11-24T16:42:09","guid":{"rendered":"https:\/\/hificlub.com.br\/loja2\/?post_type=product&#038;p=5259"},"modified":"2024-12-20T09:54:27","modified_gmt":"2024-12-20T12:54:27","slug":"mcintosh-mc275-mk-iii-75-watts","status":"publish","type":"product","link":"https:\/\/hificlub.com.br\/loja\/produto\/mcintosh-mc275-mk-iii-75-watts\/","title":{"rendered":"McINTOSH MC275 MK III 75 watts"},"content":{"rendered":"<p>ESTADO <strong>9\/10<\/strong><\/p>\n<h2>A Breve Hist\u00f3ria do MC275<\/h2>\n<p>o McIntosh MC 275 estreou em 1961 e ficou em produ\u00e7\u00e3o at\u00e9 1972. McIntosh fabricou e vendeu milhares deles. O MC 275 foi trazido de volta \u00e0 produ\u00e7\u00e3o em 1994 para comemorar Gordon Gaw, outra lenda da empresa McIntosh. Permaneceu em produ\u00e7\u00e3o desde at\u00e9 hoje e agora est\u00e1 em sua sexta itera\u00e7\u00e3o. Embora certas partes tenham sido alteradas e aprimoradas e as medidas de seguran\u00e7a tenham sido aprimoradas, McIntosh manteve essencialmente o estilo visual praticamente o mesmo.<\/p>\n<h2>Primeira gera\u00e7\u00e3o<\/h2>\n<p>O primeiro amplificador de pot\u00eancia est\u00e9reo valvulado MC275 foi lan\u00e7ado no outono de 1961. Desde 1961, o tom suave, claro e poderoso do lend\u00e1rio McIntosh MC275 sempre foi o padr\u00e3o de qualidade dos amplificadores de pot\u00eancia. Nos dez anos desde o lan\u00e7amento da primeira gera\u00e7\u00e3o do MC275, mais de 6.000 unidades foram vendidas. Para os amantes da m\u00fasica que compraram alto-falantes pesados \u200b\u200bdos principais fabricantes na d\u00e9cada de 1960, o McIntosh MC275 foi a primeira escolha no campo de amplificadores est\u00e9reo.<\/p>\n<h2>Quarta gera\u00e7\u00e3o: novo design de a\u00e7o inoxid\u00e1vel MC275, 2004-2007<\/h2>\n<p>Em 2004, a equipe t\u00e9cnica e de engenharia de McIntosh achou que era hora de redesenhar o MC275 para usar os recursos criativos mais recentes da empresa. Embora a apar\u00eancia geral desta gera\u00e7\u00e3o do MC275 seja semelhante \u00e0s anteriores, a caracter\u00edstica mais significativa \u00e9 a moderna estrutura interna. A placa de circuito integrado e simples elimina incont\u00e1veis \u200b\u200bconectores plug-in e placas de circuito. A nova placa de circuito tamb\u00e9m projeta tubos de dissipa\u00e7\u00e3o de calor de tubo eletr\u00f4nico para fornecer dissipa\u00e7\u00e3o de calor para a opera\u00e7\u00e3o de sa\u00edda de grandes tubos eletr\u00f4nicos e a opera\u00e7\u00e3o de sa\u00edda externa adicional de alta tens\u00e3o.<\/p>\n<p>Em termos de design de apar\u00eancia, o material de base \u00e9 aprimorado para a\u00e7o inoxid\u00e1vel polido resistente \u00e0 corros\u00e3o. Mais importante ainda, a McIntosh melhorou a rela\u00e7\u00e3o sinal-ru\u00eddo da nova gera\u00e7\u00e3o do MC275. Comparado com outros designs similares concorrentes, o resultado final de todas as melhorias do MC275 \u00e9 um amplificador valvulado sem nenhum ru\u00eddo de fundo aud\u00edvel. O MC275 tamb\u00e9m mant\u00e9m o cl\u00e1ssico original ao fazer ajustes.<\/p>\n<h2>Especifica\u00e7\u00f5es do McIntosh MC275 MK III<\/h2>\n<ul>\n<li>Pot\u00eancia de sa\u00edda por canal: 75W @ 4, 8 ou 16 Ohms<\/li>\n<li>N\u00famero de canais: 2<\/li>\n<li>Distor\u00e7\u00e3o harm\u00f4nica total: 0,5% de distor\u00e7\u00e3o harm\u00f4nica m\u00e1xima em qualquer n\u00edvel de pot\u00eancia de 250 miliwatts \u00e0 pot\u00eancia nominal, 20 Hz a 20.000 Hz (\u2264 0,25% de distor\u00e7\u00e3o harm\u00f4nica a 1 kHz)<\/li>\n<li>S\/N abaixo da sa\u00edda nominal: 105dB<\/li>\n<li>Headroom Din\u00e2mico: 1,2dB<\/li>\n<li>Fator de amortecimento: &gt;22<\/li>\n<li>Faixa de pot\u00eancia nominal: 20Hz a 20kHz<\/li>\n<li>Resposta de frequ\u00eancia: +0, -0,5dB de 20Hz a 20.000Hz \/ +0, -3,0dB de 10Hz a 100.000Hz<\/li>\n<li>Controle remoto de energia: Sim, entrada e sa\u00edda<\/li>\n<li>Configura\u00e7\u00e3o do Circuito: Unidade Acoplada<\/li>\n<li>Projeto de Circuito: Tubo de V\u00e1cuo<\/li>\n<li>Ponte Mono: Sim<\/li>\n<li>Mono Paralelo: Sim, 150W @ 2, 4 ou 8 Ohms<\/li>\n<li>Tipo de Sa\u00edda: Transformador de Sa\u00edda Unity Coupled<\/li>\n<li>Meter Light Switch: Pequenos tubos de sinal LEDs controlados pelo pr\u00e9-amplificador McIntosh<\/li>\n<li>Entrada balanceada: Sim<\/li>\n<li>Ilumina\u00e7\u00e3o: Pequenos Tubos de Sinal, LED<\/li>\n<li>Estilo do chassi: A\u00e7o inoxid\u00e1vel polido<\/li>\n<li>Tipo de poste de encaderna\u00e7\u00e3o do alto-falante: Postes de encaderna\u00e7\u00e3o do alto-falante Solid Cinch\u2122 patenteados<\/li>\n<li>PESOS E DIMENS\u00d5ES Dimens\u00f5es (L x A x P): 21-1\/2&#8243; (54,6cm) (incluindo cabos) x 8-1\/2&#8243; (21,6cm) (incluindo p\u00e9s) x 12&#8243; (30,5cm)<\/li>\n<li>Peso: 67 libras (30,5 kg)<\/li>\n<li>Peso de envio: 75 libras (34,1 kg)<\/li>\n<\/ul>\n","protected":false},"excerpt":{"rendered":"<p>ESTADO 9\/10 A Breve Hist\u00f3ria do MC275 o McIntosh MC 275 estreou em 1961 e ficou em produ\u00e7\u00e3o at\u00e9 1972. McIntosh fabricou e vendeu milhares deles. O MC 275 foi trazido de volta \u00e0 produ\u00e7\u00e3o em 1994 para comemorar Gordon Gaw, outra lenda da empresa McIntosh. Permaneceu em produ\u00e7\u00e3o desde at\u00e9 hoje e agora est\u00e1 [&hellip;]<\/p>\n","protected":false},"featured_media":5267,"template":"","meta":{"_acf_changed":false},"product_brand":[],"product_cat":[27,28,39,26],"product_tag":[],"class_list":{"0":"post-5259","1":"product","2":"type-product","3":"status-publish","4":"has-post-thumbnail","6":"product_cat-amplificador","7":"product_cat-estereo","8":"product_cat-mcintosh","9":"product_cat-vintage","11":"first","12":"instock","13":"sold-individually","14":"shipping-taxable","15":"purchasable","16":"product-type-simple"},"acf":[],"aioseo_notices":[],"_links":{"self":[{"href":"https:\/\/hificlub.com.br\/loja\/wp-json\/wp\/v2\/product\/5259","targetHints":{"allow":["GET"]}}],"collection":[{"href":"https:\/\/hificlub.com.br\/loja\/wp-json\/wp\/v2\/product"}],"about":[{"href":"https:\/\/hificlub.com.br\/loja\/wp-json\/wp\/v2\/types\/product"}],"wp:featuredmedia":[{"embeddable":true,"href":"https:\/\/hificlub.com.br\/loja\/wp-json\/wp\/v2\/media\/5267"}],"wp:attachment":[{"href":"https:\/\/hificlub.com.br\/loja\/wp-json\/wp\/v2\/media?parent=5259"}],"wp:term":[{"taxonomy":"product_brand","embeddable":true,"href":"https:\/\/hificlub.com.br\/loja\/wp-json\/wp\/v2\/product_brand?post=5259"},{"taxonomy":"product_cat","embeddable":true,"href":"https:\/\/hificlub.com.br\/loja\/wp-json\/wp\/v2\/product_cat?post=5259"},{"taxonomy":"product_tag","embeddable":true,"href":"https:\/\/hificlub.com.br\/loja\/wp-json\/wp\/v2\/product_tag?post=5259"}],"curies":[{"name":"wp","href":"https:\/\/api.w.org\/{rel}","templated":true}]}}