{"id":524,"date":"2023-10-17T19:51:41","date_gmt":"2023-10-17T22:51:41","guid":{"rendered":"https:\/\/hificlub.com.br\/loja2\/produto\/audio-research-sp17-com-phono\/"},"modified":"2026-03-07T21:50:36","modified_gmt":"2026-03-08T00:50:36","slug":"audio-research-sp17-com-phono","status":"publish","type":"product","link":"https:\/\/hificlub.com.br\/loja\/produto\/audio-research-sp17-com-phono\/","title":{"rendered":"AUDIO RESEARCH SP17 com PHONO"},"content":{"rendered":"<p>ESTADO 9\/10<\/p>\n<div>\n<div>\n<p>O SP17 traz grande parte do desempenho oferecido por seus aclamados e mais caros irm\u00e3os a uma faixa de pre\u00e7o que est\u00e1 ao alcance de muitos amantes da m\u00fasica.<\/p>\n<\/div>\n<div>\n<p>Externamente, o SP17 parece virtualmente id\u00eantico ao seu antecessor, o SP16, com um painel frontal de 19&#8243; de tamanho normal, al\u00e7as e a mesma tela. O SP17 \u00e9 totalmente single-ended com cinco conjuntos de entradas (rotulado Phono, CD, Tuner , V\u00eddeo e Aux), al\u00e9m de uma passagem de processador (ganho de unidade). H\u00e1 dois conjuntos de sa\u00eddas principais de termina\u00e7\u00e3o \u00fanica, al\u00e9m de uma sa\u00edda de fita (monitor). H\u00e1 um gatilho de 12 volts, controle remoto completo e um cabo de alimenta\u00e7\u00e3o IEC 15A remov\u00edvel.<\/p>\n<\/div>\n<div>\n<p>Internamente, muito foi melhorado.\u00a0O SP17 possui entradas JFET de baixo ru\u00eddo em ambos os est\u00e1gios de linha e fono, e em vez de 12AX7s voc\u00ea encontrar\u00e1 um 6H30 em cada se\u00e7\u00e3o &#8211; todos os nossos pr\u00e9-amplificadores agora empregam este tubo de longa vida \u00fatil de alto desempenho.\u00a0O mesmo regulador de alta tens\u00e3o encontrado no LS17 e LS26 \u00e9 agora utilizado no SP17, assim como o mesmo controle de volume de 103 passos \u2013 o controle do SP16 tinha apenas 70 passos;\u00a0o ajuste do volume \u00e9 muito mais preciso agora, o que \u00e9 especialmente \u00fatil em configura\u00e7\u00f5es de volume baixo.\u00a0A entrada m\u00e1xima \u00e9 de 9 volts RMS, contra um m\u00e1ximo de apenas 3,5 volts RMS antes da sobrecarga no SP16.\u00a0O SP17 possui c\u00f3digos de acesso direto e comandos On-Off discretos para fun\u00e7\u00f5es de alimenta\u00e7\u00e3o e mudo para incorpora\u00e7\u00e3o em um sistema com controlador mestre.\u00a0E, como todos os nossos outros pr\u00e9-amplificadores, o SP17 \u00e9 puro Classe-A.<\/p>\n<\/div>\n<div>\n<p>A largura de banda aumentou, com pontos de -3dB abaixo de 0,3Hz para acima de 120KHz.\u00a0A imped\u00e2ncia de sa\u00edda foi reduzida, melhorando a capacidade do SP17 de conduzir cabos longos e amplificadores de baixa imped\u00e2ncia.\u00a0O ganho na se\u00e7\u00e3o de linha foi reduzido muito ligeiramente, de 11,5 para 11,1 dB, mas foi aumentado na se\u00e7\u00e3o fono de 43,5 dB para 47 dB.\u00a0O SP17 \u00e9 2dB mais silencioso em sua se\u00e7\u00e3o de linha e 9dB mais silencioso em sua se\u00e7\u00e3o de fono, tornando-o surpreendentemente 11dB mais silencioso no geral.\u00a0Agora \u00e9 muito mais f\u00e1cil usar um cartucho fonogr\u00e1fico com sa\u00edda abaixo de 1mV sem incorrer em ru\u00eddo.<\/p>\n<\/div>\n<div>\n<p>Em que todas essas mudan\u00e7as se traduzem musicalmente?\u00a0Maior articula\u00e7\u00e3o, melhor foco de imagem e uma velocidade aparente resultante de menor distor\u00e7\u00e3o e falta de manchas.\u00a0A defini\u00e7\u00e3o e o controle dos graves s\u00e3o aprimorados e a din\u00e2mica simplesmente aparece.\u00a0E por ser t\u00e3o silenciosa, a m\u00fasica se destaca em alto relevo contra um fundo preto.\u00a0Individualmente, cada um desses atributos \u00e9 facilmente identificado e significativo, mas combin\u00e1-los no SP17 fornece o mesmo tipo de m\u00e1gica oferecido por nossos est\u00e1gios de linha mais caros.<\/p>\n<\/div>\n<div>Estamos entusiasmados em oferecer um produto com a not\u00e1vel performance musical do SP17.\u00a0Ele ir\u00e1 infundir nova vida e vitalidade em praticamente qualquer sistema e certamente se tornar\u00e1 a pr\u00f3xima refer\u00eancia em seu segmento de mercado.<\/div>\n<\/div>\n<div><\/div>\n<div>\n<div class=\"model-specifications-section__specification\">\n<div class=\"sub-label\">FREQUENCY RESPONSE<\/div>\n<div class=\"model-specifications-section__specification-value\">Line: +0-1dB, 0.6Hz to 80kHz at rated output. -3dB points below 0.3Hz and above 120KHz. Phono: \u00b10.3dB of RIAA, 10 Hz to 20KHz.<\/div>\n<\/div>\n<div class=\"model-specifications-section__specification\">\n<div class=\"sub-label\">DISTORTION (THD)<\/div>\n<div class=\"model-specifications-section__specification-value\">Less than .005% at 2V RMS output.<\/div>\n<\/div>\n<div class=\"model-specifications-section__specification\">\n<div class=\"sub-label\">NOISE &amp; HUM<\/div>\n<div class=\"model-specifications-section__specification-value\">Line: 12\u00b5V RMS IHF weighted at main output with volume low (104dB below 2V RMS output). Phono: 0.3\u00b5V RMS IHF weighted equivalent input noise, shorted input (76dB below 2mVRMS 1KHz input).<\/div>\n<\/div>\n<div class=\"model-specifications-section__specification\">\n<div class=\"sub-label\">GAIN<\/div>\n<div class=\"model-specifications-section__specification-value\">Main output line: 11.1dB Single ended. Processor: 0dB. Phono: 58dB at 1 KHz. Record output, line: 0dB. Phono: 47dB.<\/div>\n<\/div>\n<div class=\"model-specifications-section__specification\">\n<div class=\"sub-label\">INPUT IMPEDANCE<\/div>\n<div class=\"model-specifications-section__specification-value\">60K ohms line, 47K ohms Phono, (0.7 to 7mV High output cartridge recommended).<\/div>\n<\/div>\n<div class=\"model-specifications-section__specification\">\n<div class=\"sub-label\">OUTPUT IMPEDANCE<\/div>\n<div class=\"model-specifications-section__specification-value\">210 ohms Single Ended main; 20K ohms minimum load and 1000 pF maximum capacitance. Record output 60K ohms minimum load and 100pf maximum capacitance.<\/div>\n<div class=\"model-specifications-section__specification-value\">\n<div class=\"model-specifications-section__specification\">\n<div class=\"sub-label\">OUTPUT POLARITY<\/div>\n<div class=\"model-specifications-section__specification-value\">Non inverting<\/div>\n<\/div>\n<div class=\"model-specifications-section__specification\">\n<div class=\"sub-label\">MAXIMUM INPUTS<\/div>\n<div class=\"model-specifications-section__specification-value\">Line: 9V RMS. Phono: 40mV RMS 1KHz, 100mV RMS 10KHz.<\/div>\n<\/div>\n<div class=\"model-specifications-section__specification\">\n<div class=\"sub-label\">RATED OUTPUTS<\/div>\n<div class=\"model-specifications-section__specification-value\">2V RMS into 100K load. (Maximum output 15V RMS at 1% THD at 1kHz.)<\/div>\n<\/div>\n<div class=\"model-specifications-section__specification\">\n<div class=\"sub-label\">POWER SUPPLIES<\/div>\n<div class=\"model-specifications-section__specification-value\">Electronically regulated low and high voltage supplies. Automatic 25 sec. warm-up\/brown-out mute. Line regulation better than .01%.<\/div>\n<\/div>\n<div class=\"model-specifications-section__specification\">\n<div class=\"sub-label\">TUBE COMPLEMENT<\/div>\n<div class=\"model-specifications-section__specification-value\">(2) 6H30<\/div>\n<\/div>\n<div class=\"model-specifications-section__specification\">\n<div class=\"sub-label\">POWER REQUIREMENTS<\/div>\n<div class=\"model-specifications-section__specification-value\">100-135VAC 60Hz (200-270VAC 50\/60Hz) 39 watts.<\/div>\n<\/div>\n<div class=\"model-specifications-section__specification\">\n<div class=\"sub-label\">OTHER<\/div>\n<div class=\"model-specifications-section__specification-value\">Inputs (6): phono, CD, tuner, video, aux, processor. Model SP17L has no phono input. Outputs (3): 2 main, 1 record (Single Ended RCA connectors). Push buttons: Volume up, volume down (102 steps, 20 LED indicators), Input, Processor, Mute, Power. All functions on IR remote control<\/div>\n<div class=\"model-specifications-section__specification-value\">\n<div class=\"model-specifications-section__specification\">\n<div class=\"sub-label\">DIMENSIONS<\/div>\n<div class=\"model-specifications-section__specification-value\">19.0&#8243; (48 cm) W x 5.2&#8243; (13.2 cm) H x 10.0&#8243;(25.4 cm) D. Rear connectors extend 0.6&#8243; (1.5 cm). Front handles are optional.<\/div>\n<\/div>\n<div class=\"model-specifications-section__specification\">\n<div class=\"sub-label\">WEIGHT<\/div>\n<div class=\"model-specifications-section__specification-value\">12.6 lbs. (5.7 kg) Net; 20 lbs. (9.1 kg) Shipping.<\/div>\n<\/div>\n<\/div>\n<\/div>\n<\/div>\n<\/div>\n<\/div>\n","protected":false},"excerpt":{"rendered":"<p>ESTADO 9\/10 O SP17 traz grande parte do desempenho oferecido por seus aclamados e mais caros irm\u00e3os a uma faixa de pre\u00e7o que est\u00e1 ao alcance de muitos amantes da m\u00fasica. Externamente, o SP17 parece virtualmente id\u00eantico ao seu antecessor, o SP16, com um painel frontal de 19&#8243; de tamanho normal, al\u00e7as e a mesma [&hellip;]<\/p>\n","protected":false},"featured_media":522,"template":"","meta":{"_acf_changed":false},"product_brand":[],"product_cat":[29,38],"product_tag":[],"class_list":{"0":"post-524","1":"product","2":"type-product","3":"status-publish","4":"has-post-thumbnail","6":"product_cat-audio-research","7":"product_cat-pre-amplificador","9":"first","10":"instock","11":"sold-individually","12":"shipping-taxable","13":"purchasable","14":"product-type-simple"},"acf":[],"aioseo_notices":[],"_links":{"self":[{"href":"https:\/\/hificlub.com.br\/loja\/wp-json\/wp\/v2\/product\/524","targetHints":{"allow":["GET"]}}],"collection":[{"href":"https:\/\/hificlub.com.br\/loja\/wp-json\/wp\/v2\/product"}],"about":[{"href":"https:\/\/hificlub.com.br\/loja\/wp-json\/wp\/v2\/types\/product"}],"wp:featuredmedia":[{"embeddable":true,"href":"https:\/\/hificlub.com.br\/loja\/wp-json\/wp\/v2\/media\/522"}],"wp:attachment":[{"href":"https:\/\/hificlub.com.br\/loja\/wp-json\/wp\/v2\/media?parent=524"}],"wp:term":[{"taxonomy":"product_brand","embeddable":true,"href":"https:\/\/hificlub.com.br\/loja\/wp-json\/wp\/v2\/product_brand?post=524"},{"taxonomy":"product_cat","embeddable":true,"href":"https:\/\/hificlub.com.br\/loja\/wp-json\/wp\/v2\/product_cat?post=524"},{"taxonomy":"product_tag","embeddable":true,"href":"https:\/\/hificlub.com.br\/loja\/wp-json\/wp\/v2\/product_tag?post=524"}],"curies":[{"name":"wp","href":"https:\/\/api.w.org\/{rel}","templated":true}]}}