{"id":5224,"date":"2023-10-25T16:44:01","date_gmt":"2023-10-25T19:44:01","guid":{"rendered":"https:\/\/hificlub.com.br\/loja2\/?post_type=product&#038;p=5224"},"modified":"2026-04-08T04:30:39","modified_gmt":"2026-04-08T07:30:39","slug":"accuphase-e-5000-class-ab-240-watts-220-volts","status":"publish","type":"product","link":"https:\/\/hificlub.com.br\/loja\/produto\/accuphase-e-5000-class-ab-240-watts-220-volts\/","title":{"rendered":"ACCUPHASE E-5000 Class AB 240 watts"},"content":{"rendered":"<p>&nbsp;<\/p>\n<p>O E-5000 \u00e9 o principal amplificador integrado Classe AB de alta pot\u00eancia desenvolvido para marcar o<br \/>\nanivers\u00e1rio de 50 anos da Accuphase.\u00a0A se\u00e7\u00e3o de pr\u00e9-amplificador apresenta nosso controle de volume AAVA balanceado superior, enquanto a<br \/>\nse\u00e7\u00e3o de amplificador de pot\u00eancia inclui um amplificador de instrumenta\u00e7\u00e3o e transistores de pot\u00eancia em um arranjo push-pull de cinco vezes<br \/>\nconduzido na classe AB.\u00a0Esses circuitos criam um circuito balanceado da entrada \u00e0 sa\u00edda.\u00a0Com seus circuitos precisamente balanceados e est\u00e1gio de sa\u00edda solidamente constru\u00eddo, o amplificador integrado E-5000 apresenta cada pe\u00e7a de m\u00fasica em detalhes requintados.<\/p>\n<ul>\n<li>Controle de volume AAVA balanceado<\/li>\n<li>Rel\u00e9s de comuta\u00e7\u00e3o de sinal de controle l\u00f3gico altamente confi\u00e1veis<\/li>\n<li>Conectores de entrada amplos (cinco n\u00edvel de linha e dois balanceados)<\/li>\n<li>Conectores de entrada e sa\u00edda de n\u00edvel de linha para um gravador<\/li>\n<li>Configura\u00e7\u00e3o de fase individual para cada entrada<\/li>\n<li>O sinal est\u00e9reo pode ser alternado para opera\u00e7\u00e3o monof\u00f4nica<\/li>\n<li>Controle de equil\u00edbrio esquerdo \/ direito atrav\u00e9s de AAVA balanceado<\/li>\n<li>Atenuador de volume que pode reduzir instantaneamente o som at\u00e9 \u201320 dB<\/li>\n<li>Compensador de volume para ajustar o equil\u00edbrio sonoro aud\u00edvel<\/li>\n<li>Controles de tom usando filtros ativos de soma<\/li>\n<li>O est\u00e1gio de amplifica\u00e7\u00e3o de pot\u00eancia emprega o princ\u00edpio do amplificador de instrumenta\u00e7\u00e3o<\/li>\n<li>A topologia do circuito de amplifica\u00e7\u00e3o de feedback de corrente garante excelentes caracter\u00edsticas de fase em alta faixa<\/li>\n<li>O circuito de prote\u00e7\u00e3o de sa\u00edda do alto-falante protege contra curto-circuito<\/li>\n<li>Circuitos de prote\u00e7\u00e3o usando chaves MOS-FET de baixa imped\u00e2ncia e alta confiabilidade<\/li>\n<li>Dois conectores de alto-falante maci\u00e7os para comuta\u00e7\u00e3o de sa\u00edda e sa\u00edda simult\u00e2nea<\/li>\n<li>N\u00edvel de linha e sa\u00eddas balanceadas na se\u00e7\u00e3o do pr\u00e9-amplificador suportam conex\u00e3o bi-amplificada<\/li>\n<li>N\u00edvel de linha e entradas balanceadas na se\u00e7\u00e3o do amplificador de pot\u00eancia permitem o uso como amplificador de pot\u00eancia<\/li>\n<li>Amplificador de fone de ouvido dedicado e de alta qualidade constru\u00eddo com componentes discretos<\/li>\n<li>Dois slots de expans\u00e3o para placas opcionais<\/li>\n<li>\n<h4>Especifica\u00e7\u00f5es:<\/h4>\n<p>Pot\u00eancia de sa\u00edda m\u00e9dia cont\u00ednua (ambos os canais acionados, 20-20.000 Hz):\u00a0320 watts por canal em 4 ohms, 240 watts por canal em 8 ohms.<\/p>\n<p>Distor\u00e7\u00e3o de Intermodula\u00e7\u00e3o:\u00a00,01%g<\/p>\n<p>Resposta de Frequ\u00eancia:\u00a0ENTRADA DE ALTO N\u00cdVEL\/ENTRADA DE POT\u00caNCIA 20 &#8211; 20.000 Hz +0, -0,5 dB (para sa\u00edda m\u00e9dia cont\u00ednua nominal), 3 &#8211; 150.000 Hz +0, -3,0 dB (para sa\u00edda de 1 watt)<\/p>\n<p>Fator de amortecimento:\u00a01000 (para sa\u00edda nominal com carga de 8 ohms, 50 Hz)<\/p>\n<p>Tens\u00e3o de sa\u00edda, imped\u00e2ncia de sa\u00edda (na sa\u00edda m\u00e9dia cont\u00ednua nominal):\u00a0PR\u00c9 SA\u00cdDA: 1,74 V, 50 ohms<\/p>\n<p>Ganho:\u00a0ENTRADA DE ALTO N\u00cdVEL \u2192 PR\u00c9 SA\u00cdDA: 18 dB, ENTRADA DE POT\u00caNCIA \u2192 SA\u00cdDA: 28 dB<\/p>\n<p>Controles de tom Frequ\u00eancia de giro e faixa de ajuste:\u00a0BASS: 300 Hz \u00b110 dB (50 Hz), TREBLE: 3 kHz \u00b110 dB (20 kHz)<\/p>\n<p>Compensa\u00e7\u00e3o de volume:\u00a0+6 dB (100 Hz)<\/p>\n<p>Atenuador:\uff0d20 dB<\/p>\n<p>Medidores de n\u00edvel de pot\u00eancia:\u00a0Compress\u00e3o logar\u00edtmica, medidores de leitura de pico, escala de sa\u00edda dB\/%<\/p>\n<p>Imped\u00e2ncia de carga:\u00a04 &#8211; 16 ohms<\/p>\n<p>Fones de ouvido est\u00e9reo:\u00a0Imped\u00e2ncia adequada: 8 ohms ou superior<\/p>\n<p>Requisitos de alimenta\u00e7\u00e3o:\u00a0AC 120 V\/220 V\/230 V 50\/60 Hz (tens\u00e3o conforme indicado no painel traseiro)<\/p>\n<p>Consumo de energia:\u00a0\u00a098 watts ociosos 570 watts de acordo com IEC 60065<\/p>\n<p>Dimens\u00f5es M\u00e1ximas:\u00a0Largura 465 mm x Altura 211 mm x Profundidade 502 mm<\/p>\n<p>Massa:\u00a033,8 kg l\u00edquido, 45 kg em caixa de transporte<\/li>\n<\/ul>\n<p>https:\/\/www.audiodrom.net\/en\/power-cables\/detail\/31-integrated-amplifiers\/768-accuphase-e-5000<\/p>\n","protected":false},"excerpt":{"rendered":"<p>&nbsp; O E-5000 \u00e9 o principal amplificador integrado Classe AB de alta pot\u00eancia desenvolvido para marcar o anivers\u00e1rio de 50 anos da Accuphase.\u00a0A se\u00e7\u00e3o de pr\u00e9-amplificador apresenta nosso controle de volume AAVA balanceado superior, enquanto a se\u00e7\u00e3o de amplificador de pot\u00eancia inclui um amplificador de instrumenta\u00e7\u00e3o e transistores de pot\u00eancia em um arranjo push-pull de [&hellip;]<\/p>\n","protected":false},"featured_media":5228,"template":"","meta":{"_acf_changed":false},"product_brand":[],"product_cat":[229,27,51],"product_tag":[],"class_list":{"0":"post-5224","1":"product","2":"type-product","3":"status-publish","4":"has-post-thumbnail","6":"product_cat-accuphase","7":"product_cat-amplificador","8":"product_cat-integrado","10":"first","11":"instock","12":"sold-individually","13":"shipping-taxable","14":"purchasable","15":"product-type-simple"},"acf":[],"aioseo_notices":[],"_links":{"self":[{"href":"https:\/\/hificlub.com.br\/loja\/wp-json\/wp\/v2\/product\/5224","targetHints":{"allow":["GET"]}}],"collection":[{"href":"https:\/\/hificlub.com.br\/loja\/wp-json\/wp\/v2\/product"}],"about":[{"href":"https:\/\/hificlub.com.br\/loja\/wp-json\/wp\/v2\/types\/product"}],"wp:featuredmedia":[{"embeddable":true,"href":"https:\/\/hificlub.com.br\/loja\/wp-json\/wp\/v2\/media\/5228"}],"wp:attachment":[{"href":"https:\/\/hificlub.com.br\/loja\/wp-json\/wp\/v2\/media?parent=5224"}],"wp:term":[{"taxonomy":"product_brand","embeddable":true,"href":"https:\/\/hificlub.com.br\/loja\/wp-json\/wp\/v2\/product_brand?post=5224"},{"taxonomy":"product_cat","embeddable":true,"href":"https:\/\/hificlub.com.br\/loja\/wp-json\/wp\/v2\/product_cat?post=5224"},{"taxonomy":"product_tag","embeddable":true,"href":"https:\/\/hificlub.com.br\/loja\/wp-json\/wp\/v2\/product_tag?post=5224"}],"curies":[{"name":"wp","href":"https:\/\/api.w.org\/{rel}","templated":true}]}}