{"id":5210,"date":"2023-10-25T14:29:42","date_gmt":"2023-10-25T17:29:42","guid":{"rendered":"https:\/\/hificlub.com.br\/loja2\/?post_type=product&#038;p=5210"},"modified":"2026-04-08T04:04:51","modified_gmt":"2026-04-08T07:04:51","slug":"accuphase-dp-570-cd-sacd-dac-player","status":"publish","type":"product","link":"https:\/\/hificlub.com.br\/loja\/produto\/accuphase-dp-570-cd-sacd-dac-player\/","title":{"rendered":"ACCUPHASE DP-570 CD\/SACD\/DAC Player"},"content":{"rendered":"<p>Em 2008, a Accuphase lan\u00e7ou o DP-600 como padr\u00e3o modelo referencia para reproduzir SA-CD e CD.<\/p>\n<p>O novo DP-570 \u00e9 a 4\u00aa gera\u00e7\u00e3o desta linha com unidade SA-CD\/CD aprimorada e THD e ru\u00eddo ultrabaixos desempenho, em compara\u00e7\u00e3o com o antigo DP-560, que foi lan\u00e7ado em 2016.<\/p>\n<p>A fim de buscar a leitura precisa dos dados, a vibra\u00e7\u00e3o an\u00e1lise da capta\u00e7\u00e3o do laser \u00e9 realizada, e o cuidado design incluindo a caixa elimina completamente o efeito adverso na leitura do disco.<\/p>\n<p>Equipado com uma entrada USB que suporta v\u00e1rios fontes.<\/p>\n<p>Aliando tecnologia de ponta e confiabilidade, o DP570 ser\u00e1 uma forma de extrair todas as informa\u00e7\u00f5es contidas em suas cole\u00e7\u00f5es de SA-CD \/ CD e o levar\u00e1 para a pr\u00f3xima passo na experi\u00eancia de reprodu\u00e7\u00e3o de disco ideal.<\/p>\n<p>Equipado com carregamento de disco silencioso e suave, a alta rigidez e o baixo centro de gravidade da unidade SA-CD\/CD melhoram muito a legibilidade, enquanto o conversor D\/A tipo MDS+ com quatro circuitos paralelos l\u00ea com precis\u00e3o as informa\u00e7\u00f5es do disco e converte sinais anal\u00f3gicos.\u00a0Ele tamb\u00e9m suporta uma conex\u00e3o digital com um equalizador de voz e fornece um recurso de lista de reprodu\u00e7\u00e3o program\u00e1vel que permite que voc\u00ea ou\u00e7a na ordem que preferir.<\/p>\n<p>Divirta-se ouvindo o DP-570, o pr\u00f3ximo passo na busca pela experi\u00eancia de reprodu\u00e7\u00e3o de disco ideal.<\/p>\n<ul>\n<li>Unidade SA-CD\/CD de alta qualidade<\/li>\n<li>Conversor D\/A tipo MDS+ com quatro circuitos paralelos<\/li>\n<li>Filtro balanceado direto com linha separada e caminhos de sinal balanceados<\/li>\n<li>lista de reprodu\u00e7\u00e3o program\u00e1vel<\/li>\n<li>Frequ\u00eancia de amostragem e exibi\u00e7\u00e3o de bits de quantiza\u00e7\u00e3o<\/li>\n<li>Reprodu\u00e7\u00e3o de disco de dados<\/li>\n<li>Numerosas sa\u00eddas de transporte e entradas digitais<\/li>\n<li>Conex\u00e3o digital com equalizadores de voz<\/li>\n<li>Seletor de fase para sa\u00eddas balanceadas<\/li>\n<\/ul>\n","protected":false},"excerpt":{"rendered":"<p>Em 2008, a Accuphase lan\u00e7ou o DP-600 como padr\u00e3o modelo referencia para reproduzir SA-CD e CD. O novo DP-570 \u00e9 a 4\u00aa gera\u00e7\u00e3o desta linha com unidade SA-CD\/CD aprimorada e THD e ru\u00eddo ultrabaixos desempenho, em compara\u00e7\u00e3o com o antigo DP-560, que foi lan\u00e7ado em 2016. A fim de buscar a leitura precisa dos dados, [&hellip;]<\/p>\n","protected":false},"featured_media":18632,"template":"","meta":{"_acf_changed":false},"product_brand":[],"product_cat":[229,42,43,41],"product_tag":[],"class_list":{"0":"post-5210","1":"product","2":"type-product","3":"status-publish","4":"has-post-thumbnail","6":"product_cat-accuphase","7":"product_cat-cd-players","8":"product_cat-dac","9":"product_cat-digital","11":"first","12":"instock","13":"sold-individually","14":"shipping-taxable","15":"purchasable","16":"product-type-simple"},"acf":[],"aioseo_notices":[],"_links":{"self":[{"href":"https:\/\/hificlub.com.br\/loja\/wp-json\/wp\/v2\/product\/5210","targetHints":{"allow":["GET"]}}],"collection":[{"href":"https:\/\/hificlub.com.br\/loja\/wp-json\/wp\/v2\/product"}],"about":[{"href":"https:\/\/hificlub.com.br\/loja\/wp-json\/wp\/v2\/types\/product"}],"wp:featuredmedia":[{"embeddable":true,"href":"https:\/\/hificlub.com.br\/loja\/wp-json\/wp\/v2\/media\/18632"}],"wp:attachment":[{"href":"https:\/\/hificlub.com.br\/loja\/wp-json\/wp\/v2\/media?parent=5210"}],"wp:term":[{"taxonomy":"product_brand","embeddable":true,"href":"https:\/\/hificlub.com.br\/loja\/wp-json\/wp\/v2\/product_brand?post=5210"},{"taxonomy":"product_cat","embeddable":true,"href":"https:\/\/hificlub.com.br\/loja\/wp-json\/wp\/v2\/product_cat?post=5210"},{"taxonomy":"product_tag","embeddable":true,"href":"https:\/\/hificlub.com.br\/loja\/wp-json\/wp\/v2\/product_tag?post=5210"}],"curies":[{"name":"wp","href":"https:\/\/api.w.org\/{rel}","templated":true}]}}