{"id":520,"date":"2023-10-17T19:51:41","date_gmt":"2023-10-17T22:51:41","guid":{"rendered":"https:\/\/hificlub.com.br\/loja2\/produto\/zesto-audio-leto-line-preamp-valvulado\/"},"modified":"2024-12-23T06:10:53","modified_gmt":"2024-12-23T09:10:53","slug":"zesto-audio-leto-line-preamp-valvulado","status":"publish","type":"product","link":"https:\/\/hificlub.com.br\/loja\/produto\/zesto-audio-leto-line-preamp-valvulado\/","title":{"rendered":"ZESTO AUDIO LETO Preamplificador  Valvulado"},"content":{"rendered":"<p>CONDI\u00c7\u00c3O: 9\/10<br \/>\nVALVULADO: SIM<\/p>\n<p>O pr\u00e9-amplificador Leto, um linestage que \u00e9 o segundo produto do Zesto Audio de George e Carolyn Counnas, \u00e9 cortado t\u00e3o completamente do mesmo tecido s\u00f4nico do phonostage Andros PS1 de Zesto que revi no ano passado que descrever seu som seria repetir mais ou menos o que Eu disse ent\u00e3o (edi\u00e7\u00e3o 222).\u00a0Como o Andros, o Leto \u00e9 um design todo valvulado que representa o que eu costumo chamar de som valvulado cl\u00e1ssico atualizado.\u00a0Com isso quero dizer que ele possui todo o arredondamento, dimensionalidade e corpo que amamos das v\u00e1lvulas cl\u00e1ssicas sem suas anomalias tonais rebeldes, suas defici\u00eancias no final do baixo e seus n\u00edveis de ru\u00eddo relativamente altos.\u00a0O equil\u00edbrio tonal geral \u00e9 neutro\u2014permitiu, por exemplo,\u00a0todas as diferen\u00e7as entre os captadores na minha pr\u00f3xima pesquisa de cartuchos em outros lugares seriam reveladas sem ambiguidade &#8211; embora minha impress\u00e3o inicial fosse de que poderia estar um pouco no lado quente.\u00a0Com a escuta prolongada, no entanto, estou muito menos certo disso porque, como observei no Andros, a caracter\u00edstica realmente distintiva do Leto \u00e9 uma maravilhosa liberdade dos tipos usuais de exageros sonoros e artefatos eletromec\u00e2nicos.\u00a0\u00c9 a aus\u00eancia de tais artefatos que \u00e0s vezes engana o ouvido para ouvir o calor simplesmente porque a apresenta\u00e7\u00e3o \u00e9 t\u00e3o livre de qualquer coisa potencialmente irritante.\u00a0(N\u00e3o \u00e9 de admirar que as salas Zesto tenham aparecido com tanta frequ\u00eancia nas listas de \u201cmelhor som\u201d dos programas de \u00e1udio recentes.) \u00c9 transparente o suficiente para que a transpar\u00eancia n\u00e3o seja uma preocupa\u00e7\u00e3o, detalhada o suficiente para que a resolu\u00e7\u00e3o n\u00e3o seja uma preocupa\u00e7\u00e3o,<em>The Rite of Spring<\/em>\u00a0,\u00a0<em>For Duke<\/em>\u00a0, ou\u00a0<em>The Sheffield Drum Test Record<\/em>\u00a0.\u00a0Mas se voc\u00ea exige que cada transiente saia como um tiro de pistola, voc\u00ea pode querer procurar em outro lugar: uma naturalidade que logo se torna bastante viciante \u00e9 a ordem do dia com este pr\u00e9-amplificador, embora tamb\u00e9m seja vivo em sua din\u00e2mica e realista em sua vivacidade e vitalidade ( Absolute Sound by Paul Seydor )<\/p>\n<p><b>Especifica\u00e7\u00f5es<\/b><\/p>\n<p><b>Descri\u00e7\u00e3o:<\/b>\u00a0Pr\u00e9-amplificador de est\u00e1gio de linha tubular.\u00a0Complemento de tubo: dois pinos dourados JJ ECC83S\/12AX7, dois pinos dourados JJ ECC82\/12AU7.\u00a0Resposta de frequ\u00eancia: 10Hz\u2013100kHz, \u20131dB.\u00a0Polaridade de sa\u00edda: n\u00e3o inversora.\u00a0Distor\u00e7\u00e3o: aproximadamente 0,02% na entrada de 1V RMS.\u00a0Ganho de tens\u00e3o: 12dB.\u00a0Rela\u00e7\u00e3o sinal\/ru\u00eddo: aproximadamente 100dB ref.\u00a0n\u00edvel operacional.\u00a0Separa\u00e7\u00e3o de canais: &gt;90dB.<br \/>\n<b>Dimens\u00f5es:<\/b>\u00a017&#8243; (435mm) W por 5&#8243; (130mm) H por 12&#8243; (305mm) D. Peso 23 lbs (10,5kg).<\/p>\n","protected":false},"excerpt":{"rendered":"<p>CONDI\u00c7\u00c3O: 9\/10 VALVULADO: SIM O pr\u00e9-amplificador Leto, um linestage que \u00e9 o segundo produto do Zesto Audio de George e Carolyn Counnas, \u00e9 cortado t\u00e3o completamente do mesmo tecido s\u00f4nico do phonostage Andros PS1 de Zesto que revi no ano passado que descrever seu som seria repetir mais ou menos o que Eu disse ent\u00e3o [&hellip;]<\/p>\n","protected":false},"featured_media":519,"template":"","meta":{"_acf_changed":false},"product_brand":[],"product_cat":[38],"product_tag":[],"class_list":{"0":"post-520","1":"product","2":"type-product","3":"status-publish","4":"has-post-thumbnail","6":"product_cat-pre-amplificador","8":"first","9":"instock","10":"sold-individually","11":"shipping-taxable","12":"purchasable","13":"product-type-simple"},"acf":[],"aioseo_notices":[],"_links":{"self":[{"href":"https:\/\/hificlub.com.br\/loja\/wp-json\/wp\/v2\/product\/520","targetHints":{"allow":["GET"]}}],"collection":[{"href":"https:\/\/hificlub.com.br\/loja\/wp-json\/wp\/v2\/product"}],"about":[{"href":"https:\/\/hificlub.com.br\/loja\/wp-json\/wp\/v2\/types\/product"}],"wp:featuredmedia":[{"embeddable":true,"href":"https:\/\/hificlub.com.br\/loja\/wp-json\/wp\/v2\/media\/519"}],"wp:attachment":[{"href":"https:\/\/hificlub.com.br\/loja\/wp-json\/wp\/v2\/media?parent=520"}],"wp:term":[{"taxonomy":"product_brand","embeddable":true,"href":"https:\/\/hificlub.com.br\/loja\/wp-json\/wp\/v2\/product_brand?post=520"},{"taxonomy":"product_cat","embeddable":true,"href":"https:\/\/hificlub.com.br\/loja\/wp-json\/wp\/v2\/product_cat?post=520"},{"taxonomy":"product_tag","embeddable":true,"href":"https:\/\/hificlub.com.br\/loja\/wp-json\/wp\/v2\/product_tag?post=520"}],"curies":[{"name":"wp","href":"https:\/\/api.w.org\/{rel}","templated":true}]}}