{"id":5089,"date":"2023-10-17T20:14:52","date_gmt":"2023-10-17T23:14:52","guid":{"rendered":"https:\/\/hificlub.com.br\/loja2\/produto\/ortofon-mc-quintet-blue\/"},"modified":"2026-04-22T05:36:53","modified_gmt":"2026-04-22T08:36:53","slug":"ortofon-mc-quintet-blue","status":"publish","type":"product","link":"https:\/\/hificlub.com.br\/loja\/produto\/ortofon-mc-quintet-blue\/","title":{"rendered":"ORTOFON MC QUINTET BLUE  Capsula MC"},"content":{"rendered":"<p>Capsula de bobina m\u00f3vel Ortofon Quintet Blue<\/p>\n<p>Nada demonstra mais a resili\u00eancia de longa data da Ortofon do que o seu compromisso com o refinamento da qualidade do som anal\u00f3gico e o desenvolvimento cont\u00ednuo de novos modelos de cartuchos.<br \/>\nDesde 1948, a Ortofon introduziu cerca de 100 modelos diferentes de bobinas m\u00f3veis, sendo o mais recente a s\u00e9rie Quinteto.<br \/>\nA Ortofon acredita que os cartuchos desta nova s\u00e9rie s\u00e3o sucessores mais do que dignos da longa linha de modelos que fizeram da Ortofon a l\u00edder global na fabrica\u00e7\u00e3o e fornecimento de cartuchos fonogr\u00e1ficos.<\/p>\n<p>O Quintet Blue \u00e9 um cartucho muito homog\u00eaneo cuja imagem sonora tender\u00e1 a uma reprodu\u00e7\u00e3o mais suave em compara\u00e7\u00e3o ao Quintet Red e a uma for\u00e7a din\u00e2mica moderada em compara\u00e7\u00e3o ao Quintet Bronze.<\/p>\n<p>Possui um diamante Nude Elliptical montado em um cantilever de alum\u00ednio. O Quintet Blue vai trazer mais espa\u00e7o, profundidade e detalhes ao som e \u00e9 uma \u00f3tima op\u00e7\u00e3o para qualquer tipo de m\u00fasica, principalmente r\u00edtmica.<\/p>\n<p>A s\u00e9rie MC Quintet \u00e9 congruente com o compromisso incans\u00e1vel da Ortofon em fornecer a reprodu\u00e7\u00e3o mais precisa e precisa poss\u00edvel sem colora\u00e7\u00e3o.<\/p>\n<p>Um material termopl\u00e1stico especial ABS (acrilonitrila\/butadieno\/estireno) \u00e9 usado na fabrica\u00e7\u00e3o do corpo. Este material leve e resistente a impactos \u00e9 muito adequado para moldagem por inje\u00e7\u00e3o e fornece uma superf\u00edcie muito dur\u00e1vel e resistente a arranh\u00f5es.<br \/>\n\u00cdm\u00e3s de neod\u00edmio s\u00e3o implementados para obter uma sa\u00edda ideal.<br \/>\nA baixa imped\u00e2ncia interna torna o cartucho menos sens\u00edvel \u00e0 carga e, portanto, garante compatibilidade com a mais ampla gama de pr\u00e9-amplificadores e transformadores.<\/p>\n<p>Output voltage at 1 kHz 5 cm\/sec &#8211; 0.5 mV<br \/>\nChannel balance &#8211; &lt; 1.5 dB<br \/>\nChannel separation at 1 kHz &#8211; &gt; 21 dB<br \/>\nChannel separation at 15 kHz &#8211; &gt; 14 dB<br \/>\nFrequency response 20-20.000 Hz &#8211; +\/-2.5 dB<br \/>\nTracking ability at 315 Hz at recommended tracking force *) &#8211; 70 \u03bcm<br \/>\nCompliance, dynamic, lateral &#8211; 15 \u03bcm\/mN<br \/>\nStylus type &#8211; Nude Elliptical<br \/>\nStylus tip radius &#8211; r\/R 8\/18 \u03bcm<br \/>\nTracking force range &#8211; 2.1-2.5 g (21-25 mN)<br \/>\nTracking force recommended &#8211; 2.3 g (23 mN)<br \/>\nTracking angle &#8211; 20\u00ba<br \/>\nInternal impedance, DC resistance &#8211; 7 Ohm<br \/>\nRecommended load impedance &#8211; &gt;20 Ohm<br \/>\nCartridge body material &#8211; ABS\/Aluminium<br \/>\nCoil wire material &#8211; Pure 4-nines silver<br \/>\nCartridge colour &#8211; Blue<br \/>\nCartridge weight &#8211; 9 g*) Typical value<\/p>\n","protected":false},"excerpt":{"rendered":"<p>Capsula de bobina m\u00f3vel Ortofon Quintet Blue Nada demonstra mais a resili\u00eancia de longa data da Ortofon do que o seu compromisso com o refinamento da qualidade do som anal\u00f3gico e o desenvolvimento cont\u00ednuo de novos modelos de cartuchos. Desde 1948, a Ortofon introduziu cerca de 100 modelos diferentes de bobinas m\u00f3veis, sendo o mais [&hellip;]<\/p>\n","protected":false},"featured_media":16335,"template":"","meta":{"_acf_changed":false},"product_brand":[],"product_cat":[78,99,100],"product_tag":[],"class_list":{"0":"post-5089","1":"product","2":"type-product","3":"status-publish","4":"has-post-thumbnail","6":"product_cat-analogico-audio","7":"product_cat-capsulas","8":"product_cat-ortofon","10":"first","11":"instock","12":"sold-individually","13":"shipping-taxable","14":"purchasable","15":"product-type-simple"},"acf":[],"aioseo_notices":[],"_links":{"self":[{"href":"https:\/\/hificlub.com.br\/loja\/wp-json\/wp\/v2\/product\/5089","targetHints":{"allow":["GET"]}}],"collection":[{"href":"https:\/\/hificlub.com.br\/loja\/wp-json\/wp\/v2\/product"}],"about":[{"href":"https:\/\/hificlub.com.br\/loja\/wp-json\/wp\/v2\/types\/product"}],"wp:featuredmedia":[{"embeddable":true,"href":"https:\/\/hificlub.com.br\/loja\/wp-json\/wp\/v2\/media\/16335"}],"wp:attachment":[{"href":"https:\/\/hificlub.com.br\/loja\/wp-json\/wp\/v2\/media?parent=5089"}],"wp:term":[{"taxonomy":"product_brand","embeddable":true,"href":"https:\/\/hificlub.com.br\/loja\/wp-json\/wp\/v2\/product_brand?post=5089"},{"taxonomy":"product_cat","embeddable":true,"href":"https:\/\/hificlub.com.br\/loja\/wp-json\/wp\/v2\/product_cat?post=5089"},{"taxonomy":"product_tag","embeddable":true,"href":"https:\/\/hificlub.com.br\/loja\/wp-json\/wp\/v2\/product_tag?post=5089"}],"curies":[{"name":"wp","href":"https:\/\/api.w.org\/{rel}","templated":true}]}}