{"id":5059,"date":"2023-10-17T20:14:45","date_gmt":"2023-10-17T23:14:45","guid":{"rendered":"https:\/\/hificlub.com.br\/loja2\/produto\/bw-cm7\/"},"modified":"2024-12-16T06:30:59","modified_gmt":"2024-12-16T09:30:59","slug":"bw-cm7","status":"publish","type":"product","link":"https:\/\/hificlub.com.br\/loja\/produto\/bw-cm7\/","title":{"rendered":"B&#038;W CM7"},"content":{"rendered":"<p>ESTADO 9\/10<\/p>\n<p>Descri\u00e7\u00e3o t\u00e9cnica<br \/>\nAs CM7 s\u00e3o um modelo de tr\u00eas vias e apresentam caracter\u00edsticas encontradas, apenas, em modelos de pre\u00e7o bastante<br \/>\nsuperior. Como se sabe, a B&amp;W \u00e9 um dos maiores construtores de colunas e apresenta uma gama de solu\u00e7\u00f5es muito<br \/>\nampla, capaz de responder \u00e0 esmagadora maioria das exig\u00eancias, variando desde o muito acess\u00edvel at\u00e9 ao extremo<br \/>\noposto. N\u00e3o \u00e9 caso para dizer que \u00abh\u00e1 para todos os gostos\u00bb<br \/>\nporque existe sempre uma certa sonoridade caracter\u00edstica.<br \/>\nEste fabricante aposta fortemente nas \u00e1reas da pesquisa e<br \/>\ndesenvolvimento e os conhecimentos adquiridos v\u00e3o sendo<br \/>\npostos ao servi\u00e7o do consumidor, como acontece com este<br \/>\nmodelo, que disp\u00f5e de um tweeter especial, inicialmente<br \/>\ndesenvolvido para a famosa linha Nautilus. Este tweeter, de<br \/>\nc\u00fapula de alum\u00ednio, com 25 mm de di\u00e2metro, disp\u00f5e de um<br \/>\ntubo na parte de tr\u00e1s para dissipa\u00e7\u00e3o de energia, permitindo<br \/>\num som mais limpo e suave. Por outro lado, o altifalante de<br \/>\nm\u00e9dias frequ\u00eancias tamb\u00e9m utiliza uma tecnologia pouco<br \/>\nhabitual em colunas deste n\u00edvel de pre\u00e7os, uma vez que disp\u00f5e de uma constru\u00e7\u00e3o FST (Fixed Suspension Transducer),<br \/>\ndesenvolvida pela marca, que consiste na aus\u00eancia de suspens\u00e3o, permitindo uma resposta muito linear e transparente nesta gama de frequ\u00eancias t\u00e3o importante para o ouvido<br \/>\nhumano. Tem um cone de kevlar, com um di\u00e2metro de<br \/>\n130 mm e, pelo facto de ser espec\u00edfico para a gama m\u00e9dia,<br \/>\nn\u00e3o precisa de uma grande amplitude de movimentos, o que<br \/>\npermite utilizar este tipo de constru\u00e7\u00e3o; a possibilidade desta<br \/>\nsolu\u00e7\u00e3o deve-se, evidentemente, ao facto de ser um modelo<br \/>\nde tr\u00eas vias. Por \u00faltimo, para as baixas frequ\u00eancias, as CM7<br \/>\ncontam com um altifalante de 165 mm de di\u00e2metro, em que<br \/>\no cone \u00e9 feito de uma mistura de papel\u00e3o e kevlar.<br \/>\nCom umas dimens\u00f5es bastante comedidas, 900\u00d7200\u00d7300 mm<br \/>\n(a\u00d7l\u00d7p) e, embora precisem de algum espa\u00e7o por causa da sa\u00edda<br \/>\nbass-reflex no painel posterior, as CM7 n\u00e3o s\u00e3o muito cr\u00edticas<br \/>\nem termos de coloca\u00e7\u00e3o. Em rela\u00e7\u00e3o ao aspecto, sem a grelha,<br \/>\neste modelo \u00e9 extremamente apelativo, facto que me levou a<br \/>\nrealizar este teste sempre com a frente a descoberto e, tamb\u00e9m,<br \/>\nporque nunca me pareceu necess\u00e1rio utilizar a grelha, dadas as<br \/>\nsuas caracter\u00edsticas sonoras. A prop\u00f3sito do p\u00f3rtico de ventila\u00e7\u00e3o, a B&amp;W inspirou-se nas bolas de golfe para construir uma esp\u00e9cie de corneta com pequenas<br \/>\ndepress\u00f5es, bolinhas em baixo relevo,<br \/>\nde forma a optimizar a passagem do<br \/>\nar, evitando a ocorr\u00eancia de microturbilh\u00f5es que prejudicariam o fluxo de ar.<br \/>\nAs CM7 apresentam uma imped\u00e2ncia nominal de 8 Ohm (m\u00ednimo de 3<br \/>\nOhm) e uma sensibilidade muito<br \/>\nconfort\u00e1vel de 88 dB, o que as torna<br \/>\nnum modelo f\u00e1cil de conduzir, com<br \/>\npoucas exig\u00eancias em termos de<br \/>\namplifica\u00e7\u00e3o. A resposta de frequ\u00eancias estende-se dos 62 Hz aos<br \/>\n22 kHz (\u00b13 dB) e a gama de frequ\u00eancias vai dos 34 Hz aos 50 kHz<br \/>\n(-6 dB); as frequ\u00eancias de corte<br \/>\nocorrem aos 350 Hz e aos 4 kHz. O<br \/>\npeso \u00e9 de 20 kg.<br \/>\nA constru\u00e7\u00e3o \u00e9 bastante cuidada e o<br \/>\naspecto muito elegante. No painel<br \/>\nposterior, de modo a permitir a bicablagem, encontram-se dois pares de<br \/>\nfichas de boa qualidade, que admitem qualquer tipo de liga\u00e7\u00e3o: cabo<br \/>\nnu, bananas e forquilhas, embora,<br \/>\ndevido ao di\u00e2metro do n\u00facleo interno, n\u00e3o me fosse poss\u00edvel utilizar as<br \/>\nforquilhas da WBT sem ter que as for\u00e7ar, e tive que me socorrer de umas<br \/>\nbananas da Eagle que funcionaram<br \/>\ncomo adaptador; aten\u00e7\u00e3o a este pormenor na altura de comprar os<br \/>\ncabos, porque existem forquilhas<br \/>\nmais largas.<\/p>\n<table border=\"0\">\n<tbody>\n<tr>\n<td>Model<\/td>\n<td>B&amp;W CM7<\/td>\n<\/tr>\n<tr>\n<td>Drivers<\/td>\n<td>1x \u00f825mm (1 in) aluminium dome high-frequency<br \/>\n1x \u00f8130mm (5 in) woven Kevlar \u00ae cone FST midrange<br \/>\n1x \u00f8165mm (6.5 in) paper\/Kevlar \u00ae cone bass<br \/>\nNautilus\u2122 tube loaded aluminium dome tweeter<\/td>\n<\/tr>\n<tr>\n<td>Sensitvity<\/td>\n<td>88dB spl (2.83V, 1m)<\/td>\n<\/tr>\n<tr>\n<td>Frequency Range<\/td>\n<td>-6dB at 34Hz and 50kHz<\/td>\n<\/tr>\n<tr>\n<td>Impedance<\/td>\n<td>8\u03a9<\/td>\n<\/tr>\n<tr>\n<td>Recomended Amp Power<\/td>\n<td>30W &#8211; 150W<\/td>\n<\/tr>\n<tr>\n<td>Dimensions HxWxD<\/td>\n<td>910x200x280mm<\/td>\n<\/tr>\n<tr>\n<td>Weight<\/td>\n<td>20kg<\/td>\n<\/tr>\n<\/tbody>\n<\/table>\n","protected":false},"excerpt":{"rendered":"<p>ESTADO 9\/10 Descri\u00e7\u00e3o t\u00e9cnica As CM7 s\u00e3o um modelo de tr\u00eas vias e apresentam caracter\u00edsticas encontradas, apenas, em modelos de pre\u00e7o bastante superior. Como se sabe, a B&amp;W \u00e9 um dos maiores construtores de colunas e apresenta uma gama de solu\u00e7\u00f5es muito ampla, capaz de responder \u00e0 esmagadora maioria das exig\u00eancias, variando desde o muito [&hellip;]<\/p>\n","protected":false},"featured_media":5711,"template":"","meta":{"_acf_changed":false},"product_brand":[],"product_cat":[19,17,18],"product_tag":[],"class_list":{"0":"post-5059","1":"product","2":"type-product","3":"status-publish","4":"has-post-thumbnail","6":"product_cat-bw","7":"product_cat-caixas","8":"product_cat-torres","10":"first","11":"instock","12":"sold-individually","13":"shipping-taxable","14":"purchasable","15":"product-type-simple"},"acf":[],"aioseo_notices":[],"_links":{"self":[{"href":"https:\/\/hificlub.com.br\/loja\/wp-json\/wp\/v2\/product\/5059","targetHints":{"allow":["GET"]}}],"collection":[{"href":"https:\/\/hificlub.com.br\/loja\/wp-json\/wp\/v2\/product"}],"about":[{"href":"https:\/\/hificlub.com.br\/loja\/wp-json\/wp\/v2\/types\/product"}],"wp:featuredmedia":[{"embeddable":true,"href":"https:\/\/hificlub.com.br\/loja\/wp-json\/wp\/v2\/media\/5711"}],"wp:attachment":[{"href":"https:\/\/hificlub.com.br\/loja\/wp-json\/wp\/v2\/media?parent=5059"}],"wp:term":[{"taxonomy":"product_brand","embeddable":true,"href":"https:\/\/hificlub.com.br\/loja\/wp-json\/wp\/v2\/product_brand?post=5059"},{"taxonomy":"product_cat","embeddable":true,"href":"https:\/\/hificlub.com.br\/loja\/wp-json\/wp\/v2\/product_cat?post=5059"},{"taxonomy":"product_tag","embeddable":true,"href":"https:\/\/hificlub.com.br\/loja\/wp-json\/wp\/v2\/product_tag?post=5059"}],"curies":[{"name":"wp","href":"https:\/\/api.w.org\/{rel}","templated":true}]}}