{"id":5033,"date":"2023-10-17T20:14:37","date_gmt":"2023-10-17T23:14:37","guid":{"rendered":"https:\/\/hificlub.com.br\/loja2\/produto\/oyaide-mts-6ii\/"},"modified":"2026-03-03T22:20:30","modified_gmt":"2026-03-04T01:20:30","slug":"oyaide-mts-6ii","status":"publish","type":"product","link":"https:\/\/hificlub.com.br\/loja\/produto\/oyaide-mts-6ii\/","title":{"rendered":"OYAIDE MTS 6II Barra de Tomadas"},"content":{"rendered":"<p>O MTS-6 II herda o chassi de a\u00e7o inoxid\u00e1vel e examina cada parte da vers\u00e3o anterior para melhorar a localiza\u00e7\u00e3o e eliminar distor\u00e7\u00f5es. Este modelo permite que voc\u00ea sinta totalmente a express\u00e3o de equil\u00edbrio, mesmo no campo pr\u00f3ximo. O MTS-6 possui lat\u00e3o espesso n\u00e3o magn\u00e9tico para uso na parte de metal que suporta a sa\u00edda. Al\u00e9m disso, melhora o efeito de amortecimento, que \u00e9 um fator importante<br \/>\n Caixa: caixa de a\u00e7o inoxid\u00e1vel SUS304 com 1,6 mm de espessura<br \/>\nSa\u00edda: Bronze fosforoso n\u00e3o revestido com acabamento polido para MTS-6 II<br \/>\nInterno: fia\u00e7\u00e3o OFC 2 mm de trilha \u00fanica \/ Oyaide 3398-14<br \/>\nEntrada: banho de prata grosso + banho de r\u00f3dio espesso<br \/>\nPico: OSP-SS Solda: Oyaide SS-47<br \/>\nDimens\u00f5es da caixa: L70mm x P385mm x H50mm<br \/>\nPeso: 1800g<br \/>\nClassifica\u00e7\u00e3o: 125V \/ 15A Interior<br \/>\nMade in Japan<\/p>\n<p>Oyaide \u00e9 uma empresa japonesa conhecida por sua produ\u00e7\u00e3o de cabos e acess\u00f3rios de alta qualidade para \u00e1udio e v\u00eddeo. Fundada em 1952 por Masayoshi Oyaide, a empresa come\u00e7ou como um fabricante de conectores el\u00e9tricos e pe\u00e7as de metal. No entanto, foi nos anos mais recentes que a Oyaide se destacou como uma l\u00edder na fabrica\u00e7\u00e3o de cabos de \u00e1udio e acess\u00f3rios relacionados. A empresa ganhou reconhecimento internacional por seu compromisso com a qualidade de constru\u00e7\u00e3o, desempenho sonoro e inova\u00e7\u00e3o tecnol\u00f3gica. Uma das caracter\u00edsticas distintivas dos produtos da Oyaide \u00e9 o uso de materiais de alta qualidade e t\u00e9cnicas de fabrica\u00e7\u00e3o avan\u00e7adas. Eles empregam condutores de cobre livre de oxig\u00eanio (OFC) e isolamento de pol\u00edmeros especiais para garantir a m\u00e1xima transmiss\u00e3o de sinal e a m\u00ednima interfer\u00eancia. A Oyaide produz uma ampla gama de cabos, incluindo cabos de interconex\u00e3o, cabos de alto-falante, cabos de alimenta\u00e7\u00e3o e cabos USB, entre outros. Cada produto \u00e9 projetado com precis\u00e3o e aten\u00e7\u00e3o aos detalhes para garantir um desempenho sonoro excepcional.<\/p>\n<p>Expertise que te leva a melhor experi\u00eancia de som.<br \/>\nVenda, distribui\u00e7\u00e3o e consultoria de aparelhos de audio Hi-Fi e High End.<\/p>\n<p>Clique aqui caso tenha alguma d\u00favida sobre como comprar. Se precisar entrar em contato com nossa equipe.<\/p>\n<p>Com foco em satisfazer as necessidades mais exigentes dos consumidores, escolhemos as melhores marcas do seguimento do \u00e1udio dom\u00e9stico. Qualquer projeto de \u00e1udio, v\u00eddeo, ac\u00fastica e el\u00e9trica pode ser analisado para oferecermos o melhor suporte para cada caso e cliente.<\/p>\n<p>Contamos com os melhores revendedores das principais cidades brasileiras e suporte t\u00e9cnico especializado em todos os produtos hi fi e hi enf<\/p>\n<p>Ouvidos apurados merecem o melhor!<\/p>\n","protected":false},"excerpt":{"rendered":"<p>O MTS-6 II herda o chassi de a\u00e7o inoxid\u00e1vel e examina cada parte da vers\u00e3o anterior para melhorar a localiza\u00e7\u00e3o e eliminar distor\u00e7\u00f5es. Este modelo permite que voc\u00ea sinta totalmente a express\u00e3o de equil\u00edbrio, mesmo no campo pr\u00f3ximo. O MTS-6 possui lat\u00e3o espesso n\u00e3o magn\u00e9tico para uso na parte de metal que suporta a sa\u00edda. [&hellip;]<\/p>\n","protected":false},"featured_media":22294,"template":"","meta":{"_acf_changed":false},"product_brand":[],"product_cat":[89,106],"product_tag":[],"class_list":{"0":"post-5033","1":"product","2":"type-product","3":"status-publish","4":"has-post-thumbnail","6":"product_cat-acessorios","7":"product_cat-energia","9":"first","10":"instock","11":"sold-individually","12":"shipping-taxable","13":"purchasable","14":"product-type-simple"},"acf":[],"aioseo_notices":[],"_links":{"self":[{"href":"https:\/\/hificlub.com.br\/loja\/wp-json\/wp\/v2\/product\/5033","targetHints":{"allow":["GET"]}}],"collection":[{"href":"https:\/\/hificlub.com.br\/loja\/wp-json\/wp\/v2\/product"}],"about":[{"href":"https:\/\/hificlub.com.br\/loja\/wp-json\/wp\/v2\/types\/product"}],"wp:featuredmedia":[{"embeddable":true,"href":"https:\/\/hificlub.com.br\/loja\/wp-json\/wp\/v2\/media\/22294"}],"wp:attachment":[{"href":"https:\/\/hificlub.com.br\/loja\/wp-json\/wp\/v2\/media?parent=5033"}],"wp:term":[{"taxonomy":"product_brand","embeddable":true,"href":"https:\/\/hificlub.com.br\/loja\/wp-json\/wp\/v2\/product_brand?post=5033"},{"taxonomy":"product_cat","embeddable":true,"href":"https:\/\/hificlub.com.br\/loja\/wp-json\/wp\/v2\/product_cat?post=5033"},{"taxonomy":"product_tag","embeddable":true,"href":"https:\/\/hificlub.com.br\/loja\/wp-json\/wp\/v2\/product_tag?post=5033"}],"curies":[{"name":"wp","href":"https:\/\/api.w.org\/{rel}","templated":true}]}}