{"id":503,"date":"2023-10-17T19:51:39","date_gmt":"2023-10-17T22:51:39","guid":{"rendered":"https:\/\/hificlub.com.br\/loja2\/produto\/audio-research-dspre-com-dac\/"},"modified":"2025-11-17T07:03:26","modified_gmt":"2025-11-17T10:03:26","slug":"audio-research-dspre-com-dac","status":"publish","type":"product","link":"https:\/\/hificlub.com.br\/loja\/produto\/audio-research-dspre-com-dac\/","title":{"rendered":"AUDIO RESEARCH DSPRE com DAC"},"content":{"rendered":"<p>As tecnologias de converg\u00eancia alimentaram a demanda pela integra\u00e7\u00e3o de m\u00faltiplos componentes em produtos unificados. O DSPre \u00e9 um desses produtos, combinando os premiados recursos digital para anal\u00f3gico do DAC8 em um pr\u00e9-amplificador anal\u00f3gico ativo totalmente balanceado da Audio Research. Esta combina\u00e7\u00e3o de alto desempenho e conveni\u00eancia em um \u00fanico chassi proporciona um desempenho musical incr\u00edvel, bem como um excelente valor geral.<\/p>\n<p>O DSPre oferece cinco entradas digitais e cinco anal\u00f3gicas. Inclu\u00eddos na se\u00e7\u00e3o de entrada digital est\u00e3o USB 2.0HS, AES\/EBU, RCA, BNC e Toslink\u00ae \u2013 todos capazes de decodificar at\u00e9 24 bits, resolu\u00e7\u00e3o de 192 kHz. Dois conjuntos de entradas balanceadas e tr\u00eas de termina\u00e7\u00e3o \u00fanica completam a se\u00e7\u00e3o anal\u00f3gica. H\u00e1 um par de sa\u00eddas balanceadas e de termina\u00e7\u00e3o \u00fanica. O DSPre tamb\u00e9m possui conectividade RS-232 para controle de automa\u00e7\u00e3o, bem como dois gatilhos de 12 volts para ligar outros produtos, como os amplificadores da s\u00e9rie Definition.<\/p>\n<p>A tecnologia digital do DSPre \u00e9 derivada do nosso premiado DAC8. Utilizando uma arquitetura quad DAC e osciladores mestres de cristal duplos de baixo jitter, a decodifica\u00e7\u00e3o \u00e9 de \u00faltima gera\u00e7\u00e3o e tecnologia de ponta. O design USB ass\u00edncrono, em conjunto com os drivers de software personalizados da Audio Research, garantem uma transfer\u00eancia de dados perfeita. Al\u00e9m disso, todas as entradas S\/PDIF s\u00e3o eleg\u00edveis para convers\u00e3o ascendente atrav\u00e9s do nosso conversor de taxa de amostragem, levando sinais de 44,1 e 88,2 kHz para 176,4 kHz, ou sinais de 48 e 96 kHz para 192 kHz.<\/p>\n<p>O pr\u00e9-amplificador do DSPre \u00e9 todo anal\u00f3gico e puro classe A com feedback zero. As sa\u00eddas s\u00e3o de acoplamento direto e o design \u00e9 totalmente diferenciado de entrada para sa\u00edda. A resposta de frequ\u00eancia se estende al\u00e9m de 200 kHz e a rela\u00e7\u00e3o sinal-ru\u00eddo \u00e9 de 120 dB.<\/p>\n<p>Sonoramente, o DSPre \u00e9 simplesmente cativante, com uma apresenta\u00e7\u00e3o transparente, estendida e descontra\u00edda que \u00e9 diferente de outros produtos de estado s\u00f3lido \u2013 voc\u00ea saber\u00e1 que ele veio da Audio Research. O som \u00e9 amplo e focado, resolvendo muitas informa\u00e7\u00f5es, mas sem brilho, granula\u00e7\u00e3o ou artefato. Na verdade, voc\u00ea ficar\u00e1 bastante surpreso com as capacidades desta unidade, pois ela supera em muito as suas expectativas tanto em som quanto em capacidade. Alta Defini\u00e7\u00e3o\u00ae da Audio Research<\/p>\n<p><strong>ESPECIFICA\u00c7\u00d5ES<\/strong><\/p>\n<p>RESPOSTA DE FREQU\u00caNCIA<br \/>\n+0-3dB, 0,2Hz a 200kHz na sa\u00edda nominal. 0,15dB 20Hz a 20kHz (balanceado, carga de 200k ohms)<br \/>\nDISTOR\u00c7\u00c3O (THD)<br \/>\nTHD+N inferior a 0,006% na sa\u00edda 2VRMS BAL.<br \/>\nRU\u00cdDO E ZUMBIDO<br \/>\n-96dB (volume em 1)<br \/>\nGANHO<br \/>\nM\u00e1x. Ganho anal\u00f3gico: 18,1dB balanceado, 12dB SE. M\u00e1x. Ganho digital: 30dB balanceado, 24dB SE. (Entrada do processador: 0dB balanceado)<br \/>\nIMPED\u00c2NCIA DE ENTRADA<br \/>\n120K ohms balanceados, 60K ohms SE.<br \/>\nIMPED\u00c2NCIA DE SA\u00cdDA<br \/>\n500 ohms balanceados, 250 ohms SE principal (2), carga m\u00ednima de 20K ohms e capacit\u00e2ncia m\u00e1xima de 2000pF. Grave 1K ohms na entrada selecionada.<br \/>\nPOLARIDADE DE SA\u00cdDA<br \/>\nN\u00e3o inversora<br \/>\nENTRADAS M\u00c1XIMAS<br \/>\n24V RMS BAL, 12V RMS SE.<\/p>\n<p>SA\u00cdDAS NOMINAIS<br \/>\n2 V RMS de 1 Hz a 100 kHz em carga balanceada de 200 K ohm (a capacidade m\u00e1xima de sa\u00edda balanceada \u00e9 de 15 V RMS a menos de 0,5% THD a 1 kHz).<br \/>\nSUPRIMENTOS DE ENERGIA<br \/>\nTransformador R-core e 7 reguladores de baixo ru\u00eddo. Autom\u00e1tico 90 seg. mudo de aquecimento\/escurecimento. Regula\u00e7\u00e3o da linha melhor que 0,01%<br \/>\nREQUERIMENTOS PODEROSOS<br \/>\n105-130 VCA 60 Hz (210-260 VCA 50\/60 Hz) m\u00e1ximo de 27 watts. Modo de suspens\u00e3o m\u00e1ximo de 7 watts.<br \/>\nOUTRO<br \/>\nEntradas: Digitais: 75 ohms BNC, RCA, 110 ohms AES\/EBU, OPT 660nm fibra TOSLink 44,1 a 96kHz. Rela\u00e7\u00e3o sinal-ru\u00eddo: 120dB. Faixa din\u00e2mica (AES17): 117dB. IMD (SMPTE): 0,007%. Taxas de amostragem digital: 44,1kHz a 192kHz, SPDIF e USB 2.0HS. Oscilador mestre: 22,579mHz \u00b120Hz para 44,1, 88,2 e 176,4kHz. 24,576mHz\u00b120Hz para taxas de amostragem de 48, 96 e 192kHz. Jitter intr\u00ednseco: &lt;10ps. Controles: Seletor girat\u00f3rio de volume (104 passos) e seletor girat\u00f3rio de entrada. Bot\u00f5es de press\u00e3o: Power, Mono, Enter, Menu, Sample, Mute, Invert. Bot\u00f5es remotos: Display, Power, BAL L, BAL R, Filter, Pause\/Play\/Skip forward-backward, Mute, Mono, Invert, Menu, Enter, Sample, Proc, VOL UP, VOL DN, Bal1, Bal2, Bal3, SE1, SE2, SE3, AES, BNC, RCA, USB, TOS. Diafonia: -93dB.<\/p>\n<p>DIMENS\u00d5ES<br \/>\n19&#8243; (48 cm) L x 5 \u00be&#8221; (14,6 cm) A (painel de rack padr\u00e3o) x 14&#8243; (35,6 cm) D. As al\u00e7as se estendem 1\u00bd&#8221; (3,8 cm) \u00e0 frente do painel frontal.<br \/>\nPESO<br \/>\n13,2 libras. (6,0kg) L\u00edquido; 19,9 libras. (9,05 kg) Envio.<\/p>\n<p>&nbsp;<\/p>\n<p><a href=\"https:\/\/www.soundstagehifi.com\/index.php\/equipment-reviews\/493-audio-research-dspre-preamplifier-dac\" target=\"_blank\" rel=\"noopener\"><img loading=\"lazy\" decoding=\"async\" class=\"alignnone wp-image-22694 size-full\" src=\"https:\/\/hificlub.com.br\/loja\/wp-content\/uploads\/2023\/10\/AUDIO-RESEARCH-DSPRE-com-DAC-award.jpg\" alt=\"\" width=\"541\" height=\"113\" srcset=\"https:\/\/hificlub.com.br\/loja\/wp-content\/uploads\/2023\/10\/AUDIO-RESEARCH-DSPRE-com-DAC-award.jpg 541w, https:\/\/hificlub.com.br\/loja\/wp-content\/uploads\/2023\/10\/AUDIO-RESEARCH-DSPRE-com-DAC-award-300x63.jpg 300w\" sizes=\"auto, (max-width: 541px) 100vw, 541px\" \/> \u00a0<\/a>\u00a0 \u00a0 <a href=\"https:\/\/www.audioperfectionist.com.my\/product\/audio-research-dspre-amplifier\/\" target=\"_blank\" rel=\"noopener\"><img loading=\"lazy\" decoding=\"async\" class=\"alignnone wp-image-22697 size-full\" src=\"https:\/\/hificlub.com.br\/loja\/wp-content\/uploads\/2023\/10\/AUDIO-RESEARCH-DSPRE-com-DAC-award-1.jpg\" alt=\"\" width=\"217\" height=\"114\" \/><\/a><\/p>\n","protected":false},"excerpt":{"rendered":"<p>As tecnologias de converg\u00eancia alimentaram a demanda pela integra\u00e7\u00e3o de m\u00faltiplos componentes em produtos unificados. O DSPre \u00e9 um desses produtos, combinando os premiados recursos digital para anal\u00f3gico do DAC8 em um pr\u00e9-amplificador anal\u00f3gico ativo totalmente balanceado da Audio Research. Esta combina\u00e7\u00e3o de alto desempenho e conveni\u00eancia em um \u00fanico chassi proporciona um desempenho musical [&hellip;]<\/p>\n","protected":false},"featured_media":15718,"template":"","meta":{"_acf_changed":false},"product_brand":[],"product_cat":[29,43,41,38],"product_tag":[],"class_list":{"0":"post-503","1":"product","2":"type-product","3":"status-publish","4":"has-post-thumbnail","6":"product_cat-audio-research","7":"product_cat-dac","8":"product_cat-digital","9":"product_cat-pre-amplificador","11":"first","12":"instock","13":"sold-individually","14":"shipping-taxable","15":"purchasable","16":"product-type-simple"},"acf":[],"aioseo_notices":[],"_links":{"self":[{"href":"https:\/\/hificlub.com.br\/loja\/wp-json\/wp\/v2\/product\/503","targetHints":{"allow":["GET"]}}],"collection":[{"href":"https:\/\/hificlub.com.br\/loja\/wp-json\/wp\/v2\/product"}],"about":[{"href":"https:\/\/hificlub.com.br\/loja\/wp-json\/wp\/v2\/types\/product"}],"wp:featuredmedia":[{"embeddable":true,"href":"https:\/\/hificlub.com.br\/loja\/wp-json\/wp\/v2\/media\/15718"}],"wp:attachment":[{"href":"https:\/\/hificlub.com.br\/loja\/wp-json\/wp\/v2\/media?parent=503"}],"wp:term":[{"taxonomy":"product_brand","embeddable":true,"href":"https:\/\/hificlub.com.br\/loja\/wp-json\/wp\/v2\/product_brand?post=503"},{"taxonomy":"product_cat","embeddable":true,"href":"https:\/\/hificlub.com.br\/loja\/wp-json\/wp\/v2\/product_cat?post=503"},{"taxonomy":"product_tag","embeddable":true,"href":"https:\/\/hificlub.com.br\/loja\/wp-json\/wp\/v2\/product_tag?post=503"}],"curies":[{"name":"wp","href":"https:\/\/api.w.org\/{rel}","templated":true}]}}