{"id":5009,"date":"2023-10-17T20:14:24","date_gmt":"2023-10-17T23:14:24","guid":{"rendered":"https:\/\/hificlub.com.br\/loja2\/produto\/onkyo-tx-nr686\/"},"modified":"2026-04-21T17:26:51","modified_gmt":"2026-04-21T20:26:51","slug":"onkyo-tx-nr686","status":"publish","type":"product","link":"https:\/\/hificlub.com.br\/loja\/produto\/onkyo-tx-nr686\/","title":{"rendered":"ONKYO TX-NR686  4K 7.2 canais Dolby Atmos Bluetooth, Wi-fi  100 watts"},"content":{"rendered":"<p>Estado de conserva\u00e7\u00e3o: <strong>9\/10<\/strong><\/p>\n<p>Com a amplifica\u00e7\u00e3o de \u00e1udio din\u00e2mica de alta corrente, que leva seu sistema surround aos n\u00edveis de refer\u00eancia de cinema com certifica\u00e7\u00e3o THX Select\u2122, voc\u00ea pode transportar seu p\u00fablico para o cora\u00e7\u00e3o do filme. As trilhas sonoras DTS:X\u00ae e Dolby Atmos\u00ae complementam o que h\u00e1 de mais recente em v\u00eddeo 4K HDR via passagem HDMI\u00ae, com suporte para 4K\/60p, Dolby Vision\u2122, HDR10, HLG e o padr\u00e3o de cores BT.2020. Agora, com solu\u00e7\u00f5es de upmixing de \u00e1udio 3D compat\u00edveis entre si, da Dolby Surround e DTS Neural:X\u00ae, voc\u00ea pode desfrutar de filmes multicanal com som espacialmente imersivo. Transmita m\u00fasicas de dispositivos m\u00f3veis para o receptor e outros sistemas compat\u00edveis em sua casa atrav\u00e9s do Chromecast integrado, DTS Play-Fi\u00ae ou plataformas multiroom sem fio FlareConnect\u2122. As tecnologias AirPlay e Bluetooth\u00ae tamb\u00e9m est\u00e3o dispon\u00edveis. Desfrute de servi\u00e7os de streaming integrados, bem como \u00e1udio de alta resolu\u00e7\u00e3o via rede e USB, tudo com o som din\u00e2mico e emocionante que s\u00f3 um Onkyo pode oferecer.<\/p>\n<h2 id=\"SpecificationItemBlockHeaderDiv\">Features &amp; specs<\/h2>\n<table class=\"table table-striped\">\n<colgroup>\n<col \/>\n<col \/><\/colgroup>\n<thead>\n<tr>\n<th colspan=\"3\">Amplification<\/th>\n<\/tr>\n<\/thead>\n<tbody>\n<tr>\n<td>Number Of Channels<\/td>\n<td>&#8212;<\/td>\n<\/tr>\n<tr>\n<td>Stereo RMS Power (watts)<\/td>\n<td>100<\/td>\n<\/tr>\n<tr>\n<td>THD in Stereo<\/td>\n<td>0.08 %<\/td>\n<\/tr>\n<tr>\n<td>Frequency Bandwidth (stereo)<\/td>\n<td>20-20k Hz<\/td>\n<\/tr>\n<tr>\n<td>Minimum Impedance L\/R<\/td>\n<td>4 ohms<\/td>\n<\/tr>\n<tr>\n<td>Minimum Impedance Center<\/td>\n<td>4 ohms<\/td>\n<\/tr>\n<tr>\n<td>Minimum Impedance Surround<\/td>\n<td>4 ohms<\/td>\n<\/tr>\n<tr>\n<td>Amplifier Class<\/td>\n<td>&#8212;<\/td>\n<\/tr>\n<\/tbody>\n<thead>\n<tr>\n<th colspan=\"3\">General Features<\/th>\n<\/tr>\n<\/thead>\n<tbody>\n<tr>\n<td>Bluetooth<\/td>\n<td>Built-in<\/td>\n<\/tr>\n<tr>\n<td>Apple AirPlay<\/td>\n<td>AirPlay 2<\/td>\n<\/tr>\n<tr>\n<td>Alexa-compatible<\/td>\n<td>No<\/td>\n<\/tr>\n<tr>\n<td>Google Assistant-compatible<\/td>\n<td>Yes<\/td>\n<\/tr>\n<tr>\n<td>Chromecast built-in<\/td>\n<td>Yes<\/td>\n<\/tr>\n<tr>\n<td>DTS Play-Fi<\/td>\n<td>Yes<\/td>\n<\/tr>\n<tr>\n<td>App Remote Control<\/td>\n<td>Yes<\/td>\n<\/tr>\n<tr>\n<td>Built-in Radio Tuner<\/td>\n<td>None<\/td>\n<\/tr>\n<tr>\n<td>On-Screen Display<\/td>\n<td>Thru HDMI<\/td>\n<\/tr>\n<tr>\n<td>Auto Speaker Calibration<\/td>\n<td>AdvAccuEQ\/AccuReflex<\/td>\n<\/tr>\n<\/tbody>\n<thead>\n<tr>\n<th colspan=\"3\">Multi-room Audio\/Video<\/th>\n<\/tr>\n<\/thead>\n<tbody>\n<tr>\n<td>Powered Multi-room Audio Output<\/td>\n<td>Yes<\/td>\n<\/tr>\n<tr>\n<td>Preamp Multi-room Audio Output<\/td>\n<td>Yes<\/td>\n<\/tr>\n<tr>\n<td>Multi-room HDMI Output<\/td>\n<td>No<\/td>\n<\/tr>\n<tr>\n<td>Total Number of Zones<\/td>\n<td>2<\/td>\n<\/tr>\n<tr>\n<td>Playback from Digital Audio Inputs<\/td>\n<td>Yes<\/td>\n<\/tr>\n<tr>\n<td>Playback from Streaming Sources<\/td>\n<td>Yes<\/td>\n<\/tr>\n<\/tbody>\n<thead>\n<tr>\n<th colspan=\"3\">Surround Processing<\/th>\n<\/tr>\n<\/thead>\n<tbody>\n<tr>\n<td>Dolby Digital<\/td>\n<td>DD, TrueHD, DD+,<\/td>\n<\/tr>\n<tr>\n<td>Dolby Atmos<\/td>\n<td>Yes<\/td>\n<\/tr>\n<tr>\n<td>Dolby Atmos Height Virtualization<\/td>\n<td>&#8212;<\/td>\n<\/tr>\n<tr>\n<td>DTS<\/td>\n<td>DTS, HD, HDMA, ES, 96\/24<\/td>\n<\/tr>\n<tr>\n<td>DTS:X<\/td>\n<td>Yes<\/td>\n<\/tr>\n<tr>\n<td>DTS Virtual:X<\/td>\n<td>&#8212;<\/td>\n<\/tr>\n<\/tbody>\n<thead>\n<tr>\n<th colspan=\"3\">Inputs<\/th>\n<\/tr>\n<\/thead>\n<tbody>\n<tr>\n<td>Audio-Video Inputs<\/td>\n<td>7<\/td>\n<\/tr>\n<tr>\n<td>Number of HDMI Inputs<\/td>\n<td>7<\/td>\n<\/tr>\n<tr>\n<td>Component Video Inputs<\/td>\n<td>2<\/td>\n<\/tr>\n<tr>\n<td>Audio-only Inputs<\/td>\n<td>2<\/td>\n<\/tr>\n<tr>\n<td>Phono Input<\/td>\n<td>1<\/td>\n<\/tr>\n<tr>\n<td>Optical Digital Inputs<\/td>\n<td>2<\/td>\n<\/tr>\n<tr>\n<td>Coaxial Digital Inputs<\/td>\n<td>1<\/td>\n<\/tr>\n<tr>\n<td>Multi-Channel Analog Input<\/td>\n<td>No<\/td>\n<\/tr>\n<tr>\n<td>Ethernet Port<\/td>\n<td>&#8212;<\/td>\n<\/tr>\n<tr>\n<td>USB Connections<\/td>\n<td>1 Rear<\/td>\n<\/tr>\n<\/tbody>\n<thead>\n<tr>\n<th colspan=\"3\">Outputs<\/th>\n<\/tr>\n<\/thead>\n<tbody>\n<tr>\n<td>HDMI Monitor Outputs<\/td>\n<td>2<\/td>\n<\/tr>\n<tr>\n<td>Component Video Monitor Outputs<\/td>\n<td>None<\/td>\n<\/tr>\n<tr>\n<td>Optical Digital Outputs<\/td>\n<td>None<\/td>\n<\/tr>\n<tr>\n<td>Coaxial Digital Outputs<\/td>\n<td>None<\/td>\n<\/tr>\n<tr>\n<td>Subwoofer Outputs<\/td>\n<td>2<\/td>\n<\/tr>\n<tr>\n<td>Discrete Subwoofer Outputs<\/td>\n<td>No<\/td>\n<\/tr>\n<tr>\n<td>Multi-channel Preamp Output<\/td>\n<td>No<\/td>\n<\/tr>\n<tr>\n<td>Main Speaker Output Pairs<\/td>\n<td>1<\/td>\n<\/tr>\n<tr>\n<td>Speaker Terminals<\/td>\n<td>Binding Posts<\/td>\n<\/tr>\n<\/tbody>\n<thead>\n<tr>\n<th colspan=\"3\">HDMI Features<\/th>\n<\/tr>\n<\/thead>\n<tbody>\n<tr>\n<td>HDMI Version<\/td>\n<td>2.0b<\/td>\n<\/tr>\n<tr>\n<td>VRR (Variable Refresh Rate)<\/td>\n<td>No<\/td>\n<\/tr>\n<tr>\n<td>ALLM (Auto Low Latency Mode)<\/td>\n<td>No<\/td>\n<\/tr>\n<tr>\n<td>4K\/120Hz-Capable Inputs<\/td>\n<td>No<\/td>\n<\/tr>\n<tr>\n<td>Audio Return Channel<\/td>\n<td>ARC supported<\/td>\n<\/tr>\n<tr>\n<td>Video Upscaling<\/td>\n<td>No<\/td>\n<\/tr>\n<\/tbody>\n<thead>\n<tr>\n<th colspan=\"3\">HDR (High Dynamic Range) Support<\/th>\n<\/tr>\n<\/thead>\n<tbody>\n<tr>\n<td>HDR10<\/td>\n<td>No<\/td>\n<\/tr>\n<tr>\n<td>HDR10+<\/td>\n<td>No<\/td>\n<\/tr>\n<tr>\n<td>HLG<\/td>\n<td>No<\/td>\n<\/tr>\n<tr>\n<td>Dolby Vision<\/td>\n<td>No<\/td>\n<\/tr>\n<\/tbody>\n<thead>\n<tr>\n<th colspan=\"3\">Other Info<\/th>\n<\/tr>\n<\/thead>\n<tbody>\n<tr>\n<td>DAC Bit Depth<\/td>\n<td>32-bit<\/td>\n<\/tr>\n<tr>\n<td>DAC Sample Rate<\/td>\n<td>384 kHz<\/td>\n<\/tr>\n<tr>\n<td>FM Sensitivity<\/td>\n<td>Not Given<\/td>\n<\/tr>\n<tr>\n<td>Multibrand Remote Control<\/td>\n<td>No<\/td>\n<\/tr>\n<tr>\n<td>Learning Remote<\/td>\n<td>No<\/td>\n<\/tr>\n<tr>\n<td>Removable Power Cord<\/td>\n<td>No<\/td>\n<\/tr>\n<tr>\n<td>Supports Wireless Rear Speakers<\/td>\n<td>No<\/td>\n<\/tr>\n<tr>\n<td>Width (inches)<\/td>\n<td>17.1875<\/td>\n<\/tr>\n<tr>\n<td>Height (inches)<\/td>\n<td>6.8125<\/td>\n<\/tr>\n<tr>\n<td>Depth (inches)<\/td>\n<td>15.5625<\/td>\n<\/tr>\n<\/tbody>\n<\/table>\n","protected":false},"excerpt":{"rendered":"<p>Estado de conserva\u00e7\u00e3o: 9\/10 Com a amplifica\u00e7\u00e3o de \u00e1udio din\u00e2mica de alta corrente, que leva seu sistema surround aos n\u00edveis de refer\u00eancia de cinema com certifica\u00e7\u00e3o THX Select\u2122, voc\u00ea pode transportar seu p\u00fablico para o cora\u00e7\u00e3o do filme. As trilhas sonoras DTS:X\u00ae e Dolby Atmos\u00ae complementam o que h\u00e1 de mais recente em v\u00eddeo 4K [&hellip;]<\/p>\n","protected":false},"featured_media":42390,"template":"","meta":{"_acf_changed":false},"product_brand":[],"product_cat":[21,22],"product_tag":[],"class_list":{"0":"post-5009","1":"product","2":"type-product","3":"status-publish","4":"has-post-thumbnail","6":"product_cat-home-theater","7":"product_cat-receivers","9":"first","10":"instock","11":"sold-individually","12":"shipping-taxable","13":"purchasable","14":"product-type-simple"},"acf":[],"aioseo_notices":[],"_links":{"self":[{"href":"https:\/\/hificlub.com.br\/loja\/wp-json\/wp\/v2\/product\/5009","targetHints":{"allow":["GET"]}}],"collection":[{"href":"https:\/\/hificlub.com.br\/loja\/wp-json\/wp\/v2\/product"}],"about":[{"href":"https:\/\/hificlub.com.br\/loja\/wp-json\/wp\/v2\/types\/product"}],"wp:featuredmedia":[{"embeddable":true,"href":"https:\/\/hificlub.com.br\/loja\/wp-json\/wp\/v2\/media\/42390"}],"wp:attachment":[{"href":"https:\/\/hificlub.com.br\/loja\/wp-json\/wp\/v2\/media?parent=5009"}],"wp:term":[{"taxonomy":"product_brand","embeddable":true,"href":"https:\/\/hificlub.com.br\/loja\/wp-json\/wp\/v2\/product_brand?post=5009"},{"taxonomy":"product_cat","embeddable":true,"href":"https:\/\/hificlub.com.br\/loja\/wp-json\/wp\/v2\/product_cat?post=5009"},{"taxonomy":"product_tag","embeddable":true,"href":"https:\/\/hificlub.com.br\/loja\/wp-json\/wp\/v2\/product_tag?post=5009"}],"curies":[{"name":"wp","href":"https:\/\/api.w.org\/{rel}","templated":true}]}}