{"id":4957,"date":"2023-10-17T20:14:09","date_gmt":"2023-10-17T23:14:09","guid":{"rendered":"https:\/\/hificlub.com.br\/loja2\/produto\/kimber-palladian-summit-pk10-2-metros\/"},"modified":"2026-03-03T22:20:30","modified_gmt":"2026-03-04T01:20:30","slug":"kimber-palladian-summit-pk10-2-metros","status":"publish","type":"product","link":"https:\/\/hificlub.com.br\/loja\/produto\/kimber-palladian-summit-pk10-2-metros\/","title":{"rendered":"KIMBER POWERKORD PALLADIAN PK10 Rhodium Cabo de For\u00e7a 2 metros"},"content":{"rendered":"<p><span>Os Palladian PowerKords representam os melhores cabos de alimenta\u00e7\u00e3o dispon\u00edveis. Os cr\u00edticos foram un\u00e2nimes em elogiar a transpar\u00eancia, os detalhes, os graves articulados, os contrastes din\u00e2micos, a fluidez e a facilidade musical, al\u00e9m da aus\u00eancia de granula\u00e7\u00e3o.<\/span><\/p>\n<p><strong><span>Caracter\u00edsticas:<\/span><\/strong><\/p>\n<p><span>Conectores WattGate Rhodium 330 Evo\u00a0 AUDIO GRADE<\/span><\/p>\n","protected":false},"excerpt":{"rendered":"<p>Os Palladian PowerKords representam os melhores cabos de alimenta\u00e7\u00e3o dispon\u00edveis. Os cr\u00edticos foram un\u00e2nimes em elogiar a transpar\u00eancia, os detalhes, os graves articulados, os contrastes din\u00e2micos, a fluidez e a facilidade musical, al\u00e9m da aus\u00eancia de granula\u00e7\u00e3o. Caracter\u00edsticas: Conectores WattGate Rhodium 330 Evo\u00a0 AUDIO GRADE<\/p>\n","protected":false},"featured_media":22341,"template":"","meta":{"_acf_changed":false},"product_brand":[],"product_cat":[61,67],"product_tag":[],"class_list":{"0":"post-4957","1":"product","2":"type-product","3":"status-publish","4":"has-post-thumbnail","6":"product_cat-cabos","7":"product_cat-forca","9":"first","10":"instock","11":"sold-individually","12":"shipping-taxable","13":"purchasable","14":"product-type-simple"},"acf":[],"aioseo_notices":[],"_links":{"self":[{"href":"https:\/\/hificlub.com.br\/loja\/wp-json\/wp\/v2\/product\/4957","targetHints":{"allow":["GET"]}}],"collection":[{"href":"https:\/\/hificlub.com.br\/loja\/wp-json\/wp\/v2\/product"}],"about":[{"href":"https:\/\/hificlub.com.br\/loja\/wp-json\/wp\/v2\/types\/product"}],"wp:featuredmedia":[{"embeddable":true,"href":"https:\/\/hificlub.com.br\/loja\/wp-json\/wp\/v2\/media\/22341"}],"wp:attachment":[{"href":"https:\/\/hificlub.com.br\/loja\/wp-json\/wp\/v2\/media?parent=4957"}],"wp:term":[{"taxonomy":"product_brand","embeddable":true,"href":"https:\/\/hificlub.com.br\/loja\/wp-json\/wp\/v2\/product_brand?post=4957"},{"taxonomy":"product_cat","embeddable":true,"href":"https:\/\/hificlub.com.br\/loja\/wp-json\/wp\/v2\/product_cat?post=4957"},{"taxonomy":"product_tag","embeddable":true,"href":"https:\/\/hificlub.com.br\/loja\/wp-json\/wp\/v2\/product_tag?post=4957"}],"curies":[{"name":"wp","href":"https:\/\/api.w.org\/{rel}","templated":true}]}}