{"id":486,"date":"2023-10-17T19:51:32","date_gmt":"2023-10-17T22:51:32","guid":{"rendered":"https:\/\/hificlub.com.br\/loja2\/produto\/devialet-expert-220-pro-integrated-amplifier-dac-c-phono-stage-220-watts\/"},"modified":"2024-12-27T15:56:34","modified_gmt":"2024-12-27T18:56:34","slug":"devialet-expert-220-pro-integrated-amplifier-dac-c-phono-stage-220-watts","status":"publish","type":"product","link":"https:\/\/hificlub.com.br\/loja\/produto\/devialet-expert-220-pro-integrated-amplifier-dac-c-phono-stage-220-watts\/","title":{"rendered":"DEVIALET EXPERT 200 Amplificador Integrado c\/ DAC Streamer e Phono 200 watts"},"content":{"rendered":"<p>ESTADO 9\/10<\/p>\n<p>Chamar o Devialet 200 de um componente de \u00e1udio tecnologicamente avan\u00e7ado \u00e9 como dizer que Miles Davis tocou trompete. Na verdade, n\u00e3o h\u00e1 uma \u00fanica descri\u00e7\u00e3o de categoria de produto que possa abranger as in\u00fameras fun\u00e7\u00f5es e capacidades do 200, nem h\u00e1 um precedente para o conjunto de recursos do 200. O Devialet 200 oferece uma s\u00e9rie de capacidades de personaliza\u00e7\u00e3o e atualiza\u00e7\u00e3o que nunca foram incorporadas a um componente de \u00e1udio. Em vez de pensar no Devialet em termos de categorias de componentes tradicionais, \u00e9 mais \u00fatil consider\u00e1-lo como uma plataforma de hardware multifuncional de uso geral controlada por software.<\/p>\n<p>Essa plataforma de hardware inclui um amplificador integrado de 200 Wpc com um DAC, entrada phono, streamer sem fio, conversor A\/D (com capacidade de ripar LP) e crossover de subwoofer. As entradas do 200 podem ser configuradas para se encaixar em praticamente qualquer sistema. N\u00e3o tem um toca-discos, mas tem duas fontes de linha anal\u00f3gicas? Sem problemas. As entradas anal\u00f3gicas podem ser configuradas como entradas de linha. Por outro lado, esses mesmos conectores de entrada podem se tornar entradas phono, completas com ganho ajust\u00e1vel e carregamento de cartucho (imped\u00e2ncia e capacit\u00e2ncia). Com uma nova tecnologia chamada Speaker Active Matching (SAM), o sinal de sa\u00edda do 200 pode ser otimizado para seus alto-falantes espec\u00edficos.<\/p>\n<p>Para lhe dar uma ideia da flexibilidade deste produto: Minha amostra de an\u00e1lise do Devialet 200 foi enviada para mim como o modelo 170 de 170 Wpc. Uma atualiza\u00e7\u00e3o de software o transformou no modelo 200 de 200 Wpc. Voc\u00ea pode at\u00e9 converter o modelo 200 est\u00e9reo de 200 Wpc em um monobloco de 400 W com a adi\u00e7\u00e3o de um segundo modelo 200 \u2014 o que tamb\u00e9m dobra o n\u00famero de entradas. Esta configura\u00e7\u00e3o \u00e9 vendida pela Devialet como o modelo 400 \u2014 o que, como veremos, faz muito mais do que aumentar a pot\u00eancia de sa\u00edda.<\/p>\n<p>A apar\u00eancia do 200 \u00e9 t\u00e3o radical quanto a tecnologia interna. Do tamanho e formato de um laptop, o gabinete de alum\u00ednio cromado pode ser montado plano contra uma parede. Apenas um bot\u00e3o, um interruptor liga\/desliga, adorna o painel frontal (se \u00e9 que podemos cham\u00e1-lo assim). Voc\u00ea interage com o 200 por meio de um controle remoto quadrado com quatro bot\u00f5es pequenos e um enorme bot\u00e3o de volume. Como alternativa, voc\u00ea pode controlar o 200 com um aplicativo em seu tablet ou dispositivo m\u00f3vel. O display gr\u00e1fico do aplicativo imita o grande controle de volume redondo do controle remoto, que voc\u00ea &#8220;gira&#8221; com um toque do dedo.<\/p>\n<p>Configurar o 200 \u00e9 bem simples. Uma p\u00e1gina no site da Devialet mostra o painel traseiro do 200 com os componentes configur\u00e1veis \u200b\u200bdestacados. Clicar, por exemplo, nos conectores de entrada RCA abre uma tela que permite selecionar entre linha e phono; e, se voc\u00ea escolher phono, o ganho e o carregamento do cartucho se tornam selecion\u00e1veis. Outras op\u00e7\u00f5es de phono incluem mono ou est\u00e9reo, curvas de equaliza\u00e7\u00e3o selecion\u00e1veis \u200b\u200be equil\u00edbrio de canal. Um conector de sa\u00edda digital pode ser alterado para um conector de sa\u00edda de linha anal\u00f3gico, com ou sem filtragem passa-alta ou passa-baixa, com frequ\u00eancia de crossover e declive selecion\u00e1veis. O sinal que aparece nos bornes de liga\u00e7\u00e3o pode ser filtrado passa-alta ou passa-baixa, novamente com frequ\u00eancia e declive selecion\u00e1veis. Essas fun\u00e7\u00f5es de filtragem s\u00e3o ideais para sistemas com um subwoofer; o sinal que aciona os alto-falantes \u00e9 filtrado passa-alta, e o sinal de sa\u00edda de linha que aciona o sub \u00e9 filtrado passa-baixa.<\/p>\n<p>Depois de configurar virtualmente seu 200 no site, voc\u00ea baixa o arquivo de configura\u00e7\u00e3o para um cart\u00e3o SD. Voc\u00ea ent\u00e3o insere o cart\u00e3o SD no painel traseiro do 200 e, em poucos segundos, o 200 se transforma em um produto de \u00e1udio com os par\u00e2metros que voc\u00ea especificou. Como o 200 \u00e9 essencialmente uma plataforma digital, as entradas anal\u00f3gicas, incluindo sinais phono, s\u00e3o digitalizadas. Voc\u00ea pode selecionar uma taxa de amostragem de 96 ou 192 kHz no conversor A\/D. O sinal digitalizado, de qualquer entrada, aparece em um conector de sa\u00edda digital (RCA). Voc\u00ea pode usar esta fun\u00e7\u00e3o para digitalizar e arquivar uma biblioteca de LPs, por exemplo.<\/p>\n<p>As entradas digitais incluem USB, AES\/EBU, TosLink e SPDIF coaxial. Voc\u00ea tamb\u00e9m pode transmitir \u00e1udio sem fio a at\u00e9 24 bits\/192 kHz por meio do aplicativo AIR Universal Streamer da Devialet em seu tablet, computador ou smartphone. A conex\u00e3o sem fio entre o servidor de m\u00fasica do computador e o 200 tem uma vantagem te\u00f3rica sobre o USB, em grande parte por isolar o ru\u00eddo do computador do 200. O aplicativo AIR fornece conex\u00e3o ass\u00edncrona entre seu computador e o 200; o sinal \u00e9 armazenado em buffer e, em seguida, processado para reduzir a oscila\u00e7\u00e3o. Voc\u00ea tamb\u00e9m pode transmitir arquivos de m\u00fasica para o 200 por meio da conex\u00e3o Ethernet do 200.<\/p>\n<p>Com os recursos exclusivos do 200, \u00e9 f\u00e1cil ignorar a tecnologia central na qual n\u00e3o apenas o 200, mas toda a empresa por tr\u00e1s dele, \u00e9 baseada. Conforme descrito na barra lateral, o Devialet surgiu de um projeto para criar um est\u00e1gio de sa\u00edda de amplificador que combinava um amplificador de tens\u00e3o Classe A com um amplificador de corrente Classe D. O objetivo era realizar a qualidade sonora de um circuito Classe A com a efici\u00eancia da Classe D. Essa topologia, chamada ADH (Analog Digital Hybrid), \u00e9 o que torna poss\u00edvel produzir um amplificador integrado de 200 Wpc em um chassi um pouco maior do que um laptop. A fonte de alimenta\u00e7\u00e3o tamb\u00e9m \u00e9 do tipo modo de comuta\u00e7\u00e3o corrigido pelo fator de pot\u00eancia, economizando ainda mais espa\u00e7o e peso. Em opera\u00e7\u00e3o, o 200 esquenta mais do que um design Classe D puro.<\/p>\n<p>O caminho do sinal dos DACs (Burr-Brown PCM1792) para os terminais dos alto-falantes tem apenas 4\u2033 de comprimento. Na maioria dos DACs multibit, a sa\u00edda de corrente do DAC \u00e9 convertida em uma voltagem por um amplificador operacional ou, em casos raros, por um circuito discreto. O Devialet adota uma abordagem diferente; um conversor passivo de corrente para voltagem que emprega um \u00fanico resistor de alt\u00edssima qualidade alojado em um ambiente com temperatura est\u00e1vel. Isso remove um est\u00e1gio de ganho ativo do caminho do sinal. O circuito dentro do chassi \u00e9 modular, permitindo atualiza\u00e7\u00f5es de hardware, bem como atualiza\u00e7\u00f5es de software. Excepcionalmente, o est\u00e1gio de sa\u00edda Classe D n\u00e3o requer um filtro grande (um indutor e um capacitor) para suavizar a forma de onda em degrau e o ru\u00eddo de comuta\u00e7\u00e3o do est\u00e1gio de sa\u00edda de comuta\u00e7\u00e3o. As especifica\u00e7\u00f5es do 200 s\u00e3o bastante impressionantes, para dizer o m\u00ednimo: THD+N \u00e9 muito baixo, 0,001% em pot\u00eancia m\u00e1xima, a rela\u00e7\u00e3o sinal-ru\u00eddo \u00e9 de 130 dB e a imped\u00e2ncia de sa\u00edda \u00e9 ultrabaixa, 0,001 ohms.<\/p>\n<p>No uso di\u00e1rio, o Devialet 200 \u00e9 uma alegria. A unidade \u00e9 muito simples de operar, e eu adorei o enorme e s\u00f3lido bot\u00e3o de volume do controle remoto \u2014 muito mais satisfat\u00f3rio do que apertar pequenos bot\u00f5es de pl\u00e1stico. O painel superior (painel frontal se voc\u00ea montar o 200 plano contra uma parede) tem uma pequena janela redonda que se ilumina para mostrar a entrada selecionada, configura\u00e7\u00e3o de volume e outros par\u00e2metros. Este display tamb\u00e9m pode mostrar uma ampla gama de detalhes t\u00e9cnicos, desde as configura\u00e7\u00f5es de rede at\u00e9 a temperatura do dissipador de calor. Controles de graves e agudos tamb\u00e9m s\u00e3o fornecidos, acess\u00edveis pelo controle remoto. Tr\u00eas dos bot\u00f5es do controle remoto podem ser configurados para executar quaisquer fun\u00e7\u00f5es que voc\u00ea desejar, incluindo sele\u00e7\u00e3o de fonte, SAM ligado\/desligado, invers\u00e3o de polaridade, controles de tom e muito mais. A tecnologia avan\u00e7ada do 200, conjunto de recursos sem precedentes e capacidades sofisticadas est\u00e3o envoltos em um pacote extremamente elegante e habit\u00e1vel.<\/p>\n<p>ESPECIFICA\u00c7\u00d5ES<br \/>\nPot\u00eancia de sa\u00edda: 170 Wpc em 8 ohms, 200 Wpc em 6 ohms (modelo 200); 340 W em 6 ohms, 400 W em 8 ohms (modelo 400) Entradas<br \/>\ndigitais : AES\/EBU, coaxial SPDIF (RCA), TosLink, USB, Ethernet, WiFi Sa\u00edda digital : SPDIF (RCA) Entradas anal\u00f3gicas : Duas linhas ou phono (selecion\u00e1veis \u200b\u200bpor software) Sa\u00eddas anal\u00f3gicas : Um est\u00e9reo ou mono duplo, filtro selecion\u00e1vel, n\u00edvel fixo ou vari\u00e1vel Dimens\u00f5es: 15\u2033 x 15\u2033 x 1,57\u2033 Peso: 13 lbs. <\/p>\n","protected":false},"excerpt":{"rendered":"<p>ESTADO 9\/10 Chamar o Devialet 200 de um componente de \u00e1udio tecnologicamente avan\u00e7ado \u00e9 como dizer que Miles Davis tocou trompete. Na verdade, n\u00e3o h\u00e1 uma \u00fanica descri\u00e7\u00e3o de categoria de produto que possa abranger as in\u00fameras fun\u00e7\u00f5es e capacidades do 200, nem h\u00e1 um precedente para o conjunto de recursos do 200. O Devialet [&hellip;]<\/p>\n","protected":false},"featured_media":17878,"template":"","meta":{"_acf_changed":false},"product_brand":[],"product_cat":[27,53,51,77],"product_tag":[],"class_list":{"0":"post-486","1":"product","2":"type-product","3":"status-publish","4":"has-post-thumbnail","6":"product_cat-amplificador","7":"product_cat-devialet","8":"product_cat-integrado","9":"product_cat-q-acoustic","11":"first","12":"instock","13":"sold-individually","14":"shipping-taxable","15":"purchasable","16":"product-type-simple"},"acf":[],"aioseo_notices":[],"_links":{"self":[{"href":"https:\/\/hificlub.com.br\/loja\/wp-json\/wp\/v2\/product\/486","targetHints":{"allow":["GET"]}}],"collection":[{"href":"https:\/\/hificlub.com.br\/loja\/wp-json\/wp\/v2\/product"}],"about":[{"href":"https:\/\/hificlub.com.br\/loja\/wp-json\/wp\/v2\/types\/product"}],"wp:featuredmedia":[{"embeddable":true,"href":"https:\/\/hificlub.com.br\/loja\/wp-json\/wp\/v2\/media\/17878"}],"wp:attachment":[{"href":"https:\/\/hificlub.com.br\/loja\/wp-json\/wp\/v2\/media?parent=486"}],"wp:term":[{"taxonomy":"product_brand","embeddable":true,"href":"https:\/\/hificlub.com.br\/loja\/wp-json\/wp\/v2\/product_brand?post=486"},{"taxonomy":"product_cat","embeddable":true,"href":"https:\/\/hificlub.com.br\/loja\/wp-json\/wp\/v2\/product_cat?post=486"},{"taxonomy":"product_tag","embeddable":true,"href":"https:\/\/hificlub.com.br\/loja\/wp-json\/wp\/v2\/product_tag?post=486"}],"curies":[{"name":"wp","href":"https:\/\/api.w.org\/{rel}","templated":true}]}}