{"id":4827,"date":"2023-10-17T20:13:29","date_gmt":"2023-10-17T23:13:29","guid":{"rendered":"https:\/\/hificlub.com.br\/loja2\/produto\/elipson-prestige-facet-sub10-250-watts-10\/"},"modified":"2026-03-03T22:20:30","modified_gmt":"2026-03-04T01:20:30","slug":"elipson-prestige-facet-sub10-250-watts-10","status":"publish","type":"product","link":"https:\/\/hificlub.com.br\/loja\/produto\/elipson-prestige-facet-sub10-250-watts-10\/","title":{"rendered":"ELIPSON PRESTIGE FACET SUB10 250 watts 10&#8243;"},"content":{"rendered":"<p>O subwoofer Elipson Prestige Facet SUB10 \u00e9 um modelo equipado com alto-falante de 26 cm montado em suporte bass-reflex. Incorpora as tecnologias exclusivas e a est\u00e9tica elegante dos alto-falantes da  linha Prestige Facet do fabricante franc\u00eas .<\/p>\n<p>O subwoofer Elipson PF SUB10 possui alto-falante de 26 cm em uma de suas faces laterais. Fabricado por um fabricante terceirizado, este transdutor atende a especifica\u00e7\u00f5es muito exigentes. Permite uma reprodu\u00e7\u00e3o de frequ\u00eancia muito linear entre 27 Hz e 150 Hz (\u00b1 3 dB). Exclusiva da linha de alto-falantes Elipson Prestige Facet , uma coroa de borracha sint\u00e9tica feita sob medida envolve o driver para limitar o efeito de defletor e as difra\u00e7\u00f5es. A curva de resposta \u00e9, portanto, menos perturbada, mais linear, para uma audi\u00e7\u00e3o mais suave. A porta bass reflex est\u00e1 localizada abaixo do subwoofer para f\u00e1cil posicionamento no espa\u00e7o de audi\u00e7\u00e3o e difus\u00e3o ideal das frequ\u00eancias graves. A amplifica\u00e7\u00e3o do Elipson Prestige Facet SUB10  desenvolve 250 watts de pot\u00eancia e \u00e9 garantida na classe D.<\/p>\n<p>Compacto e eficiente, o subwoofer Elipson Prestige Facet SUB10 \u00e9 uma solu\u00e7\u00e3o atraente para completar com efic\u00e1cia uma instala\u00e7\u00e3o de hi-fi ou home cinema.<\/p>\n<p>Caracter\u00edsticas<br \/>\nElipson Prestige Facet SUB10 \/  Elipson PF SUB10<\/p>\n<p>Design<br \/>\nAlto-falante de 26 cm<br \/>\nTipo de carga: Bass Reflex downfire<br \/>\nFiltro subs\u00f4nico: 24 dB a 20 Hz<br \/>\nFrequ\u00eancia de corte vari\u00e1vel: 40 Hz a 150 Hz<br \/>\nStandby autom\u00e1tico, 2 n\u00edveis de sensibilidade<\/p>\n<p>Medi\u00e7\u00f5es<br \/>\nPot\u00eancia do amplificador: 250 watts<br \/>\nTipo de amplificador: Classe D<br \/>\nLargura de banda: 27 &#8211; 150 Hz (\u00b1 3 dB)<\/p>\n<p>Conex\u00f5es<br \/>\nEntradas de linha L\/R<br \/>\nEntrada LFE (compartilhada com canal L)<\/p>\n<p>Dimens\u00f5es Gerais<br \/>\n(C x A x P): 405 x 424 x 445 mm<br \/>\nPeso: 22 kg<\/p>\n","protected":false},"excerpt":{"rendered":"<p>O subwoofer Elipson Prestige Facet SUB10 \u00e9 um modelo equipado com alto-falante de 26 cm montado em suporte bass-reflex. Incorpora as tecnologias exclusivas e a est\u00e9tica elegante dos alto-falantes da linha Prestige Facet do fabricante franc\u00eas . O subwoofer Elipson PF SUB10 possui alto-falante de 26 cm em uma de suas faces laterais. Fabricado por [&hellip;]<\/p>\n","protected":false},"featured_media":4824,"template":"","meta":{"_acf_changed":false},"product_brand":[],"product_cat":[17,36],"product_tag":[],"class_list":{"0":"post-4827","1":"product","2":"type-product","3":"status-publish","4":"has-post-thumbnail","6":"product_cat-caixas","7":"product_cat-subwoofer","9":"first","10":"instock","11":"sold-individually","12":"shipping-taxable","13":"purchasable","14":"product-type-simple"},"acf":[],"aioseo_notices":[],"_links":{"self":[{"href":"https:\/\/hificlub.com.br\/loja\/wp-json\/wp\/v2\/product\/4827","targetHints":{"allow":["GET"]}}],"collection":[{"href":"https:\/\/hificlub.com.br\/loja\/wp-json\/wp\/v2\/product"}],"about":[{"href":"https:\/\/hificlub.com.br\/loja\/wp-json\/wp\/v2\/types\/product"}],"wp:featuredmedia":[{"embeddable":true,"href":"https:\/\/hificlub.com.br\/loja\/wp-json\/wp\/v2\/media\/4824"}],"wp:attachment":[{"href":"https:\/\/hificlub.com.br\/loja\/wp-json\/wp\/v2\/media?parent=4827"}],"wp:term":[{"taxonomy":"product_brand","embeddable":true,"href":"https:\/\/hificlub.com.br\/loja\/wp-json\/wp\/v2\/product_brand?post=4827"},{"taxonomy":"product_cat","embeddable":true,"href":"https:\/\/hificlub.com.br\/loja\/wp-json\/wp\/v2\/product_cat?post=4827"},{"taxonomy":"product_tag","embeddable":true,"href":"https:\/\/hificlub.com.br\/loja\/wp-json\/wp\/v2\/product_tag?post=4827"}],"curies":[{"name":"wp","href":"https:\/\/api.w.org\/{rel}","templated":true}]}}