{"id":482,"date":"2023-10-17T19:51:31","date_gmt":"2023-10-17T22:51:31","guid":{"rendered":"https:\/\/hificlub.com.br\/loja2\/produto\/q-acoustics-q2000c\/"},"modified":"2026-03-02T14:34:59","modified_gmt":"2026-03-02T17:34:59","slug":"q-acoustics-q2000c","status":"publish","type":"product","link":"https:\/\/hificlub.com.br\/loja\/produto\/q-acoustics-q2000c\/","title":{"rendered":"Q ACOUSTICS Q2000C Walnut"},"content":{"rendered":"<p>ESTADO 9\/10<\/p>\n<p>Descri\u00e7\u00e3o do produto<br \/>\nA s\u00e9rie Q Acoustics 2000 Ap\u00f3s o sucesso surpreendente de nossas linhas 1000 e 1000i, desafiamos novamente os engenheiros de alto-falantes mais renomados do mundo a projetar novos modelos que oferecem desempenho sonoro incompar\u00e1vel e excelente custo-benef\u00edcio. Em outras palavras, os melhores alto-falantes acess\u00edveis j\u00e1 produzidos. Ah, e exigimos que os novos alto-falantes tamb\u00e9m fossem muito elegantes. Com a nova s\u00e9rie Q Acoustics &#8216;2000&#8217;, nossos designers se superaram. A revista &#8216;What Hi-Fi? Sound &amp; Vision&#8217; j\u00e1 concedeu seu prestigioso pr\u00eamio de &#8216;Produto do Ano&#8217; ao pacote de alto-falantes 5.1 da s\u00e9rie 2000 e tamb\u00e9m ungiu o modelo compacto de estante de 2010 com o t\u00edtulo de &#8216;Melhores alto-falantes est\u00e9reo de at\u00e9 \u00a3 150&#8217;. Alto-falante de canal central 2000 Um alto-falante de canal central com drivers de graves duplos de 100 mm e uma unidade de alta frequ\u00eancia de ferrofluido para combinar e complementar acusticamente qualquer um dos modelos da s\u00e9rie 2000. Tampas de porta traseiras remov\u00edveis garantem um desempenho excepcional e perfeito, seja em estante, suporte ou parede, usando o suporte de parede da s\u00e9rie 2000 (suporte de parede e\/ou suportes da s\u00e9rie 2000 vendidos separadamente). &#8220;Emociona com vigor e autoridade.&#8221; &#8220;Envolvente sem nunca perder o controle.&#8221; What Hi-Fi? Edi\u00e7\u00e3o Sound and Vision Awards de novembro de 2009. Este SKU \u00e9 apenas para a caixa ac\u00fastica de canal central Q Acoustics 2000 em grafite (QA 2000C). Os demais itens mencionados s\u00e3o vendidos separadamente.<\/p>\n<p>Caracter\u00edsticas:<br \/>\nTipo de gabinete: reflexo bidirecional<br \/>\nUnidade de graves: 2 x 100 mm<br \/>\nUnidade de agudos: 25 mm<br \/>\nResposta de frequ\u00eancia: 75Hz &#8211; 22kHz<br \/>\nImped\u00e2ncia nominal: 6 Ohm<br \/>\nImped\u00e2ncia m\u00ednima: 4,4 Ohm<br \/>\nSensibilidade: 89dB<br \/>\nPot\u00eancia recomendada: 25 &#8211; 100w<br \/>\nFrequ\u00eancia de crossover: 2,7 kHz<br \/>\nDimens\u00f5es A\/P\/L mm: 160 x 203 x 430<br \/>\nPeso: 6,0 kg<\/p>\n","protected":false},"excerpt":{"rendered":"<p>ESTADO 9\/10 Descri\u00e7\u00e3o do produto A s\u00e9rie Q Acoustics 2000 Ap\u00f3s o sucesso surpreendente de nossas linhas 1000 e 1000i, desafiamos novamente os engenheiros de alto-falantes mais renomados do mundo a projetar novos modelos que oferecem desempenho sonoro incompar\u00e1vel e excelente custo-benef\u00edcio. Em outras palavras, os melhores alto-falantes acess\u00edveis j\u00e1 produzidos. Ah, e exigimos que [&hellip;]<\/p>\n","protected":false},"featured_media":20953,"template":"","meta":{"_acf_changed":false},"product_brand":[],"product_cat":[35,17,77],"product_tag":[],"class_list":{"0":"post-482","1":"product","2":"type-product","3":"status-publish","4":"has-post-thumbnail","6":"product_cat-caixas-centrais","7":"product_cat-caixas","8":"product_cat-q-acoustic","10":"first","11":"instock","12":"sold-individually","13":"shipping-taxable","14":"purchasable","15":"product-type-simple"},"acf":[],"aioseo_notices":[],"_links":{"self":[{"href":"https:\/\/hificlub.com.br\/loja\/wp-json\/wp\/v2\/product\/482","targetHints":{"allow":["GET"]}}],"collection":[{"href":"https:\/\/hificlub.com.br\/loja\/wp-json\/wp\/v2\/product"}],"about":[{"href":"https:\/\/hificlub.com.br\/loja\/wp-json\/wp\/v2\/types\/product"}],"wp:featuredmedia":[{"embeddable":true,"href":"https:\/\/hificlub.com.br\/loja\/wp-json\/wp\/v2\/media\/20953"}],"wp:attachment":[{"href":"https:\/\/hificlub.com.br\/loja\/wp-json\/wp\/v2\/media?parent=482"}],"wp:term":[{"taxonomy":"product_brand","embeddable":true,"href":"https:\/\/hificlub.com.br\/loja\/wp-json\/wp\/v2\/product_brand?post=482"},{"taxonomy":"product_cat","embeddable":true,"href":"https:\/\/hificlub.com.br\/loja\/wp-json\/wp\/v2\/product_cat?post=482"},{"taxonomy":"product_tag","embeddable":true,"href":"https:\/\/hificlub.com.br\/loja\/wp-json\/wp\/v2\/product_tag?post=482"}],"curies":[{"name":"wp","href":"https:\/\/api.w.org\/{rel}","templated":true}]}}