{"id":4784,"date":"2023-10-17T20:13:19","date_gmt":"2023-10-17T23:13:19","guid":{"rendered":"https:\/\/hificlub.com.br\/loja2\/produto\/cary-cinema-11a\/"},"modified":"2024-10-07T17:02:24","modified_gmt":"2024-10-07T20:02:24","slug":"cary-cinema-11a","status":"publish","type":"product","link":"https:\/\/hificlub.com.br\/loja\/produto\/cary-cinema-11a\/","title":{"rendered":"CARY CINEMA 11A"},"content":{"rendered":"<p>ESTADO 9\/10<\/p>\n<p><span>O Cinema 11a \u00e9 uma unidade compacta e relativamente pesada.\u00a0Ele possui um chassi robusto que faz com que a concorr\u00eancia mais barata pare\u00e7a estar alojada em papel alum\u00ednio.\u00a0O design industrial do Cinema 11a \u00e9 b\u00e1sico e simples ou refrescantemente limpo, dependendo da sua perspectiva est\u00e9tica.\u00a0Mas n\u00e3o pense na aten\u00e7\u00e3o que Cary deu ao chassi como uma fachada.\u00a0Um sistema de alta resolu\u00e7\u00e3o como este demonstra as melhorias resultantes da preven\u00e7\u00e3o de efeitos sonoros de microvibra\u00e7\u00f5es de atingirem os circuitos internos.<\/span><\/p>\n<p><span>O Cinema 11a est\u00e1 dispon\u00edvel em acabamento preto anodizado ou alum\u00ednio revestido.\u00a0O painel frontal possui um grande bot\u00e3o de volume e um display alfanum\u00e9rico fluorescente expansivo, mas minimalista.\u00a0Inclui bot\u00f5es para ligar\/desligar, bandas de r\u00e1dio AM\/FM ou HD, predefini\u00e7\u00f5es de esta\u00e7\u00e3o, entradas de \u00e1udio, modos surround ProLogic II\/IIx, Dolby ou DTS e modos Neo: 6 e 7.1 (discreto, totalmente est\u00e9reo, totalmente mono). ).\u00a0H\u00e1 tamb\u00e9m um cluster de navega\u00e7\u00e3o de cinco bot\u00f5es, um conector de fone de ouvido (com processamento Dolby Headphone) e uma janela de recep\u00e7\u00e3o infravermelha.<\/span><\/p>\n<p><span>O painel traseiro \u00e9 igualmente simples e direto.\u00a0<\/span><span>Possui um par est\u00e9reo de entradas anal\u00f3gicas balanceadas e sete pares de entradas single-ended.\u00a0<\/span><span>Voc\u00ea tamb\u00e9m encontrar\u00e1 um recorde (em minha experi\u00eancia de an\u00e1lise) de oito conjuntos de entradas digitais: um AES\/EBU balanceado e sete que oferecem entradas digitais TosLink e coaxiais.\u00a0<\/span><span>Al\u00e9m disso, o painel traseiro possui uma entrada anal\u00f3gica de 7.1 canais e sa\u00eddas de pr\u00e9-amplificador XLR balanceado de termina\u00e7\u00e3o \u00fanica e (de acordo com Cary) verdadeiro duplo diferencial.<\/span><\/p>\n<p><span>O Cinema 11a n\u00e3o \u00e9 estritamente minimalista.\u00a0Ele tamb\u00e9m oferece uma segunda zona de \u00e1udio controlada remotamente (embora minimalista, de dois canais) que \u00e9 acionada por uma sa\u00edda anal\u00f3gica digital e est\u00e9reo.\u00a0O painel traseiro inclui uma porta RS-232 que voc\u00ea pode usar para instala\u00e7\u00f5es personalizadas e atualiza\u00e7\u00f5es de software.\u00a0O Cinema 11a tamb\u00e9m inclui duas entradas IR (uma para a segunda zona), tr\u00eas sa\u00eddas de gatilho de 12 volts e um conector de microfone para a fun\u00e7\u00e3o de configura\u00e7\u00e3o autom\u00e1tica.<\/span><\/p>\n<p><b><span>Capacidades de processamento<\/span><\/b><br \/>\n<span>O Cinema 11a usa o chip de processamento de sinal digital (DSP) da s\u00e9rie Cirrus Logic CS49700.\u00a0O processador pode decodificar todos os formatos de bitstream brutos de alta resolu\u00e7\u00e3o dispon\u00edveis atualmente via HDMI, incluindo Dolby TrueHD e DTS-HD Master Audio.\u00a0Al\u00e9m disso, ele pode decodificar PCM linear multicanal sem perdas de at\u00e9 24 bits\/192 quilohertz e DSD (o formato de codifica\u00e7\u00e3o nativo para SACD) por meio das entradas HDMI.\u00a0Ele tamb\u00e9m pode decodificar os formatos de \u00e1udio compactados Dolby e DTS tradicionais.<\/span><\/p>\n<p><span>O DSP pode funcionar com resolu\u00e7\u00e3o de 24 bits\/192 kHz.\u00a0O Cinema 11a converte sinais digitais com taxas de amostragem inferiores a 48k para essa taxa antes do processamento.\u00a0Ele passa sinais com taxas de amostragem mais altas para os chips DSP em sua resolu\u00e7\u00e3o nativa.\u00a0O Cinema 11a usa dez canais de convers\u00e3o A\/D de 24 bits\/96 kHz para entradas de \u00e1udio est\u00e9reo e anal\u00f3gico de 7.1 canais.<\/span><\/p>\n<p><span>Mais significativamente, voc\u00ea pode configurar individualmente os sinais anal\u00f3gicos est\u00e9reo e anal\u00f3gicos de 7.1 canais para ignorar a convers\u00e3o A\/D.\u00a0Assim, eles podem sair do processador no dom\u00ednio anal\u00f3gico, praticamente intocados como estavam quando entraram.\u00a0Voc\u00ea pode apostar que foi assim que ouvi SACD multicanal.<\/span><\/p>\n<p><span>Com seus processadores DSP duplos de 32 bits, o Cinema 11a oferece uma gama completa de op\u00e7\u00f5es de personaliza\u00e7\u00e3o.\u00a0Possui um sistema de configura\u00e7\u00e3o autom\u00e1tica baseado em microfone, aprimoramento de graves e di\u00e1logos e gerenciamento de graves.\u00a0Al\u00e9m disso, possui crossover digital e equalizador autom\u00e1tico de at\u00e9 seis posi\u00e7\u00f5es.<\/span><\/p>\n<p><span>O chipset Cirrus Logic anula a fun\u00e7\u00e3o de equaliza\u00e7\u00e3o autom\u00e1tica durante toda a reprodu\u00e7\u00e3o de filmes Dolby Digital e DTS (compactados ou sem perdas).\u00a0Est\u00e1 dispon\u00edvel apenas para reprodu\u00e7\u00e3o de m\u00fasica e funciona com sinais PCM de leitores de CD ou DVD.\u00a0Tamb\u00e9m pode funcionar atrav\u00e9s de sinais anal\u00f3gicos que s\u00e3o convertidos em digitais.<\/span><\/p>\n<p><span>Cary n\u00e3o recomenda que voc\u00ea use a fun\u00e7\u00e3o de configura\u00e7\u00e3o autom\u00e1tica.\u00a0Em vez disso, recomenda-se que voc\u00ea use uma fita m\u00e9trica e um medidor SPL.\u00a0N\u00e3o \u00e9 assim que todos os nossos leitores fazem?\u00a0Foi o que eu fiz.\u00a0N\u00e3o ativei a fun\u00e7\u00e3o de equaliza\u00e7\u00e3o autom\u00e1tica para reprodu\u00e7\u00e3o de m\u00fasica, em parte porque as instru\u00e7\u00f5es n\u00e3o estavam muito entusiasmadas com o recurso.\u00a0O equalizador autom\u00e1tico est\u00e1 integrado ao chipset Cirrus Logic, mas isso n\u00e3o significa que voc\u00ea deva us\u00e1-lo.<\/span><\/p>\n<p><span>Embora os principais fabricantes acumulem recursos e tendam a economizar nos est\u00e1gios cr\u00edticos de sa\u00edda anal\u00f3gica, Cary diz que eles dedicam mais aten\u00e7\u00e3o a isso.\u00a0Ele usa pe\u00e7as premium que permitem publicar largura de banda, resposta de frequ\u00eancia e especifica\u00e7\u00f5es de rela\u00e7\u00e3o sinal-ru\u00eddo incomumente completas e impressionantes que os mainstreamers geralmente omitem.\u00a0Por exemplo, sua largura de banda anal\u00f3gica direta reivindicada \u00e9 de 10 hertz a 120 kHz (\u20133 decib\u00e9is), com 0,005% de distor\u00e7\u00e3o harm\u00f4nica total mais ru\u00eddo (THD+N) e uma rela\u00e7\u00e3o sinal-ru\u00eddo de 108 dB.<\/span><\/p>\n<p><b><span>Caracter\u00edsticas: Processador Cary Audio Cinema 11a Surround<\/span><\/b><br \/>\n<span>Decodifica\u00e7\u00e3o de \u00e1udio:<\/span><br \/>\n<span>Dolby: TrueHD, Digital Plus, Digital 5.1, EX, Pro Logic II, IIx<\/span><br \/>\n<span>DTS: DTS-HD Master Audio, DTS-HD High Resolution Audio, DTS, ES Matrix, ES Discrete , Neo: 6<\/span><br \/>\n<span>Certifica\u00e7\u00e3o THX: Sem<\/span><br \/>\n<span>processamento de v\u00eddeo: Nenhum<\/span><br \/>\n<span>Configura\u00e7\u00e3o autom\u00e1tica \/ EQ de sala: Cirrus Logic<\/span><br \/>\n<span>Dimens\u00f5es (L x A x P, polegadas):<\/span><br \/>\n<span>17,13 x 4,5 x 16,5<\/span><br \/>\n<span>Peso (libras): 25<\/span><\/p>\n<p><b><span>Conex\u00f5es: Processador Surround Cary Audio Cinema 11a<\/span><\/b><br \/>\n<span>Entradas: V\u00eddeo: HDMI 1.3 (2), S-video (4), v\u00eddeo composto (7)<\/span><br \/>\n<span>\u00c1udio: Digital \u00f3ptico (7), digital coaxial (7), anal\u00f3gico de 7.1 canais (1 ), est\u00e9reo anal\u00f3gico (7)<\/span><br \/>\n<span>Adicional: FM (1), IR (2)<\/span><br \/>\n<span>Sa\u00eddas: V\u00eddeo: HDMI 1.3 (1)<\/span><br \/>\n<span>\u00c1udio: Digital coaxial (1, zona 2), est\u00e9reo anal\u00f3gico (1, zona 2), 7.1 canais pr\u00e9-amplificador (1)<\/span><br \/>\n<span>Adicional: RS-232 (1), gatilho de 12 volts (3)<\/span><\/p>\n<p><b>Features: Cary Audio Cinema 11a Surround Processor<\/b><br \/>\nAudio Decoding:<br \/>\nDolby: TrueHD, Digital Plus, Digital 5.1, EX, Pro Logic II, IIx<br \/>\nDTS: DTS-HD Master Audio, DTS-HD High Resolution Audio, DTS, ES Matrix, ES Discrete, Neo: 6<br \/>\nTHX Certification: No<br \/>\nVideo Processing: None<br \/>\nAuto Setup\/Room EQ: Cirrus Logic<br \/>\nDimensions (W x H x D, inches):<br \/>\n17.13 x 4.5 x 16.5<br \/>\nWeight (pounds): 25<br \/>\nPrice: $4,000<\/p>\n<p>&nbsp;<\/p>\n","protected":false},"excerpt":{"rendered":"<p>ESTADO 9\/10 O Cinema 11a \u00e9 uma unidade compacta e relativamente pesada.\u00a0Ele possui um chassi robusto que faz com que a concorr\u00eancia mais barata pare\u00e7a estar alojada em papel alum\u00ednio.\u00a0O design industrial do Cinema 11a \u00e9 b\u00e1sico e simples ou refrescantemente limpo, dependendo da sua perspectiva est\u00e9tica.\u00a0Mas n\u00e3o pense na aten\u00e7\u00e3o que Cary deu ao [&hellip;]<\/p>\n","protected":false},"featured_media":13444,"template":"","meta":{"_acf_changed":false},"product_brand":[],"product_cat":[21,23],"product_tag":[],"class_list":{"0":"post-4784","1":"product","2":"type-product","3":"status-publish","4":"has-post-thumbnail","6":"product_cat-home-theater","7":"product_cat-processador","9":"first","10":"instock","11":"sold-individually","12":"shipping-taxable","13":"purchasable","14":"product-type-simple"},"acf":[],"aioseo_notices":[],"_links":{"self":[{"href":"https:\/\/hificlub.com.br\/loja\/wp-json\/wp\/v2\/product\/4784","targetHints":{"allow":["GET"]}}],"collection":[{"href":"https:\/\/hificlub.com.br\/loja\/wp-json\/wp\/v2\/product"}],"about":[{"href":"https:\/\/hificlub.com.br\/loja\/wp-json\/wp\/v2\/types\/product"}],"wp:featuredmedia":[{"embeddable":true,"href":"https:\/\/hificlub.com.br\/loja\/wp-json\/wp\/v2\/media\/13444"}],"wp:attachment":[{"href":"https:\/\/hificlub.com.br\/loja\/wp-json\/wp\/v2\/media?parent=4784"}],"wp:term":[{"taxonomy":"product_brand","embeddable":true,"href":"https:\/\/hificlub.com.br\/loja\/wp-json\/wp\/v2\/product_brand?post=4784"},{"taxonomy":"product_cat","embeddable":true,"href":"https:\/\/hificlub.com.br\/loja\/wp-json\/wp\/v2\/product_cat?post=4784"},{"taxonomy":"product_tag","embeddable":true,"href":"https:\/\/hificlub.com.br\/loja\/wp-json\/wp\/v2\/product_tag?post=4784"}],"curies":[{"name":"wp","href":"https:\/\/api.w.org\/{rel}","templated":true}]}}