{"id":4758,"date":"2023-10-17T20:13:10","date_gmt":"2023-10-17T23:13:10","guid":{"rendered":"https:\/\/hificlub.com.br\/loja2\/produto\/cambridge-alva-duo-headphone-amplifier-and-phono-mm-mc\/"},"modified":"2026-03-03T22:20:31","modified_gmt":"2026-03-04T01:20:31","slug":"cambridge-alva-duo-headphone-amplifier-and-phono-mm-mc","status":"publish","type":"product","link":"https:\/\/hificlub.com.br\/loja\/produto\/cambridge-alva-duo-headphone-amplifier-and-phono-mm-mc\/","title":{"rendered":"CAMBRIDGE ALVA DUO Headphone amplifier and phono MM\/MC"},"content":{"rendered":"<ul>\n<li>Alva Duo \u00e9 o nome do pr\u00e9-amplificador de phono da Cambridge Audio. Al\u00e9m de trazer no mesmo gabinete duas entradas, uma para c\u00e1psulas MM e outra para c\u00e1psulas MC, a Cambridge conseguiu adicionar um amplificador para fone de ouvido poderoso, capaz de empurrar at\u00e9 mesmo fones grandes com baixa sensibilidade.O Alva Duo traz um pouco do design limpo e elegante da linha Edge, sendo assim seu design \u00e9 extremamente minimalista e sofisticado. O acabamento \u00e9 primoroso e a textura ao toque \u00e9 macia e agrad\u00e1vel. Desde a famosa pintura Lunar Grey at\u00e9 os bot\u00f5es brilhantes de liga\/desliga e sele\u00e7\u00e3o de MM\/MC faceados, rentes ao painel, e o knob levemente deslocado para a direita (para quem o olha de frente), e a sa\u00edda de fones de 6.3 mm, comum em projetos de amplificadores de fone parrudos, tudo d\u00e1 ind\u00edcios de que a Cambridge n\u00e3o brincou em servi\u00e7o. O efeito visual \u00e9 simplesmente maravilhoso, parece um aparelho de 2 ou 3 mil d\u00f3lares. N\u00e3o se espera este n\u00edvel de sofistica\u00e7\u00e3o de design em aparelhos nessa faixa de pre\u00e7o. Geralmente vemos o pretinho b\u00e1sico com chassi de a\u00e7o texturizado.O cuidado continua na parte traseira do pequeno Duo, l\u00e1 temos as entradas RCA MM e MC, al\u00e9m da sa\u00edda RCA que o conecta a um amplificador, o Duo tamb\u00e9m possui um controle de ganho para ajudar com c\u00e1psulas antigas que j\u00e1 perderam um pouco da efici\u00eancia em algum dos canais, esquerdo ou direito.\n<p>O Alva Duo segue o padr\u00e3o RIAA e possui ganho m\u00e1ximo pr\u00e9 fixado em 60 dB (MC). O ajuste MM \u00e9 de 47 kOhms com 39 dB de ganho, rela\u00e7\u00e3o sinal\/ru\u00eddo &gt;90 dB em MM, e 70 dB em MC, podendo aceitar c\u00e1psulas de 0,3 \u00e0 1 mV. O filtro subs\u00f4nico atua e (-3 dB @12 Hz 6 dB\/oitava). O filtro poderia ser desligado, o que seria uma \u00f3tima j\u00e1 que dependendo da c\u00e1psula, em alguns casos, sem o filtro h\u00e1 ganhos bastante consistentes em timbres, naturalidade e arejamento.<\/p>\n<p>Outro cuidado bacana que a Cambridge tem para com seus clientes \u00e9 o espelhamento da grafia traseira de seus aparelhos, e no Alva Duo isto faz toda a diferen\u00e7a por conta de seu tamanho, pois as conex\u00f5es s\u00e3o apertadas e, de cabe\u00e7a pra baixo, lendo ao contr\u00e1rio, seria dose para le\u00e3o. Outra coisa interessante no Alva Duo \u00e9 que ele n\u00e3o usa fonte chaveada externa, ele possui entrada IEC no painel traseiro, o que nos possibilita dar uma temperada em sua sonoridade tamb\u00e9m com cabeamento de for\u00e7a.<\/li>\n<li>VINIL COMO SUPORTE AO SOM<br \/>\nEsteja voc\u00ea tirando o p\u00f3 da sua cole\u00e7\u00e3o de discos ou adotando o anal\u00f3gico atrav\u00e9s do renascimento do vinil, h\u00e1 uma experi\u00eancia \u00fanica a partir do momento em que voc\u00ea solta a agulha do seu \u00e1lbum favorito. Para preservar o calor exclusivo do som do vinil, o pr\u00e9-amplificador fonogr\u00e1fico Duo foi cuidadosamente projetado com uma fonte de alimenta\u00e7\u00e3o de modo de chave de \u00faltima gera\u00e7\u00e3o e um novo layout da placa de circuito montada na superf\u00edcie para reduzir ru\u00eddos indesejados.POR QUE ESCOLHER UM PREAMPLIFICADOR DE FONO DEDICADO?<br \/>\nDevido aos sinais de baixo n\u00edvel criados por uma plataforma girat\u00f3ria, nem todos os amplificadores de alta fidelidade permitem conectar diretamente a um toca-discos. O pr\u00e9-amplificador phono aumenta esse sinal para algo com o qual um amplificador de pot\u00eancia possa trabalhar. O desafio nesta fase, por\u00e9m, \u00e9 que o ru\u00eddo pode ser facilmente adicionado.\u00c9 por isso que projetamos o Duo em torno de componentes excepcionais que produzem um som quente e detalhado, que \u00e9 sin\u00f4nimo de vinil, tudo isso sem distorcer o sinal da sua plataforma girat\u00f3ria de cartucho de \u00edm\u00e3 m\u00f3vel. A fonte de alimenta\u00e7\u00e3o do modo de comuta\u00e7\u00e3o melhora o desempenho alternando fora da frequ\u00eancia aud\u00edvel para reduzir drasticamente o zumbido e o novo layout da placa de circuito usa componentes de montagem em superf\u00edcie para reduzir o ru\u00eddo.<\/p>\n<p>VINIL. APENAS PARA VOC\u00ca.<br \/>\nAproveite o calor do vinil em particular, gra\u00e7as \u00e0 sa\u00edda de fone de ouvido integrada da Duo. Exclusivamente, integramos um conector de fone de ouvido de 6,35 mm diretamente ao est\u00e1gio phono, para que voc\u00ea ainda possa desfrutar de seus discos quando n\u00e3o houver op\u00e7\u00e3o de tocar em voz alta.<\/p>\n<p>A sa\u00edda de fone de ouvido integrada tamb\u00e9m significa que voc\u00ea n\u00e3o precisa ligar o amplificador apenas para alimentar seus fones de ouvido, resultando em uma experi\u00eancia auditiva mais ecol\u00f3gica.<\/p>\n<p>ATEN\u00c7\u00c3O AOS DETALHES<br \/>\nSe alguns registros da sua cole\u00e7\u00e3o tiverem um pouco de desgaste pior, o filtro subs\u00f4nico ajudar\u00e1 a eliminar os estrondos de baixa frequ\u00eancia que podem ser causados \u200b\u200bpor imperfei\u00e7\u00f5es no seu vinil. Combine isso com o controle de balan\u00e7a para lidar com poss\u00edveis desequil\u00edbrios de cartuchos no seu toca-discos (que podem causar uma diferen\u00e7a entre os canais esquerdo e direito) e o resultado \u00e9 uma experi\u00eancia detalhada com um palco sonoro preciso.<\/p>\n<p>ECO AMIG\u00c1VEL<br \/>\nO pr\u00e9-amplificador phono Duo \u00e9 verde no cora\u00e7\u00e3o com menos de meio watt de energia em espera e recurso de desligamento autom\u00e1tico se a unidade n\u00e3o for usada ap\u00f3s um per\u00edodo de 20 minutos. Isso, por sua vez, fornece \u00e0 unidade a mesma voltagem mundial para compatibilidade onde quer que voc\u00ea esteja no mundo.<\/li>\n<\/ul>\n<p>&nbsp;<\/p>\n","protected":false},"excerpt":{"rendered":"<p>Alva Duo \u00e9 o nome do pr\u00e9-amplificador de phono da Cambridge Audio. Al\u00e9m de trazer no mesmo gabinete duas entradas, uma para c\u00e1psulas MM e outra para c\u00e1psulas MC, a Cambridge conseguiu adicionar um amplificador para fone de ouvido poderoso, capaz de empurrar at\u00e9 mesmo fones grandes com baixa sensibilidade.O Alva Duo traz um pouco [&hellip;]<\/p>\n","protected":false},"featured_media":4755,"template":"","meta":{"_acf_changed":false},"product_brand":[],"product_cat":[78,79],"product_tag":[],"class_list":{"0":"post-4758","1":"product","2":"type-product","3":"status-publish","4":"has-post-thumbnail","6":"product_cat-analogico-audio","7":"product_cat-pre-de-phono","9":"first","10":"instock","11":"sold-individually","12":"shipping-taxable","13":"purchasable","14":"product-type-simple"},"acf":[],"aioseo_notices":[],"_links":{"self":[{"href":"https:\/\/hificlub.com.br\/loja\/wp-json\/wp\/v2\/product\/4758","targetHints":{"allow":["GET"]}}],"collection":[{"href":"https:\/\/hificlub.com.br\/loja\/wp-json\/wp\/v2\/product"}],"about":[{"href":"https:\/\/hificlub.com.br\/loja\/wp-json\/wp\/v2\/types\/product"}],"wp:featuredmedia":[{"embeddable":true,"href":"https:\/\/hificlub.com.br\/loja\/wp-json\/wp\/v2\/media\/4755"}],"wp:attachment":[{"href":"https:\/\/hificlub.com.br\/loja\/wp-json\/wp\/v2\/media?parent=4758"}],"wp:term":[{"taxonomy":"product_brand","embeddable":true,"href":"https:\/\/hificlub.com.br\/loja\/wp-json\/wp\/v2\/product_brand?post=4758"},{"taxonomy":"product_cat","embeddable":true,"href":"https:\/\/hificlub.com.br\/loja\/wp-json\/wp\/v2\/product_cat?post=4758"},{"taxonomy":"product_tag","embeddable":true,"href":"https:\/\/hificlub.com.br\/loja\/wp-json\/wp\/v2\/product_tag?post=4758"}],"curies":[{"name":"wp","href":"https:\/\/api.w.org\/{rel}","templated":true}]}}