{"id":4730,"date":"2023-10-17T20:12:58","date_gmt":"2023-10-17T23:12:58","guid":{"rendered":"https:\/\/hificlub.com.br\/loja2\/produto\/arcam-pa240-class-g-225-watts\/"},"modified":"2026-03-03T22:20:31","modified_gmt":"2026-03-04T01:20:31","slug":"arcam-pa240-class-g-225-watts","status":"publish","type":"product","link":"https:\/\/hificlub.com.br\/loja\/produto\/arcam-pa240-class-g-225-watts\/","title":{"rendered":"ARCAM PA240 Class G  225 Watts"},"content":{"rendered":"<h1 class=\"prod-title\"><span style=\"font-size: medium\">Arcam PA240\u00a0<\/span><span style=\"font-size: medium\">amplificador de pot\u00eancia est\u00e9reo<\/span><\/h1>\n<h2>Dois canais de pot\u00eancia para o seu sistema de som<\/h2>\n<p>Se voc\u00ea estiver usando alto-falantes que consomem muita energia em seu sistema de som de dois canais, o Arcam PA240 pode aliment\u00e1-los com os watts de que precisam.\u00a0Ele oferece bastante volume para ouvir m\u00fasica e se destaca no controle do movimento stop-start dos drivers dos alto-falantes.\u00a0Esse controle preciso aumenta a precis\u00e3o, aprofunda os graves e ajuda a criar um palco sonoro realista.<\/p>\n<p>O PA240 tamb\u00e9m pode ser usado para conduzir um par de alto-falantes em um sistema de som surround.\u00a0O\u00a0<a href=\"https:\/\/www-crutchfield-com.translate.goog\/p_410AV860B\/Arcam-AV860.html?_x_tr_sl=en&amp;_x_tr_tl=pt&amp;_x_tr_hl=pt-BR&amp;_x_tr_pto=sc\">Arcam AV860<\/a>\u00a0, por exemplo, oferece sa\u00eddas frontal esquerda (FL) e frontal direita (FR) balanceadas e n\u00e3o balanceadas que podem ser conectadas a entradas no PA240.<\/p>\n<h3>Amplificador classe G vers\u00e1til<\/h3>\n<p>Os engenheiros que projetaram o PA240 queriam que ele fornecesse a quantidade certa de energia no momento certo, para que sua m\u00fasica sempre soasse exatamente como deveria.\u00a0\u00c9 por isso que eles escolheram um design de amplificador de Classe G, que usa circuitos de Classe A para sinais de baixo n\u00edvel e, em seguida, ativa uma fonte de alimenta\u00e7\u00e3o de alta tens\u00e3o para picos din\u00e2micos mais exigentes.\u00a0E faz isso sem adicionar qualquer distor\u00e7\u00e3o ou ru\u00eddo de crossover.<\/p>\n<h3>Conex\u00f5es convenientes<\/h3>\n<p>O PA240 oferece entradas RCA n\u00e3o balanceadas e XLR balanceadas para conectar a um pr\u00e9-amplificador, al\u00e9m de um par de sa\u00eddas passivas n\u00e3o balanceadas.\u00a0Uma entrada RS232 permite controle remoto de terceiros e uma porta Ethernet permite conectar-se \u00e0 internet e trabalhar com automa\u00e7\u00e3o residencial.\u00a0H\u00e1 entrada e sa\u00edda de gatilho de 12 volts para ativa\u00e7\u00e3o remota e uma porta USB tipo A para atualiza\u00e7\u00f5es de firmware.<\/p>\n<h2>Destaques do produto:<\/h2>\n<ul>\n<li>225 watts por canal em 8 ohms (20-20.000 Hz) a 0,2% THD com 2 canais acionados<\/li>\n<li>380 watts por canal em 4 ohms<\/li>\n<li>Amplificador Classe G eficiente de alta tens\u00e3o<\/li>\n<li>transformador de pot\u00eancia toroidal para baixo ru\u00eddo e sa\u00edda de alta corrente<\/li>\n<li>ganho selecion\u00e1vel: 25\/31dB (31dB \u00e9 a configura\u00e7\u00e3o padr\u00e3o)<\/li>\n<\/ul>\n<h5>Conex\u00f5es:<\/h5>\n<ul>\n<li>1 par de entradas de pr\u00e9-amplificador XLR balanceadas<\/li>\n<li>modo de entrada RCA\/XLR selecion\u00e1vel<\/li>\n<li>1 par de sa\u00eddas de pr\u00e9-amplificador RCA n\u00e3o balanceadas<\/li>\n<li>Sa\u00eddas de alto-falante L\/R com conectores de poste de encaderna\u00e7\u00e3o<\/li>\n<li>Porta USB tipo A para atualiza\u00e7\u00f5es de firmware<\/li>\n<li>Portas RS-232 e Ethernet para controle via sistemas de automa\u00e7\u00e3o de terceiros<\/li>\n<li>Entrada e sa\u00edda de gatilho de 12 volts<\/li>\n<\/ul>\n<h5>Dimens\u00f5es e garantia:<\/h5>\n<ul>\n<li>17-1\/16&#8243; L x 7&#8243; A x 16-3\/4&#8243; D<\/li>\n<li>peso: 39,6 libras.<\/li>\n<li>garantia: 5 anos<\/li>\n<\/ul>\n","protected":false},"excerpt":{"rendered":"<p>Arcam PA240\u00a0amplificador de pot\u00eancia est\u00e9reo Dois canais de pot\u00eancia para o seu sistema de som Se voc\u00ea estiver usando alto-falantes que consomem muita energia em seu sistema de som de dois canais, o Arcam PA240 pode aliment\u00e1-los com os watts de que precisam.\u00a0Ele oferece bastante volume para ouvir m\u00fasica e se destaca no controle do [&hellip;]<\/p>\n","protected":false},"featured_media":4726,"template":"","meta":{"_acf_changed":false},"product_brand":[],"product_cat":[27,28],"product_tag":[],"class_list":{"0":"post-4730","1":"product","2":"type-product","3":"status-publish","4":"has-post-thumbnail","6":"product_cat-amplificador","7":"product_cat-estereo","9":"first","10":"instock","11":"sold-individually","12":"shipping-taxable","13":"purchasable","14":"product-type-simple"},"acf":[],"aioseo_notices":[],"_links":{"self":[{"href":"https:\/\/hificlub.com.br\/loja\/wp-json\/wp\/v2\/product\/4730","targetHints":{"allow":["GET"]}}],"collection":[{"href":"https:\/\/hificlub.com.br\/loja\/wp-json\/wp\/v2\/product"}],"about":[{"href":"https:\/\/hificlub.com.br\/loja\/wp-json\/wp\/v2\/types\/product"}],"wp:featuredmedia":[{"embeddable":true,"href":"https:\/\/hificlub.com.br\/loja\/wp-json\/wp\/v2\/media\/4726"}],"wp:attachment":[{"href":"https:\/\/hificlub.com.br\/loja\/wp-json\/wp\/v2\/media?parent=4730"}],"wp:term":[{"taxonomy":"product_brand","embeddable":true,"href":"https:\/\/hificlub.com.br\/loja\/wp-json\/wp\/v2\/product_brand?post=4730"},{"taxonomy":"product_cat","embeddable":true,"href":"https:\/\/hificlub.com.br\/loja\/wp-json\/wp\/v2\/product_cat?post=4730"},{"taxonomy":"product_tag","embeddable":true,"href":"https:\/\/hificlub.com.br\/loja\/wp-json\/wp\/v2\/product_tag?post=4730"}],"curies":[{"name":"wp","href":"https:\/\/api.w.org\/{rel}","templated":true}]}}