{"id":4706,"date":"2023-10-17T20:12:53","date_gmt":"2023-10-17T23:12:53","guid":{"rendered":"https:\/\/hificlub.com.br\/loja2\/produto\/reloop-rp8000-mkii\/"},"modified":"2026-03-03T22:20:32","modified_gmt":"2026-03-04T01:20:32","slug":"reloop-rp8000-mkii","status":"publish","type":"product","link":"https:\/\/hificlub.com.br\/loja\/produto\/reloop-rp8000-mkii\/","title":{"rendered":"RELOOP RP-8000 MKII Toca Disco DJ Profissional Direct Drive"},"content":{"rendered":"<p>Desenvolvido em estreita coopera\u00e7\u00e3o com renomados artistas internacionais de toca-discos, o Reloop RP-8000 MK2 \u00e9 um toca-discos\/instrumento h\u00edbrido acionado por quartzo direto de torque superior, adequado para DJs de performance ao vivo em uma festa ou clube. Projetado para integra\u00e7\u00e3o perfeita com o Serato DJ Pro, o RP-8000 MK2 oferece a possibilidade de controlar at\u00e9 sete modos de desempenho diferentes por meio da se\u00e7\u00e3o de pad. O MK2 tamb\u00e9m inclui um modo Platter Play, que permite que os pads sejam usados \u200b\u200bpara controlar a velocidade de rota\u00e7\u00e3o do prato para criar melodias e apresenta\u00e7\u00f5es musicais aut\u00eanticas.<\/p>\n<p>Um LCD digital mostra informa\u00e7\u00f5es sobre afina\u00e7\u00e3o, BPM, atribui\u00e7\u00e3o do deck, escalas e notas, tempo decorrido\/restante da faixa atual e configura\u00e7\u00f5es de firmware. Um recurso altamente ben\u00e9fico permite combinar os BPMs da faixa sem olhar para a tela do computador. Os 8 grandes pads RGB podem controlar mais de 7 modos de desempenho diferentes (Cue, Sampler, Saved Loops, Pitch Play, Loop, Loop Roll, Slicer), bem como 2 modos de usu\u00e1rio, que podem ser personalizados com fun\u00e7\u00f5es preferidas individuais. Al\u00e9m disso, o multicodificador permite a navega\u00e7\u00e3o de faixas diretamente do pr\u00f3prio deck e pode carregar instantaneamente no respectivo deck. Al\u00e9m do mais, o RP-8000 MK2 \u00e9 compat\u00edvel com MIDI e pode se comunicar com a maioria dos softwares de DJ control\u00e1veis \u200b\u200bpor MIDI, negando assim a necessidade de um controlador adicional para modos de desempenho.<\/p>\n<p>O modo Platter Play controla a afina\u00e7\u00e3o do prato por meio dos pads de desempenho, abrindo novas possibilidades para apresenta\u00e7\u00f5es musicais ao vivo e transformando o RP-8000 MK2 em um instrumento musical leg\u00edtimo. Um total de 22 escalas e 34 notas est\u00e3o dispon\u00edveis com a op\u00e7\u00e3o de criar at\u00e9 9 escalas definidas pelo usu\u00e1rio. Os dois bot\u00f5es de sele\u00e7\u00e3o de velocidade podem ser usados \u200b\u200bpara pitch bending no modo Platter Play e para aumentar ou diminuir respectivamente o pitch do material de \u00e1udio em passos de um meio-tom. Al\u00e9m disso, a velocidade do prato tamb\u00e9m pode ser controlada por meio de um teclado MIDI externo.<\/p>\n<p>Foi desenvolvido um bra\u00e7o de tom em forma de S estaticamente balanceado com eleva\u00e7\u00e3o hidr\u00e1ulica e mecanismo antiderrapante, enquanto a base oferece estabilidade aprimorada e altura ajust\u00e1vel\/\u00e2ngulo de rastreamento vertical (VTA). O inv\u00f3lucro \u00e9 feito de uma combina\u00e7\u00e3o de metal, borracha e materiais sint\u00e9ticos, criando um inv\u00f3lucro pesado e refor\u00e7ado que resulta em desempenho resistente \u00e0 vibra\u00e7\u00e3o, especialmente em ambientes de graves pesados. Al\u00e9m disso, os p\u00e9s de absor\u00e7\u00e3o de choque ajudam a melhorar ainda mais esse isolamento. A superf\u00edcie \u00e9 revestida com um acabamento met\u00e1lico preto profundo de alta qualidade e resistente a arranh\u00f5es. O Reloop RP-8000 MK2 vem com um slipmat, contrapeso, cabo phono, cabo USB e um cabo de alimenta\u00e7\u00e3o.<\/p>\n<p>Desenvolvido em estreita colabora\u00e7\u00e3o com renomados m\u00fasicos internacionais de toca-discos<br \/>\nProjetado para Serato DJ Pro: controle 7 novos modos de desempenho codificados por cores RGB<br \/>\nModo Platter Play: Os pads de desempenho podem ser usados \u200b\u200bpara controlar a velocidade do prato para permitir apresenta\u00e7\u00f5es ao vivo mel\u00f3dicas e mais musicais<br \/>\nPads de desempenho extragrandes e altamente responsivos com LEDs multicoloridos<br \/>\n22 escalas est\u00e3o dispon\u00edveis com a op\u00e7\u00e3o de criar at\u00e9 9 escalas personalizadas<br \/>\nFun\u00e7\u00e3o de pitch bend atrav\u00e9s dos bot\u00f5es de sele\u00e7\u00e3o de velocidade no modo Platter Play<br \/>\nSe\u00e7\u00e3o de controle retrabalhada: multi-codificador mais simplificado e se\u00e7\u00e3o de modo intuitivo<br \/>\nModos de pad independentes (quando usados \u200b\u200bem conjunto com o mixer ELITE)<br \/>\nConstru\u00e7\u00e3o r\u00edgida do chassi com um design ainda mais pesado com refor\u00e7os adicionais de metal, borracha e composto de moldagem para amortecimento e isolamento de alta vibra\u00e7\u00e3o<br \/>\nTorque de partida mais potente (ajust\u00e1vel de 2,8 \u2013 4,5 kg\/cm)<br \/>\nControle de motor ajustado para otimiza\u00e7\u00e3o adicional de wow e flutter e rota\u00e7\u00e3o<br \/>\nBase do bra\u00e7o de tom MK2 ajust\u00e1vel em altura (VTA)<br \/>\nMaterial de alum\u00ednio acetinado particularmente leve e r\u00edgido usado para o bra\u00e7o de tom<br \/>\nEscala de pitch ajust\u00e1vel para ajustes precisos<br \/>\nSa\u00edda Adicional: O toca-discos pode ser conectado a dois mixers ao mesmo tempo e permite a troca f\u00e1cil de DVS para vinil<br \/>\nO terminal de aterramento opcional oferece prote\u00e7\u00e3o adicional em ambientes complexos de clubes e est\u00fadios<br \/>\nLuz de agulha LED facilmente substitu\u00edvel e livremente rotativa em novo design de alum\u00ednio de corpo \u00fanico<br \/>\nPreto profundo de alta qualidade e resistente, acabamento met\u00e1lico<br \/>\nInstrumento girat\u00f3rio h\u00edbrido acionado por quartzo com acionamento direto de torque superior<br \/>\nLeva suas apresenta\u00e7\u00f5es de DJ a um novo n\u00edvel de criatividade e musicalidade<br \/>\nA se\u00e7\u00e3o de controle compat\u00edvel com MIDI consiste em multi-codificador, 8 grandes almofadas de LED, tr\u00eas camadas com 7 modos de desempenho (cue, sampler, loops salvos, pitch play, loop, loop roll, slicer) e 2 modos de usu\u00e1rio<br \/>\nLCD digital para pitch, BPM, escala, tom, atribui\u00e7\u00e3o de deck e configura\u00e7\u00f5es de firmware<br \/>\nCombina perfeitamente um poderoso instrumento musical e um toca-discos de DJ profissional<br \/>\nTempo de parada ajust\u00e1vel (0,2 \u2013 6 seg.)<br \/>\nControle preciso do motor com 3 velocidades (33-1\/3, 45 e 78 RPM)<br \/>\nPlataforma girat\u00f3ria de alum\u00ednio fundido fabricada com precis\u00e3o<br \/>\nAs incrusta\u00e7\u00f5es de borracha reduzem as vibra\u00e7\u00f5es e o ru\u00eddo de fundo<br \/>\nBra\u00e7o universal estaticamente equilibrado em forma de S com eleva\u00e7\u00e3o hidr\u00e1ulica e mecanismo antiderrapante<br \/>\nConex\u00e3o universal para sistemas pick-up (SME)<br \/>\nPitch fader de alta resolu\u00e7\u00e3o (resolu\u00e7\u00e3o de 0,02%)<br \/>\nFaixa de passo +\/-8%, +\/-16%, +\/-50% (Ultra Pitch)<br \/>\nfechadura de quartzo<br \/>\nFun\u00e7\u00e3o reversa: Interruptor para opera\u00e7\u00e3o direta e reversa<br \/>\nLink USB inteligente para at\u00e9 4 toca-discos<br \/>\nRecurso de atribui\u00e7\u00e3o autom\u00e1tica de deck quando vinculado<br \/>\nCavidade de conex\u00e3o embutida para f\u00e1cil instala\u00e7\u00e3o em casos e ajuste perfeito<br \/>\nFono e sa\u00edda de linha (sem necessidade de aterramento)<br \/>\nCabos principais e RCA remov\u00edveis<br \/>\nInterruptor principal de seguran\u00e7a<br \/>\nP\u00e9s absorventes de choque isolam contra vibra\u00e7\u00f5es<br \/>\nInclui toca-discos, slipmat, luz de agulha LED, contrapeso, cabo fono RCA com aterramento, cabo USB e cabo de alimenta\u00e7\u00e3o<\/p>\n<ul>\n<li>Type: manual quartz direct drive turntable with MIDI control<\/li>\n<li>Drive: quartz driven upper-torque direct drive<\/li>\n<li>Motor: brushless DC motor<\/li>\n<li>3 speeds, fully manual<\/li>\n<li>Turntable RPM: 33 1\/3, 45 and 78 RPM<\/li>\n<li>Turntable: aluminum die casting<\/li>\n<li>Pitch: variably adjustable +\/-8%, +\/-16%, +\/-50%<\/li>\n<li>Torque: adjustable from min. 1600 &#8211; 4500 g\/cm<\/li>\n<li>Start-up time\/tempo change: less than 0.2 sec.<\/li>\n<li>Brake system: electronic brake<\/li>\n<li>Wow and flutter: 0.01% WRMS*<\/li>\n<li>S\/N ratio: more than -55 dB (1 kHz, 4mV input)<\/li>\n<li>Admissible cartridge weight range: 3.5 &#8211; 8.5 g (incl. headshell 13 &#8211; 18 g)<\/li>\n<li>Anti-skating range: 0 &#8211; 3 g<\/li>\n<li>2x start\/stopp buttons<\/li>\n<li>Adjustable start\/stop time (0.2 &#8211; 6 sec.)<\/li>\n<li>Power input: 14 W<\/li>\n<li>Power supply: AC 115\/230 V, 60\/50 Hz (EU\/US), AC 100 V, 50\/60 Hz (JP)<\/li>\n<li>Dimensions: 458 x 144.6 x 354 mm<\/li>\n<li>Weight: 9.7 kg<\/li>\n<\/ul>\n","protected":false},"excerpt":{"rendered":"<p>Desenvolvido em estreita coopera\u00e7\u00e3o com renomados artistas internacionais de toca-discos, o Reloop RP-8000 MK2 \u00e9 um toca-discos\/instrumento h\u00edbrido acionado por quartzo direto de torque superior, adequado para DJs de performance ao vivo em uma festa ou clube. Projetado para integra\u00e7\u00e3o perfeita com o Serato DJ Pro, o RP-8000 MK2 oferece a possibilidade de controlar at\u00e9 [&hellip;]<\/p>\n","protected":false},"featured_media":21294,"template":"","meta":{"_acf_changed":false},"product_brand":[],"product_cat":[78,255,98],"product_tag":[],"class_list":{"0":"post-4706","1":"product","2":"type-product","3":"status-publish","4":"has-post-thumbnail","6":"product_cat-analogico-audio","7":"product_cat-reloop","8":"product_cat-toca-discos","10":"first","11":"instock","12":"sold-individually","13":"shipping-taxable","14":"purchasable","15":"product-type-simple"},"acf":[],"aioseo_notices":[],"_links":{"self":[{"href":"https:\/\/hificlub.com.br\/loja\/wp-json\/wp\/v2\/product\/4706","targetHints":{"allow":["GET"]}}],"collection":[{"href":"https:\/\/hificlub.com.br\/loja\/wp-json\/wp\/v2\/product"}],"about":[{"href":"https:\/\/hificlub.com.br\/loja\/wp-json\/wp\/v2\/types\/product"}],"wp:featuredmedia":[{"embeddable":true,"href":"https:\/\/hificlub.com.br\/loja\/wp-json\/wp\/v2\/media\/21294"}],"wp:attachment":[{"href":"https:\/\/hificlub.com.br\/loja\/wp-json\/wp\/v2\/media?parent=4706"}],"wp:term":[{"taxonomy":"product_brand","embeddable":true,"href":"https:\/\/hificlub.com.br\/loja\/wp-json\/wp\/v2\/product_brand?post=4706"},{"taxonomy":"product_cat","embeddable":true,"href":"https:\/\/hificlub.com.br\/loja\/wp-json\/wp\/v2\/product_cat?post=4706"},{"taxonomy":"product_tag","embeddable":true,"href":"https:\/\/hificlub.com.br\/loja\/wp-json\/wp\/v2\/product_tag?post=4706"}],"curies":[{"name":"wp","href":"https:\/\/api.w.org\/{rel}","templated":true}]}}