{"id":4690,"date":"2023-10-17T20:12:50","date_gmt":"2023-10-17T23:12:50","guid":{"rendered":"https:\/\/hificlub.com.br\/loja2\/produto\/hegel-h120-com-streamer-e-dac-75-watts\/"},"modified":"2026-03-03T22:20:32","modified_gmt":"2026-03-04T01:20:32","slug":"hegel-h120-com-streamer-e-dac-75-watts","status":"publish","type":"product","link":"https:\/\/hificlub.com.br\/loja\/produto\/hegel-h120-com-streamer-e-dac-75-watts\/","title":{"rendered":"HEGEL H120 Amplificador Integrado com Streamer e DAC  75 watts"},"content":{"rendered":"<p>Hegel H120<br \/>\nA convers\u00e3o de digital para anal\u00f3gico \u00e9 da mais alta qualidade no H120, com tecnologia criada desde o in\u00edcio pela Hegel. Assumimos o controle total do fluxo de dados digitais, usando a tecnologia desenvolvida a partir de nossos produtos de refer\u00eancia absolutos, garantindo a entrega de m\u00fasica digital em sua forma mais pura. O resultado para voc\u00ea \u00e9 um som perfeitamente natural, sem nenhum artefato que fa\u00e7a com que voc\u00ea queira diminuir o volume. O H120 possui Apple Airplay, Spotify Connect, Controle IP, Control4 e streaming upnp. Mais recursos j\u00e1 est\u00e3o em andamento e ser\u00e3o oferecidos sem nenhum custo, usando a funcionalidade f\u00e1cil de atualiza\u00e7\u00e3o de software. Todas as entradas s\u00e3o configur\u00e1veis \u200b\u200bpara desvio de volume, para que voc\u00ea possa integrar um home theater ou com (por exemplo) um Bluesound ou Sonos. O que voc\u00ea quiser, voc\u00ea pode faz\u00ea-lo com o H120.<\/p>\n<p>O H120 usa a plataforma de amplificador Hegel SoundEngine 2, permitindo um fator de amortecimento superior a 2000, juntamente com n\u00edveis de distor\u00e7\u00e3o extremamente baixos. Detalhes sobre o SoundEngine podem ser encontrados em hegel.com. De muitas maneiras, funciona como um fone de ouvido com cancelamento de ru\u00eddo. Ele compara a sa\u00edda do amplificador com a entrada. Ele detecta toda a polui\u00e7\u00e3o sonora (distor\u00e7\u00e3o) e reproduz isso adiante na sa\u00edda do alto-falante, mas na fase reversa. Como 1 menos 1 \u00e9 igual a 0. Cancela toda a polui\u00e7\u00e3o em tempo real, deixando voc\u00ea com apenas o som mais natural. A tecnologia SoundEngine foi desenvolvida ao longo de mais de 30 anos, desde a concep\u00e7\u00e3o at\u00e9 onde est\u00e1 agora. Milh\u00f5es de d\u00f3lares foram investidos no desenvolvimento inicial. \u00c9 o que torna poss\u00edvel o desempenho sonoro do dinheiro no H120.<\/p>\n<ul>\n<li>Especifica\u00e7\u00f5es t\u00e9cnicas<br \/>\nPot\u00eancia de sa\u00edda: 2 x 75 W em 8<br \/>\nload Carga m\u00ednima: 2 Input<br \/>\nEntradas anal\u00f3gicas: 1 x balanceado (XLR), 2 x desbalanceado (RCA)<br \/>\nEntradas digitais: 1 x coaxial (RCA), 3 x \u00f3ptico, 1 x USB, 1 x<br \/>\nN\u00edvel de linha de rede Sa\u00edda: 1 x vari\u00e1vel desequilibrada (RCA)<br \/>\nResposta de frequ\u00eancia: 5 Hz \u2013 100 kHz<br \/>\nRela\u00e7\u00e3o sinal \/ ru\u00eddo: Mais de 100 dB<br \/>\nCrosstalk: Menos de -100 dB<br \/>\nDistor\u00e7\u00e3o: Menos de 0,01% a 50 W \/ 8 Mod \/ 1 kHz<br \/>\nIntermodula\u00e7\u00e3o: Menos de 0,01% (19 kHz + 20 kHz)<br \/>\nFator de amortecimento: Mais de 2000 (est\u00e1gio principal de sa\u00edda de energia)<br \/>\nDimens\u00f5es incluindo p\u00e9s: 10 cm x 43 cm x 31 cm (AxLxP), 12 kg de peso<br \/>\nDimens\u00f5es (EUA): 3,93 \u201cx 16,93\u201d x 12,20 \u201c(AxLxP), 26,5 libras de peso da embalagem<br \/>\n6 entradas digitais<br \/>\nSoundEngine 2<br \/>\nApple AirPlay<br \/>\nControle de IP<br \/>\nStreaming UPnP<br \/>\nSa\u00edda de fone de ouvido<br \/>\nControl4 Ready<\/li>\n<\/ul>\n<p>&nbsp;<\/p>\n","protected":false},"excerpt":{"rendered":"<p>Hegel H120 A convers\u00e3o de digital para anal\u00f3gico \u00e9 da mais alta qualidade no H120, com tecnologia criada desde o in\u00edcio pela Hegel. Assumimos o controle total do fluxo de dados digitais, usando a tecnologia desenvolvida a partir de nossos produtos de refer\u00eancia absolutos, garantindo a entrega de m\u00fasica digital em sua forma mais pura. [&hellip;]<\/p>\n","protected":false},"featured_media":19167,"template":"","meta":{"_acf_changed":false},"product_brand":[],"product_cat":[27,93,51],"product_tag":[],"class_list":{"0":"post-4690","1":"product","2":"type-product","3":"status-publish","4":"has-post-thumbnail","6":"product_cat-amplificador","7":"product_cat-hegel","8":"product_cat-integrado","10":"first","11":"instock","12":"sold-individually","13":"shipping-taxable","14":"purchasable","15":"product-type-simple"},"acf":[],"aioseo_notices":[],"_links":{"self":[{"href":"https:\/\/hificlub.com.br\/loja\/wp-json\/wp\/v2\/product\/4690","targetHints":{"allow":["GET"]}}],"collection":[{"href":"https:\/\/hificlub.com.br\/loja\/wp-json\/wp\/v2\/product"}],"about":[{"href":"https:\/\/hificlub.com.br\/loja\/wp-json\/wp\/v2\/types\/product"}],"wp:featuredmedia":[{"embeddable":true,"href":"https:\/\/hificlub.com.br\/loja\/wp-json\/wp\/v2\/media\/19167"}],"wp:attachment":[{"href":"https:\/\/hificlub.com.br\/loja\/wp-json\/wp\/v2\/media?parent=4690"}],"wp:term":[{"taxonomy":"product_brand","embeddable":true,"href":"https:\/\/hificlub.com.br\/loja\/wp-json\/wp\/v2\/product_brand?post=4690"},{"taxonomy":"product_cat","embeddable":true,"href":"https:\/\/hificlub.com.br\/loja\/wp-json\/wp\/v2\/product_cat?post=4690"},{"taxonomy":"product_tag","embeddable":true,"href":"https:\/\/hificlub.com.br\/loja\/wp-json\/wp\/v2\/product_tag?post=4690"}],"curies":[{"name":"wp","href":"https:\/\/api.w.org\/{rel}","templated":true}]}}