{"id":4666,"date":"2023-10-17T20:12:45","date_gmt":"2023-10-17T23:12:45","guid":{"rendered":"https:\/\/hificlub.com.br\/loja2\/produto\/velodyne-impact-mini\/"},"modified":"2024-10-07T17:02:25","modified_gmt":"2024-10-07T20:02:25","slug":"velodyne-impact-mini","status":"publish","type":"product","link":"https:\/\/hificlub.com.br\/loja\/produto\/velodyne-impact-mini\/","title":{"rendered":"VELODYNE IMPACT MINI"},"content":{"rendered":"<ul>\n<li>Pot\u00eancia: 180 W RMS<\/li>\n<li>Resposta de frequ\u00eancia: 38-140 Hz<\/li>\n<li>Fase : 0 ou 180 (ajust\u00e1vel)<\/li>\n<li>Drivers: 6,5 de alum\u00ednio cone 8- radiadores<\/li>\n<li>passivos com alum\u00ednio cone recinto fechado.<\/li>\n<li>Tamanho: 254 x 254 x 304,8 mil\u00edmetros<\/li>\n<\/ul>\n","protected":false},"excerpt":{"rendered":"<p>Pot\u00eancia: 180 W RMS Resposta de frequ\u00eancia: 38-140 Hz Fase : 0 ou 180 (ajust\u00e1vel) Drivers: 6,5 de alum\u00ednio cone 8- radiadores passivos com alum\u00ednio cone recinto fechado. Tamanho: 254 x 254 x 304,8 mil\u00edmetros<\/p>\n","protected":false},"featured_media":4665,"template":"","meta":{"_acf_changed":false},"product_brand":[],"product_cat":[17,36],"product_tag":[],"class_list":{"0":"post-4666","1":"product","2":"type-product","3":"status-publish","4":"has-post-thumbnail","6":"product_cat-caixas","7":"product_cat-subwoofer","9":"first","10":"instock","11":"sold-individually","12":"shipping-taxable","13":"purchasable","14":"product-type-simple"},"acf":[],"aioseo_notices":[],"_links":{"self":[{"href":"https:\/\/hificlub.com.br\/loja\/wp-json\/wp\/v2\/product\/4666","targetHints":{"allow":["GET"]}}],"collection":[{"href":"https:\/\/hificlub.com.br\/loja\/wp-json\/wp\/v2\/product"}],"about":[{"href":"https:\/\/hificlub.com.br\/loja\/wp-json\/wp\/v2\/types\/product"}],"wp:featuredmedia":[{"embeddable":true,"href":"https:\/\/hificlub.com.br\/loja\/wp-json\/wp\/v2\/media\/4665"}],"wp:attachment":[{"href":"https:\/\/hificlub.com.br\/loja\/wp-json\/wp\/v2\/media?parent=4666"}],"wp:term":[{"taxonomy":"product_brand","embeddable":true,"href":"https:\/\/hificlub.com.br\/loja\/wp-json\/wp\/v2\/product_brand?post=4666"},{"taxonomy":"product_cat","embeddable":true,"href":"https:\/\/hificlub.com.br\/loja\/wp-json\/wp\/v2\/product_cat?post=4666"},{"taxonomy":"product_tag","embeddable":true,"href":"https:\/\/hificlub.com.br\/loja\/wp-json\/wp\/v2\/product_tag?post=4666"}],"curies":[{"name":"wp","href":"https:\/\/api.w.org\/{rel}","templated":true}]}}