{"id":4639,"date":"2023-10-17T20:12:34","date_gmt":"2023-10-17T23:12:34","guid":{"rendered":"https:\/\/hificlub.com.br\/loja2\/produto\/cambridge-evo-150-all-in-one-mqa-player-150-watts\/"},"modified":"2026-03-25T11:34:55","modified_gmt":"2026-03-25T14:34:55","slug":"cambridge-evo-150-all-in-one-mqa-player-150-watts","status":"publish","type":"product","link":"https:\/\/hificlub.com.br\/loja\/produto\/cambridge-evo-150-all-in-one-mqa-player-150-watts\/","title":{"rendered":"CAMBRIDGE EVO 150 &#8211; All in One MQA Player, 150 watts"},"content":{"rendered":"<div class=\"product-commerce__summary\">\n<ul>\n<li>Simples de usar, emocionante de ouvir<\/li>\n<li>Din\u00e2mica rica, escala enorme e controle completo significam um som inspirador<\/li>\n<li>Compat\u00edvel com todos os formatos, de vinil a streaming digital e tudo mais<\/li>\n<li>In\u00fameras entradas digitais e anal\u00f3gicas para amplas possibilidades de sistema<\/li>\n<li>Aperfei\u00e7oado para trabalhar com a mais ampla gama de alto-falantes<\/li>\n<li>Poderoso o suficiente para conduzir dois conjuntos de alto-falantes sem problemas<\/li>\n<li><b>Description:\u00a0<\/b>All-in-one network music streaming integrated amplifier with 6.8&#8243; LCD display screen. Analog inputs: 1 RCA, 1 XLR, 1 MM Phono stage. Digital inputs: 2 TosLink, 1 coaxial S\/ PDIF, 1 HDMI ARC. Analog outputs: Speakers A+B, 3.5mm headphone, Preamp, Subwoofer, Bluetooth: 4.2 A2DP\/AVRCP supporting up to aptX HD. Data rates: TosLink: 16\/32\u201324\/96 PCM; S\/PDIF coaxial: 16\/32\u201324\/192 PCM; USB: to 32\/384 (asynchronous), DSD to DSD256. Bluetooth: 4.2 A2DP\/AVRCP supporting up to aptX HD (24\/48) UPnP, Local USB media, AirPlay 2, Chromecast built-in, Internet Radio, Spotify Connect, Tidal, MQA, Qobuz, Roon Ready. Power output: 150W into 8 ohms (21.8dBW). Frequency response: 20Hz\u201320kHz +0\/\u20133dB. Max power consumption: 700W. Standby power consumption: &lt;0.5W.\n<p class=\"text-align-center\"><strong>O Hi-Fi de amanh\u00e3, hoje<\/strong><\/p>\n<p class=\"text-align-center\">Com o Evo 150, trouxemos seu \u00e1udio do passado e do presente para o futuro.\u00a0Com a excelente amplifica\u00e7\u00e3o Hypex NCore\u00a0<a title=\"Qual \u00e9 o problema com a classe D?\" href=\"https:\/\/www-cambridgeaudio-com.translate.goog\/gbr\/en\/blog\/whats-the-deal-with-class-d?_x_tr_sl=en&amp;_x_tr_tl=pt&amp;_x_tr_hl=pt-BR&amp;_x_tr_pto=sc\">Classe D<\/a>\u00a0e nossa plataforma de streaming de m\u00fasica\u00a0<a href=\"https:\/\/www-cambridgeaudio-com.translate.goog\/gbr\/en\/products\/streammagic?_x_tr_sl=en&amp;_x_tr_tl=pt&amp;_x_tr_hl=pt-BR&amp;_x_tr_pto=sc\">StreamMagic<\/a>\u00a0l\u00edder de classe a bordo, tudo o que voc\u00ea precisa fazer \u00e9 adicionar alto-falantes para desfrutar de excelente qualidade de \u00e1udio de alta resolu\u00e7\u00e3o a partir de uma caixa elegante e discreta.<\/p>\n<p class=\"text-align-center\">E gra\u00e7as ao seu conjunto de entradas digitais e anal\u00f3gicas, bem como ao seu conversor digital-anal\u00f3gico de alta qualidade, o Evo pode ser o cora\u00e7\u00e3o do seu sistema hi-fi nos pr\u00f3ximos anos.<\/p>\n<\/li>\n<\/ul>\n<div class=\"key-feature\"><\/div>\n<div class=\"key-feature\">\n<div class=\"key-feature\">\n<p>&nbsp;<\/p>\n<\/div>\n<\/div>\n<\/div>\n","protected":false},"excerpt":{"rendered":"<p>Simples de usar, emocionante de ouvir Din\u00e2mica rica, escala enorme e controle completo significam um som inspirador Compat\u00edvel com todos os formatos, de vinil a streaming digital e tudo mais In\u00fameras entradas digitais e anal\u00f3gicas para amplas possibilidades de sistema Aperfei\u00e7oado para trabalhar com a mais ampla gama de alto-falantes Poderoso o suficiente para conduzir [&hellip;]<\/p>\n","protected":false},"featured_media":4632,"template":"","meta":{"_acf_changed":false},"product_brand":[],"product_cat":[27,51],"product_tag":[],"class_list":{"0":"post-4639","1":"product","2":"type-product","3":"status-publish","4":"has-post-thumbnail","6":"product_cat-amplificador","7":"product_cat-integrado","9":"first","10":"instock","11":"sold-individually","12":"shipping-taxable","13":"purchasable","14":"product-type-simple"},"acf":[],"aioseo_notices":[],"_links":{"self":[{"href":"https:\/\/hificlub.com.br\/loja\/wp-json\/wp\/v2\/product\/4639","targetHints":{"allow":["GET"]}}],"collection":[{"href":"https:\/\/hificlub.com.br\/loja\/wp-json\/wp\/v2\/product"}],"about":[{"href":"https:\/\/hificlub.com.br\/loja\/wp-json\/wp\/v2\/types\/product"}],"wp:featuredmedia":[{"embeddable":true,"href":"https:\/\/hificlub.com.br\/loja\/wp-json\/wp\/v2\/media\/4632"}],"wp:attachment":[{"href":"https:\/\/hificlub.com.br\/loja\/wp-json\/wp\/v2\/media?parent=4639"}],"wp:term":[{"taxonomy":"product_brand","embeddable":true,"href":"https:\/\/hificlub.com.br\/loja\/wp-json\/wp\/v2\/product_brand?post=4639"},{"taxonomy":"product_cat","embeddable":true,"href":"https:\/\/hificlub.com.br\/loja\/wp-json\/wp\/v2\/product_cat?post=4639"},{"taxonomy":"product_tag","embeddable":true,"href":"https:\/\/hificlub.com.br\/loja\/wp-json\/wp\/v2\/product_tag?post=4639"}],"curies":[{"name":"wp","href":"https:\/\/api.w.org\/{rel}","templated":true}]}}