{"id":4622,"date":"2023-10-17T20:12:29","date_gmt":"2023-10-17T23:12:29","guid":{"rendered":"https:\/\/hificlub.com.br\/loja2\/produto\/cambridge-dac-magic-200m-headphone-amp\/"},"modified":"2026-04-14T06:13:31","modified_gmt":"2026-04-14T09:13:31","slug":"cambridge-dac-magic-200m-headphone-amp","status":"publish","type":"product","link":"https:\/\/hificlub.com.br\/loja\/produto\/cambridge-dac-magic-200m-headphone-amp\/","title":{"rendered":"CAMBRIDGE DAC MAGIC 200M   DAC com Headphone Amp"},"content":{"rendered":"<p>DacMagic\u00a0 200M<\/p>\n<p>Conversor digital para anal\u00f3gico<\/p>\n<p>Dual ESS ES9028Q2M DACs &#8211; lida facilmente com arquivos de \u00e1udio digital de at\u00e9 24 bits\/768kHz ou DSD512<br \/>\nSuporta MQA &#8211; certifique-se de estar ouvindo \u00e1udio com qualidade de est\u00fadio aprovado pelo artista<br \/>\nEntradas digitais \u00f3pticas, coaxiais digitais e USB &#8211; conecte CD players, consoles de jogos, laptops ou outras fontes de \u00e1udio digital<br \/>\nConstru\u00eddo em Bluetooth aptX &#8211; envie arquivos de \u00e1udio digital do seu smartphone ou tablet sem fio<br \/>\nAcabamento em cinza lunar.<\/p>\n<p>O \u00e1udio digital \u00e9 brilhante, mas precisa ser \u00e1udio anal\u00f3gico antes que voc\u00ea possa ouvi-lo. E a forma como isso soa depende inteiramente de como voc\u00ea converte os arquivos de \u00e1udio digital armazenados em seu computador, em CD ou em seu servi\u00e7o de streaming favorito. O DacMagic 200M realiza a convers\u00e3o digital para anal\u00f3gico perfeitamente sempre, permitindo que todos os tipos de sistemas de \u00e1udio soem melhor do que nunca.<\/p>\n<p>\u00c1udio com qualidade de est\u00fadio<br \/>\nO DacMagic 200M \u00e9 o primeiro produto da Cambridge Audio a oferecer suporte a MQA.<\/p>\n<p>O MQA\u00a0 \u00e9 uma tecnologia brit\u00e2nica premiada que oferece som com qualidade de est\u00fadio em um arquivo pequeno o suficiente para ser transmitido. O TIDAL, por exemplo, usa a tecnologia MQA para fornecer\u00a0 som de qualidade master\u00a0 em sua associa\u00e7\u00e3o Hi-Fi. O DacMagic 200M da Cambridge Audio pode decodificar e reproduzir totalmente arquivos MQA, para que soem exatamente como a grava\u00e7\u00e3o original do est\u00fadio.<\/p>\n<p>No produto, procure o indicador MQA azul. Isso indica que voc\u00ea est\u00e1 reproduzindo um arquivo do MQA Studio, que foi aprovado no est\u00fadio pelo artista ou produtor ou foi verificado pelo propriet\u00e1rio dos direitos autorais. O indicador verde \u00e9 a confirma\u00e7\u00e3o de que voc\u00ea est\u00e1 tocando e decodificando um arquivo de m\u00fasica MQA.<\/p>\n<p>Processamento poderoso<br \/>\nNo cora\u00e7\u00e3o do DacMagic 200M est\u00e1 um par de conversores digital-anal\u00f3gico ESS Sabre de alt\u00edssima qualidade. Eles lidam com arquivos de \u00e1udio digital de at\u00e9 24 bits\/768kHz ou DSD512, para que possam lidar com m\u00fasica digital de qualquer tipo armazenada em CDs, smartphones, computadores &#8211; ou em qualquer outro lugar.<\/p>\n<p>&nbsp;<\/p>\n","protected":false},"excerpt":{"rendered":"<p>DacMagic\u00a0 200M Conversor digital para anal\u00f3gico Dual ESS ES9028Q2M DACs &#8211; lida facilmente com arquivos de \u00e1udio digital de at\u00e9 24 bits\/768kHz ou DSD512 Suporta MQA &#8211; certifique-se de estar ouvindo \u00e1udio com qualidade de est\u00fadio aprovado pelo artista Entradas digitais \u00f3pticas, coaxiais digitais e USB &#8211; conecte CD players, consoles de jogos, laptops ou [&hellip;]<\/p>\n","protected":false},"featured_media":42205,"template":"","meta":{"_acf_changed":false},"product_brand":[],"product_cat":[43,41],"product_tag":[],"class_list":{"0":"post-4622","1":"product","2":"type-product","3":"status-publish","4":"has-post-thumbnail","6":"product_cat-dac","7":"product_cat-digital","9":"first","10":"instock","11":"sold-individually","12":"shipping-taxable","13":"purchasable","14":"product-type-simple"},"acf":[],"aioseo_notices":[],"_links":{"self":[{"href":"https:\/\/hificlub.com.br\/loja\/wp-json\/wp\/v2\/product\/4622","targetHints":{"allow":["GET"]}}],"collection":[{"href":"https:\/\/hificlub.com.br\/loja\/wp-json\/wp\/v2\/product"}],"about":[{"href":"https:\/\/hificlub.com.br\/loja\/wp-json\/wp\/v2\/types\/product"}],"wp:featuredmedia":[{"embeddable":true,"href":"https:\/\/hificlub.com.br\/loja\/wp-json\/wp\/v2\/media\/42205"}],"wp:attachment":[{"href":"https:\/\/hificlub.com.br\/loja\/wp-json\/wp\/v2\/media?parent=4622"}],"wp:term":[{"taxonomy":"product_brand","embeddable":true,"href":"https:\/\/hificlub.com.br\/loja\/wp-json\/wp\/v2\/product_brand?post=4622"},{"taxonomy":"product_cat","embeddable":true,"href":"https:\/\/hificlub.com.br\/loja\/wp-json\/wp\/v2\/product_cat?post=4622"},{"taxonomy":"product_tag","embeddable":true,"href":"https:\/\/hificlub.com.br\/loja\/wp-json\/wp\/v2\/product_tag?post=4622"}],"curies":[{"name":"wp","href":"https:\/\/api.w.org\/{rel}","templated":true}]}}