{"id":4603,"date":"2023-10-17T20:12:26","date_gmt":"2023-10-17T23:12:26","guid":{"rendered":"https:\/\/hificlub.com.br\/loja2\/produto\/melody-astro-black-70-50-watts\/"},"modified":"2024-10-07T17:03:15","modified_gmt":"2024-10-07T20:03:15","slug":"melody-astro-black-70-50-watts","status":"publish","type":"product","link":"https:\/\/hificlub.com.br\/loja\/produto\/melody-astro-black-70-50-watts\/","title":{"rendered":"MELODY ASTRO BLACK 70  50 watts"},"content":{"rendered":"<p>Estado de conserva\u00e7\u00e3o: <strong>9\/10<\/strong><\/p>\n<h3>Caracter\u00edsticas Melody Astro Black 70:<\/h3>\n<h3>Amplificador poderoso com uma ampla faixa din\u00e2mica.<\/h3>\n<p>Componentes\u00a0do Amplificador Classe A-B1 :<\/p>\n<ul>\n<li>Tubos de sa\u00edda KT88 Trompete x 4 Push-Pull, Tubos de pr\u00e9-amplificador 12AU7 x 1, 6SN7 x 4<\/li>\n<li>Capacitores Nichicon \u201cGold Tune\u201d, Solen \u201cGold Label\u201d<\/li>\n<li>As s\u00e9ries Mundorf M-Resist &#8220;Supreme&#8221; s\u00e3o selecionadas com uma toler\u00e2ncia de 1%,<\/li>\n<li>Transformadores de pot\u00eancia de alta pot\u00eancia,<\/li>\n<li>Pain\u00e9is de candeeiros Cer\u00e2micos com douramento.<\/li>\n<li>Conectores RCA CMC-816,<\/li>\n<\/ul>\n<p>Acabamento laca piano preto<\/p>\n<p>Controle remoto<\/p>\n<p>&nbsp;<\/p>\n<h3>Especifica\u00e7\u00f5es Melodia Astro Preto 70:<\/h3>\n<ul class=\"a-unordered-list a-vertical a-spacing-none\">\n<li>Pot\u00eancia: 50W + 50W Classe-B1<\/li>\n<li>Resposta de frequ\u00eancia: 20Hz &#8211; 30kHz<\/li>\n<li>Imped\u00e2ncia de entrada: 200k ohms<\/li>\n<li>Imped\u00e2ncia de sa\u00edda: 4 &#8211; 8 ohm<\/li>\n<li>Sensibilidade de entrada: 480mV<\/li>\n<li>Rela\u00e7\u00e3o sinal-ru\u00eddo: 88 dB<\/li>\n<li>THD: &lt;1%<\/li>\n<li>Dimens\u00f5es (L x P): 430x215x380<\/li>\n<li>Peso: 24kg.\u00a027kg por caixa<\/li>\n<li>Controle remoto: sim<\/li>\n<li>Entradas: entradas RCA de 4 pinos<\/li>\n<\/ul>\n","protected":false},"excerpt":{"rendered":"<p>Estado de conserva\u00e7\u00e3o: 9\/10 Caracter\u00edsticas Melody Astro Black 70: Amplificador poderoso com uma ampla faixa din\u00e2mica. Componentes\u00a0do Amplificador Classe A-B1 : Tubos de sa\u00edda KT88 Trompete x 4 Push-Pull, Tubos de pr\u00e9-amplificador 12AU7 x 1, 6SN7 x 4 Capacitores Nichicon \u201cGold Tune\u201d, Solen \u201cGold Label\u201d As s\u00e9ries Mundorf M-Resist &#8220;Supreme&#8221; s\u00e3o selecionadas com uma toler\u00e2ncia [&hellip;]<\/p>\n","protected":false},"featured_media":4602,"template":"","meta":{"_acf_changed":false},"product_brand":[],"product_cat":[27,51],"product_tag":[],"class_list":{"0":"post-4603","1":"product","2":"type-product","3":"status-publish","4":"has-post-thumbnail","6":"product_cat-amplificador","7":"product_cat-integrado","9":"first","10":"instock","11":"sold-individually","12":"shipping-taxable","13":"purchasable","14":"product-type-simple"},"acf":[],"aioseo_notices":[],"_links":{"self":[{"href":"https:\/\/hificlub.com.br\/loja\/wp-json\/wp\/v2\/product\/4603","targetHints":{"allow":["GET"]}}],"collection":[{"href":"https:\/\/hificlub.com.br\/loja\/wp-json\/wp\/v2\/product"}],"about":[{"href":"https:\/\/hificlub.com.br\/loja\/wp-json\/wp\/v2\/types\/product"}],"wp:featuredmedia":[{"embeddable":true,"href":"https:\/\/hificlub.com.br\/loja\/wp-json\/wp\/v2\/media\/4602"}],"wp:attachment":[{"href":"https:\/\/hificlub.com.br\/loja\/wp-json\/wp\/v2\/media?parent=4603"}],"wp:term":[{"taxonomy":"product_brand","embeddable":true,"href":"https:\/\/hificlub.com.br\/loja\/wp-json\/wp\/v2\/product_brand?post=4603"},{"taxonomy":"product_cat","embeddable":true,"href":"https:\/\/hificlub.com.br\/loja\/wp-json\/wp\/v2\/product_cat?post=4603"},{"taxonomy":"product_tag","embeddable":true,"href":"https:\/\/hificlub.com.br\/loja\/wp-json\/wp\/v2\/product_tag?post=4603"}],"curies":[{"name":"wp","href":"https:\/\/api.w.org\/{rel}","templated":true}]}}