{"id":4596,"date":"2023-10-17T20:12:25","date_gmt":"2023-10-17T23:12:25","guid":{"rendered":"https:\/\/hificlub.com.br\/loja2\/produto\/primare-a30-5-5x-120-watts\/"},"modified":"2024-10-07T17:03:15","modified_gmt":"2024-10-07T20:03:15","slug":"primare-a30-5-5x-120-watts","status":"publish","type":"product","link":"https:\/\/hificlub.com.br\/loja\/produto\/primare-a30-5-5x-120-watts\/","title":{"rendered":"PRIMARE A30.5 5x 120 watts"},"content":{"rendered":"<p>Estado de conserva\u00e7\u00e3o: <strong>9\/10<\/strong><\/p>\n<p><strong>Um componente fundamental da reprodu\u00e7\u00e3o de som de alta qualidade, seja som de filme ou m\u00fasica, \u00e9 a pot\u00eancia do amplificador.\u00a0A energia explosiva de uma trilha sonora de a\u00e7\u00e3o ou a tez finamente detalhada da voz humana deve ser reproduzida com autenticidade.\u00a0Este \u00e9 um teste de qualidade para qualquer amplificador, principalmente em home theater, onde cinco canais de som requerem recursos id\u00eanticos.<\/strong><\/p>\n<p>Cada um dos canais do Primare A30.5 oferece uma entrega de corrente incr\u00edvel com um n\u00edvel de qualidade excepcional.\u00a0Cada um tem seu pr\u00f3prio transformador e fonte de alimenta\u00e7\u00e3o, tornando-o id\u00eantico aos outros quatro amplificadores, mas tamb\u00e9m eletronicamente independente.\u00a0Ao adotar essa abordagem meticulosa, a Primare dotou o Primare A30.5 com \u00f3tima estabilidade e separa\u00e7\u00e3o de canais, proporcionando um som mais limpo, claro e definido com mais precis\u00e3o.<\/p>\n<p>O dissipador de calor generosamente especificado do Primare A30.5 garante excelente dissipa\u00e7\u00e3o de calor, criando as melhores condi\u00e7\u00f5es poss\u00edveis para um desempenho perfeito ano ap\u00f3s ano.\u00a0Para conveni\u00eancia operacional, o interruptor de espera inteligente do Primare A30.5 pode ser controlado a partir do processador Primare SP31.7 e do controle remoto do sistema.<\/p>\n<p>&nbsp;<\/p>\n<blockquote dir=\"ltr\">\n<ul>\n<li>O Primare A30.5 oferece a pot\u00eancia concentrada de cinco canais de amplifica\u00e7\u00e3o mono id\u00eanticos alojados em um \u00fanico gabinete.<\/li>\n<li>Ele fornece massas de energia com um n\u00edvel de qualidade excepcional, reproduzindo a energia explosiva de uma trilha sonora de a\u00e7\u00e3o e a tez detalhada de uma voz humana com a mesma autenticidade.<\/li>\n<li>O Primare A30.5 \u00e9 um peso pesado em amplifica\u00e7\u00e3o de som surround, por mais compacto e tipicamente Primare, um equil\u00edbrio perfeito de estilo e desempenho para complementar os leitores Primare DVD26 ou Primare DVD 30.<\/li>\n<li>O est\u00e1gio de entrada de cada canal consiste em um \u00fanico transistor FET e a sa\u00edda de quatro transistores de pot\u00eancia Toshiba.<\/li>\n<li>Os dissipadores de calor s\u00e3o enormes para manter a temperatura em um n\u00edvel moderado, mesmo nas condi\u00e7\u00f5es de trabalho mais dif\u00edceis.<\/li>\n<li>O interruptor de espera inteligente do Primare A30.5 pode ser controlado a partir dos processadores Primare e do controle remoto do sistema.<\/li>\n<\/ul>\n<\/blockquote>\n<ul>\n<li>Output power per channel 120W into 8\u2126, 200W into 4\u2126<\/li>\n<li>Output impedance &lt;0.03\u2126<\/li>\n<li>Line inputs 1V for 120W into 8\u2126<\/li>\n<li>Input impedance 10k\u2126<\/li>\n<li>Frequency response &lt;10Hz \u2013 80kHz, -3dB<\/li>\n<li>THD &lt;0.08% (1kHz 10V in 8\u2126)<\/li>\n<li>Signal-to-noise &lt;100dB<\/li>\n<li>DC offset &lt;5mV<\/li>\n<li>Power consumption Standby 0W<\/li>\n<li>Dimensions (WxDxH) 430 x 385 x 175mm<\/li>\n<li>Weight 28kg<\/li>\n<\/ul>\n","protected":false},"excerpt":{"rendered":"<p>Estado de conserva\u00e7\u00e3o: 9\/10 Um componente fundamental da reprodu\u00e7\u00e3o de som de alta qualidade, seja som de filme ou m\u00fasica, \u00e9 a pot\u00eancia do amplificador.\u00a0A energia explosiva de uma trilha sonora de a\u00e7\u00e3o ou a tez finamente detalhada da voz humana deve ser reproduzida com autenticidade.\u00a0Este \u00e9 um teste de qualidade para qualquer amplificador, principalmente [&hellip;]<\/p>\n","protected":false},"featured_media":4595,"template":"","meta":{"_acf_changed":false},"product_brand":[],"product_cat":[27,48],"product_tag":[],"class_list":{"0":"post-4596","1":"product","2":"type-product","3":"status-publish","4":"has-post-thumbnail","6":"product_cat-amplificador","7":"product_cat-multicanal","9":"first","10":"instock","11":"sold-individually","12":"shipping-taxable","13":"purchasable","14":"product-type-simple"},"acf":[],"aioseo_notices":[],"_links":{"self":[{"href":"https:\/\/hificlub.com.br\/loja\/wp-json\/wp\/v2\/product\/4596","targetHints":{"allow":["GET"]}}],"collection":[{"href":"https:\/\/hificlub.com.br\/loja\/wp-json\/wp\/v2\/product"}],"about":[{"href":"https:\/\/hificlub.com.br\/loja\/wp-json\/wp\/v2\/types\/product"}],"wp:featuredmedia":[{"embeddable":true,"href":"https:\/\/hificlub.com.br\/loja\/wp-json\/wp\/v2\/media\/4595"}],"wp:attachment":[{"href":"https:\/\/hificlub.com.br\/loja\/wp-json\/wp\/v2\/media?parent=4596"}],"wp:term":[{"taxonomy":"product_brand","embeddable":true,"href":"https:\/\/hificlub.com.br\/loja\/wp-json\/wp\/v2\/product_brand?post=4596"},{"taxonomy":"product_cat","embeddable":true,"href":"https:\/\/hificlub.com.br\/loja\/wp-json\/wp\/v2\/product_cat?post=4596"},{"taxonomy":"product_tag","embeddable":true,"href":"https:\/\/hificlub.com.br\/loja\/wp-json\/wp\/v2\/product_tag?post=4596"}],"curies":[{"name":"wp","href":"https:\/\/api.w.org\/{rel}","templated":true}]}}