{"id":4571,"date":"2023-10-17T20:12:16","date_gmt":"2023-10-17T23:12:16","guid":{"rendered":"https:\/\/hificlub.com.br\/loja2\/produto\/jbl-studio-650p-10-250-watts-black-rosenut\/"},"modified":"2026-03-03T22:20:34","modified_gmt":"2026-03-04T01:20:34","slug":"jbl-studio-650p-10-250-watts-black-rosenut","status":"publish","type":"product","link":"https:\/\/hificlub.com.br\/loja\/produto\/jbl-studio-650p-10-250-watts-black-rosenut\/","title":{"rendered":"JBL STUDIO 650P  Subwoofer 10&#8243; 250 watts"},"content":{"rendered":"<h4 class=\"title\">Detalhes do produto<\/h4>\n<p>Para quem busca um sistema de alto-falantes dom\u00e9stico que vai al\u00e9m do que j\u00e1 ouviu, n\u00e3o procure mais: O novo sistema de alto-falantes JBL Studio 6 \u00e9 tudo o que entusiasta de \u00e1udio em voc\u00ea poderia esperar. Aprecie o som de primeiro n\u00edvel de seus cones PolyPlas; maravilhe-se com a precis\u00e3o de concerto e a pot\u00eancia de seus drivers de ac\u00fastica; e fique eletrificado com seu guia de ondas de imagens HD, completo com driver de compress\u00e3o de alta frequ\u00eancia. Apresenta um visual novo, moderno e limpo, que \u00e9 igualmente sofisticado e f\u00e1cil de configurar. Depois do JBL Studio 6, ouvir \u00e1udio em casa nunca soar\u00e1 (ou ser\u00e1) igual.<\/p>\n<div id=\"heading-EspecificaesGerais\" class=\"heading\">\n<h4 class=\"title\">Especifica\u00e7\u00f5es Gerais<\/h4>\n<\/div>\n<div id=\"EspecificaesGerais\">\n<div class=\"body\">\n<div class=\"row eachLineItem\"><span class=\"col-xs-6\">Sistema sub-woofer de 10\u201d (254 mm)<\/span><span class=\"col-xs-5 col-md-offset-1 rightAlignedItem\">Sim<\/span><\/div>\n<div class=\"row eachLineItem\"><span class=\"col-xs-6\">Woofer de 10\u201d (254\u00a0mm) de baixa frequ\u00eancia PolyPlas<\/span><span class=\"col-xs-5 col-md-offset-1 rightAlignedItem\">Sim<\/span><\/div>\n<div class=\"row eachLineItem\"><span class=\"col-xs-6\">Pot\u00eancia<\/span><span class=\"col-xs-5 col-xs-offset-1 rightAlignedItem\">250 W RMS<\/span><\/div>\n<div class=\"row eachLineItem\"><span class=\"col-xs-6\">Resposta de frequ\u00eancia<\/span><span class=\"col-xs-5 col-xs-offset-1 rightAlignedItem\">30Hz a 150kHz<\/span><\/div>\n<div class=\"row eachLineItem\"><span class=\"col-xs-6\">Frequ\u00eancias de crossover<\/span><span class=\"col-xs-5 col-xs-offset-1 rightAlignedItem\">50 Hz a 150 Hz (vari\u00e1vel) 24 dB\/oitava<\/span><\/div>\n<div class=\"row eachLineItem\"><span class=\"col-xs-6\">Controles<\/span><span class=\"col-xs-5 col-xs-offset-1 rightAlignedItem\">Pot\u00eancia autom\u00e1tica, Crossover, N\u00edvel, Fase<\/span><\/div>\n<div class=\"row eachLineItem\"><span class=\"col-xs-6\">Entrada<\/span><span class=\"col-xs-5 col-xs-offset-1 rightAlignedItem\">Uma (1) entrada LFE de n\u00edvel de linha<\/span><\/div>\n<div class=\"row eachLineItem\"><span class=\"col-xs-6\">Tipo de gabinete<\/span><span class=\"col-xs-5 col-xs-offset-1 rightAlignedItem\">Bass-Reflex via porta sintonizada inferior<\/span><\/div>\n<div class=\"row eachLineItem\"><span class=\"col-xs-6\">Requisitos de energia<\/span><span class=\"col-xs-5 col-xs-offset-1 rightAlignedItem\">120 V, 60 Hz (EUA); 220 V &#8211; 230 V, 50\/60 Hz (UE)<\/span><\/div>\n<div class=\"row eachLineItem\"><span class=\"col-xs-6\">Consumo de energia (com pot\u00eancia total\/inatividade)<\/span><span class=\"col-xs-5 col-xs-offset-1 rightAlignedItem\">&lt;0,5 W (standby)\/310 W\/1,4 A (m\u00e1x \u2013 230 V)\/320 W\/2,7 A (m\u00e1x \u2013 120 V)<\/span><\/div>\n<div class=\"row eachLineItem\"><span class=\"col-xs-6\">Dimens\u00f5es (L x P x A)<\/span><span class=\"col-xs-5 col-xs-offset-1 rightAlignedItem\">395 x 395 x 395\u00a0mm<\/span><\/div>\n<div class=\"row eachLineItem\"><span class=\"col-xs-6\">Peso<\/span><span class=\"col-xs-5 col-xs-offset-1 rightAlignedItem\">23\u00a0kg<\/span><\/div>\n<\/div>\n<\/div>\n","protected":false},"excerpt":{"rendered":"<p>Detalhes do produto Para quem busca um sistema de alto-falantes dom\u00e9stico que vai al\u00e9m do que j\u00e1 ouviu, n\u00e3o procure mais: O novo sistema de alto-falantes JBL Studio 6 \u00e9 tudo o que entusiasta de \u00e1udio em voc\u00ea poderia esperar. Aprecie o som de primeiro n\u00edvel de seus cones PolyPlas; maravilhe-se com a precis\u00e3o de [&hellip;]<\/p>\n","protected":false},"featured_media":21091,"template":"","meta":{"_acf_changed":false},"product_brand":[],"product_cat":[17,46,36],"product_tag":[],"class_list":{"0":"post-4571","1":"product","2":"type-product","3":"status-publish","4":"has-post-thumbnail","6":"product_cat-caixas","7":"product_cat-jbl","8":"product_cat-subwoofer","10":"first","11":"instock","12":"sold-individually","13":"shipping-taxable","14":"purchasable","15":"product-type-simple"},"acf":[],"aioseo_notices":[],"_links":{"self":[{"href":"https:\/\/hificlub.com.br\/loja\/wp-json\/wp\/v2\/product\/4571","targetHints":{"allow":["GET"]}}],"collection":[{"href":"https:\/\/hificlub.com.br\/loja\/wp-json\/wp\/v2\/product"}],"about":[{"href":"https:\/\/hificlub.com.br\/loja\/wp-json\/wp\/v2\/types\/product"}],"wp:featuredmedia":[{"embeddable":true,"href":"https:\/\/hificlub.com.br\/loja\/wp-json\/wp\/v2\/media\/21091"}],"wp:attachment":[{"href":"https:\/\/hificlub.com.br\/loja\/wp-json\/wp\/v2\/media?parent=4571"}],"wp:term":[{"taxonomy":"product_brand","embeddable":true,"href":"https:\/\/hificlub.com.br\/loja\/wp-json\/wp\/v2\/product_brand?post=4571"},{"taxonomy":"product_cat","embeddable":true,"href":"https:\/\/hificlub.com.br\/loja\/wp-json\/wp\/v2\/product_cat?post=4571"},{"taxonomy":"product_tag","embeddable":true,"href":"https:\/\/hificlub.com.br\/loja\/wp-json\/wp\/v2\/product_tag?post=4571"}],"curies":[{"name":"wp","href":"https:\/\/api.w.org\/{rel}","templated":true}]}}