{"id":4537,"date":"2023-10-17T20:12:07","date_gmt":"2023-10-17T23:12:07","guid":{"rendered":"https:\/\/hificlub.com.br\/loja2\/produto\/transparent-musiclink-super-mm2-1-5-metro\/"},"modified":"2025-11-04T06:06:27","modified_gmt":"2025-11-04T09:06:27","slug":"transparent-musiclink-super-mm2-1-5-metro","status":"publish","type":"product","link":"https:\/\/hificlub.com.br\/loja\/produto\/transparent-musiclink-super-mm2-1-5-metro\/","title":{"rendered":"TRANSPARENT BALANCED MUSICLINK SUPER MM XLR  1 metro"},"content":{"rendered":"<p>Estado de conserva\u00e7\u00e3o: <strong>9\/10<\/strong><\/p>\n<p>Tamanho: <strong>1 metro<\/strong><\/p>\n<p>Cabo XLR<\/p>\n<p>A interconex\u00e3o MusicLink Super balanceada emprega condutores OFHC s\u00f3lidos pesados,<br \/>\nconectores XLR banhados a ouro e solda manual de precis\u00e3o com alta<br \/>\nsolda de teor de prata. Um terceiro condutor serve como um aterramento separado para<br \/>\nmaior redu\u00e7\u00e3o de ru\u00eddo do que outros projetos balanceados. Folha de blindagem<br \/>\nreduz ainda mais o ru\u00eddo e a interfer\u00eancia. Cada canal de Balanceado<br \/>\nO MusicLink Super possui redes duplas totalmente balanceadas diferencialmente que reduzem<br \/>\nru\u00eddo e proporcionam maior efici\u00eancia de transfer\u00eancia de sinal. voc\u00ea pode atualizar<br \/>\nBalanced MusicLink para cabos balanceados de alto desempenho da Transparent<br \/>\na qualquer momento.<\/p>\n<p>&nbsp;<\/p>\n","protected":false},"excerpt":{"rendered":"<p>Estado de conserva\u00e7\u00e3o: 9\/10 Tamanho: 1 metro Cabo XLR A interconex\u00e3o MusicLink Super balanceada emprega condutores OFHC s\u00f3lidos pesados, conectores XLR banhados a ouro e solda manual de precis\u00e3o com alta solda de teor de prata. Um terceiro condutor serve como um aterramento separado para maior redu\u00e7\u00e3o de ru\u00eddo do que outros projetos balanceados. Folha [&hellip;]<\/p>\n","protected":false},"featured_media":13883,"template":"","meta":{"_acf_changed":false},"product_brand":[],"product_cat":[61,73,65],"product_tag":[],"class_list":{"0":"post-4537","1":"product","2":"type-product","3":"status-publish","4":"has-post-thumbnail","6":"product_cat-cabos","7":"product_cat-interconnect-xlr","8":"product_cat-transparent","10":"first","11":"instock","12":"sold-individually","13":"shipping-taxable","14":"purchasable","15":"product-type-simple"},"acf":[],"aioseo_notices":[],"_links":{"self":[{"href":"https:\/\/hificlub.com.br\/loja\/wp-json\/wp\/v2\/product\/4537","targetHints":{"allow":["GET"]}}],"collection":[{"href":"https:\/\/hificlub.com.br\/loja\/wp-json\/wp\/v2\/product"}],"about":[{"href":"https:\/\/hificlub.com.br\/loja\/wp-json\/wp\/v2\/types\/product"}],"wp:featuredmedia":[{"embeddable":true,"href":"https:\/\/hificlub.com.br\/loja\/wp-json\/wp\/v2\/media\/13883"}],"wp:attachment":[{"href":"https:\/\/hificlub.com.br\/loja\/wp-json\/wp\/v2\/media?parent=4537"}],"wp:term":[{"taxonomy":"product_brand","embeddable":true,"href":"https:\/\/hificlub.com.br\/loja\/wp-json\/wp\/v2\/product_brand?post=4537"},{"taxonomy":"product_cat","embeddable":true,"href":"https:\/\/hificlub.com.br\/loja\/wp-json\/wp\/v2\/product_cat?post=4537"},{"taxonomy":"product_tag","embeddable":true,"href":"https:\/\/hificlub.com.br\/loja\/wp-json\/wp\/v2\/product_tag?post=4537"}],"curies":[{"name":"wp","href":"https:\/\/api.w.org\/{rel}","templated":true}]}}