{"id":453,"date":"2023-10-17T19:51:30","date_gmt":"2023-10-17T22:51:30","guid":{"rendered":"https:\/\/hificlub.com.br\/loja2\/produto\/klipsch-r-10sw-10-300-watts\/"},"modified":"2026-03-02T14:20:58","modified_gmt":"2026-03-02T17:20:58","slug":"klipsch-r-10sw-10-300-watts","status":"publish","type":"product","link":"https:\/\/hificlub.com.br\/loja\/produto\/klipsch-r-10sw-10-300-watts\/","title":{"rendered":"KLIPSCH R-10SW 10&#8243; 300 watts"},"content":{"rendered":"<p>CONDI\u00c7\u00c3O: USADA 9\/10<\/p>\n<div class=\"row product-summary-wrapper\">\n<section id=\"rs-42-ii\" class=\"content product product-tab active\" role=\"tabpanel\">\n<div class=\"small-12 medium-6 large-5 columns\">\n<div class=\"tabs-content\">\n<div class=\"product-short-description\">\n<div class=\"container\">\n<div class=\"row\">\n<div class=\"col-12 poduct-tabs-inner\">\n<div class=\"woocommerce-tabs wc-tabs-wrapper tabs-layout-tabs\" data-state=\"first\" data-layout=\"tabs\">\n<div class=\"wd-accordion-item wd-tab-wrapper woodmart-tab-wrapper\">\n<div id=\"tab-description\" class=\"entry-content woocommerce-Tabs-panel woocommerce-Tabs-panel--description wd-active panel wc-tab\" role=\"tabpanel\" data-accordion-index=\"description\">\n<div class=\"wc-tab-inner\">\n<div class=\"container pt-sm-5 pt-3 bPlay-produto-spec\">\n<div class=\"product-info\" data-target=\"info\">\n<div class=\"productDescription\">\n<p>O subwoofer R-10SW \u00e9 a escolha ideal se voc\u00ea est\u00e1 procurando um sistema 5.1 ou 5.1 na Escala Richter. O subwoofer de alta performance fornece graves profundos e flexibilidade de posicionamento, gra\u00e7as ao driver front-firing a o amplificador digital.<\/p>\n<p>Woofer Img De Cobre<br \/>\nWoofers Injection Molded Graphite (IMG) s\u00e3o excepcionalmente leves, embora extremamente r\u00edgidos, fornecendo not\u00e1vel resposta de freq\u00fc\u00eancia baixa, com o m\u00ednimo de separa\u00e7\u00e3o do cone e distor\u00e7\u00e3o.<\/p>\n<p>Amplificador All-Digital<br \/>\nO amplificador all-digital embutido oferece ampla pot\u00eancia, com alta efici\u00eancia, fidelidade e precis\u00e3o na reprodu\u00e7\u00e3o.<\/p>\n<p>Driver Front-Firing<br \/>\nO driver de alta performance fornece graves profundos e flexibilidade de posicionamento.<\/p>\n<p>Corte De Frequ\u00eancia Low Pass E Controle De Fase<br \/>\nPermite misturar tons de baixa frequ\u00eancia do subwoofer com outras caixas ac\u00fasticas Klipsch, bem como estabelecer o n\u00edvel ideal de grave.<\/p>\n<p>Entradas Lfe Rca \/ Line Level<br \/>\nGarante a compatibilidade com antigos e novos receivers.<\/p>\n<p>Gabinete Mdf Com Acabamento De Pol\u00edmero Escovado<br \/>\nEst\u00e9tica contempor\u00e2nea, com durabilidade absoluta, que resulta em uma integra\u00e7\u00e3o perfeita em qualquer decora\u00e7\u00e3o.<\/p>\n<p>Indicador Led Power Frontal<br \/>\nSaiba quando o sistema est\u00e1 ligado ou desligado.<\/p>\n<p>Tela Remov\u00edvel, Forte E Flex\u00edvel<br \/>\nConfere uma apar\u00eancia sofisticada e acusticamente transparente.<\/p>\n<\/div>\n<\/div>\n<div class=\"row\"><strong><span style=\"font-size: small\">\u00a0Especifica\u00e7\u00f5es:<\/span><\/strong><\/div>\n<div class=\"row\">\u2013 Resposta De Freq\u00fc\u00eancia: 32hz-120hz 3 Db<br \/>\n\u2013 M\u00e1xima Sa\u00edda Ac\u00fastica: 112db<br \/>\n\u2013 Amplificador: Todos Digitais<br \/>\n\u2013 Amplificador De Pot\u00eancia: 150w \/ 300w<br \/>\n\u2013 Componentes De Acionamento: 10 (25,4 Cent\u00edmetros) De Altura Excurs\u00e3o, Img, Woofer Front-Fuzilamento<br \/>\n\u2013 Material gabinete: Mdf<br \/>\n\u2013 Entradas: N\u00edvel De Linha \/ Lfe Conectores Rca<br \/>\n\u2013 Dimens\u00e3o: (Lx Ax P) : 37,75x 35,56 x 39,8 cm<br \/>\n\u2013 Cent\u00edmetros (16,4 Com tela<br \/>\n\u2013 Peso 11,6 Kg<\/div>\n<\/div>\n<\/div>\n<\/div>\n<\/div>\n<\/div>\n<\/div>\n<\/div>\n<\/div>\n<\/div>\n<\/div>\n<\/div>\n<\/section>\n<\/div>\n","protected":false},"excerpt":{"rendered":"<p>CONDI\u00c7\u00c3O: USADA 9\/10 O subwoofer R-10SW \u00e9 a escolha ideal se voc\u00ea est\u00e1 procurando um sistema 5.1 ou 5.1 na Escala Richter. O subwoofer de alta performance fornece graves profundos e flexibilidade de posicionamento, gra\u00e7as ao driver front-firing a o amplificador digital. Woofer Img De Cobre Woofers Injection Molded Graphite (IMG) s\u00e3o excepcionalmente leves, embora [&hellip;]<\/p>\n","protected":false},"featured_media":450,"template":"","meta":{"_acf_changed":false},"product_brand":[],"product_cat":[17,63,36],"product_tag":[],"class_list":{"0":"post-453","1":"product","2":"type-product","3":"status-publish","4":"has-post-thumbnail","6":"product_cat-caixas","7":"product_cat-furutech","8":"product_cat-subwoofer","10":"first","11":"instock","12":"sold-individually","13":"shipping-taxable","14":"purchasable","15":"product-type-simple"},"acf":[],"aioseo_notices":[],"_links":{"self":[{"href":"https:\/\/hificlub.com.br\/loja\/wp-json\/wp\/v2\/product\/453","targetHints":{"allow":["GET"]}}],"collection":[{"href":"https:\/\/hificlub.com.br\/loja\/wp-json\/wp\/v2\/product"}],"about":[{"href":"https:\/\/hificlub.com.br\/loja\/wp-json\/wp\/v2\/types\/product"}],"wp:featuredmedia":[{"embeddable":true,"href":"https:\/\/hificlub.com.br\/loja\/wp-json\/wp\/v2\/media\/450"}],"wp:attachment":[{"href":"https:\/\/hificlub.com.br\/loja\/wp-json\/wp\/v2\/media?parent=453"}],"wp:term":[{"taxonomy":"product_brand","embeddable":true,"href":"https:\/\/hificlub.com.br\/loja\/wp-json\/wp\/v2\/product_brand?post=453"},{"taxonomy":"product_cat","embeddable":true,"href":"https:\/\/hificlub.com.br\/loja\/wp-json\/wp\/v2\/product_cat?post=453"},{"taxonomy":"product_tag","embeddable":true,"href":"https:\/\/hificlub.com.br\/loja\/wp-json\/wp\/v2\/product_tag?post=453"}],"curies":[{"name":"wp","href":"https:\/\/api.w.org\/{rel}","templated":true}]}}