{"id":4496,"date":"2023-10-17T20:11:59","date_gmt":"2023-10-17T23:11:59","guid":{"rendered":"https:\/\/hificlub.com.br\/loja2\/produto\/musical-fidelity-nuvista-600-hibrido-dual-mono-220-watts\/"},"modified":"2026-03-03T22:20:34","modified_gmt":"2026-03-04T01:20:34","slug":"musical-fidelity-nuvista-600-hibrido-dual-mono-220-watts","status":"publish","type":"product","link":"https:\/\/hificlub.com.br\/loja\/produto\/musical-fidelity-nuvista-600-hibrido-dual-mono-220-watts\/","title":{"rendered":"MUSICAL FIDELITY NUVISTA 600 Amplificador Integrado Hibrido Dual Mono  220 watts"},"content":{"rendered":"<p>O novo amplificador integrado NuVista 600 combina tecnologia de diversas \u00e9pocas do design de eletr\u00f4nica.<\/p>\n<p>Tecnologia Nuvistor<br \/>\nTecnologia de semi-condutores<br \/>\nTecnologia de Design de Montagem em Superf\u00edcie<br \/>\nDesign PCB CAD \/ CAM<br \/>\nControle de software<br \/>\nO NuVista 600 combina a tecnologia do nuvistor com o design de montagem em superf\u00edcie e os conceitos de CAD \/ CAM PCB. Essencialmente, o NuVista 600 \u00e9 o mesmo que o lend\u00e1rio NuVista 800, mas com menos metais e \u2018apenas\u2019 200WPC. Como seu irm\u00e3o mais velho, o NuVista 600 tem um extraordin\u00e1rio desempenho t\u00e9cnico e sonoro.<\/p>\n<p>Para Musical Fidelity, projetar o NuVista 600 foi um trabalho de paix\u00e3o e amor. N\u00f3s tentamos alcan\u00e7ar o m\u00e1ximo desempenho absoluto de todas as partes do circuito.<\/p>\n<p>O NuVista 600 integrado oferece um desempenho completo e de alta qualidade, em um pacote bonito e relativamente compacto, e proporciona 200 watts confort\u00e1veis por canal.<\/p>\n<p>Amplificador<br \/>\nPot\u00eancia de sa\u00edda: 220 Watts por canal em 8 Ohms<br \/>\nTHD (+ ru\u00eddo): 103dB \u2018A\u2019 \u2013 ponderada<br \/>\nResposta de Freq\u00fc\u00eancia: +0, \u20130.1dB, 10Hz a 30 kHz<\/p>\n<p>Entradas<br \/>\nRCA \/ Phono de n\u00edvel de linha 4x<br \/>\n1x n\u00edvel de linha XLR balanceado<\/p>\n<p>Sa\u00eddas<br \/>\n1 par de conectores RCA de n\u00edvel de linha, sa\u00eddas de linha de n\u00edvel constante<br \/>\n1 par de conectores RCA de n\u00edvel de linha, sa\u00eddas de pr\u00e9-amplificador para, por exemplo, bi-amplifica\u00e7\u00e3o<\/p>\n<p>Geral<br \/>\nDimens\u00e3o \u2013 LxAxP (mm): 483 x 187 x 510<br \/>\n* 212 mm nos p\u00e9s opcionais opcionais inclusos<br \/>\nPeso (desembalado \/ embalado): 34 kg \/ 45 kg<\/p>\n","protected":false},"excerpt":{"rendered":"<p>O novo amplificador integrado NuVista 600 combina tecnologia de diversas \u00e9pocas do design de eletr\u00f4nica. Tecnologia Nuvistor Tecnologia de semi-condutores Tecnologia de Design de Montagem em Superf\u00edcie Design PCB CAD \/ CAM Controle de software O NuVista 600 combina a tecnologia do nuvistor com o design de montagem em superf\u00edcie e os conceitos de CAD [&hellip;]<\/p>\n","protected":false},"featured_media":4495,"template":"","meta":{"_acf_changed":false},"product_brand":[],"product_cat":[27,51,95],"product_tag":[],"class_list":{"0":"post-4496","1":"product","2":"type-product","3":"status-publish","4":"has-post-thumbnail","6":"product_cat-amplificador","7":"product_cat-integrado","8":"product_cat-musical-fidelity","10":"first","11":"instock","12":"sold-individually","13":"shipping-taxable","14":"purchasable","15":"product-type-simple"},"acf":[],"aioseo_notices":[],"_links":{"self":[{"href":"https:\/\/hificlub.com.br\/loja\/wp-json\/wp\/v2\/product\/4496","targetHints":{"allow":["GET"]}}],"collection":[{"href":"https:\/\/hificlub.com.br\/loja\/wp-json\/wp\/v2\/product"}],"about":[{"href":"https:\/\/hificlub.com.br\/loja\/wp-json\/wp\/v2\/types\/product"}],"wp:featuredmedia":[{"embeddable":true,"href":"https:\/\/hificlub.com.br\/loja\/wp-json\/wp\/v2\/media\/4495"}],"wp:attachment":[{"href":"https:\/\/hificlub.com.br\/loja\/wp-json\/wp\/v2\/media?parent=4496"}],"wp:term":[{"taxonomy":"product_brand","embeddable":true,"href":"https:\/\/hificlub.com.br\/loja\/wp-json\/wp\/v2\/product_brand?post=4496"},{"taxonomy":"product_cat","embeddable":true,"href":"https:\/\/hificlub.com.br\/loja\/wp-json\/wp\/v2\/product_cat?post=4496"},{"taxonomy":"product_tag","embeddable":true,"href":"https:\/\/hificlub.com.br\/loja\/wp-json\/wp\/v2\/product_tag?post=4496"}],"curies":[{"name":"wp","href":"https:\/\/api.w.org\/{rel}","templated":true}]}}