{"id":4492,"date":"2023-10-17T20:11:58","date_gmt":"2023-10-17T23:11:58","guid":{"rendered":"https:\/\/hificlub.com.br\/loja2\/produto\/mcintosh-mc275-mk-vi-75-watts\/"},"modified":"2026-03-03T22:20:34","modified_gmt":"2026-03-04T01:20:34","slug":"mcintosh-mc275-mk-vi-75-watts","status":"publish","type":"product","link":"https:\/\/hificlub.com.br\/loja\/produto\/mcintosh-mc275-mk-vi-75-watts\/","title":{"rendered":"McINTOSH MC275 MK VI  75 Watts"},"content":{"rendered":"<div class=\"display-table \">\n<div class=\"table-cell w50 vertical-middle to-load-b delay-1 noPad loaded\">\n<p>Ap\u00f3s seu lan\u00e7amento inicial em 1961, o amplificador de tubo de v\u00e1cuo MC275 tornou-se um favorito instant\u00e2neo devido \u00e0 sua capacidade de conduzir os alto-falantes famintos por energia daquele per\u00edodo com grande pot\u00eancia em baixos n\u00edveis de distor\u00e7\u00e3o.\u00a0No entanto, como os transistores surgiram e os tubos de v\u00e1cuo se tornaram &#8216;tecnologia antiga&#8217;, o MC275 foi descontinuado em 1971. Felizmente, n\u00e3o \u00e9 a\u00ed que a hist\u00f3ria do MC275 termina.<\/p>\n<\/div>\n<\/div>\n<div class=\"display-table \">\n<div class=\"table-cell w50 vertical-middle to-load-b delay-1 noPad loaded\">\n<blockquote><p>&#8220;Boa engenharia de \u00e1udio \u00e9 atemporal.&#8221;\u00a0&#8211;\u00a0<a href=\"https:\/\/www-mcintoshlabs-com.translate.goog\/brand\/news\/MC275-Stereophile-Recommended-Component-2017?_x_tr_sl=en&amp;_x_tr_tl=pt&amp;_x_tr_hl=pt-BR&amp;_x_tr_pto=sc\">Estere\u00f3filo<\/a><\/p><\/blockquote>\n<\/div>\n<\/div>\n<div class=\"display-table \">\n<div class=\"table-cell w50 vertical-middle to-load-b delay-1 noPad loaded\">\n<p>Ele voltou \u00e0 produ\u00e7\u00e3o como uma edi\u00e7\u00e3o especial de comemora\u00e7\u00e3o em 1993 para homenagear postumamente o cofundador e presidente de longa data da McIntosh, Gordon Gow.\u00a0O MC275 reencarnado recebeu aclama\u00e7\u00e3o incrivelmente alta e ganhou seu lugar de volta na linha de produtos.\u00a0O enredo geral por tr\u00e1s do MC275 e sua hist\u00f3ria com McIntosh \u00e9 excepcionalmente rico e tem sido a for\u00e7a motriz por tr\u00e1s de in\u00fameros sistemas de \u00e1udio dom\u00e9sticos por d\u00e9cadas.\u00a0\u00c9 dif\u00edcil imaginar McIntosh sem o MC275.<\/p>\n<p><img decoding=\"async\" src=\"https:\/\/www.mcintoshlabs.com\/cdn-cgi\/image\/quality=90\/-\/media\/images\/mcintoshlabs\/products\/productimages\/mc275b\/mc275-all-generations.jpg?rev=d10a4eae3af943a59c0bed925492be00&amp;revision=d10a4eae-3af9-43a5-9c0b-ed925492be00\" alt=\"Amplificador McIntosh MC275\" \/>Foto de fam\u00edlia MC275 (da esquerda para a direita): vers\u00e3o original 1961-1971;\u00a0Mk II Gordon Gow Edi\u00e7\u00e3o Comemorativa 1993;\u00a0Mc III 1995-2003;\u00a0Mc IV 2004-2007;\u00a0Mk V 2007-2011;\u00a0Mk VI 2011-atual (o modelo de 2011 era a edi\u00e7\u00e3o limitada do 50\u00ba anivers\u00e1rio e estava dispon\u00edvel com um chassi dourado).<\/p>\n<p>Agora em sua sexta gera\u00e7\u00e3o, o MC275 tem muitos aprimoramentos sutis das vers\u00f5es anteriores que melhoraram muito o desempenho.\u00a0Combinado com o design de transformador de sa\u00edda McIntosh de largura de banda mais ampla, o MC275 apresenta controle de graves mais firme e design de circuito termicamente silencioso.\u00a0O resultado \u00e9 m\u00fasica pura.\u00a0Este amplificador de pot\u00eancia valvulado tem todos os recursos para atender \u00e0s necessidades dos entusiastas da m\u00fasica de hoje, preservando as qualidades que fizeram do MC275 o amplificador valvulado McIntosh mais reverenciado.<\/p>\n<p>O MC275 pode ser usado no modo est\u00e9reo ou mono.\u00a0Quando usado como amplificador est\u00e9reo, ele fornecer\u00e1 75 Watts por canal para alto-falantes de 4, 8 ou 16 Ohm;\u00a0no modo mono, ele produzir\u00e1 150 Watts para um \u00fanico\u00a0<a href=\"https:\/\/www-mcintoshlabs-com.translate.goog\/products\/speakers?_x_tr_sl=en&amp;_x_tr_tl=pt&amp;_x_tr_hl=pt-BR&amp;_x_tr_pto=sc\">alto-falante<\/a>\u00a0\u00a0com uma imped\u00e2ncia de 2, 4 ou 8 Ohms.\u00a0A pot\u00eancia total do MC275 pode ser fornecida independentemente da imped\u00e2ncia do alto-falante gra\u00e7as \u00e0 nossa tecnologia patenteada de transformador de sa\u00edda Unity Coupled Circuit &#8211; a mesma tecnologia na qual McIntosh foi fundada em 1949. Os dois transformadores de sa\u00edda Unity Coupled Circuit est\u00e3o localizados pr\u00f3ximos ao transformador de pot\u00eancia.<\/p>\n<p>&nbsp;<\/p>\n<p>Quatro tubos de v\u00e1cuo KT88 alimentam a se\u00e7\u00e3o de sa\u00edda, enquanto quatro tubos de v\u00e1cuo 12AT7 e tr\u00eas 12AX7A menores s\u00e3o usados \u200b\u200bpara os amplificadores de entrada, tens\u00e3o e driver.\u00a0O MC275 oferece entradas balanceadas e n\u00e3o balanceadas para conectar ao seu pr\u00e9-amplificador e sistema de \u00e1udio dom\u00e9stico.\u00a0Ele vem com nossa prote\u00e7\u00e3o contra curto-circuito Sentry Monitor\u00a0\u2122\u00a0sem fus\u00edvel que desativa o est\u00e1gio de sa\u00edda antes que a corrente exceda os n\u00edveis operacionais seguros e, em seguida, reinicia automaticamente quando as condi\u00e7\u00f5es operacionais retornam ao normal.\u00a0Nossos postes de liga\u00e7\u00e3o de alto-falante banhados a ouro Solid Cinch\u00a0\u2122\u00a0patenteados garantem a melhor conex\u00e3o com todos os\u00a0<a href=\"https:\/\/www-mcintoshlabs-com.translate.goog\/products\/cables\/Speaker-Cables?_x_tr_sl=en&amp;_x_tr_tl=pt&amp;_x_tr_hl=pt-BR&amp;_x_tr_pto=sc\">cabos de alto-falante<\/a>\u00a0.<\/p>\n<p>Os sete pequenos tubos s\u00e3o iluminados por LED para indicar o status funcional do amplificador: ao ligar, eles brilham sequencialmente em \u00e2mbar por alguns segundos e, em seguida, todos ficam verdes para indicar que o sistema est\u00e1 pronto.\u00a0No caso raro de falha do tubo de sa\u00edda, o(s) tubo(s) pequeno(s) na frente dele ficar\u00e1(\u00e3o) vermelho(s) para notific\u00e1-lo sobre o problema.\u00a0Uma entrada e sa\u00edda para nossa tecnologia Power Control permite que outros componentes McIntosh conectados, como\u00a0<a href=\"https:\/\/www-mcintoshlabs-com.translate.goog\/products\/preamplifiers?_x_tr_sl=en&amp;_x_tr_tl=pt&amp;_x_tr_hl=pt-BR&amp;_x_tr_pto=sc\">pr\u00e9-amplificadores<\/a>\u00a0,\u00a0<a href=\"https:\/\/www-mcintoshlabs-com.translate.goog\/products\/cd-players?_x_tr_sl=en&amp;_x_tr_tl=pt&amp;_x_tr_hl=pt-BR&amp;_x_tr_pto=sc\">CD players<\/a>\u00a0,\u00a0<a href=\"https:\/\/www-mcintoshlabs-com.translate.goog\/products\/turntables?_x_tr_sl=en&amp;_x_tr_tl=pt&amp;_x_tr_hl=pt-BR&amp;_x_tr_pto=sc\">toca-discos<\/a>\u00a0ou\u00a0<a href=\"https:\/\/www-mcintoshlabs-com.translate.goog\/sitecore\/service\/notfound.aspx?item=web:%7B7BE90F4E-8E7D-4286-8781-88DF5634DF8A%7D@en&amp;_x_tr_sl=en&amp;_x_tr_tl=pt&amp;_x_tr_hl=pt-BR&amp;_x_tr_pto=sc\">vaporizadores de m\u00eddia<\/a>\u00a0, sejam ligados e desligados automaticamente.\u00a0<a href=\"https:\/\/www-mcintoshlabs-com.translate.goog\/dealers\/find-local-dealer?_x_tr_sl=en&amp;_x_tr_tl=pt&amp;_x_tr_hl=pt-BR&amp;_x_tr_pto=sc\">Entre em contato com o revendedor<\/a>\u00a0local\u00a0para saber mais.<\/p>\n<p>&nbsp;<\/p>\n<h4 class=\"c-blue text-uppercase specs-title\">ESPECIFICA\u00c7\u00d5ES ELETR\u00d4NICAS<\/h4>\n<ul class=\"specs-list f-fix\">\n<li>\n<dl>\n<dt>Sa\u00edda de energia por canal<\/dt>\n<dd>75 W @ 4, 8 ou 16 Ohms<\/dd>\n<\/dl>\n<\/li>\n<li>\n<dl>\n<dt>N\u00famero de canais<\/dt>\n<dd>2<\/dd>\n<\/dl>\n<\/li>\n<li>\n<dl>\n<dt>Distor\u00e7\u00e3o Harm\u00f4nica Total<\/dt>\n<dd>0,5% de distor\u00e7\u00e3o harm\u00f4nica m\u00e1xima em qualquer n\u00edvel de pot\u00eancia de 250 miliwatts \u00e0 pot\u00eancia nominal, 20 Hz a 20.000 Hz<br \/>\n(\u2264 0,25% de distor\u00e7\u00e3o harm\u00f4nica a 1 kHz)<\/dd>\n<\/dl>\n<\/li>\n<li>\n<dl>\n<dt>S\/N abaixo da sa\u00edda nominal<\/dt>\n<dd>105dB<\/dd>\n<\/dl>\n<\/li>\n<li>\n<dl>\n<dt>Altura Din\u00e2mica<\/dt>\n<dd>1,2dB<\/dd>\n<\/dl>\n<\/li>\n<li>\n<dl>\n<dt>Fator de amortecimento<\/dt>\n<dd>&gt;22<\/dd>\n<\/dl>\n<\/li>\n<li>\n<dl>\n<dt>Faixa de pot\u00eancia nominal<\/dt>\n<dd>20Hz a 20kHz<\/dd>\n<\/dl>\n<\/li>\n<li>\n<dl>\n<dt>Resposta de frequ\u00eancia<\/dt>\n<dd>+0, -0,5dB de 20Hz a 20.000Hz<br \/>\n+0, -3,0dB de 10Hz a 100.000Hz<\/dd>\n<\/dl>\n<\/li>\n<\/ul>\n<h4 class=\"c-blue text-uppercase specs-title\">AO CONTROLE<\/h4>\n<ul class=\"specs-list f-fix\">\n<li>\n<dl>\n<dt>Controle Remoto de Energia<\/dt>\n<dd>Sim, entrada e sa\u00edda<\/dd>\n<\/dl>\n<\/li>\n<li>\n<dl>\n<dt>Cabo DB25 multicanal<\/dt>\n<dd>N \/ D<\/dd>\n<\/dl>\n<\/li>\n<\/ul>\n<h4 class=\"c-blue text-uppercase specs-title\">ESPECIFICA\u00c7\u00d5ES GERAIS<\/h4>\n<ul class=\"specs-list f-fix\">\n<li>\n<dl>\n<dt>Configura\u00e7\u00e3o do Circuito<\/dt>\n<dd>Unidade Acoplada<\/dd>\n<\/dl>\n<\/li>\n<li>\n<dl>\n<dt>Projeto de Circuito<\/dt>\n<dd>Tubo de v\u00e1cuo<\/dd>\n<\/dl>\n<\/li>\n<li>\n<dl>\n<dt>Ponte Mono<\/dt>\n<dd>Sim<\/dd>\n<\/dl>\n<\/li>\n<li>\n<dl>\n<dt>Mono Paralelo<\/dt>\n<dd>Sim, 150W @ 2, 4 ou 8 Ohms<\/dd>\n<\/dl>\n<\/li>\n<li>\n<dl>\n<dt>Tipo de sa\u00edda<\/dt>\n<dd>Transformador de Sa\u00edda Acoplado Unity<\/dd>\n<\/dl>\n<\/li>\n<li>\n<dl>\n<dt>metros<\/dt>\n<dd>N\u00e3o<\/dd>\n<\/dl>\n<\/li>\n<li>\n<dl>\n<dt>Interruptor de luz do medidor<\/dt>\n<dd>Pequenos tubos de sinal LEDs controlados pelo pr\u00e9-amplificador McIntosh<\/dd>\n<\/dl>\n<\/li>\n<li>\n<dl>\n<dt>Entrada Balanceada<\/dt>\n<dd>Sim<\/dd>\n<\/dl>\n<\/li>\n<li>\n<dl>\n<dt>Painel frontal<\/dt>\n<dd>N \/ D<\/dd>\n<\/dl>\n<\/li>\n<li>\n<dl>\n<dt>Ilumina\u00e7\u00e3o<\/dt>\n<dd>Pequenos tubos de sinal, LED<\/dd>\n<\/dl>\n<\/li>\n<li>\n<dl>\n<dt>Estilo do Chassi<\/dt>\n<dd>A\u00e7o inoxid\u00e1vel polido<\/dd>\n<\/dl>\n<\/li>\n<\/ul>\n<h4 class=\"c-blue text-uppercase specs-title\">CONECTIVIDADE<\/h4>\n<ul class=\"specs-list f-fix\">\n<li>\n<dl>\n<dt>Tipo de poste de encaderna\u00e7\u00e3o do alto-falante<\/dt>\n<dd>Postes de encaderna\u00e7\u00e3o de alto-falante patenteados Solid Cinch\u2122<\/dd>\n<\/dl>\n<\/li>\n<\/ul>\n<h4 class=\"c-blue text-uppercase specs-title\">PESOS E DIMENS\u00d5ES<\/h4>\n<ul class=\"specs-list f-fix\">\n<li>\n<dl>\n<dt>Dimens\u00f5es da Unidade (L x A x D)<\/dt>\n<dd>16-1\/2&#8243; (41,9 cm) x 8-1\/2&#8243; (21,6 cm) x 12&#8243; (30,5 cm)<\/dd>\n<\/dl>\n<\/li>\n<li>\n<dl>\n<dt>Unidade de peso<\/dt>\n<dd>67 libras (30,5 kg)<\/dd>\n<\/dl>\n<\/li>\n<li>\n<dl>\n<dt>Peso<\/dt>\n<dd>75 libras (34,1 kg)<\/dd>\n<\/dl>\n<\/li>\n<\/ul>\n<\/div>\n<\/div>\n","protected":false},"excerpt":{"rendered":"<p>Ap\u00f3s seu lan\u00e7amento inicial em 1961, o amplificador de tubo de v\u00e1cuo MC275 tornou-se um favorito instant\u00e2neo devido \u00e0 sua capacidade de conduzir os alto-falantes famintos por energia daquele per\u00edodo com grande pot\u00eancia em baixos n\u00edveis de distor\u00e7\u00e3o.\u00a0No entanto, como os transistores surgiram e os tubos de v\u00e1cuo se tornaram &#8216;tecnologia antiga&#8217;, o MC275 foi [&hellip;]<\/p>\n","protected":false},"featured_media":13504,"template":"","meta":{"_acf_changed":false},"product_brand":[],"product_cat":[27,28,30],"product_tag":[],"class_list":{"0":"post-4492","1":"product","2":"type-product","3":"status-publish","4":"has-post-thumbnail","6":"product_cat-amplificador","7":"product_cat-estereo","8":"product_cat-valvulado","10":"first","11":"instock","12":"sold-individually","13":"shipping-taxable","14":"product-type-simple"},"acf":[],"aioseo_notices":[],"_links":{"self":[{"href":"https:\/\/hificlub.com.br\/loja\/wp-json\/wp\/v2\/product\/4492","targetHints":{"allow":["GET"]}}],"collection":[{"href":"https:\/\/hificlub.com.br\/loja\/wp-json\/wp\/v2\/product"}],"about":[{"href":"https:\/\/hificlub.com.br\/loja\/wp-json\/wp\/v2\/types\/product"}],"wp:featuredmedia":[{"embeddable":true,"href":"https:\/\/hificlub.com.br\/loja\/wp-json\/wp\/v2\/media\/13504"}],"wp:attachment":[{"href":"https:\/\/hificlub.com.br\/loja\/wp-json\/wp\/v2\/media?parent=4492"}],"wp:term":[{"taxonomy":"product_brand","embeddable":true,"href":"https:\/\/hificlub.com.br\/loja\/wp-json\/wp\/v2\/product_brand?post=4492"},{"taxonomy":"product_cat","embeddable":true,"href":"https:\/\/hificlub.com.br\/loja\/wp-json\/wp\/v2\/product_cat?post=4492"},{"taxonomy":"product_tag","embeddable":true,"href":"https:\/\/hificlub.com.br\/loja\/wp-json\/wp\/v2\/product_tag?post=4492"}],"curies":[{"name":"wp","href":"https:\/\/api.w.org\/{rel}","templated":true}]}}