{"id":447,"date":"2023-10-17T19:51:29","date_gmt":"2023-10-17T22:51:29","guid":{"rendered":"https:\/\/hificlub.com.br\/loja2\/produto\/supra-sword-ixlr-2-metros\/"},"modified":"2026-03-03T22:21:13","modified_gmt":"2026-03-04T01:21:13","slug":"supra-sword-ixlr-2-metros","status":"publish","type":"product","link":"https:\/\/hificlub.com.br\/loja\/produto\/supra-sword-ixlr-2-metros\/","title":{"rendered":"SUPRA SWORD  IXLR  2 metros"},"content":{"rendered":"<p>INTERCONEX\u00c3O DE \u00c1UDIO SUPRA SWORD-IXLR<br \/>\nSUPRA Sword Interconnect \u2013 O Topo de Linha <\/p>\n<p>O sucesso do cabo para alto-falantes Sword inspirou a ideia de projetar uma interconex\u00e3o seguindo o mesmo conceito patenteado. O cabo funciona como um portador de sinal perfeito, sem os efeitos colaterais dos cabos de design tradicional, que apresentam graves problemas com resposta de frequ\u00eancia e deslocamento de fase. O Sword mant\u00e9m a integridade do sinal com deforma\u00e7\u00e3o quase imensur\u00e1vel devido \u00e0 nossa liberdade e capacidade de dominar o layout eletrof\u00edsico, em vez de compensar com caixas misteriosas e baterias. \u00c9 dif\u00edcil superar a s\u00e9rie Sword, independentemente do pre\u00e7o. Dispon\u00edvel nas vers\u00f5es single-ended (RCA) e balanceada (XLR).<\/p>\n<p>Como soa?<br \/>\nA melhor descri\u00e7\u00e3o \u00e9 &#8220;nada&#8221; \u2013 o Supra Sword n\u00e3o emite som algum. O Supra Sword transmite o complexo sinal musical com um n\u00famero infinito de ondas senoidais e um n\u00famero infinito de n\u00edveis sem causar deforma\u00e7\u00f5es entre a sa\u00edda da fonte e a entrada do receptor. Nenhuma parte da m\u00fasica sofre atraso (deslocamento de fase), raz\u00e3o pela qual o tempo de cada tom \u00e9 exatamente o mesmo antes e depois. Se todos os outros dispositivos de alta fidelidade do sistema forem capazes de sincronizar e preservar o som das grava\u00e7\u00f5es de forma igualmente correta, e a configura\u00e7\u00e3o dos alto-falantes e a ac\u00fastica da sala de audi\u00e7\u00e3o forem ideais, o resultado \u00e9 t\u00e3o vibrante que voc\u00ea pode realmente imaginar estar no est\u00fadio entre os m\u00fasicos. A aus\u00eancia de propriedades el\u00e9tricas do Sword garante total transpar\u00eancia. \u00c0s vezes, \u00e9 mais dif\u00edcil distinguir um cabo transparente de um cabo com um aparente &#8220;elevador de som&#8221; que enfatiza certas notas. No entanto, logo se saber\u00e1 quando cada \u00e1lbum da cole\u00e7\u00e3o musical exibir o mesmo estilo sonoro, em vez da assinatura \u00fanica de cada \u00e1lbum\/m\u00fasica.<\/p>\n<p>Sword-IXLR:<br \/>\nNossa melhor interconex\u00e3o anal\u00f3gica de todos os tempos; o carro-chefe da Supra.<br \/>\nSword-IXLR \u00e9 um par de interconex\u00e3o com nossos melhores conectores balanceados Supra Swift.<br \/>\nEste cabo possui a autoconfian\u00e7a necess\u00e1ria para combinar com qualquer sistema de \u00e1udio de m\u00e9dio porte e superior,<br \/>\nem uma competi\u00e7\u00e3o acirrada, independentemente do pre\u00e7o do cabo.<br \/>\nFabricado na Su\u00e9cia!<\/p>\n<p>Informa\u00e7\u00f5es t\u00e9cnicas:<\/p>\n<p>Especifica\u00e7\u00f5es mec\u00e2nicas<br \/>\n\u00c1rea transversal: 1,5\/15 mm2\/AWG<br \/>\nN\u00e3o. Cond: 2<br \/>\nFios\/Cond: 6+6<br \/>\nWiredia: OFC esmaltado<br \/>\nIsolamento: PE<br \/>\nCobertura da tela: Alum\u00ednio\/Pet Sheet, 100%<br \/>\nJaqueta: PVC Cristal<br \/>\nTamanho ext.: 8 mm<br \/>\nDesempenho el\u00e9trico<br \/>\nResist\u00eancia: 33 Ohm\/km<br \/>\nP: 0,14 (pF\/m)<br \/>\nDeslocamento de fase: 0,5-100 kHz: 0,96 graus.<br \/>\nErro de fase: 0<\/p>\n","protected":false},"excerpt":{"rendered":"<p>INTERCONEX\u00c3O DE \u00c1UDIO SUPRA SWORD-IXLR SUPRA Sword Interconnect \u2013 O Topo de Linha O sucesso do cabo para alto-falantes Sword inspirou a ideia de projetar uma interconex\u00e3o seguindo o mesmo conceito patenteado. O cabo funciona como um portador de sinal perfeito, sem os efeitos colaterais dos cabos de design tradicional, que apresentam graves problemas com [&hellip;]<\/p>\n","protected":false},"featured_media":446,"template":"","meta":{"_acf_changed":false},"product_brand":[],"product_cat":[61,73,76],"product_tag":[],"class_list":{"0":"post-447","1":"product","2":"type-product","3":"status-publish","4":"has-post-thumbnail","6":"product_cat-cabos","7":"product_cat-interconnect-xlr","8":"product_cat-supra","10":"first","11":"instock","12":"sold-individually","13":"shipping-taxable","14":"purchasable","15":"product-type-simple"},"acf":[],"aioseo_notices":[],"_links":{"self":[{"href":"https:\/\/hificlub.com.br\/loja\/wp-json\/wp\/v2\/product\/447","targetHints":{"allow":["GET"]}}],"collection":[{"href":"https:\/\/hificlub.com.br\/loja\/wp-json\/wp\/v2\/product"}],"about":[{"href":"https:\/\/hificlub.com.br\/loja\/wp-json\/wp\/v2\/types\/product"}],"wp:featuredmedia":[{"embeddable":true,"href":"https:\/\/hificlub.com.br\/loja\/wp-json\/wp\/v2\/media\/446"}],"wp:attachment":[{"href":"https:\/\/hificlub.com.br\/loja\/wp-json\/wp\/v2\/media?parent=447"}],"wp:term":[{"taxonomy":"product_brand","embeddable":true,"href":"https:\/\/hificlub.com.br\/loja\/wp-json\/wp\/v2\/product_brand?post=447"},{"taxonomy":"product_cat","embeddable":true,"href":"https:\/\/hificlub.com.br\/loja\/wp-json\/wp\/v2\/product_cat?post=447"},{"taxonomy":"product_tag","embeddable":true,"href":"https:\/\/hificlub.com.br\/loja\/wp-json\/wp\/v2\/product_tag?post=447"}],"curies":[{"name":"wp","href":"https:\/\/api.w.org\/{rel}","templated":true}]}}