{"id":445,"date":"2023-10-17T19:51:29","date_gmt":"2023-10-17T22:51:29","guid":{"rendered":"https:\/\/hificlub.com.br\/loja2\/produto\/supra-sword-isl-1-metro\/"},"modified":"2026-03-03T22:21:13","modified_gmt":"2026-03-04T01:21:13","slug":"supra-sword-isl-1-metro","status":"publish","type":"product","link":"https:\/\/hificlub.com.br\/loja\/produto\/supra-sword-isl-1-metro\/","title":{"rendered":"SUPRA SWORD ISL  RCA  1 metro"},"content":{"rendered":"<p>Interconex\u00e3o SUPRA Sword &#8211; O Topo de Linha<br \/>\nO sucesso com o cabo de alto-falante Sword acendeu a ideia de projetar uma interconex\u00e3o de acordo com o mesmo conceito de design patenteado. O cabo funciona como um portador de sinal perfeito sem os efeitos colaterais dos cabos de design tradicional, que apresentam s\u00e9rios problemas com resposta de frequ\u00eancia e deslocamento de fase. O Sword mant\u00e9m a integridade do sinal com deforma\u00e7\u00e3o quase imensur\u00e1vel devido \u00e0 nossa liberdade e capacidade de dominar o layout eletrof\u00edsico, em vez de compensar com caixas misteriosas e baterias. \u00c9 dif\u00edcil superar a s\u00e9rie Sword, independentemente do pre\u00e7o. Dispon\u00edvel em vers\u00e3o single-ended (RCA) e balanceada (XLR).<\/p>\n<p>Como soa?<br \/>\nA melhor descri\u00e7\u00e3o \u00e9 nada &#8211; o Supra Sword n\u00e3o soa nada. O Supra Sword transmite o complexo sinal musical de um n\u00famero infinito de ondas senoidais e um n\u00famero infinito de n\u00edveis sem causar deforma\u00e7\u00f5es entre a sa\u00edda da fonte e a entrada do receptor. Nenhuma parte da m\u00fasica sofre atraso (deslocamento de fase), por isso o tempo de cada tom \u00e9 exatamente o mesmo antes e depois. Se todos os outros dispositivos de alta fidelidade no sistema forem capazes de sincronizar e preservar o som das grava\u00e7\u00f5es igualmente corretamente, a configura\u00e7\u00e3o dos alto-falantes e a ac\u00fastica da sala de audi\u00e7\u00e3o forem \u00f3timas, o resultado ser\u00e1 t\u00e3o vivo que voc\u00ea poder\u00e1 realmente imaginar estar no est\u00fadio entre os m\u00fasicos.<\/p>\n<p>Sword-ISL e RCA-8<br \/>\nNossa melhor interconex\u00e3o anal\u00f3gica de todos os tempos; o carro-chefe da Supra. Sword\u2013ISL \u00e9 um par de interconex\u00e3o com plugues Supra RCA-8 de anivers\u00e1rio, feito para aplica\u00e7\u00f5es anal\u00f3gicas de ponta \u00fanica.<\/p>\n<p>Especifica\u00e7\u00f5es mec\u00e2nicas:<br \/>\n\u2022 \u00c1rea cruzada: 1,5 \/ 15 mm2\/AWG<br \/>\n\u2022 N\u00famero de condutores: 2<br \/>\n\u2022 Fios \/ Cond: 6 + 6<br \/>\n\u2022 Di\u00e2metro do fio: OFC esmaltado<br \/>\n\u2022 Isolamento: PE<br \/>\n\u2022 Cobertura da tela: Alum\u00ednio \/ Folha de PET, 100%<br \/>\n\u2022 Revestimento: Cristal de PVC<br \/>\n\u2022 Tamanho externo: 8 (mm)<\/p>\n<p>Desempenho el\u00e9trico:<br \/>\n\u2022 Resist\u00eancia: 33 Ohm\/km<br \/>\n\u2022 Deslocamento de fase. 0,5-100 kHz: 0,96 graus<br \/>\n\u2022 Erro de fase: 0<\/p>\n","protected":false},"excerpt":{"rendered":"<p>Interconex\u00e3o SUPRA Sword &#8211; O Topo de Linha O sucesso com o cabo de alto-falante Sword acendeu a ideia de projetar uma interconex\u00e3o de acordo com o mesmo conceito de design patenteado. O cabo funciona como um portador de sinal perfeito sem os efeitos colaterais dos cabos de design tradicional, que apresentam s\u00e9rios problemas com [&hellip;]<\/p>\n","protected":false},"featured_media":21031,"template":"","meta":{"_acf_changed":false},"product_brand":[],"product_cat":[61,71,76],"product_tag":[],"class_list":{"0":"post-445","1":"product","2":"type-product","3":"status-publish","4":"has-post-thumbnail","6":"product_cat-cabos","7":"product_cat-interconnect-rca","8":"product_cat-supra","10":"first","11":"instock","12":"sold-individually","13":"shipping-taxable","14":"purchasable","15":"product-type-simple"},"acf":[],"aioseo_notices":[],"_links":{"self":[{"href":"https:\/\/hificlub.com.br\/loja\/wp-json\/wp\/v2\/product\/445","targetHints":{"allow":["GET"]}}],"collection":[{"href":"https:\/\/hificlub.com.br\/loja\/wp-json\/wp\/v2\/product"}],"about":[{"href":"https:\/\/hificlub.com.br\/loja\/wp-json\/wp\/v2\/types\/product"}],"wp:featuredmedia":[{"embeddable":true,"href":"https:\/\/hificlub.com.br\/loja\/wp-json\/wp\/v2\/media\/21031"}],"wp:attachment":[{"href":"https:\/\/hificlub.com.br\/loja\/wp-json\/wp\/v2\/media?parent=445"}],"wp:term":[{"taxonomy":"product_brand","embeddable":true,"href":"https:\/\/hificlub.com.br\/loja\/wp-json\/wp\/v2\/product_brand?post=445"},{"taxonomy":"product_cat","embeddable":true,"href":"https:\/\/hificlub.com.br\/loja\/wp-json\/wp\/v2\/product_cat?post=445"},{"taxonomy":"product_tag","embeddable":true,"href":"https:\/\/hificlub.com.br\/loja\/wp-json\/wp\/v2\/product_tag?post=445"}],"curies":[{"name":"wp","href":"https:\/\/api.w.org\/{rel}","templated":true}]}}