{"id":443,"date":"2023-10-17T19:51:28","date_gmt":"2023-10-17T22:51:28","guid":{"rendered":"https:\/\/hificlub.com.br\/loja2\/produto\/kimber-ks1136-silver-1m\/"},"modified":"2026-03-03T22:21:14","modified_gmt":"2026-03-04T01:21:14","slug":"kimber-ks1136-silver-1m","status":"publish","type":"product","link":"https:\/\/hificlub.com.br\/loja\/produto\/kimber-ks1136-silver-1m\/","title":{"rendered":"KIMBER KS1136 XLR Silver  1 metro"},"content":{"rendered":"<p>Assim como o universalmente elogiado KS 1130, o KS 1136 utiliza condutores prateados Black Pearl, nosso formato de aterramento conc\u00eantrico duplo e nossa sofisticada matriz restrita. Com um aumento na massa do condutor e no fio ESD correspondente, o KS 1136 proporciona maior impacto e peso nas baixas frequ\u00eancias e uma impressionante sensa\u00e7\u00e3o de coer\u00eancia din\u00e2mica em todas as frequ\u00eancias. O KS 1136 possui conectores tipo XLR de &#8220;n\u00edvel de est\u00fadio&#8221; com contatos banhados a prata.<br \/>\nO KS 1136 \u00e9 a nova vers\u00e3o balanceada do KS 1130. O KS 1036 \u00e9 o modelo de extremidade \u00fanica. Parece haver cerca de 50% mais fio de prata com n\u00facleo s\u00f3lido &#8220;p\u00e9rola negra&#8221; nos novos modelos, tran\u00e7ados de forma semelhante aos seus antecessores, com uso mais abundante de materiais de isolamento especiais. Conectores XLR de n\u00edvel de est\u00fadio banhados a prata ou RCAs prateados WBT Nextgen est\u00e3o inclu\u00eddos.<\/p>\n","protected":false},"excerpt":{"rendered":"<p>Assim como o universalmente elogiado KS 1130, o KS 1136 utiliza condutores prateados Black Pearl, nosso formato de aterramento conc\u00eantrico duplo e nossa sofisticada matriz restrita. Com um aumento na massa do condutor e no fio ESD correspondente, o KS 1136 proporciona maior impacto e peso nas baixas frequ\u00eancias e uma impressionante sensa\u00e7\u00e3o de coer\u00eancia [&hellip;]<\/p>\n","protected":false},"featured_media":441,"template":"","meta":{"_acf_changed":false},"product_brand":[],"product_cat":[61,73,64],"product_tag":[],"class_list":{"0":"post-443","1":"product","2":"type-product","3":"status-publish","4":"has-post-thumbnail","6":"product_cat-cabos","7":"product_cat-interconnect-xlr","8":"product_cat-kimber","10":"first","11":"instock","12":"sold-individually","13":"shipping-taxable","14":"purchasable","15":"product-type-simple"},"acf":[],"aioseo_notices":[],"_links":{"self":[{"href":"https:\/\/hificlub.com.br\/loja\/wp-json\/wp\/v2\/product\/443","targetHints":{"allow":["GET"]}}],"collection":[{"href":"https:\/\/hificlub.com.br\/loja\/wp-json\/wp\/v2\/product"}],"about":[{"href":"https:\/\/hificlub.com.br\/loja\/wp-json\/wp\/v2\/types\/product"}],"wp:featuredmedia":[{"embeddable":true,"href":"https:\/\/hificlub.com.br\/loja\/wp-json\/wp\/v2\/media\/441"}],"wp:attachment":[{"href":"https:\/\/hificlub.com.br\/loja\/wp-json\/wp\/v2\/media?parent=443"}],"wp:term":[{"taxonomy":"product_brand","embeddable":true,"href":"https:\/\/hificlub.com.br\/loja\/wp-json\/wp\/v2\/product_brand?post=443"},{"taxonomy":"product_cat","embeddable":true,"href":"https:\/\/hificlub.com.br\/loja\/wp-json\/wp\/v2\/product_cat?post=443"},{"taxonomy":"product_tag","embeddable":true,"href":"https:\/\/hificlub.com.br\/loja\/wp-json\/wp\/v2\/product_tag?post=443"}],"curies":[{"name":"wp","href":"https:\/\/api.w.org\/{rel}","templated":true}]}}