{"id":4411,"date":"2023-10-17T20:11:40","date_gmt":"2023-10-17T23:11:40","guid":{"rendered":"https:\/\/hificlub.com.br\/loja2\/produto\/rotel-rsp1576-mkii-4k-dolby-atmos-7-1-4\/"},"modified":"2026-03-03T22:20:34","modified_gmt":"2026-03-04T01:20:34","slug":"rotel-rsp1576-mkii-4k-dolby-atmos-7-1-4","status":"publish","type":"product","link":"https:\/\/hificlub.com.br\/loja\/produto\/rotel-rsp1576-mkii-4k-dolby-atmos-7-1-4\/","title":{"rendered":"ROTEL RSP1576 MKII  4K Dolby Atmos 7.1.4"},"content":{"rendered":"<h3><strong>Rotel RSP-1576MKII suporta at\u00e9 um sistema Dolby Atmos 7.1.4 completo, oferece um som premium: recursos de processador\/pr\u00e9-amplificador Dirac Live Full Room Correction e 14 entradas<\/strong><\/h3>\n<p>Controle seu home theater com comando autorit\u00e1rio com o processador\/pr\u00e9-amplificador surround Rotel RSP-1576.\u00a0Permitindo a liberdade de emparelh\u00e1-lo com qualquer amplifica\u00e7\u00e3o de sua escolha e completo com a corre\u00e7\u00e3o de sala Dirac Live Full, o RSP-1576MKII suporta configura\u00e7\u00f5es at\u00e9 um sistema Dolby Atmos 7.1.4 completo.\u00a0Equipado com ARC, dois DSPs da Texas Instruments e nada menos que seis DACs Wolfson de 24 bits\/192kHz, o hub de 19 libras tamb\u00e9m vem com v\u00e1rias conex\u00f5es: sete entradas HDMI 2.0a com passagem UHD 4K e HDCP 2.2, duas sa\u00eddas HDMI, uma entrada PC-USB para \u00e1udio de computador, entradas XLR balanceadas para som audi\u00f3filo, tr\u00eas entradas coaxiais, tr\u00eas entradas \u00f3pticas e 12 canais de sa\u00eddas RCA para instala\u00e7\u00e3o personalizada.<\/p>\n<p>Cada aspecto do RSP-1576MKII mant\u00e9m a qualidade sonora envolvente na vanguarda de sua opera\u00e7\u00e3o.\u00a0A unidade inclui circuitos individuais de processamento de \u00e1udio e v\u00eddeo sintonizados no Reino Unido pela equipe Rotel e projetados com roteamento de sinal premium para garantir desempenho l\u00edder de classe.\u00a0Capaz de processar Dolby Surround, Dolby TrueHD, DTS-HD Master Audio, DTS:X e o Atmos acima mencionado, o RSP-1576MKII oferece din\u00e2mica massiva e nuances suaves de seus filmes e shows com igual proeza.\u00a0Ele faz o mesmo com a m\u00fasica e ainda possui um pr\u00e9-amplificador phono de \u00edm\u00e3 m\u00f3vel embutido para momentos em que voc\u00ea deseja girar o vinil.\u00a0Quer transmitir?\u00a0N\u00e3o h\u00e1 problema, pois o aptX Bluetooth tamb\u00e9m est\u00e1 aqui.<\/p>\n<p>Quando se trata de facilidade de uso, o RSP-1576MKII de 5,7 x 17 x 13,7 polegadas (HWD) ostenta um layout inteligente, segue a fun\u00e7\u00e3o.\u00a0Adapt\u00e1vel a v\u00e1rias configura\u00e7\u00f5es, oferece controle RS232 e IP, entrada de receptor remoto IR, sa\u00eddas de repetidor remoto IR e um EQ param\u00e9trico de 10 bandas para equaliza\u00e7\u00e3o de ambiente e atualiza\u00e7\u00f5es de software dispon\u00edveis via USB frontal ou pela Internet.\u00a0O menu de configura\u00e7\u00e3o est\u00e1 dispon\u00edvel na sa\u00edda HDMI e no display VFD integrado, fornecendo acesso instant\u00e2neo a todas as op\u00e7\u00f5es.\u00a0E n\u00e3o vamos esquecer a presen\u00e7a do Dirac Live Full, que aproveita os algoritmos propriet\u00e1rios de corre\u00e7\u00e3o de amplitude e dom\u00ednio de tempo para garantir uma experi\u00eancia de cinema adequada, independentemente das dimens\u00f5es da sala.<\/p>\n<p>ESOECIFICA\u00c7\u00d5ES<\/p>\n<p>Distor\u00e7\u00e3o Harm\u00f4nica Total (THD):<br \/>\nBypass Anal\u00f3gico: 0,0006%<br \/>\nEntradas Digitais: 0,003%<br \/>\nResposta de Frequ\u00eancia:<br \/>\nBypass Anal\u00f3gico: 10Hz &#8211; 100kHz, \u00b11dB<br \/>\nEntradas Digitais: 20Hz &#8211; 20kHz, \u00b10,5dB<br \/>\nEntrada Phono: 20Hz &#8211; 20kHz, \u00b10,5dB<br \/>\nS Rela\u00e7\u00e3o \/N (IHF &#8220;A&#8221; ponderada):<br \/>\nBypass anal\u00f3gico: 112dB<br \/>\nEntradas digitais: 112dB:<br \/>\nDistor\u00e7\u00e3o de intermodula\u00e7\u00e3o (60Hz:7kHz, 4:1): &lt;0,005%<br \/>\nSensibilidade de entrada:<br \/>\nEntradas de n\u00edvel de linha (RCA): Entradas de<br \/>\nn\u00edvel de linha de 270mV ( XLR): 500mV<br \/>\nEntrada Phono (MM): 3,5mV<br \/>\nImped\u00e2ncia de entrada:<br \/>\nEntradas de n\u00edvel de linha (RCA): 100k\u03a9<br \/>\nEntradas de n\u00edvel de linha (XLR): 100k\u03a9<br \/>\nEntrada Phono (MM): 47k\u03a9<br \/>\nN\u00edvel de pr\u00e9-sa\u00edda: N\u00edvel de linha: 1.0V<br \/>\nResolu\u00e7\u00f5es de entrada de v\u00eddeo: 480i, 480p, 576i, 576p, 720p, 1080i, 1080p, 1080p\/24Hz, 3D, 4K, UHD, 4K 60Hz, 4K HDR10<br \/>\nResolu\u00e7\u00f5es de sa\u00edda de v\u00eddeo: 480i, 480p, 576i, 576p, 720p, 1080i, 1080p, 1080p\/24Hz, 3D, 4K, UHD, 4K 60Hz, 4K HDR10<br \/>\nSuporte de espa\u00e7o de cores: sRGB, YCbCr 4:2:2, YCbCr 4:4:4<br \/>\nSuporte a cores profundas: 24 bits, 30 bits, 36 bits<br \/>\n\u00c1udio digital: LPCM (at\u00e9 192kHz, 24 bits), Dolby Surround , Dolby TrueHD, Dolby ATMOS, DTS-HD Master Audio, DTS:X, Dirac Live Full<br \/>\nEntradas\/sa\u00eddas HDMI:<br \/>\n7 entradas compat\u00edveis com HDCP 2.2, HDMI 2.0b<br \/>\n2 sa\u00eddas compat\u00edveis com HDCP 2.2, HDMI 2.0b<br \/>\nCanal de retorno de \u00e1udio<br \/>\nSepara\u00e7\u00e3o de canal: &gt;75dB:<br \/>\nRequisitos de energia: 120V, 60Hz<br \/>\nConsumo de energia: 60W<br \/>\nStandby Consumo de energia: &lt;0,5W<br \/>\nBTU Classifica\u00e7\u00e3o: 114 BTU\/h:<br \/>\nDimens\u00f5es (WHD): 17&#8243; x 5,7&#8243; x 13,7&#8243;<br \/>\nAltura do painel frontal: 3U \/ 132,6 mm (5,25&#8243;)<br \/>\nPeso: 19 lbs.<\/p>\n<p>&nbsp;<\/p>\n","protected":false},"excerpt":{"rendered":"<p>Rotel RSP-1576MKII suporta at\u00e9 um sistema Dolby Atmos 7.1.4 completo, oferece um som premium: recursos de processador\/pr\u00e9-amplificador Dirac Live Full Room Correction e 14 entradas Controle seu home theater com comando autorit\u00e1rio com o processador\/pr\u00e9-amplificador surround Rotel RSP-1576.\u00a0Permitindo a liberdade de emparelh\u00e1-lo com qualquer amplifica\u00e7\u00e3o de sua escolha e completo com a corre\u00e7\u00e3o de sala [&hellip;]<\/p>\n","protected":false},"featured_media":4407,"template":"","meta":{"_acf_changed":false},"product_brand":[],"product_cat":[21,23,24],"product_tag":[],"class_list":{"0":"post-4411","1":"product","2":"type-product","3":"status-publish","4":"has-post-thumbnail","6":"product_cat-home-theater","7":"product_cat-processador","8":"product_cat-rotel","10":"first","11":"instock","12":"sold-individually","13":"shipping-taxable","14":"purchasable","15":"product-type-simple"},"acf":[],"aioseo_notices":[],"_links":{"self":[{"href":"https:\/\/hificlub.com.br\/loja\/wp-json\/wp\/v2\/product\/4411","targetHints":{"allow":["GET"]}}],"collection":[{"href":"https:\/\/hificlub.com.br\/loja\/wp-json\/wp\/v2\/product"}],"about":[{"href":"https:\/\/hificlub.com.br\/loja\/wp-json\/wp\/v2\/types\/product"}],"wp:featuredmedia":[{"embeddable":true,"href":"https:\/\/hificlub.com.br\/loja\/wp-json\/wp\/v2\/media\/4407"}],"wp:attachment":[{"href":"https:\/\/hificlub.com.br\/loja\/wp-json\/wp\/v2\/media?parent=4411"}],"wp:term":[{"taxonomy":"product_brand","embeddable":true,"href":"https:\/\/hificlub.com.br\/loja\/wp-json\/wp\/v2\/product_brand?post=4411"},{"taxonomy":"product_cat","embeddable":true,"href":"https:\/\/hificlub.com.br\/loja\/wp-json\/wp\/v2\/product_cat?post=4411"},{"taxonomy":"product_tag","embeddable":true,"href":"https:\/\/hificlub.com.br\/loja\/wp-json\/wp\/v2\/product_tag?post=4411"}],"curies":[{"name":"wp","href":"https:\/\/api.w.org\/{rel}","templated":true}]}}