{"id":44,"date":"2023-10-17T19:49:45","date_gmt":"2023-10-17T22:49:45","guid":{"rendered":"https:\/\/hificlub.com.br\/loja2\/produto\/rockport-technologies-cygnus\/"},"modified":"2026-03-03T22:21:18","modified_gmt":"2026-03-04T01:21:18","slug":"rockport-technologies-cygnus","status":"publish","type":"product","link":"https:\/\/hificlub.com.br\/loja\/produto\/rockport-technologies-cygnus\/","title":{"rendered":"ROCKPORT TECHNOLOGIES CYGNUS"},"content":{"rendered":"<p>O Cygnus apresenta nossa nova constru\u00e7\u00e3o h\u00edbrida Alum\u00ednio\/MDF, onde o defletor \u00e9 usinado a partir de duas placas de alum\u00ednio aeron\u00e1utico de \u00be\u201d de espessura que ensanduicham um pol\u00edmero viscoel\u00e1stico, formando um sub-defletor composto amortecido de 1 \u00bd\u201d de espessura.\u00a0Este conjunto de sub-defletor de alum\u00ednio \u00e9, por sua vez, aparafusado e colado ao defletor interno de MDF de 3 polegadas de espessura do gabinete.\u00a0Todas as unidades de acionamento s\u00e3o montadas no conjunto de sub-defletor de alum\u00ednio, o que resulta em um piso de ru\u00eddo drasticamente menor, bem como maior articula\u00e7\u00e3o din\u00e2mica e resolu\u00e7\u00e3o das pr\u00f3prias unidades de acionamento.<\/p>\n<p>O tweeter de ber\u00edlio do Cygnus \u00e9 montado em um guia de onda de alum\u00ednio usinado personalizado que melhora a correspond\u00eancia de imped\u00e2ncia ac\u00fastica do tweeter na extremidade inferior de sua faixa, permitindo menor distor\u00e7\u00e3o e maior express\u00e3o din\u00e2mica do pr\u00f3prio tweeter e caracter\u00edsticas de dispers\u00e3o aprimoradas no ponto de cruzamento m\u00e9dio\/tweeter.\u00a0V\u00e1rios prot\u00f3tipos de guias de onda foram modelados e fabricados usando o processo de estereolitografia at\u00e9 que o perfil de guia de onda ideal fosse alcan\u00e7ado.\u00a0O guia de onda \u00e9 usinado com diamante de precis\u00e3o e depois anodizado, resultando em um belo brilho 3-D e fornecendo uma superf\u00edcie de montagem ideal para o tweeter.<\/p>\n<p>&nbsp;<\/p>\n<p>O alto-falante Cygnus se beneficia de nossa gama m\u00e9dia de \u00faltima gera\u00e7\u00e3o e usa o cone composto de sandu\u00edche de fibra de carbono de espessura de se\u00e7\u00e3o vari\u00e1vel de \u00faltima gera\u00e7\u00e3o da Rockport combinado com nosso sistema de motor de distor\u00e7\u00e3o extremamente poderoso e ultrabaixo.\u00a0Com uma largura de banda utiliz\u00e1vel de quase 6 oitavas, valores de distor\u00e7\u00e3o mais baixos do que alguns amplificadores (-60 dB!), bem como excurs\u00e3o linear que rivaliza com muitos drivers de m\u00e9dios, a reprodu\u00e7\u00e3o de m\u00e9dios do Cygnus \u00e9 inovadora.\u00a0Quando combinado com nosso novo tweeter de ber\u00edlio montado em guia de ondas, o midrange Cygnus \u00e9 extraordinariamente resolvido, texturizado e envolvente dinamicamente, e apresenta a m\u00fasica com uma coer\u00eancia t\u00e3o natural que \u00e9 incr\u00edvel.<\/p>\n<p>A extens\u00e3o genu\u00edna da primeira oitava \u00e9 fornecida por meio de dois woofers compostos de fibra de carbono\/sandu\u00edche de 10&#8243; totalmente novos, personalizados e constru\u00eddos por canal.\u00a0O maci\u00e7o sistema de motor de 3\u2033 de di\u00e2metro do woofer oferece enorme headroom t\u00e9rmico e mec\u00e2nico e tamb\u00e9m exibe os mesmos valores de distor\u00e7\u00e3o extremamente baixos do nosso driver de m\u00e9dio porte (-60 dB!).\u00a0Com \u00e1rea de superf\u00edcie 50% maior do que os woofers g\u00eameos do Avior, a extens\u00e3o, a facilidade e a resolu\u00e7\u00e3o dos registros de graves do Cygnus s\u00e3o de classe mundial por qualquer padr\u00e3o, especialmente devido \u00e0s propor\u00e7\u00f5es modestas do gabinete.<\/p>\n<p>Como todos os alto-falantes da Rockport Technologies, o prop\u00f3sito \u00fanico de recriar uma experi\u00eancia musical ecoa em cada escolha de design, e cada detalhe do Cygnus \u00e9 finalizado com o mais alto padr\u00e3o.<\/p>\n<p>Especifica\u00e7\u00f5es<\/p>\n<div class=\"wpb_column eut-column eut-column-1-2\">\n<div class=\"eut-element eut-text eut-animated-item eut-fadeIn roc-specs-box eut-animated\" data-delay=\"200\">\n<table>\n<tbody>\n<tr>\n<td>Woofers<\/td>\n<td>(2) composto sandu\u00edche de fibra de carbono de 10\u2033<\/td>\n<\/tr>\n<tr>\n<td>Intervalo m\u00e9dio<\/td>\n<td>Composto de sandu\u00edche de fibra de carbono de 6\u2033<\/td>\n<\/tr>\n<tr>\n<td>tweeter<\/td>\n<td>C\u00fapula de ber\u00edlio de 1\u2033 montada em guia de onda<\/td>\n<\/tr>\n<\/tbody>\n<\/table>\n<table>\n<tbody>\n<tr>\n<td>Altura<\/td>\n<td>50,50\u2033<\/td>\n<\/tr>\n<tr>\n<td>Largura<\/td>\n<td>13,50\u2033<\/td>\n<\/tr>\n<tr>\n<td>Profundidade<\/td>\n<td>27,50\u2033<\/td>\n<\/tr>\n<tr>\n<td>Peso<\/td>\n<td>285 libras.\u00a0cada<\/td>\n<\/tr>\n<tr>\n<td>Resposta de frequ\u00eancia<\/td>\n<td>20 Hz \u2013 30 KHz, -3dB<\/td>\n<\/tr>\n<tr>\n<td>imped\u00e2ncia nominal<\/td>\n<td>4 ohms<\/td>\n<\/tr>\n<tr>\n<td>Sensibilidade<\/td>\n<td>90 dB SPL\/2,83 v<\/td>\n<\/tr>\n<tr>\n<td>m\u00edn.\u00a0pot\u00eancia do amplificador<\/td>\n<td>30 watts<\/td>\n<\/tr>\n<\/tbody>\n<\/table>\n<\/div>\n<\/div>\n","protected":false},"excerpt":{"rendered":"<p>O Cygnus apresenta nossa nova constru\u00e7\u00e3o h\u00edbrida Alum\u00ednio\/MDF, onde o defletor \u00e9 usinado a partir de duas placas de alum\u00ednio aeron\u00e1utico de \u00be\u201d de espessura que ensanduicham um pol\u00edmero viscoel\u00e1stico, formando um sub-defletor composto amortecido de 1 \u00bd\u201d de espessura.\u00a0Este conjunto de sub-defletor de alum\u00ednio \u00e9, por sua vez, aparafusado e colado ao defletor interno [&hellip;]<\/p>\n","protected":false},"featured_media":14718,"template":"","meta":{"_acf_changed":false},"product_brand":[],"product_cat":[19,17,18],"product_tag":[],"class_list":{"0":"post-44","1":"product","2":"type-product","3":"status-publish","4":"has-post-thumbnail","6":"product_cat-bw","7":"product_cat-caixas","8":"product_cat-torres","10":"first","11":"instock","12":"sold-individually","13":"shipping-taxable","14":"product-type-simple"},"acf":[],"aioseo_notices":[],"_links":{"self":[{"href":"https:\/\/hificlub.com.br\/loja\/wp-json\/wp\/v2\/product\/44","targetHints":{"allow":["GET"]}}],"collection":[{"href":"https:\/\/hificlub.com.br\/loja\/wp-json\/wp\/v2\/product"}],"about":[{"href":"https:\/\/hificlub.com.br\/loja\/wp-json\/wp\/v2\/types\/product"}],"wp:featuredmedia":[{"embeddable":true,"href":"https:\/\/hificlub.com.br\/loja\/wp-json\/wp\/v2\/media\/14718"}],"wp:attachment":[{"href":"https:\/\/hificlub.com.br\/loja\/wp-json\/wp\/v2\/media?parent=44"}],"wp:term":[{"taxonomy":"product_brand","embeddable":true,"href":"https:\/\/hificlub.com.br\/loja\/wp-json\/wp\/v2\/product_brand?post=44"},{"taxonomy":"product_cat","embeddable":true,"href":"https:\/\/hificlub.com.br\/loja\/wp-json\/wp\/v2\/product_cat?post=44"},{"taxonomy":"product_tag","embeddable":true,"href":"https:\/\/hificlub.com.br\/loja\/wp-json\/wp\/v2\/product_tag?post=44"}],"curies":[{"name":"wp","href":"https:\/\/api.w.org\/{rel}","templated":true}]}}