{"id":4392,"date":"2023-10-17T20:11:36","date_gmt":"2023-10-17T23:11:36","guid":{"rendered":"https:\/\/hificlub.com.br\/loja2\/produto\/parasound-halo-jc-2\/"},"modified":"2025-08-11T17:51:22","modified_gmt":"2025-08-11T20:51:22","slug":"parasound-halo-jc-2","status":"publish","type":"product","link":"https:\/\/hificlub.com.br\/loja\/produto\/parasound-halo-jc-2\/","title":{"rendered":"PARASOUND HALO JC-2 &#8211; Pr\u00e9-amplificador"},"content":{"rendered":"<p>Custando razo\u00e1veis \u200b\u200bUS$ 4.000, o Halo JC 2 \u00e9 fabricado, como os powers JC 1, em Taiwan. Mas seu design, layout de circuito e escolha de pe\u00e7as s\u00e3o descaradamente americanos. John Curl come\u00e7ou a projetar o JC 2 enquanto trabalhava no JC 1, e a otimiza\u00e7\u00e3o do projeto foi realizada por ele, com o falecido Bob Crump escolhendo as pe\u00e7as e Carl Thompson desenhando as placas. &#8220;Projetado pelos construtores CTC John Curl, Carl Thompson e Bob Crump&#8221;, afirma na parte superior do painel traseiro &#8211; um toque agrad\u00e1vel.<\/p>\n<p>Projetado para combinar com o JC 1 e com acabamento no mesmo alum\u00ednio natural escovado, o JC 2 \u00e9 um componente inteligente, embora de apar\u00eancia bastante volumosa. O painel frontal \u00e9 dominado por um logotipo retangular vermelho na parte superior central que brilha em vermelho brilhante quando o amplificador \u00e9 operado, e por um bot\u00e3o de volume na extremidade direita. Um painel embutido na parte inferior cont\u00e9m um bot\u00e3o de alum\u00ednio em cada extremidade, com ilumina\u00e7\u00e3o suave em azul; entre eles corre uma fileira de seis LEDs azuis, para indicar qual fonte foi selecionada. O bot\u00e3o seletor de fonte \u00e9 o da direita; pression\u00e1-lo repetidamente percorre as entradas da esquerda para a direita. O bot\u00e3o \u00e0 esquerda tira o pr\u00e9-amplificador do modo de espera. Um LED vermelho pisca quando o pr\u00e9-amplificador \u00e9 silenciado com o controle remoto. N\u00e3o h\u00e1 controle de equil\u00edbrio propriamente dito, mas dois pequenos bot\u00f5es ajustam os ganhos dos dois canais em at\u00e9 \u201310dB.<\/p>\n<p>O painel traseiro \u00e9 dominado por duas fileiras de conectores de entrada e sa\u00edda, uma fileira para cada canal. Existem seis pares de entradas n\u00e3o balanceadas, dois dos quais podem ser alternados para o modo balanceado. Al\u00e9m de um par de RCAs de sa\u00edda de grava\u00e7\u00e3o de n\u00edvel fixo, h\u00e1 sa\u00eddas principais n\u00e3o balanceadas invertidas e n\u00e3o invertidas em RCAs e um par de sa\u00eddas balanceadas em XLRs, estas conectadas com o pino 2 ativo. Os conectores RCA banhados a ouro s\u00e3o todos provenientes da Vampire, os XLRs da Neutrik.<\/p>\n<p>Internamente, pain\u00e9is verticais de alum\u00ednio com 3\/8&#8243; de espessura separam o chassi em tr\u00eas regi\u00f5es blindadas. \u00c0 esquerda est\u00e1 a fonte de alimenta\u00e7\u00e3o suavizada por indutor, baseada em um transformador de n\u00facleo R e retificadores e diodos de ponte de recupera\u00e7\u00e3o r\u00e1pida e suave. H\u00e1 uma fonte separada para as bobinas do rel\u00e9, gatilhos, LEDs e circuitos de controle, transportada em uma placa vertical atr\u00e1s do painel frontal.<\/p>\n<p>O circuito de \u00e1udio, protegido da fonte de alimenta\u00e7\u00e3o e das se\u00e7\u00f5es de controle, \u00e9 transportado em uma placa separada para cada canal e \u00e9 baseado em FETs complementares combinados manualmente, uma caracter\u00edstica dos projetos de John Curl h\u00e1 um quarto de s\u00e9culo. O circuito \u00e9 acoplado diretamente, sem capacitores no caminho do sinal e com deslocamento CC controlado por um circuito servo. Seguindo o caminho curto do sinal, os conectores de entrada alimentam um rel\u00e9 acionado pela chave de sele\u00e7\u00e3o de entrada. Um potenci\u00f4metro motorizado de quatro grupos ajusta o volume e a invers\u00e3o de polaridade do sinal de sa\u00edda \u00e9 realizada com rel\u00e9s de contato ouro sobre prata.<\/p>\n<p>Pr\u00e9-amplificador de estado s\u00f3lido controlado remotamente com polaridade absoluta selecion\u00e1vel, entrada de repetidor IR no painel traseiro e conectores de sa\u00edda de loop, quatro conectores de sa\u00edda de gatilho de 12V e porta serial RS-232 bidirecional.<br \/>\nEntradas: 6 n\u00e3o balanceadas (RCA), 2 utiliz\u00e1veis \u200b\u200bem modo balanceado (pino XLR 2 quente).<br \/>\nSa\u00eddas (1 par cada): XLR balanceado (principal); RCA desequilibrado (principal); invertido desequilibrado (principal); polaridade normal, sa\u00edda fixa, n\u00e3o balanceada (fita).<br \/>\nFaixa de controle de ganho esquerda\/direita: \u201310dB.<br \/>\nResposta de frequ\u00eancia: 5Hz\u2013100kHz, +0\/\u20133dB.<br \/>\nGanho m\u00e1ximo: 14dB. Sa\u00edda m\u00e1xima: 8V. Sensibilidade de entrada: 200mV para sa\u00edda de 1V.<br \/>\nDistor\u00e7\u00e3o: &lt;0,003% THD a 100 Hz, &lt;0,005% THD a 20kHz, 116dB, entrada em curto, IHF A-ponderada; &gt;104dB, entrada em curto, n\u00e3o ponderada.<br \/>\nSepara\u00e7\u00e3o de canais: &gt;100dB a 10kHz, &gt;90dB a 20kHz. Imped\u00e2ncia de entrada: 30k ohms n\u00e3o balanceados, 30k ohms por fase balanceada.<br \/>\nImped\u00e2ncia de sa\u00edda: &lt;60 ohms n\u00e3o balanceados, &lt;60 ohms por fase balanceada.<br \/>\nConsumo de energia: 25W em standby, 30W em opera\u00e7\u00e3o.<br \/>\nAcess\u00f3rio opcional: al\u00e7as de montagem em rack HRA 3 (podem ser adquiridas separadamente).<\/p>\n<p>&nbsp;<\/p>\n<p><a href=\"https:\/\/www.stereophile.com\/content\/parasound-halo-jc-2-line-preamplifier\" target=\"_blank\" rel=\"noopener\"><img loading=\"lazy\" decoding=\"async\" class=\"alignnone wp-image-25169 size-full\" src=\"https:\/\/hificlub.com.br\/loja\/wp-content\/uploads\/2025\/08\/Home-Theater-Review-awards.png\" alt=\"\" width=\"310\" height=\"67\" srcset=\"https:\/\/hificlub.com.br\/loja\/wp-content\/uploads\/2025\/08\/Home-Theater-Review-awards.png 310w, https:\/\/hificlub.com.br\/loja\/wp-content\/uploads\/2025\/08\/Home-Theater-Review-awards-300x65.png 300w\" sizes=\"auto, (max-width: 310px) 100vw, 310px\" \/><\/a>\u00a0 \u00a0 <a href=\"https:\/\/www.audioholics.com\/news\/parasound-classic-halo-jc-2-preamp-upgrade\" target=\"_blank\" rel=\"noopener\"><img loading=\"lazy\" decoding=\"async\" class=\"alignnone wp-image-22732\" src=\"https:\/\/hificlub.com.br\/loja\/wp-content\/uploads\/2025\/06\/Audioholics.jpg\" alt=\"\" width=\"192\" height=\"73\" srcset=\"https:\/\/hificlub.com.br\/loja\/wp-content\/uploads\/2025\/06\/Audioholics.jpg 353w, https:\/\/hificlub.com.br\/loja\/wp-content\/uploads\/2025\/06\/Audioholics-300x114.jpg 300w\" sizes=\"auto, (max-width: 192px) 100vw, 192px\" \/><\/a><\/p>\n<p>&nbsp;<\/p>\n<p>&nbsp;<\/p>\n","protected":false},"excerpt":{"rendered":"<p>Custando razo\u00e1veis \u200b\u200bUS$ 4.000, o Halo JC 2 \u00e9 fabricado, como os powers JC 1, em Taiwan. Mas seu design, layout de circuito e escolha de pe\u00e7as s\u00e3o descaradamente americanos. John Curl come\u00e7ou a projetar o JC 2 enquanto trabalhava no JC 1, e a otimiza\u00e7\u00e3o do projeto foi realizada por ele, com o falecido [&hellip;]<\/p>\n","protected":false},"featured_media":4391,"template":"","meta":{"_acf_changed":false},"product_brand":[],"product_cat":[125,38],"product_tag":[],"class_list":{"0":"post-4392","1":"product","2":"type-product","3":"status-publish","4":"has-post-thumbnail","6":"product_cat-parasound","7":"product_cat-pre-amplificador","9":"first","10":"instock","11":"sold-individually","12":"shipping-taxable","13":"purchasable","14":"product-type-simple"},"acf":[],"aioseo_notices":[],"_links":{"self":[{"href":"https:\/\/hificlub.com.br\/loja\/wp-json\/wp\/v2\/product\/4392","targetHints":{"allow":["GET"]}}],"collection":[{"href":"https:\/\/hificlub.com.br\/loja\/wp-json\/wp\/v2\/product"}],"about":[{"href":"https:\/\/hificlub.com.br\/loja\/wp-json\/wp\/v2\/types\/product"}],"wp:featuredmedia":[{"embeddable":true,"href":"https:\/\/hificlub.com.br\/loja\/wp-json\/wp\/v2\/media\/4391"}],"wp:attachment":[{"href":"https:\/\/hificlub.com.br\/loja\/wp-json\/wp\/v2\/media?parent=4392"}],"wp:term":[{"taxonomy":"product_brand","embeddable":true,"href":"https:\/\/hificlub.com.br\/loja\/wp-json\/wp\/v2\/product_brand?post=4392"},{"taxonomy":"product_cat","embeddable":true,"href":"https:\/\/hificlub.com.br\/loja\/wp-json\/wp\/v2\/product_cat?post=4392"},{"taxonomy":"product_tag","embeddable":true,"href":"https:\/\/hificlub.com.br\/loja\/wp-json\/wp\/v2\/product_tag?post=4392"}],"curies":[{"name":"wp","href":"https:\/\/api.w.org\/{rel}","templated":true}]}}